{"id":16169,"date":"2021-03-06T16:46:01","date_gmt":"2021-03-06T15:46:01","guid":{"rendered":"http:\/\/dacarcomercial.com\/producto\/dacair-dc-3\/"},"modified":"2026-05-12T13:54:26","modified_gmt":"2026-05-12T11:54:26","slug":"dacair-dc-3","status":"publish","type":"product","link":"https:\/\/dacarcomercial.com\/en\/producto\/dacair-dc-3\/","title":{"rendered":"DACAiR + DC-3"},"content":{"rendered":"\t\t<div data-elementor-type=\"product-post\" data-elementor-id=\"16169\" class=\"elementor elementor-16169 elementor-14756\" data-elementor-post-type=\"product\">\n\t\t\t\t\t\t<section class=\"elementor-section elementor-top-section elementor-element elementor-element-8b7c3e8 elementor-section-boxed elementor-section-height-default elementor-section-height-default\" data-id=\"8b7c3e8\" data-element_type=\"section\" data-e-type=\"section\" data-settings=\"{&quot;jet_parallax_layout_list&quot;:[]}\">\n\t\t\t\t\t\t<div class=\"elementor-container elementor-column-gap-default\">\n\t\t\t\t\t<div class=\"elementor-column elementor-col-100 elementor-top-column elementor-element elementor-element-0de02db\" data-id=\"0de02db\" data-element_type=\"column\" data-e-type=\"column\">\n\t\t\t<div class=\"elementor-widget-wrap elementor-element-populated\">\n\t\t\t\t\t\t<div class=\"elementor-element elementor-element-af6d401 elementor-widget elementor-widget-video\" data-id=\"af6d401\" data-element_type=\"widget\" data-e-type=\"widget\" data-settings=\"{&quot;youtube_url&quot;:&quot;https:\\\/\\\/www.youtube.com\\\/watch?v=V-_i5l67ep4&amp;t=765s&amp;ab_channel=Bricoaprendiz&quot;,&quot;video_type&quot;:&quot;youtube&quot;,&quot;controls&quot;:&quot;yes&quot;}\" data-widget_type=\"video.default\">\n\t\t\t\t<div class=\"elementor-widget-container\">\n\t\t\t\t\t\t\t<div class=\"elementor-wrapper elementor-open-inline\">\n\t\t\t<div class=\"elementor-video\"><\/div>\t\t<\/div>\n\t\t\t\t\t\t<\/div>\n\t\t\t\t<\/div>\n\t\t\t\t\t<\/div>\n\t\t<\/div>\n\t\t\t\t\t<\/div>\n\t\t<\/section>\n\t\t\t\t<section class=\"elementor-section elementor-top-section elementor-element elementor-element-25910cd1 elementor-section-boxed elementor-section-height-default elementor-section-height-default\" data-id=\"25910cd1\" data-element_type=\"section\" data-e-type=\"section\" data-settings=\"{&quot;jet_parallax_layout_list&quot;:[]}\">\n\t\t\t\t\t\t<div class=\"elementor-container elementor-column-gap-default\">\n\t\t\t\t\t<div class=\"elementor-column elementor-col-100 elementor-top-column elementor-element elementor-element-603d9\" data-id=\"603d9\" data-element_type=\"column\" data-e-type=\"column\">\n\t\t\t<div class=\"elementor-widget-wrap elementor-element-populated\">\n\t\t\t\t\t\t<div class=\"elementor-element elementor-element-395af4b5 elementor-widget elementor-widget-text-editor\" data-id=\"395af4b5\" data-element_type=\"widget\" data-e-type=\"widget\" data-widget_type=\"text-editor.default\">\n\t\t\t\t<div class=\"elementor-widget-container\">\n\t\t\t\t\t\t\t\t\t<h2><strong>El conjunto Motoventilador DACAiR + <a href=\"https:\/\/dacarcomercial.com\/categorias-productos\/caretas-de-soldadura\/dc-3\/\">careta de soldar DC-3<\/a> incluye:<\/strong><\/h2>\r\n<ul>\r\n \t<li>Dise\u00f1ado en Espa\u00f1a<\/li>\r\n \t<li><strong>Careta de soldar DC-3<\/strong> <strong>DACAiR<\/strong> con junta facial y conductos laterales de aire<\/li>\r\n \t<li>Motoventilador DACAiR con filtro P R SL y prefiltro<\/li>\r\n \t<li>Tubo de aire en forma de Y con funda protectora en tejido con tratamiento ign\u00edfugo<\/li>\r\n \t<li>Dispositivo de medici\u00f3n de caudal de aire<\/li>\r\n \t<li>Bater\u00eda<\/li>\r\n \t<li>Cargador<\/li>\r\n \t<li>Cintur\u00f3n acolchado<\/li>\r\n \t<li>Bolsa para transporte\/almacenamiento<\/li>\r\n \t<li>Filtro electr\u00f3nico<\/li>\r\n<\/ul>\r\n<strong>Unidad de ventilaci\u00f3n<\/strong>\r\n\r\n<img fetchpriority=\"high\" decoding=\"async\" class=\" wp-image-26369 alignright\" src=\"https:\/\/dacarcomercial.com\/wp-content\/uploads\/2021\/03\/MOTOVENTILADOR-COMPLET.jpg\" alt=\"\" width=\"386\" height=\"328\" title=\"\">Compuesta de un motoventilador compacto y ligero (920 g) con filtro reemplazable P R SL para part\u00edculas y aerosoles y un prefiltro, que se alimenta con bater\u00eda Li-Ion recambiable y recargable, la unidad permite una selecci\u00f3n entre dos caudales de aire: 180 \u00f3 220 l\/m, flujos siempre constantes bajo control electr\u00f3nico.\r\n\r\nCon gran autonom\u00eda de uso (hasta m\u00e1s de 8 horas), as\u00ed como alarma visual y ac\u00fastica en caso de bater\u00eda descargada o filtro saturado para mayor seguridad, el equipo DACAiR\u00a0 se gestiona con un panel de control monitorizado f\u00e1cil e intuitivo, para una mayor eficiencia.\r\n\r\nSu motoventilador filtra y dirige el aire, generando una sobrepresi\u00f3n positiva en el interior de la unidad de cabeza, para suministrar un aire de calidad respirable e impedir la entrada de humos t\u00f3xicos en la zona buco-nasal produciendo a su vez una agradable sensaci\u00f3n de frescor.\r\n\r\nCabe significar asimismo que, gracias a sus dimensiones reducidas, los equipos DACAiR pueden usarse con total desenvoltura en espacios limitados, con m\u00e1ximo confort de uso.\r\n\r\n<strong>Unidad de cabeza<\/strong>\r\n\r\n<img decoding=\"async\" class=\" wp-image-24542 alignleft\" src=\"https:\/\/dacarcomercial.com\/wp-content\/uploads\/2021\/03\/CARETA-DE-SOLDAR-DC3-ESM.jpg\" alt=\"\" width=\"320\" height=\"272\" title=\"\">Equipada con una ventana abatible para alternar labores de esmerilado y soldadura, la careta DC-3 DACAiR, adem\u00e1s de ofrecerte una gran versatilidad de usos, te ofrecer\u00e1 la m\u00e1xima protecci\u00f3n sin renunciar al confort. Su visor panor\u00e1mico interno para labores de esmerilado te permitir\u00e1n trabajar de manera segura con un m\u00e1ximo campo de visi\u00f3n.\r\n\r\nLa careta de soldar DC-3 DACAiR incluye un<a href=\"https:\/\/dacarcomercial.com\/arnes-con-drm-maximiza-el-confort-minimiza-la-tension\/\">\u00a0arn\u00e9s con DRM<\/a> (Dispositivo Repartidor de Masa) que reduce la tensi\u00f3n en el cuello del usuario, lo que permite un confort extra durante toda la jornada laboral. La asistencia mec\u00e1nica de la subida y bajada de la ventana de soldadura con amortiguador antigolpes de manejo con una sola mano, hacen de la careta de soldar DC3 DACAiR una careta \u00fanica en su clase.\r\n\r\nViene equipada con una junta facial ajustable en tejido con tratamiento ign\u00edfugo as\u00ed como 2 conductos laterales de aire que llevan el aire limpio que llega del motoventilador DACAiR a la parte frontal de la careta directamente en la zona de respiraci\u00f3n, evitando as\u00ed corrientes molestas de aire, en particular en la zona de los ojos.\r\n<h2><strong>Caracter\u00edsticas motoventilador DACAiR<\/strong><\/h2>\r\n<ul>\r\n \t<li>Dise\u00f1o ligero y confortable<\/li>\r\n \t<li>Peso completo de la unidad con los filtros 920 g<\/li>\r\n \t<li>Doble caudal de aire: 180 o 220 litros \/ min<\/li>\r\n \t<li>Filtro reemplazable P R SL<\/li>\r\n \t<li>Bater\u00eda de Li-ion 7,4 V \/ 5200 mAh<\/li>\r\n \t<li>Tiempo de uso con la bater\u00eda totalmente cargada y con filtros nuevos: a 180 l\/min &gt; 8 horas, a 220 l\/min &gt;5 horas.\r\n*El tiempo de uso puede verse reducido por filtros saturados o bater\u00eda mal cargada.<\/li>\r\n \t<li>Ciclos de carga: &gt; 350<\/li>\r\n \t<li>Carga r\u00e1pida: &lt; 4 horas<\/li>\r\n \t<li>Factor nominal de protecci\u00f3n: 500 (TH3)<\/li>\r\n \t<li>Nivel sonoro: M\u00e1ximo de 69 a 74 dB(A) seg\u00fan la unidad de cabeza<\/li>\r\n \t<li>CE EN 12941 clase TH3<\/li>\r\n \t<li>Garant\u00eda: Bater\u00eda: 6 meses \/ Motoventilador: 1 a\u00f1o<\/li>\r\n<\/ul>\r\n<h2><strong>Caracter\u00edsticas careta de soldar DC-3<\/strong><\/h2>\r\n<ul>\r\n \t<li>Visor abatible ideal para soldadura y esmerilado<\/li>\r\n \t<li>Gran \u00e1rea de visi\u00f3n: ventana exterior abatible (soldadura) y visor interior panor\u00e1mico XXL: 227 x 110 mm (esmerilado)<\/li>\r\n \t<li>Visor y cubrefiltros de policarbonato con clase \u00f3ptica 1<\/li>\r\n \t<li>F\u00e1cil sustituci\u00f3n del visor interior y de los cubrefiltros<\/li>\r\n \t<li>Careta con frontal curvo para una mejor disipaci\u00f3n de los humos y mejor \u00e1ngulo de visi\u00f3n sin reflejos<\/li>\r\n \t<li>El tubo en forma de Y con doble entrada de aire y 6 canales de distribuci\u00f3n proporciona al usuario un alto confort de respiraci\u00f3n, distribuyendo el aire de manera homog\u00e9nea en la zona buco-nasal sin corrientes molestas para el usuario.<\/li>\r\n \t<li>Salidas de aire hacia el visor para evitar el empa\u00f1amiento<\/li>\r\n \t<li>Tubo extra-flexible para una mayor libertad de movimiento<\/li>\r\n \t<li>Con funda protectora de algod\u00f3n ign\u00edfugo para una mayor duraci\u00f3n<\/li>\r\n<\/ul>\r\nLos conjuntos <strong>DC-3 DACAiR<\/strong> est\u00e1n certificados conforme a la legislaci\u00f3n en vigor 425\/2016 seg\u00fan la EN 12941:1998 + A1:2003 + A2:2008 en clase TH3.\r\n<h2><strong>Caracter\u00edsticas de los <a href=\"https:\/\/dacarcomercial.com\/categorias-productos\/filtros-electronicos\/\">filtros electr\u00f3nicos <\/a>disponibles:<\/strong><\/h2>\r\n<h3><strong>MULTI-XE (ADF718G PRO):<\/strong><\/h3>\r\n<ul>\r\n \t<li>Gran campo de visi\u00f3n<\/li>\r\n \t<li>Tono claro gris ultra claro con LCD True color 2,5 de \u00faltima generaci\u00f3n<\/li>\r\n \t<li>Tono oscuro variable con mando externo y selector interno de rango DIN 5-8 \u00f3 9-13<\/li>\r\n \t<li>Regulaci\u00f3n interna del tiempo de esclarecimiento de 0,1 a 1 sec.<\/li>\r\n \t<li>Regulaci\u00f3n interna de la sensibilidad<\/li>\r\n \t<li>Funci\u00f3n esmerilado con interruptor integrado al mando de regulaci\u00f3n de tonos<\/li>\r\n \t<li>Alimentaci\u00f3n solar + 1 pila CR2032 reemplazable<\/li>\r\n \t<li>4 sensores<\/li>\r\n \t<li>Calidad \u00f3ptica 1\/1\/1\/2 CE EN379<\/li>\r\n \t<li>\u00c1rea de visi\u00f3n 100 x 53 mm<\/li>\r\n \t<li>Tiempo de oscurecimiento: 0,04 ms<\/li>\r\n \t<li>2 a\u00f1os de garant\u00eda<\/li>\r\n<\/ul>\r\n<a href=\"https:\/\/dacarcomercial.com\/sobre-nosotros\/\">Dacar <\/a>es una empresa navarra <strong>fabricante<\/strong> especializada en <strong>productos<\/strong> para la <strong>seguridad de soldadores<\/strong> profesionales, semiprofesionales u ocasionales, as\u00ed como para su entorno.\r\n<ul>\r\n \t<li>Para la seguridad de los soldadores Dacar fabrica diversos modelos de <a href=\"https:\/\/dacarcomercial.com\/categorias-productos\/caretas-de-soldadura\/\">caretas de soldar<\/a> de alta calidad con una amplia gama de <a href=\"https:\/\/dacarcomercial.com\/categorias-productos\/filtros-electronicos\/\">filtros electr\u00f3nicos<\/a> y filtros pasivos para ofrecer un producto siempre adecuado a las necesidades de cada soldador. Adem\u00e1s Dacar tambi\u00e9n fabrica las <a href=\"https:\/\/dacarcomercial.com\/categorias-productos\/proteccion-facial\/pantalla-facial-dc-guard\/\">pantallas faciales DC-Guard, <\/a>los <a href=\"https:\/\/dacarcomercial.com\/categorias-productos\/dacair\/\">equipos motorizados DACAiR<\/a> as\u00ed como todo tipo de <a href=\"https:\/\/dacarcomercial.com\/categorias-productos\/vestuario\/\">vestuario<\/a> como por ejemplo <strong><a href=\"https:\/\/dacarcomercial.com\/categorias-productos\/vestuario-para-soldadores\/soldadura\/guantes-para-soldadura\/\">guantes<\/a>, chaquetas o delantales para los soldadores<\/strong>.<\/li>\r\n \t<li>Para la seguridad del entorno del <strong>soldador<\/strong> Dacar produce las <a href=\"https:\/\/dacarcomercial.com\/categorias-productos\/espacios-de-trabajo\/\">cortinas de soldadura Trans-DC-Arc y los separadores<\/a> de puestos de trabajo, como pueden ser los <a href=\"https:\/\/dacarcomercial.com\/categorias-productos\/espacios-de-trabajo\/separadores-moviles\/\"><strong>biombos<\/strong> o <strong>mamparas<\/strong><\/a>, pero tambi\u00e9n puede presupuestar cualquier tipo de <strong>cabina de soldadura<\/strong> a medida.<\/li>\r\n \t<li>Otra importante l\u00ednea de productos que ofrece Dacar son las <a href=\"https:\/\/dacarcomercial.com\/categorias-productos\/mantas-ignifugas\/\">mantas ignifugas<\/a>. Dacar dispone de una amplia gama de materiales para la protecci\u00f3n de objetos frente a las <strong>proyecciones de soldadura<\/strong>.<\/li>\r\n \t<li>Todos los <strong>EPI<\/strong> de Dacar disponen de la <a href=\"https:\/\/dacarcomercial.com\/wp-content\/uploads\/2021\/07\/Decl.-UE-Opera-ADF500G-PRO.pdf\">declaraci\u00f3n UE de conformidad<\/a>. Esta declaraci\u00f3n es un documento en el que el fabricante, indica que el producto cumple con todos los requisitos esenciales del r<a href=\"https:\/\/industria.gob.es\/Calidad-Industrial\/seguridadindustrial\/productosindustriales\/Equipos-Proteccion-Individual\/Paginas\/Reglamento-UE2016-425-relativo-a-EPIs.aspx\" target=\"_blank\" rel=\"noopener noreferrer nofollow\">eglamento<\/a>\u00a0<a href=\"https:\/\/industria.gob.es\/Calidad-Industrial\/seguridadindustrial\/productosindustriales\/Equipos-Proteccion-Individual\/Paginas\/Reglamento-UE2016-425-relativo-a-EPIs.aspx\" target=\"_blank\" rel=\"noopener noreferrer nofollow\">UE 2016\/425<\/a> relativo a los equipos de <strong>protecci\u00f3n individual<\/strong>.<\/li>\r\n<\/ul>\r\n&nbsp;\t\t\t\t\t\t\t\t<\/div>\n\t\t\t\t<\/div>\n\t\t\t\t\t<\/div>\n\t\t<\/div>\n\t\t\t\t\t<\/div>\n\t\t<\/section>\n\t\t\t\t<\/div>\n\t\t","protected":false},"excerpt":{"rendered":"<p>The new DACAiR Powered Air Purifying Respirator (PAPR) are the most effective and versatile option to protect yourself from harmful particles in the form of dust, fumes or mists produced during welding and related techniques.<\/p>\n<p><strong>Designed in Spain.<\/strong><\/p>\n<p>Compact and lightweight, the DC-3 DACAiR set consisting of the DACAiR PAPR together with the DC-3 Multifunction welding helmet with flip-up front window in its version for use with a PAPR, provides respiratory and facial protection with high wearing comfort.<\/p>\n<p>Always ensuring the safety and protection of users, DACAiR equipment complies with the highest standards in respiratory protection.<\/p>\n","protected":false},"featured_media":5888,"template":"","meta":{"site-sidebar-layout":"default","site-content-layout":"default","ast-site-content-layout":"default","site-content-style":"default","site-sidebar-style":"default","ast-global-header-display":"","ast-banner-title-visibility":"","ast-main-header-display":"","ast-hfb-above-header-display":"","ast-hfb-below-header-display":"","ast-hfb-mobile-header-display":"","site-post-title":"","ast-breadcrumbs-content":"","ast-featured-img":"","footer-sml-layout":"","ast-disable-related-posts":"","theme-transparent-header-meta":"default","adv-header-id-meta":"","stick-header-meta":"default","header-above-stick-meta":"","header-main-stick-meta":"","header-below-stick-meta":"","astra-migrate-meta-layouts":"set","ast-page-background-enabled":"default","ast-page-background-meta":{"desktop":{"background-color":"","background-image":"","background-repeat":"repeat","background-position":"center center","background-size":"auto","background-attachment":"scroll","background-type":"","background-media":"","overlay-type":"","overlay-color":"","overlay-opacity":"","overlay-gradient":""},"tablet":{"background-color":"","background-image":"","background-repeat":"repeat","background-position":"center center","background-size":"auto","background-attachment":"scroll","background-type":"","background-media":"","overlay-type":"","overlay-color":"","overlay-opacity":"","overlay-gradient":""},"mobile":{"background-color":"","background-image":"","background-repeat":"repeat","background-position":"center center","background-size":"auto","background-attachment":"scroll","background-type":"","background-media":"","overlay-type":"","overlay-color":"","overlay-opacity":"","overlay-gradient":""}},"ast-content-background-meta":{"desktop":{"background-color":"var(--ast-global-color-5)","background-image":"","background-repeat":"repeat","background-position":"center center","background-size":"auto","background-attachment":"scroll","background-type":"","background-media":"","overlay-type":"","overlay-color":"","overlay-opacity":"","overlay-gradient":""},"tablet":{"background-color":"var(--ast-global-color-5)","background-image":"","background-repeat":"repeat","background-position":"center center","background-size":"auto","background-attachment":"scroll","background-type":"","background-media":"","overlay-type":"","overlay-color":"","overlay-opacity":"","overlay-gradient":""},"mobile":{"background-color":"var(--ast-global-color-5)","background-image":"","background-repeat":"repeat","background-position":"center center","background-size":"auto","background-attachment":"scroll","background-type":"","background-media":"","overlay-type":"","overlay-color":"","overlay-opacity":"","overlay-gradient":""}}},"product_brand":[],"product_cat":[886,1734],"product_tag":[],"class_list":{"0":"post-16169","1":"product","2":"type-product","3":"status-publish","4":"has-post-thumbnail","6":"product_cat-dacair","7":"product_cat-powered-air-purifying-respirators","8":"desktop-align-left","9":"tablet-align-left","10":"mobile-align-left","11":"ast-product-gallery-layout-horizontal-slider","12":"ast-product-tabs-layout-horizontal","14":"first","15":"instock","16":"taxable","17":"shipping-taxable","18":"purchasable","19":"product-type-simple"},"_links":{"self":[{"href":"https:\/\/dacarcomercial.com\/en\/wp-json\/wp\/v2\/product\/16169","targetHints":{"allow":["GET"]}}],"collection":[{"href":"https:\/\/dacarcomercial.com\/en\/wp-json\/wp\/v2\/product"}],"about":[{"href":"https:\/\/dacarcomercial.com\/en\/wp-json\/wp\/v2\/types\/product"}],"version-history":[{"count":1,"href":"https:\/\/dacarcomercial.com\/en\/wp-json\/wp\/v2\/product\/16169\/revisions"}],"predecessor-version":[{"id":56233,"href":"https:\/\/dacarcomercial.com\/en\/wp-json\/wp\/v2\/product\/16169\/revisions\/56233"}],"wp:featuredmedia":[{"embeddable":true,"href":"https:\/\/dacarcomercial.com\/en\/wp-json\/wp\/v2\/media\/5888"}],"wp:attachment":[{"href":"https:\/\/dacarcomercial.com\/en\/wp-json\/wp\/v2\/media?parent=16169"}],"wp:term":[{"taxonomy":"product_brand","embeddable":true,"href":"https:\/\/dacarcomercial.com\/en\/wp-json\/wp\/v2\/product_brand?post=16169"},{"taxonomy":"product_cat","embeddable":true,"href":"https:\/\/dacarcomercial.com\/en\/wp-json\/wp\/v2\/product_cat?post=16169"},{"taxonomy":"product_tag","embeddable":true,"href":"https:\/\/dacarcomercial.com\/en\/wp-json\/wp\/v2\/product_tag?post=16169"}],"curies":[{"name":"wp","href":"https:\/\/api.w.org\/{rel}","templated":true}]}}