{"id":31969,"date":"2022-01-18T09:02:02","date_gmt":"2022-01-18T08:02:02","guid":{"rendered":"https:\/\/dacarcomercial.com\/?post_type=product&#038;p=31969"},"modified":"2024-05-13T12:23:40","modified_gmt":"2024-05-13T10:23:40","slug":"omnira-air-frosted-glass-screen","status":"publish","type":"product","link":"https:\/\/dacarcomercial.com\/en\/producto\/omnira-air-frosted-glass-screen\/","title":{"rendered":"Omnira Air frosted glass screen"},"content":{"rendered":"\t\t<div data-elementor-type=\"product-post\" data-elementor-id=\"31969\" class=\"elementor elementor-31969 elementor-31698\" data-elementor-post-type=\"product\">\n\t\t\t\t\t\t<section class=\"elementor-section elementor-top-section elementor-element elementor-element-7f9e21d elementor-section-boxed elementor-section-height-default elementor-section-height-default\" data-id=\"7f9e21d\" data-element_type=\"section\" data-e-type=\"section\" data-settings=\"{&quot;jet_parallax_layout_list&quot;:[]}\">\n\t\t\t\t\t\t<div class=\"elementor-container elementor-column-gap-default\">\n\t\t\t\t\t<div class=\"elementor-column elementor-col-100 elementor-top-column elementor-element elementor-element-15505f9\" data-id=\"15505f9\" data-element_type=\"column\" data-e-type=\"column\">\n\t\t\t<div class=\"elementor-widget-wrap elementor-element-populated\">\n\t\t\t\t\t\t<div class=\"elementor-element elementor-element-b47fa92 elementor-widget elementor-widget-video\" data-id=\"b47fa92\" data-element_type=\"widget\" data-e-type=\"widget\" data-settings=\"{&quot;youtube_url&quot;:&quot;https:\\\/\\\/www.youtube.com\\\/watch?v=vsEaB1kiEQk&quot;,&quot;video_type&quot;:&quot;youtube&quot;,&quot;controls&quot;:&quot;yes&quot;}\" data-widget_type=\"video.default\">\n\t\t\t\t<div class=\"elementor-widget-container\">\n\t\t\t\t\t\t\t<div class=\"elementor-wrapper elementor-open-inline\">\n\t\t\t<div class=\"elementor-video\"><\/div>\t\t<\/div>\n\t\t\t\t\t\t<\/div>\n\t\t\t\t<\/div>\n\t\t\t\t\t<\/div>\n\t\t<\/div>\n\t\t\t\t\t<\/div>\n\t\t<\/section>\n\t\t\t\t<section class=\"elementor-section elementor-top-section elementor-element elementor-element-5def951f elementor-section-boxed elementor-section-height-default elementor-section-height-default\" data-id=\"5def951f\" data-element_type=\"section\" data-e-type=\"section\" data-settings=\"{&quot;jet_parallax_layout_list&quot;:[]}\">\n\t\t\t\t\t\t<div class=\"elementor-container elementor-column-gap-default\">\n\t\t\t\t\t<div class=\"elementor-column elementor-col-100 elementor-top-column elementor-element elementor-element-a3df799\" data-id=\"a3df799\" data-element_type=\"column\" data-e-type=\"column\">\n\t\t\t<div class=\"elementor-widget-wrap elementor-element-populated\">\n\t\t\t\t\t\t<div class=\"elementor-element elementor-element-5d5f7acc elementor-widget elementor-widget-text-editor\" data-id=\"5d5f7acc\" data-element_type=\"widget\" data-e-type=\"widget\" data-widget_type=\"text-editor.default\">\n\t\t\t\t<div class=\"elementor-widget-container\">\n\t\t\t\t\t\t\t\t\t<h3>Caracter\u00edsticas t\u00e9cnicas:<\/h3><h3>Careta Omnira Air:<\/h3><ul><li>Protecci\u00f3n combinada, ojos, cara y respiratoria para labores de esmerilado o rebarbado<\/li><li>Campo de visi\u00f3n sin l\u00edmites, con una larga vida \u00fatil y excelente calidad \u00f3ptica (clase 1, CE EN166)<\/li><li>Arn\u00e9s de cabeza VariGEAR: de doble banda y acolchado para mayor confort, con m\u00faltiples regulaciones para un ajuste \u00f3ptimo y regulaci\u00f3n de la distancia entre los ojos y el filtro electr\u00f3nico para optimizar el campo de visi\u00f3n<\/li><li>Junta facial de f\u00e1cil sustituci\u00f3n sin necesidad de desartornillar elementos de fijaci\u00f3n<\/li><li>El soporte de tubo trasero para evitar el balanceo puede ser situado en el lateral izquierdo o derecho del arn\u00e9s a gusto del soldador<\/li><\/ul><p><a href=\"https:\/\/dacarcomercial.com\/sobre-nosotros\/\">Dacar\u00a0<\/a>es una\u00a0<strong>empresa navarra fabricante especializada en productos para la seguridad de soldadores<\/strong>\u00a0profesionales, semiprofesionales u ocasionales, as\u00ed como para su entorno.<\/p><ul><li>Para la seguridad de los soldadores Dacar fabrica diversos modelos de\u00a0<a href=\"https:\/\/dacarcomercial.com\/categorias-productos\/caretas-de-soldadura\/\">caretas de soldar<\/a>\u00a0de alta calidad con una amplia gama de\u00a0<a href=\"https:\/\/dacarcomercial.com\/categorias-productos\/filtros-electronicos\/\">filtros electr\u00f3nicos<\/a>\u00a0y filtros pasivos para ofrecer un producto siempre adecuado a las necesidades de cada soldador. Adem\u00e1s Dacar tambi\u00e9n fabrica las\u00a0<a href=\"https:\/\/dacarcomercial.com\/categorias-productos\/proteccion-facial\/pantalla-facial-dc-guard\/\">pantallas faciales DC-Guard,\u00a0<\/a>los\u00a0<a href=\"https:\/\/dacarcomercial.com\/categorias-productos\/dacair\/\">equipos motorizados DACAiR<\/a>\u00a0as\u00ed como todo tipo de\u00a0<a href=\"https:\/\/dacarcomercial.com\/categorias-productos\/vestuario\/\">vestuario<\/a>\u00a0como por ejemplo\u00a0<a href=\"https:\/\/dacarcomercial.com\/categorias-productos\/vestuario-para-soldadores\/soldadura\/guantes-para-soldadura\/\">guantes<\/a>, chaquetas o delantales para los soldadores.<\/li><li>Para la seguridad del entorno del soldador Dacar produce las\u00a0<a href=\"https:\/\/dacarcomercial.com\/categorias-productos\/espacios-de-trabajo\/\">cortinas de soldadura Trans-DC-Arc y los separadores<\/a>\u00a0de puestos de trabajo, como pueden ser los\u00a0<a href=\"https:\/\/dacarcomercial.com\/categorias-productos\/espacios-de-trabajo\/separadores-moviles\/\">biombos o mamparas<\/a>, pero tambi\u00e9n puede presupuestar cualquier tipo de cabina de soldadura a medida.<\/li><li>Otra importante l\u00ednea de productos que ofrece Dacar son las\u00a0<a href=\"https:\/\/dacarcomercial.com\/categorias-productos\/mantas-ignifugas\/\">mantas ignifugas<\/a>. Dacar dispone de una amplia gama de materiales para la protecci\u00f3n de objetos frente a las proyecciones de soldadura.<\/li><li>Todos los EPI de Dacar disponen de la\u00a0<a href=\"https:\/\/dacarcomercial.com\/wp-content\/uploads\/2021\/07\/Decl.-UE-Opera-ADF500G-PRO.pdf\">declaraci\u00f3n UE de conformidad<\/a>. Esta declaraci\u00f3n es un documento en el que el fabricante, indica que el producto cumple con todos los requisitos esenciales del r<a href=\"https:\/\/industria.gob.es\/Calidad-Industrial\/seguridadindustrial\/productosindustriales\/Equipos-Proteccion-Individual\/Paginas\/Reglamento-UE2016-425-relativo-a-EPIs.aspx\" target=\"_blank\" rel=\"noopener noreferrer nofollow\">eglamento UE 2016\/425<\/a>\u00a0relativo a los equipos de protecci\u00f3n individual.<\/li><\/ul>\t\t\t\t\t\t\t\t<\/div>\n\t\t\t\t<\/div>\n\t\t\t\t\t<\/div>\n\t\t<\/div>\n\t\t\t\t\t<\/div>\n\t\t<\/section>\n\t\t\t\t<\/div>\n\t\t","protected":false},"excerpt":{"rendered":"<p><strong>The Omnira Air frosted glass screen<\/strong> is compatible with CleanAIR Basic, AerGO and CleanAIR Pressure Flow Master. It offers the highest level of respiratory protection with a TH3 class certification.<\/p>\n<p>It incorporates a hardened polycarbonate panoramic visor for longevity, unlimited vision and excellent optical quality (CE Class 1 &#8211; EN166) as well as air distribution and easily replaceable face seal.<\/p>\n<p>With VariGEAR harness that allows adjustment of the distance between the eyes and the face shield for better balance.<\/p>\n<p><em>Dacar products can be purchased either on-line or through our network of distributors. Ask us for information about your nearest distributor.<\/em><\/p>\n","protected":false},"featured_media":31700,"template":"","meta":{"site-sidebar-layout":"default","site-content-layout":"default","ast-site-content-layout":"default","site-content-style":"default","site-sidebar-style":"default","ast-global-header-display":"","ast-banner-title-visibility":"","ast-main-header-display":"","ast-hfb-above-header-display":"","ast-hfb-below-header-display":"","ast-hfb-mobile-header-display":"","site-post-title":"","ast-breadcrumbs-content":"","ast-featured-img":"","footer-sml-layout":"","ast-disable-related-posts":"","theme-transparent-header-meta":"default","adv-header-id-meta":"","stick-header-meta":"default","header-above-stick-meta":"","header-main-stick-meta":"","header-below-stick-meta":"","astra-migrate-meta-layouts":"set","ast-page-background-enabled":"default","ast-page-background-meta":{"desktop":{"background-color":"","background-image":"","background-repeat":"repeat","background-position":"center center","background-size":"auto","background-attachment":"scroll","background-type":"","background-media":"","overlay-type":"","overlay-color":"","overlay-opacity":"","overlay-gradient":""},"tablet":{"background-color":"","background-image":"","background-repeat":"repeat","background-position":"center center","background-size":"auto","background-attachment":"scroll","background-type":"","background-media":"","overlay-type":"","overlay-color":"","overlay-opacity":"","overlay-gradient":""},"mobile":{"background-color":"","background-image":"","background-repeat":"repeat","background-position":"center center","background-size":"auto","background-attachment":"scroll","background-type":"","background-media":"","overlay-type":"","overlay-color":"","overlay-opacity":"","overlay-gradient":""}},"ast-content-background-meta":{"desktop":{"background-color":"var(--ast-global-color-5)","background-image":"","background-repeat":"repeat","background-position":"center center","background-size":"auto","background-attachment":"scroll","background-type":"","background-media":"","overlay-type":"","overlay-color":"","overlay-opacity":"","overlay-gradient":""},"tablet":{"background-color":"var(--ast-global-color-5)","background-image":"","background-repeat":"repeat","background-position":"center center","background-size":"auto","background-attachment":"scroll","background-type":"","background-media":"","overlay-type":"","overlay-color":"","overlay-opacity":"","overlay-gradient":""},"mobile":{"background-color":"var(--ast-global-color-5)","background-image":"","background-repeat":"repeat","background-position":"center center","background-size":"auto","background-attachment":"scroll","background-type":"","background-media":"","overlay-type":"","overlay-color":"","overlay-opacity":"","overlay-gradient":""}}},"product_brand":[],"product_cat":[918,924],"product_tag":[],"class_list":{"0":"post-31969","1":"product","2":"type-product","3":"status-publish","4":"has-post-thumbnail","6":"product_cat-cleanair","7":"product_cat-head-units","8":"desktop-align-left","9":"tablet-align-left","10":"mobile-align-left","11":"ast-product-gallery-layout-horizontal-slider","12":"ast-product-tabs-layout-horizontal","14":"first","15":"instock","16":"taxable","17":"shipping-taxable","18":"purchasable","19":"product-type-simple"},"_links":{"self":[{"href":"https:\/\/dacarcomercial.com\/en\/wp-json\/wp\/v2\/product\/31969","targetHints":{"allow":["GET"]}}],"collection":[{"href":"https:\/\/dacarcomercial.com\/en\/wp-json\/wp\/v2\/product"}],"about":[{"href":"https:\/\/dacarcomercial.com\/en\/wp-json\/wp\/v2\/types\/product"}],"version-history":[{"count":0,"href":"https:\/\/dacarcomercial.com\/en\/wp-json\/wp\/v2\/product\/31969\/revisions"}],"wp:featuredmedia":[{"embeddable":true,"href":"https:\/\/dacarcomercial.com\/en\/wp-json\/wp\/v2\/media\/31700"}],"wp:attachment":[{"href":"https:\/\/dacarcomercial.com\/en\/wp-json\/wp\/v2\/media?parent=31969"}],"wp:term":[{"taxonomy":"product_brand","embeddable":true,"href":"https:\/\/dacarcomercial.com\/en\/wp-json\/wp\/v2\/product_brand?post=31969"},{"taxonomy":"product_cat","embeddable":true,"href":"https:\/\/dacarcomercial.com\/en\/wp-json\/wp\/v2\/product_cat?post=31969"},{"taxonomy":"product_tag","embeddable":true,"href":"https:\/\/dacarcomercial.com\/en\/wp-json\/wp\/v2\/product_tag?post=31969"}],"curies":[{"name":"wp","href":"https:\/\/api.w.org\/{rel}","templated":true}]}}