{"id":31984,"date":"2022-01-18T09:12:35","date_gmt":"2022-01-18T08:12:35","guid":{"rendered":"https:\/\/dacarcomercial.com\/?post_type=product&#038;p=31984"},"modified":"2024-05-13T12:21:12","modified_gmt":"2024-05-13T10:21:12","slug":"omnira-combi-air-welding-helmet","status":"publish","type":"product","link":"https:\/\/dacarcomercial.com\/en\/producto\/omnira-combi-air-welding-helmet\/","title":{"rendered":"Omnira Combi Air welding helmet"},"content":{"rendered":"\t\t<div data-elementor-type=\"product-post\" data-elementor-id=\"31984\" class=\"elementor elementor-31984 elementor-31707\" data-elementor-post-type=\"product\">\n\t\t\t\t\t\t<section class=\"elementor-section elementor-top-section elementor-element elementor-element-73885df elementor-section-boxed elementor-section-height-default elementor-section-height-default\" data-id=\"73885df\" data-element_type=\"section\" data-e-type=\"section\" data-settings=\"{&quot;jet_parallax_layout_list&quot;:[]}\">\n\t\t\t\t\t\t<div class=\"elementor-container elementor-column-gap-default\">\n\t\t\t\t\t<div class=\"elementor-column elementor-col-100 elementor-top-column elementor-element elementor-element-5a9a7a6\" data-id=\"5a9a7a6\" data-element_type=\"column\" data-e-type=\"column\">\n\t\t\t<div class=\"elementor-widget-wrap elementor-element-populated\">\n\t\t\t\t\t\t<div class=\"elementor-element elementor-element-7ba4648 elementor-widget elementor-widget-video\" data-id=\"7ba4648\" data-element_type=\"widget\" data-e-type=\"widget\" data-settings=\"{&quot;youtube_url&quot;:&quot;https:\\\/\\\/www.youtube.com\\\/watch?v=EM5AhdF2ijM&quot;,&quot;video_type&quot;:&quot;youtube&quot;,&quot;controls&quot;:&quot;yes&quot;}\" data-widget_type=\"video.default\">\n\t\t\t\t<div class=\"elementor-widget-container\">\n\t\t\t\t\t\t\t<div class=\"elementor-wrapper elementor-open-inline\">\n\t\t\t<div class=\"elementor-video\"><\/div>\t\t<\/div>\n\t\t\t\t\t\t<\/div>\n\t\t\t\t<\/div>\n\t\t\t\t\t<\/div>\n\t\t<\/div>\n\t\t\t\t\t<\/div>\n\t\t<\/section>\n\t\t\t\t<section class=\"elementor-section elementor-top-section elementor-element elementor-element-17080945 elementor-section-boxed elementor-section-height-default elementor-section-height-default\" data-id=\"17080945\" data-element_type=\"section\" data-e-type=\"section\" data-settings=\"{&quot;jet_parallax_layout_list&quot;:[]}\">\n\t\t\t\t\t\t<div class=\"elementor-container elementor-column-gap-default\">\n\t\t\t\t\t<div class=\"elementor-column elementor-col-100 elementor-top-column elementor-element elementor-element-647dbddf\" data-id=\"647dbddf\" data-element_type=\"column\" data-e-type=\"column\">\n\t\t\t<div class=\"elementor-widget-wrap elementor-element-populated\">\n\t\t\t\t\t\t<div class=\"elementor-element elementor-element-11edb3e9 elementor-widget elementor-widget-text-editor\" data-id=\"11edb3e9\" data-element_type=\"widget\" data-e-type=\"widget\" data-widget_type=\"text-editor.default\">\n\t\t\t\t<div class=\"elementor-widget-container\">\n\t\t\t\t\t\t\t\t\t<h2>Caracter\u00edsticas Careta Omnira COMBI Air:<\/h2>\r\n<ul>\r\n \t<li>mando externo de funci\u00f3n esmerilado<\/li>\r\n \t<li>mando externo de regulaci\u00f3n de la inclinaci\u00f3n de la careta<\/li>\r\n \t<li>f\u00e1cil y r\u00e1pido cambio del cubre filtro exterior de policarbonato<\/li>\r\n \t<li>ventana de soldadura abatible y extra\u00edble con un s\u00f3lo click<\/li>\r\n \t<li>Arn\u00e9s de cabeza VariGEAR: de doble banda y acolchado para mayor confort, con m\u00faltiples regulaciones para un ajuste \u00f3ptimo y regulaci\u00f3n de la distancia entre los ojos y el filtro electr\u00f3nico para optimizar el campo de visi\u00f3n<\/li>\r\n \t<li>Junta facial de f\u00e1cil sustituci\u00f3n sin necesidad de desartornillar elementos de fijaci\u00f3n<\/li>\r\n \t<li>El soporte de tubo trasero para evitar el balanceo puede ser situado en el lateral izquierdo o derecho del arn\u00e9s a gusto del soldador<\/li>\r\n<\/ul>\r\n<h3>Filtro electr\u00f3nico SL513G Plus:<\/h3>\r\nEl filtro SL513G Plus es innovador en su tecnolog\u00eda que sustituye componentes electr\u00f3nicos por un micro-chip lo cual hace de ese modelo un referente en cuanto a fiabilidad y versatilidad de usos adem\u00e1s de reducir su peso. Es id\u00f3neo para aplicaciones de TIG a muy bajo amperaje. Equipado con un display LCD donde encontrar\u00e1s toda la informaci\u00f3n acerca de los reglajes seleccionados podr\u00e1s regular tono oscuro (con doble rango de 5 a 8 y 9 a 14), sensibilidad y tiempo de esclarecimiento con pulsadores digitales mientras que su pr\u00e1ctico bot\u00f3n interruptor exterior te permitir\u00e1 cambiar del modo soldadura a modo esmerilado en un click sin necesidad de levantar la careta ni de quitarte los guantes.\r\n<ul>\r\n \t<li>Gran campo de visi\u00f3n<\/li>\r\n \t<li>Tono claro DIN 3 (LCD true color)<\/li>\r\n \t<li>Moderno Display LCD multifunci\u00f3n<\/li>\r\n \t<li>Tono oscuro dual variable DIN 5-8 o 9-14 con regulador digital interno<\/li>\r\n \t<li>De especial inter\u00e9s para soldadura TIG a muy bajo amperaje (&lt;5 Amps)<\/li>\r\n \t<li>Regulaci\u00f3n digital interna del tiempo de esclarecimiento \/ sensibilidad<\/li>\r\n \t<li>Funci\u00f3n esmerilado (externo) con bot\u00f3n a presi\u00f3n de un s\u00f3lo click<\/li>\r\n \t<li>Alimentaci\u00f3n solar + 1 pila CR2450 reemplazable<\/li>\r\n \t<li>4 sensores<\/li>\r\n \t<li>Calidad \u00f3ptica 1\/1\/1\/1<\/li>\r\n \t<li>\u00c1rea de visi\u00f3n 98 x 62 mm<\/li>\r\n \t<li>Tiempo de oscurecimiento: 0,1 ms<\/li>\r\n \t<li>2 a\u00f1os de garant\u00eda<\/li>\r\n<\/ul>\r\n<a href=\"https:\/\/dacarcomercial.com\/sobre-nosotros\/\">Dacar\u00a0<\/a>es una\u00a0<strong>empresa navarra fabricante especializada en productos para la seguridad de soldadores<\/strong>\u00a0profesionales, semiprofesionales u ocasionales, as\u00ed como para su entorno.\r\n<ul>\r\n \t<li>Para la seguridad de los soldadores Dacar fabrica diversos modelos de\u00a0<a href=\"https:\/\/dacarcomercial.com\/categorias-productos\/caretas-de-soldadura\/\">caretas de soldar<\/a>\u00a0de alta calidad con una amplia gama de\u00a0<a href=\"https:\/\/dacarcomercial.com\/categorias-productos\/filtros-electronicos\/\">filtros electr\u00f3nicos<\/a>\u00a0y filtros pasivos para ofrecer un producto siempre adecuado a las necesidades de cada soldador. Adem\u00e1s Dacar tambi\u00e9n fabrica las\u00a0<a href=\"https:\/\/dacarcomercial.com\/categorias-productos\/proteccion-facial\/pantalla-facial-dc-guard\/\">pantallas faciales DC-Guard,\u00a0<\/a>los\u00a0<a href=\"https:\/\/dacarcomercial.com\/categorias-productos\/dacair\/\">equipos motorizados DACAiR<\/a>\u00a0as\u00ed como todo tipo de\u00a0<a href=\"https:\/\/dacarcomercial.com\/categorias-productos\/vestuario\/\">vestuario<\/a>\u00a0como por ejemplo\u00a0<a href=\"https:\/\/dacarcomercial.com\/categorias-productos\/vestuario-para-soldadores\/soldadura\/guantes-para-soldadura\/\">guantes<\/a>, chaquetas o delantales para los soldadores.<\/li>\r\n \t<li>Para la seguridad del entorno del soldador Dacar produce las\u00a0<a href=\"https:\/\/dacarcomercial.com\/categorias-productos\/espacios-de-trabajo\/\">cortinas de soldadura Trans-DC-Arc y los separadores<\/a>\u00a0de puestos de trabajo, como pueden ser los\u00a0<a href=\"https:\/\/dacarcomercial.com\/categorias-productos\/espacios-de-trabajo\/separadores-moviles\/\">biombos o mamparas<\/a>, pero tambi\u00e9n puede presupuestar cualquier tipo de cabina de soldadura a medida.<\/li>\r\n \t<li>Otra importante l\u00ednea de productos que ofrece Dacar son las\u00a0<a href=\"https:\/\/dacarcomercial.com\/categorias-productos\/mantas-ignifugas\/\">mantas ignifugas<\/a>. Dacar dispone de una amplia gama de materiales para la protecci\u00f3n de objetos frente a las proyecciones de soldadura.<\/li>\r\n \t<li>Todos los EPI de Dacar disponen de la\u00a0<a href=\"https:\/\/dacarcomercial.com\/wp-content\/uploads\/2021\/07\/Decl.-UE-Opera-ADF500G-PRO.pdf\">declaraci\u00f3n UE de conformidad<\/a>. Esta declaraci\u00f3n es un documento en el que el fabricante, indica que el producto cumple con todos los requisitos esenciales del r<a href=\"https:\/\/industria.gob.es\/Calidad-Industrial\/seguridadindustrial\/productosindustriales\/Equipos-Proteccion-Individual\/Paginas\/Reglamento-UE2016-425-relativo-a-EPIs.aspx\" target=\"_blank\" rel=\"noopener noreferrer nofollow\">eglamento UE 2016\/425<\/a>\u00a0relativo a los equipos de protecci\u00f3n individual.<\/li>\r\n<\/ul>\t\t\t\t\t\t\t\t<\/div>\n\t\t\t\t<\/div>\n\t\t\t\t\t<\/div>\n\t\t<\/div>\n\t\t\t\t\t<\/div>\n\t\t<\/section>\n\t\t\t\t<\/div>\n\t\t","protected":false},"excerpt":{"rendered":"<p>The <strong>Omnira Combi Air welding helmet<\/strong> is compatible with the CleanAIR Basic, AerGO PAPR and with the\u00a0 CleanAIR Pressure Flow Master. It offers the highest level of respiratory protection with a TH3 class certification.<\/p>\n<p>One solution for multiple needs. Thanks to the flip-up welding window, welding and grinding can be alternated without compromising respiratory protection. In addition, if welding is not carried out for a certain period of time, the welding window can be removed with a single click, leaving the helmet only with the panoramic visor for an unlimited vision with the maximum optical quality (CE class 1- EN 166) . Made out of hardened polycarbonate it offers a great longevity.<\/p>\n<p>The Omnira Combi Air welding helmet is mounted with the VariGEAR headgear that allows, apart from the traditional adjustments, the regulation of the distance between the eyes and the face shield. This allows the worker to optimize the viewing area and increase the confort of wearing by regulating better the balance.<\/p>\n<p>The welding helmet is supplied with the SL513G Plus auto-darkening filter (ADF) with double range of dark shades DIN 5-8 and 9-14 with a field of view of 98 x 62 mm and with the latest True Color technology in ultra clear grey color with the highest optical class. It is CE certified according to CE EN379 1\/1\/1\/1.<\/p>\n<p><em>Dacar products can be purchased either online or through our network of distributors. Ask us for information about your nearest distributor.<\/em><\/p>\n","protected":false},"featured_media":31709,"template":"","meta":{"site-sidebar-layout":"default","site-content-layout":"default","ast-site-content-layout":"default","site-content-style":"default","site-sidebar-style":"default","ast-global-header-display":"","ast-banner-title-visibility":"","ast-main-header-display":"","ast-hfb-above-header-display":"","ast-hfb-below-header-display":"","ast-hfb-mobile-header-display":"","site-post-title":"","ast-breadcrumbs-content":"","ast-featured-img":"","footer-sml-layout":"","ast-disable-related-posts":"","theme-transparent-header-meta":"default","adv-header-id-meta":"","stick-header-meta":"default","header-above-stick-meta":"","header-main-stick-meta":"","header-below-stick-meta":"","astra-migrate-meta-layouts":"set","ast-page-background-enabled":"default","ast-page-background-meta":{"desktop":{"background-color":"","background-image":"","background-repeat":"repeat","background-position":"center center","background-size":"auto","background-attachment":"scroll","background-type":"","background-media":"","overlay-type":"","overlay-color":"","overlay-opacity":"","overlay-gradient":""},"tablet":{"background-color":"","background-image":"","background-repeat":"repeat","background-position":"center center","background-size":"auto","background-attachment":"scroll","background-type":"","background-media":"","overlay-type":"","overlay-color":"","overlay-opacity":"","overlay-gradient":""},"mobile":{"background-color":"","background-image":"","background-repeat":"repeat","background-position":"center center","background-size":"auto","background-attachment":"scroll","background-type":"","background-media":"","overlay-type":"","overlay-color":"","overlay-opacity":"","overlay-gradient":""}},"ast-content-background-meta":{"desktop":{"background-color":"var(--ast-global-color-5)","background-image":"","background-repeat":"repeat","background-position":"center center","background-size":"auto","background-attachment":"scroll","background-type":"","background-media":"","overlay-type":"","overlay-color":"","overlay-opacity":"","overlay-gradient":""},"tablet":{"background-color":"var(--ast-global-color-5)","background-image":"","background-repeat":"repeat","background-position":"center center","background-size":"auto","background-attachment":"scroll","background-type":"","background-media":"","overlay-type":"","overlay-color":"","overlay-opacity":"","overlay-gradient":""},"mobile":{"background-color":"var(--ast-global-color-5)","background-image":"","background-repeat":"repeat","background-position":"center center","background-size":"auto","background-attachment":"scroll","background-type":"","background-media":"","overlay-type":"","overlay-color":"","overlay-opacity":"","overlay-gradient":""}}},"product_brand":[],"product_cat":[918,924],"product_tag":[],"class_list":{"0":"post-31984","1":"product","2":"type-product","3":"status-publish","4":"has-post-thumbnail","6":"product_cat-cleanair","7":"product_cat-head-units","8":"desktop-align-left","9":"tablet-align-left","10":"mobile-align-left","11":"ast-product-gallery-layout-horizontal-slider","12":"ast-product-tabs-layout-horizontal","14":"first","15":"instock","16":"taxable","17":"shipping-taxable","18":"purchasable","19":"product-type-simple"},"_links":{"self":[{"href":"https:\/\/dacarcomercial.com\/en\/wp-json\/wp\/v2\/product\/31984","targetHints":{"allow":["GET"]}}],"collection":[{"href":"https:\/\/dacarcomercial.com\/en\/wp-json\/wp\/v2\/product"}],"about":[{"href":"https:\/\/dacarcomercial.com\/en\/wp-json\/wp\/v2\/types\/product"}],"version-history":[{"count":0,"href":"https:\/\/dacarcomercial.com\/en\/wp-json\/wp\/v2\/product\/31984\/revisions"}],"wp:featuredmedia":[{"embeddable":true,"href":"https:\/\/dacarcomercial.com\/en\/wp-json\/wp\/v2\/media\/31709"}],"wp:attachment":[{"href":"https:\/\/dacarcomercial.com\/en\/wp-json\/wp\/v2\/media?parent=31984"}],"wp:term":[{"taxonomy":"product_brand","embeddable":true,"href":"https:\/\/dacarcomercial.com\/en\/wp-json\/wp\/v2\/product_brand?post=31984"},{"taxonomy":"product_cat","embeddable":true,"href":"https:\/\/dacarcomercial.com\/en\/wp-json\/wp\/v2\/product_cat?post=31984"},{"taxonomy":"product_tag","embeddable":true,"href":"https:\/\/dacarcomercial.com\/en\/wp-json\/wp\/v2\/product_tag?post=31984"}],"curies":[{"name":"wp","href":"https:\/\/api.w.org\/{rel}","templated":true}]}}