{"id":22171,"date":"2021-04-12T10:08:33","date_gmt":"2021-04-12T08:08:33","guid":{"rendered":"http:\/\/dacarcomercial.com\/a-propos-de-nous\/"},"modified":"2024-03-01T11:35:08","modified_gmt":"2024-03-01T10:35:08","slug":"a-propos-de-nous","status":"publish","type":"page","link":"https:\/\/dacarcomercial.com\/fr\/a-propos-de-nous\/","title":{"rendered":"\u00c0 PROPOS DE NOUS"},"content":{"rendered":"\t\t<div data-elementor-type=\"wp-page\" data-elementor-id=\"22171\" class=\"elementor elementor-22171 elementor-21071\" data-elementor-post-type=\"page\">\n\t\t\t\t\t\t<section class=\"elementor-section elementor-top-section elementor-element elementor-element-b5065f7 elementor-section-height-min-height elementor-section-boxed elementor-section-height-default elementor-section-items-middle\" data-id=\"b5065f7\" data-element_type=\"section\" data-e-type=\"section\" data-settings=\"{&quot;background_background&quot;:&quot;classic&quot;,&quot;jet_parallax_layout_list&quot;:[{&quot;jet_parallax_layout_image&quot;:{&quot;url&quot;:&quot;&quot;,&quot;id&quot;:&quot;&quot;,&quot;size&quot;:&quot;&quot;},&quot;_id&quot;:&quot;12f2b6c&quot;,&quot;jet_parallax_layout_image_tablet&quot;:{&quot;url&quot;:&quot;&quot;,&quot;id&quot;:&quot;&quot;,&quot;size&quot;:&quot;&quot;},&quot;jet_parallax_layout_image_mobile&quot;:{&quot;url&quot;:&quot;&quot;,&quot;id&quot;:&quot;&quot;,&quot;size&quot;:&quot;&quot;},&quot;jet_parallax_layout_speed&quot;:{&quot;unit&quot;:&quot;%&quot;,&quot;size&quot;:50,&quot;sizes&quot;:[]},&quot;jet_parallax_layout_type&quot;:&quot;scroll&quot;,&quot;jet_parallax_layout_direction&quot;:&quot;1&quot;,&quot;jet_parallax_layout_fx_direction&quot;:null,&quot;jet_parallax_layout_z_index&quot;:&quot;&quot;,&quot;jet_parallax_layout_bg_x&quot;:50,&quot;jet_parallax_layout_bg_x_tablet&quot;:&quot;&quot;,&quot;jet_parallax_layout_bg_x_mobile&quot;:&quot;&quot;,&quot;jet_parallax_layout_bg_y&quot;:50,&quot;jet_parallax_layout_bg_y_tablet&quot;:&quot;&quot;,&quot;jet_parallax_layout_bg_y_mobile&quot;:&quot;&quot;,&quot;jet_parallax_layout_bg_size&quot;:&quot;auto&quot;,&quot;jet_parallax_layout_bg_size_tablet&quot;:&quot;&quot;,&quot;jet_parallax_layout_bg_size_mobile&quot;:&quot;&quot;,&quot;jet_parallax_layout_animation_prop&quot;:&quot;transform&quot;,&quot;jet_parallax_layout_on&quot;:[&quot;desktop&quot;,&quot;tablet&quot;]}]}\">\n\t\t\t\t\t\t<div class=\"elementor-container elementor-column-gap-default\">\n\t\t\t\t\t<div class=\"elementor-column elementor-col-100 elementor-top-column elementor-element elementor-element-5099841e\" data-id=\"5099841e\" data-element_type=\"column\" data-e-type=\"column\">\n\t\t\t<div class=\"elementor-widget-wrap elementor-element-populated\">\n\t\t\t\t\t\t<div class=\"elementor-element elementor-element-5dd90d0c elementor-widget elementor-widget-heading\" data-id=\"5dd90d0c\" data-element_type=\"widget\" data-e-type=\"widget\" data-widget_type=\"heading.default\">\n\t\t\t\t<div class=\"elementor-widget-container\">\n\t\t\t\t\t<h2 class=\"elementor-heading-title elementor-size-default\">NOUS OFFRONS UNE PROTECTION MAXIMALE AVEC UN MAXIMUM DE CONFORT<\/h2>\t\t\t\t<\/div>\n\t\t\t\t<\/div>\n\t\t\t\t\t<\/div>\n\t\t<\/div>\n\t\t\t\t\t<\/div>\n\t\t<\/section>\n\t\t\t\t<section class=\"elementor-section elementor-top-section elementor-element elementor-element-a0cbcda elementor-section-boxed elementor-section-height-default elementor-section-height-default\" data-id=\"a0cbcda\" data-element_type=\"section\" data-e-type=\"section\" data-settings=\"{&quot;jet_parallax_layout_list&quot;:[{&quot;jet_parallax_layout_image&quot;:{&quot;url&quot;:&quot;&quot;,&quot;id&quot;:&quot;&quot;,&quot;size&quot;:&quot;&quot;},&quot;_id&quot;:&quot;f83882c&quot;,&quot;jet_parallax_layout_image_tablet&quot;:{&quot;url&quot;:&quot;&quot;,&quot;id&quot;:&quot;&quot;,&quot;size&quot;:&quot;&quot;},&quot;jet_parallax_layout_image_mobile&quot;:{&quot;url&quot;:&quot;&quot;,&quot;id&quot;:&quot;&quot;,&quot;size&quot;:&quot;&quot;},&quot;jet_parallax_layout_speed&quot;:{&quot;unit&quot;:&quot;%&quot;,&quot;size&quot;:50,&quot;sizes&quot;:[]},&quot;jet_parallax_layout_type&quot;:&quot;scroll&quot;,&quot;jet_parallax_layout_direction&quot;:&quot;1&quot;,&quot;jet_parallax_layout_fx_direction&quot;:null,&quot;jet_parallax_layout_z_index&quot;:&quot;&quot;,&quot;jet_parallax_layout_bg_x&quot;:50,&quot;jet_parallax_layout_bg_x_tablet&quot;:&quot;&quot;,&quot;jet_parallax_layout_bg_x_mobile&quot;:&quot;&quot;,&quot;jet_parallax_layout_bg_y&quot;:50,&quot;jet_parallax_layout_bg_y_tablet&quot;:&quot;&quot;,&quot;jet_parallax_layout_bg_y_mobile&quot;:&quot;&quot;,&quot;jet_parallax_layout_bg_size&quot;:&quot;auto&quot;,&quot;jet_parallax_layout_bg_size_tablet&quot;:&quot;&quot;,&quot;jet_parallax_layout_bg_size_mobile&quot;:&quot;&quot;,&quot;jet_parallax_layout_animation_prop&quot;:&quot;transform&quot;,&quot;jet_parallax_layout_on&quot;:[&quot;desktop&quot;,&quot;tablet&quot;]}]}\">\n\t\t\t\t\t\t<div class=\"elementor-container elementor-column-gap-default\">\n\t\t\t\t\t<div class=\"elementor-column elementor-col-100 elementor-top-column elementor-element elementor-element-a388a25\" data-id=\"a388a25\" data-element_type=\"column\" data-e-type=\"column\">\n\t\t\t<div class=\"elementor-widget-wrap elementor-element-populated\">\n\t\t\t\t\t\t<div class=\"elementor-element elementor-element-8d48a4a elementor-widget elementor-widget-video\" data-id=\"8d48a4a\" data-element_type=\"widget\" data-e-type=\"widget\" data-settings=\"{&quot;youtube_url&quot;:&quot;https:\\\/\\\/www.youtube.com\\\/watch?v=ZDAGOb4rApw&quot;,&quot;video_type&quot;:&quot;youtube&quot;,&quot;controls&quot;:&quot;yes&quot;}\" data-widget_type=\"video.default\">\n\t\t\t\t<div class=\"elementor-widget-container\">\n\t\t\t\t\t\t\t<div class=\"elementor-wrapper elementor-open-inline\">\n\t\t\t<div class=\"elementor-video\"><\/div>\t\t<\/div>\n\t\t\t\t\t\t<\/div>\n\t\t\t\t<\/div>\n\t\t\t\t<div class=\"elementor-element elementor-element-7567e59 elementor-widget elementor-widget-heading\" data-id=\"7567e59\" data-element_type=\"widget\" data-e-type=\"widget\" data-widget_type=\"heading.default\">\n\t\t\t\t<div class=\"elementor-widget-container\">\n\t\t\t\t\t<h1 class=\"elementor-heading-title elementor-size-default\">\u00c0 PROPOS DE NOUS<\/h1>\t\t\t\t<\/div>\n\t\t\t\t<\/div>\n\t\t\t\t<div class=\"elementor-element elementor-element-aaa3320 elementor-widget elementor-widget-text-editor\" data-id=\"aaa3320\" data-element_type=\"widget\" data-e-type=\"widget\" data-widget_type=\"text-editor.default\">\n\t\t\t\t<div class=\"elementor-widget-container\">\n\t\t\t\t\t\t\t\t\t<p>Chez <b>Dacar<\/b>, entreprise navarraise, nous nous engageons \u00e0 assurer la <b>s\u00e9curit\u00e9<\/b> et la <b>protection du travail<\/b>. Nos produits offrent les solutions appropri\u00e9es pour satisfaire les besoins r\u00e9els de nos utilisateurs et clients.<\/p><p>Avec plus de <b>30 ans<\/b> d&rsquo;exp\u00e9rience, notre engagement dans le secteur industriel ne cesse de cro\u00eetre. Nous nous engageons \u00e0 proposer des <b>produits de qualit\u00e9<\/b> qui offrent un <b>maximum de s\u00e9curit\u00e9<\/b> et de confort \u00e0 l&rsquo;utilisateur.<\/p><p>L&rsquo;<strong>innovation<\/strong> est un objectif majeur pour <b>Dacar<\/b> et c&rsquo;est pourquoi tous nos <b>masques \u00e0 souder<\/b> et <b>\u00e9quipements de protection<\/b> <b>individuelle<\/b> b\u00e9n\u00e9ficient de l&rsquo;innovation et du d\u00e9veloppement constant de la technologie.<\/p><p>Le fait d&rsquo;\u00eatre <b>fabricant<\/b> local nous permet d&rsquo;\u00eatre en contact avec le march\u00e9, directement avec notre r\u00e9seau de promoteurs de ventes ou \u00e0 travers notre r\u00e9seau \u00e9tendu de <b>distributeurs sp\u00e9cialis\u00e9s<\/b>, et de cr\u00e9er des produits adapt\u00e9s aux besoins sp\u00e9cifiques de nos clients.<\/p><p>En tant que <b>fabricants<\/b>, nous d\u00e9veloppons et proposons une gamme compl\u00e8te de produits garantissant une protection maximale des travailleurs et de leur environnement.<\/p><ul><li><a href=\"https:\/\/dacarcomercial.com\/fr\/categorias-productos\/masques-de-soudure\/\"><b>Masques de soudure<\/b><\/a><\/li><li><a href=\"https:\/\/dacarcomercial.com\/fr\/categorias-productos\/protection-faciale\/\"><b>\u00c9crans faciaux<\/b><\/a><\/li><li><a href=\"https:\/\/dacarcomercial.com\/fr\/categorias-productos\/cabines-de-soudage\/\"><b>Rideaux de soudure, lani\u00e8res et cloisons mobiles ou fixes pour la s\u00e9paration de postes de travail<\/b><\/a><\/li><li><b><a href=\"https:\/\/dacarcomercial.com\/fr\/categorias-productos\/toiles-ignifugees\/\">Couvertures anti-feu et toiles ignifug\u00e9es<\/a><\/b><\/li><li><span style=\"font-size: 16px;\"><a href=\"https:\/\/dacarcomercial.com\/fr\/categorias-productos\/vetements-de-protection\/\"><b>V\u00eatements et gants de soudage<\/b><\/a><\/span><\/li><\/ul>\t\t\t\t\t\t\t\t<\/div>\n\t\t\t\t<\/div>\n\t\t\t\t<div class=\"elementor-element elementor-element-21c1cc0 elementor-widget elementor-widget-text-editor\" data-id=\"21c1cc0\" data-element_type=\"widget\" data-e-type=\"widget\" data-widget_type=\"text-editor.default\">\n\t\t\t\t<div class=\"elementor-widget-container\">\n\t\t\t\t\t\t\t\t\t<p><span style=\"margin: 0px; padding: 3px 0px; font-size: 16px; font-family: Roboto, 'Helvetica Neue', sans-serif; line-height: inherit; word-break: break-word; color: #3d3d3d;\">\u00a0<\/span><span style=\"color: var(--ast-global-color-3); font-size: 1rem;\">L&rsquo;activit\u00e9 principale de <b>Dacar<\/b> est la <b>cr\u00e9ation<\/b> et la <b>fabrication<\/b> de <a href=\"https:\/\/dacarcomercial.com\/fr\/categorias-productos\/masques-de-soudure\/\"><b>masques pour soudeurs<\/b><\/a> professionnels, semi-professionnels ou occasionnels. Du mod\u00e8le <a href=\"https:\/\/dacarcomercial.com\/fr\/producto\/masque-a-souder-opera-500g-pro\/\"><b>Opera 500g pro<\/b><\/a> au prix le plus bas au mod\u00e8le <a href=\"https:\/\/dacarcomercial.com\/fr\/producto\/masque-a-souder-dc-4-v958i-plus\/\"><b>DC-4<\/b><\/a> \u00e0 grand champ de vision en passant par les mod\u00e8les <a href=\"https:\/\/dacarcomercial.com\/fr\/categorias-productos\/masques-de-soudure\/dc-1-2\/\"><b>DC-1<\/b><\/a> et <a href=\"https:\/\/dacarcomercial.com\/fr\/categorias-productos\/masques-de-soudure\/dc-2-2\/\"><b>DC-2<\/b><\/a> sans oublier le mod\u00e8le <a href=\"https:\/\/dacarcomercial.com\/fr\/producto\/masque-a-souder-dc-3\/\"><b>DC-3<\/b><\/a> avec <b>fen\u00eatre rabattable<\/b> et <b>viseur panoramique<\/b> pour alterner les travaux de soudage et meulage en toute commodit\u00e9, <b>Dacar<\/b> offre l&rsquo;une des plus vastes gamme de <a href=\"https:\/\/dacarcomercial.com\/fr\/categorias-productos\/masques-de-soudure\/\"><b>masques \u00e0 souder<\/b><\/a> pour tous les types d&rsquo;applications.<\/span><\/p><p><span style=\"color: var(--ast-global-color-3); font-size: 1rem;\">Nous offrons une grande vari\u00e9t\u00e9 de <a href=\"https:\/\/dacarcomercial.com\/fr\/categorias-productos\/filtres-electroniques-soudeur\/\"><b>filtres \u00e9lectroniques<\/b><\/a> et de <b>filtres passifs<\/b> pour chaque type de <a href=\"https:\/\/dacarcomercial.com\/fr\/categorias-productos\/masques-de-soudure\/\"><b>masques \u00e0 souder<\/b><\/a> afin d&rsquo;offrir un <b>produit<\/b> toujours adapt\u00e9s aux besoins de chaque <b>soudeur<\/b>.<\/span><\/p>\t\t\t\t\t\t\t\t<\/div>\n\t\t\t\t<\/div>\n\t\t\t\t<div class=\"elementor-element elementor-element-d6cca35 elementor-widget elementor-widget-text-editor\" data-id=\"d6cca35\" data-element_type=\"widget\" data-e-type=\"widget\" data-widget_type=\"text-editor.default\">\n\t\t\t\t<div class=\"elementor-widget-container\">\n\t\t\t\t\t\t\t\t\t<p>En outre, <strong>Dacar<\/strong> fabrique \u00e9galement des<a href=\"https:\/\/dacarcomercial.com\/fr\/categorias-productos\/protection-faciale\/ecrans-pare-visage-dc-guard\/\"><b> \u00e9crans faciaux DC-Guard<\/b><\/a>, des <a href=\"https:\/\/dacarcomercial.com\/fr\/categorias-productos\/dacair-2\/\"><b>\u00e9quipements motoris\u00e9s DACAiR<\/b><\/a>, ainsi que toutes sortes de <a href=\"https:\/\/dacarcomercial.com\/fr\/categorias-productos\/vetements-de-protection\/\"><b>costumes<\/b><\/a> tels que des <a href=\"https:\/\/dacarcomercial.com\/fr\/categorias-productos\/vetements-de-protection\/soudeur\/gants\/\"><b>gants<\/b><\/a>, des <b>vestes <\/b>ou des <b>tabliers <\/b>pour la protections des <b>soudeurs<\/b>.\u00a0<\/p><p>Pour la s\u00e9curit\u00e9 de l&rsquo;environnement du soudeur Dacar produit les <a href=\"https:\/\/dacarcomercial.com\/fr\/categorias-productos\/cabines-de-soudage\/\"><b>rideaux de soudage Trans-DC-Arc <\/b>et<b> les s\u00e9parateurs<\/b><\/a> de postes de travail, comme les <a href=\"https:\/\/dacarcomercial.com\/fr\/categorias-productos\/cabines-de-soudage\/ecrans-mobiles\/\">paravents ou les cloisons<\/a>, mais peut \u00e9galement budg\u00e9tiser tout type de cabine de soudure sur mesure. Les <a href=\"https:\/\/dacarcomercial.com\/fr\/categorias-productos\/toiles-ignifugees\/\"><b>couvertures ignifug\u00e9es<\/b><\/a> sont une autre importante gamme de produits propos\u00e9e par <b>Dacar<\/b>. Dacar dispose d&rsquo;une large gamme de mat\u00e9riaux pour la protection des objets contre les projections de soudure.<\/p><p>Tous les produits de <b>Dacar<\/b> disposent de la <a href=\"https:\/\/dacarcomercial.com\/wp-content\/uploads\/2021\/07\/Decl.-UE-Opera-ADF500G-PRO.pdf\"><b>d\u00e9claration UE de conformit\u00e9<\/b><\/a>. Cette d\u00e9claration est un document dans lequel le fabricant indique que le produit est conforme \u00e0 toutes les exigences essentielles du <b>r\u00e8glement UE 2016\/425<\/b> relatifs aux \u00e9quipements de <b>protection individuelle<\/b>.<\/p>\t\t\t\t\t\t\t\t<\/div>\n\t\t\t\t<\/div>\n\t\t\t\t<div class=\"elementor-element elementor-element-8b0eaa7 elementor-widget elementor-widget-text-editor\" data-id=\"8b0eaa7\" data-element_type=\"widget\" data-e-type=\"widget\" data-widget_type=\"text-editor.default\">\n\t\t\t\t<div class=\"elementor-widget-container\">\n\t\t\t\t\t\t\t\t\t<p>Mais ce n&rsquo;est pas tout, chez Dacar, nous croyons au travail d&rsquo;\u00e9quipe et c&rsquo;est pourquoi nous sommes des distributeurs officiels des produits <a href=\"https:\/\/dacarcomercial.com\/fr\/categorias-productos\/protection-respiratoire\/cleanair-2\/\">CleanAIR<\/a>, <a href=\"https:\/\/dacarcomercial.com\/categorias-productos\/proteccion-respiratoria\/sts-shigematsu\/\">SHIGEMATSU<\/a> et <a href=\"https:\/\/dacarcomercial.com\/fr\/categorias-productos\/lunettes-de-protection\/\">INFIELD<\/a>. Les deux premiers sont sp\u00e9cialis\u00e9s dans la <b>protection respiratoire<\/b>, avec une attention particuli\u00e8re aux <b>\u00e9quipements moto-ventil\u00e9s<\/b> ou \u00e0 apport d&rsquo;air tandis que le dernier, appartenant au groupe ESSILOR, est une r\u00e9f\u00e9rence dans la fabrication de <b>lunettes de protection<\/b> avec ou sans lentilles gradu\u00e9es, ainsi qu&rsquo;une <b>protection auditive<\/b> sur mesure.\u00a0<span style=\"font-style: inherit; font-weight: inherit; color: var(--ast-global-color-3);\">Dans tous les cas, les trois marques sont des r\u00e9f\u00e9rences indiscutables dans leurs secteurs respectifs par la <\/span><span style=\"font-style: inherit; color: var(--ast-global-color-3);\"><b>haute qualit\u00e9<\/b><\/span><span style=\"font-style: inherit; font-weight: inherit; color: var(--ast-global-color-3);\"> des produits qu&rsquo;elles fabriquent.<\/span><\/p><p>Tous les produits <b>Dacar<\/b> ainsi que les produits que nous distribuons officiellement peuvent \u00eatre achet\u00e9s en ligne ou via notre vaste r\u00e9seau de distributeurs.<\/p><p>Demandez-nous des informations !<\/p>\t\t\t\t\t\t\t\t<\/div>\n\t\t\t\t<\/div>\n\t\t\t\t\t<\/div>\n\t\t<\/div>\n\t\t\t\t\t<\/div>\n\t\t<\/section>\n\t\t\t\t<section class=\"elementor-section elementor-top-section elementor-element elementor-element-61b2b44 elementor-section-boxed elementor-section-height-default elementor-section-height-default\" data-id=\"61b2b44\" data-element_type=\"section\" data-e-type=\"section\" data-settings=\"{&quot;background_background&quot;:&quot;classic&quot;,&quot;jet_parallax_layout_list&quot;:[{&quot;jet_parallax_layout_image&quot;:{&quot;url&quot;:&quot;&quot;,&quot;id&quot;:&quot;&quot;,&quot;size&quot;:&quot;&quot;},&quot;_id&quot;:&quot;394beec&quot;,&quot;jet_parallax_layout_image_tablet&quot;:{&quot;url&quot;:&quot;&quot;,&quot;id&quot;:&quot;&quot;,&quot;size&quot;:&quot;&quot;},&quot;jet_parallax_layout_image_mobile&quot;:{&quot;url&quot;:&quot;&quot;,&quot;id&quot;:&quot;&quot;,&quot;size&quot;:&quot;&quot;},&quot;jet_parallax_layout_speed&quot;:{&quot;unit&quot;:&quot;%&quot;,&quot;size&quot;:50,&quot;sizes&quot;:[]},&quot;jet_parallax_layout_type&quot;:&quot;scroll&quot;,&quot;jet_parallax_layout_direction&quot;:&quot;1&quot;,&quot;jet_parallax_layout_fx_direction&quot;:null,&quot;jet_parallax_layout_z_index&quot;:&quot;&quot;,&quot;jet_parallax_layout_bg_x&quot;:50,&quot;jet_parallax_layout_bg_x_tablet&quot;:&quot;&quot;,&quot;jet_parallax_layout_bg_x_mobile&quot;:&quot;&quot;,&quot;jet_parallax_layout_bg_y&quot;:50,&quot;jet_parallax_layout_bg_y_tablet&quot;:&quot;&quot;,&quot;jet_parallax_layout_bg_y_mobile&quot;:&quot;&quot;,&quot;jet_parallax_layout_bg_size&quot;:&quot;auto&quot;,&quot;jet_parallax_layout_bg_size_tablet&quot;:&quot;&quot;,&quot;jet_parallax_layout_bg_size_mobile&quot;:&quot;&quot;,&quot;jet_parallax_layout_animation_prop&quot;:&quot;transform&quot;,&quot;jet_parallax_layout_on&quot;:[&quot;desktop&quot;,&quot;tablet&quot;]}]}\">\n\t\t\t\t\t\t\t<div class=\"elementor-background-overlay\"><\/div>\n\t\t\t\t\t\t\t<div class=\"elementor-container elementor-column-gap-default\">\n\t\t\t\t\t<div class=\"elementor-column elementor-col-100 elementor-top-column elementor-element elementor-element-6c6e023c\" data-id=\"6c6e023c\" data-element_type=\"column\" data-e-type=\"column\">\n\t\t\t<div class=\"elementor-widget-wrap elementor-element-populated\">\n\t\t\t\t\t\t<section class=\"elementor-section elementor-inner-section elementor-element elementor-element-f8dfd50 elementor-section-content-middle elementor-section-boxed elementor-section-height-default elementor-section-height-default\" data-id=\"f8dfd50\" data-element_type=\"section\" data-e-type=\"section\" data-settings=\"{&quot;jet_parallax_layout_list&quot;:[{&quot;jet_parallax_layout_image&quot;:{&quot;url&quot;:&quot;&quot;,&quot;id&quot;:&quot;&quot;,&quot;size&quot;:&quot;&quot;},&quot;_id&quot;:&quot;d8c235e&quot;,&quot;jet_parallax_layout_image_tablet&quot;:{&quot;url&quot;:&quot;&quot;,&quot;id&quot;:&quot;&quot;,&quot;size&quot;:&quot;&quot;},&quot;jet_parallax_layout_image_mobile&quot;:{&quot;url&quot;:&quot;&quot;,&quot;id&quot;:&quot;&quot;,&quot;size&quot;:&quot;&quot;},&quot;jet_parallax_layout_speed&quot;:{&quot;unit&quot;:&quot;%&quot;,&quot;size&quot;:50,&quot;sizes&quot;:[]},&quot;jet_parallax_layout_type&quot;:&quot;scroll&quot;,&quot;jet_parallax_layout_direction&quot;:&quot;1&quot;,&quot;jet_parallax_layout_fx_direction&quot;:null,&quot;jet_parallax_layout_z_index&quot;:&quot;&quot;,&quot;jet_parallax_layout_bg_x&quot;:50,&quot;jet_parallax_layout_bg_x_tablet&quot;:&quot;&quot;,&quot;jet_parallax_layout_bg_x_mobile&quot;:&quot;&quot;,&quot;jet_parallax_layout_bg_y&quot;:50,&quot;jet_parallax_layout_bg_y_tablet&quot;:&quot;&quot;,&quot;jet_parallax_layout_bg_y_mobile&quot;:&quot;&quot;,&quot;jet_parallax_layout_bg_size&quot;:&quot;auto&quot;,&quot;jet_parallax_layout_bg_size_tablet&quot;:&quot;&quot;,&quot;jet_parallax_layout_bg_size_mobile&quot;:&quot;&quot;,&quot;jet_parallax_layout_animation_prop&quot;:&quot;transform&quot;,&quot;jet_parallax_layout_on&quot;:[&quot;desktop&quot;,&quot;tablet&quot;]}]}\">\n\t\t\t\t\t\t<div class=\"elementor-container elementor-column-gap-default\">\n\t\t\t\t\t<div class=\"elementor-column elementor-col-50 elementor-inner-column elementor-element elementor-element-dd3f0b4\" data-id=\"dd3f0b4\" data-element_type=\"column\" data-e-type=\"column\">\n\t\t\t<div class=\"elementor-widget-wrap elementor-element-populated\">\n\t\t\t\t\t\t<div class=\"elementor-element elementor-element-99a1d37 elementor-widget elementor-widget-text-editor\" data-id=\"99a1d37\" data-element_type=\"widget\" data-e-type=\"widget\" data-widget_type=\"text-editor.default\">\n\t\t\t\t<div class=\"elementor-widget-container\">\n\t\t\t\t\t\t\t\t\t<p><span style=\"color: #242424; font-size: 28pt; font-weight: 200; line-height: 1;\">Rencontrez notre <span style=\"font-weight: bold;\">\u00e9quipe<\/span><\/span><\/p>\n\t\t\t\t\t\t\t\t<\/div>\n\t\t\t\t<\/div>\n\t\t\t\t\t<\/div>\n\t\t<\/div>\n\t\t\t\t<div class=\"elementor-column elementor-col-50 elementor-inner-column elementor-element elementor-element-044f6a8\" data-id=\"044f6a8\" data-element_type=\"column\" data-e-type=\"column\">\n\t\t\t<div class=\"elementor-widget-wrap elementor-element-populated\">\n\t\t\t\t\t\t<div class=\"elementor-element elementor-element-ca8516a elementor-widget elementor-widget-text-editor\" data-id=\"ca8516a\" data-element_type=\"widget\" data-e-type=\"widget\" data-widget_type=\"text-editor.default\">\n\t\t\t\t<div class=\"elementor-widget-container\">\n\t\t\t\t\t\t\t\t\t<p>Dacar a grandi en fonction des besoins de nos clients et des demandes du march\u00e9. Nous avons form\u00e9 une \u00e9quipe de sp\u00e9cialistes qui saura vous conseiller \u00e0 tout moment. Une \u00e9quipe pluridisciplinaire motiv\u00e9e, toujours orient\u00e9e pour satisfaire les attentes de nos clients pour cr\u00e9er une relation de confiance, transparente et durable dans le temps<\/p>\n\t\t\t\t\t\t\t\t<\/div>\n\t\t\t\t<\/div>\n\t\t\t\t\t<\/div>\n\t\t<\/div>\n\t\t\t\t\t<\/div>\n\t\t<\/section>\n\t\t\t\t\t<\/div>\n\t\t<\/div>\n\t\t\t\t\t<\/div>\n\t\t<\/section>\n\t\t\t\t<\/div>\n\t\t","protected":false},"excerpt":{"rendered":"<p>NOUS OFFRONS UNE PROTECTION MAXIMALE AVEC UN MAXIMUM DE CONFORT \u00c0 PROPOS DE NOUS Chez Dacar, entreprise navarraise, nous nous engageons \u00e0 assurer la s\u00e9curit\u00e9 et la protection du travail. Nos produits offrent les solutions appropri\u00e9es pour satisfaire les besoins r\u00e9els de nos utilisateurs et clients. Avec plus de 30 ans d&rsquo;exp\u00e9rience, notre engagement dans [&hellip;]<\/p>\n","protected":false},"author":4,"featured_media":0,"parent":0,"menu_order":0,"comment_status":"closed","ping_status":"closed","template":"","meta":{"site-sidebar-layout":"no-sidebar","site-content-layout":"page-builder","ast-site-content-layout":"default","site-content-style":"default","site-sidebar-style":"default","ast-global-header-display":"","ast-banner-title-visibility":"","ast-main-header-display":"","ast-hfb-above-header-display":"","ast-hfb-below-header-display":"","ast-hfb-mobile-header-display":"","site-post-title":"disabled","ast-breadcrumbs-content":"","ast-featured-img":"disabled","footer-sml-layout":"","ast-disable-related-posts":"","theme-transparent-header-meta":"disabled","adv-header-id-meta":"","stick-header-meta":"enabled","header-above-stick-meta":"","header-main-stick-meta":"on","header-below-stick-meta":"","astra-migrate-meta-layouts":"default","ast-page-background-enabled":"default","ast-page-background-meta":{"desktop":{"background-color":"","background-image":"","background-repeat":"repeat","background-position":"center center","background-size":"auto","background-attachment":"scroll","background-type":"","background-media":"","overlay-type":"","overlay-color":"","overlay-opacity":"","overlay-gradient":""},"tablet":{"background-color":"","background-image":"","background-repeat":"repeat","background-position":"center center","background-size":"auto","background-attachment":"scroll","background-type":"","background-media":"","overlay-type":"","overlay-color":"","overlay-opacity":"","overlay-gradient":""},"mobile":{"background-color":"","background-image":"","background-repeat":"repeat","background-position":"center center","background-size":"auto","background-attachment":"scroll","background-type":"","background-media":"","overlay-type":"","overlay-color":"","overlay-opacity":"","overlay-gradient":""}},"ast-content-background-meta":{"desktop":{"background-color":"var(--ast-global-color-5)","background-image":"","background-repeat":"repeat","background-position":"center center","background-size":"auto","background-attachment":"scroll","background-type":"","background-media":"","overlay-type":"","overlay-color":"","overlay-opacity":"","overlay-gradient":""},"tablet":{"background-color":"var(--ast-global-color-5)","background-image":"","background-repeat":"repeat","background-position":"center center","background-size":"auto","background-attachment":"scroll","background-type":"","background-media":"","overlay-type":"","overlay-color":"","overlay-opacity":"","overlay-gradient":""},"mobile":{"background-color":"var(--ast-global-color-5)","background-image":"","background-repeat":"repeat","background-position":"center center","background-size":"auto","background-attachment":"scroll","background-type":"","background-media":"","overlay-type":"","overlay-color":"","overlay-opacity":"","overlay-gradient":""}},"footnotes":""},"class_list":["post-22171","page","type-page","status-publish","hentry"],"_links":{"self":[{"href":"https:\/\/dacarcomercial.com\/fr\/wp-json\/wp\/v2\/pages\/22171","targetHints":{"allow":["GET"]}}],"collection":[{"href":"https:\/\/dacarcomercial.com\/fr\/wp-json\/wp\/v2\/pages"}],"about":[{"href":"https:\/\/dacarcomercial.com\/fr\/wp-json\/wp\/v2\/types\/page"}],"author":[{"embeddable":true,"href":"https:\/\/dacarcomercial.com\/fr\/wp-json\/wp\/v2\/users\/4"}],"replies":[{"embeddable":true,"href":"https:\/\/dacarcomercial.com\/fr\/wp-json\/wp\/v2\/comments?post=22171"}],"version-history":[{"count":0,"href":"https:\/\/dacarcomercial.com\/fr\/wp-json\/wp\/v2\/pages\/22171\/revisions"}],"wp:attachment":[{"href":"https:\/\/dacarcomercial.com\/fr\/wp-json\/wp\/v2\/media?parent=22171"}],"curies":[{"name":"wp","href":"https:\/\/api.w.org\/{rel}","templated":true}]}}