{"id":17065,"date":"2021-03-06T16:41:43","date_gmt":"2021-03-06T15:41:43","guid":{"rendered":"http:\/\/dacarcomercial.com\/producto\/veste-de-soudeur-en-cuir-or\/"},"modified":"2023-05-19T09:09:25","modified_gmt":"2023-05-19T07:09:25","slug":"veste-de-soudeur-en-cuir-or","status":"publish","type":"product","link":"https:\/\/dacarcomercial.com\/fr\/producto\/veste-de-soudeur-en-cuir-or\/","title":{"rendered":"Veste de soudeur en cuir or"},"content":{"rendered":"<h2><strong>Veste de soudeur en cuir or<\/strong><\/h2>\n<ul>\n<li>EN 11611 : 2011 Classe 2 A1.<\/li>\n<li>Col droit,<\/li>\n<li>Poignets avec fermeture velcro,<\/li>\n<li>Poche int\u00e9rieure,<\/li>\n<li>Double fermeture frontale pressions et velcro,<\/li>\n<li>Co\u00fbtures Kevlar\u00ae.<\/li>\n<li>Ajustement \u00e0 la ceinture avec velcros.<\/li>\n<li>Disponible en tailles M, L, XL, XXL ou XXXL<\/li>\n<\/ul>\n","protected":false},"excerpt":{"rendered":"<p>La <strong>Veste de soudeur en cuir or<\/strong> est con\u00e7ue pour offrir une protection et une durabilit\u00e9 maximales. Certifi\u00e9e selon la norme EN 11611:2011 Classe 2 A1, elle garantit un haut niveau de r\u00e9sistance aux \u00e9tincelles et aux \u00e9claboussures de soudure. Elle dispose d&rsquo;un col haut pour prot\u00e9ger votre cou, de poignets \u00e0 fermeture velcro et d&rsquo;une poche int\u00e9rieure pour ranger vos outils essentiels. La fermeture avant combin\u00e9e avec des boutons et du velcro assure un ajustement s\u00fbr et confortable, tandis que les coutures renforc\u00e9es avec du fil Kevlar\u00ae offrent une r\u00e9sistance suppl\u00e9mentaire \u00e0 l&rsquo;usure. Disponible en tailles de M \u00e0 XXXL, notre Veste de soudeur en cuir or s&rsquo;adapte \u00e0 tous les besoins et les tailles.<\/p>\n<p><em>Les produits Dacar peuvent \u00eatre achet\u00e9s en ligne ou par le biais de notre vaste r\u00e9seau de distributeurs. Demandez-nous des informations sur le distributeur le plus proche de chez vous !<\/em><\/p>\n","protected":false},"featured_media":43143,"template":"","meta":{"site-sidebar-layout":"default","site-content-layout":"default","ast-site-content-layout":"default","site-content-style":"default","site-sidebar-style":"default","ast-global-header-display":"","ast-banner-title-visibility":"","ast-main-header-display":"","ast-hfb-above-header-display":"","ast-hfb-below-header-display":"","ast-hfb-mobile-header-display":"","site-post-title":"","ast-breadcrumbs-content":"","ast-featured-img":"","footer-sml-layout":"","ast-disable-related-posts":"","theme-transparent-header-meta":"default","adv-header-id-meta":"","stick-header-meta":"default","header-above-stick-meta":"","header-main-stick-meta":"","header-below-stick-meta":"","astra-migrate-meta-layouts":"default","ast-page-background-enabled":"default","ast-page-background-meta":{"desktop":{"background-color":"","background-image":"","background-repeat":"repeat","background-position":"center center","background-size":"auto","background-attachment":"scroll","background-type":"","background-media":"","overlay-type":"","overlay-color":"","overlay-opacity":"","overlay-gradient":""},"tablet":{"background-color":"","background-image":"","background-repeat":"repeat","background-position":"center center","background-size":"auto","background-attachment":"scroll","background-type":"","background-media":"","overlay-type":"","overlay-color":"","overlay-opacity":"","overlay-gradient":""},"mobile":{"background-color":"","background-image":"","background-repeat":"repeat","background-position":"center center","background-size":"auto","background-attachment":"scroll","background-type":"","background-media":"","overlay-type":"","overlay-color":"","overlay-opacity":"","overlay-gradient":""}},"ast-content-background-meta":{"desktop":{"background-color":"var(--ast-global-color-5)","background-image":"","background-repeat":"repeat","background-position":"center center","background-size":"auto","background-attachment":"scroll","background-type":"","background-media":"","overlay-type":"","overlay-color":"","overlay-opacity":"","overlay-gradient":""},"tablet":{"background-color":"var(--ast-global-color-5)","background-image":"","background-repeat":"repeat","background-position":"center center","background-size":"auto","background-attachment":"scroll","background-type":"","background-media":"","overlay-type":"","overlay-color":"","overlay-opacity":"","overlay-gradient":""},"mobile":{"background-color":"var(--ast-global-color-5)","background-image":"","background-repeat":"repeat","background-position":"center center","background-size":"auto","background-attachment":"scroll","background-type":"","background-media":"","overlay-type":"","overlay-color":"","overlay-opacity":"","overlay-gradient":""}}},"product_brand":[],"product_cat":[932,931,1755],"product_tag":[],"class_list":{"0":"post-17065","1":"product","2":"type-product","3":"status-publish","4":"has-post-thumbnail","6":"product_cat-soudeur","7":"product_cat-vetements-de-protection","8":"product_cat-vetements-pour-soudeur","9":"desktop-align-left","10":"tablet-align-left","11":"mobile-align-left","12":"ast-product-gallery-layout-horizontal-slider","13":"ast-product-single-variable","14":"ast-product-tabs-layout-horizontal","16":"first","17":"instock","18":"taxable","19":"shipping-taxable","20":"purchasable","21":"product-type-variable"},"_links":{"self":[{"href":"https:\/\/dacarcomercial.com\/fr\/wp-json\/wp\/v2\/product\/17065","targetHints":{"allow":["GET"]}}],"collection":[{"href":"https:\/\/dacarcomercial.com\/fr\/wp-json\/wp\/v2\/product"}],"about":[{"href":"https:\/\/dacarcomercial.com\/fr\/wp-json\/wp\/v2\/types\/product"}],"version-history":[{"count":0,"href":"https:\/\/dacarcomercial.com\/fr\/wp-json\/wp\/v2\/product\/17065\/revisions"}],"wp:featuredmedia":[{"embeddable":true,"href":"https:\/\/dacarcomercial.com\/fr\/wp-json\/wp\/v2\/media\/43143"}],"wp:attachment":[{"href":"https:\/\/dacarcomercial.com\/fr\/wp-json\/wp\/v2\/media?parent=17065"}],"wp:term":[{"taxonomy":"product_brand","embeddable":true,"href":"https:\/\/dacarcomercial.com\/fr\/wp-json\/wp\/v2\/product_brand?post=17065"},{"taxonomy":"product_cat","embeddable":true,"href":"https:\/\/dacarcomercial.com\/fr\/wp-json\/wp\/v2\/product_cat?post=17065"},{"taxonomy":"product_tag","embeddable":true,"href":"https:\/\/dacarcomercial.com\/fr\/wp-json\/wp\/v2\/product_tag?post=17065"}],"curies":[{"name":"wp","href":"https:\/\/api.w.org\/{rel}","templated":true}]}}