{"id":17096,"date":"2021-03-06T16:41:53","date_gmt":"2021-03-06T15:41:53","guid":{"rendered":"http:\/\/dacarcomercial.com\/producto\/gants-soudeur-tig-welder\/"},"modified":"2024-09-06T12:25:37","modified_gmt":"2024-09-06T10:25:37","slug":"gants-soudeur-tig-welder","status":"publish","type":"product","link":"https:\/\/dacarcomercial.com\/fr\/producto\/gants-soudeur-tig-welder\/","title":{"rendered":"Gants soudeur TIG WELDER"},"content":{"rendered":"<h2>Caract\u00e9ristiques des gants soudeur TIG WELDER :<\/h2>\n<ul>\n<li>Les gants de soudage WELDER TIG en peau de cerf offrent un grand confort et une dext\u00e9rit\u00e9 maximale.<\/li>\n<li>Le cuir utilis\u00e9 est de la plus haute qualit\u00e9, offrant non seulement la durabilit\u00e9 mais aussi la flexibilit\u00e9 et le toucher.<\/li>\n<li>Cela permet un contr\u00f4le optimal lors de la manipulation du mat\u00e9riau d\u2019apport et de la g\u00e2chette de la torche TIG.<\/li>\n<li>Cette souplesse favorise \u00e9galement la libert\u00e9 de mouvement de la main pendant le soudage TIG.<\/li>\n<li>Tailles 9 \/ 10 \/ 11 disponibles.<\/li>\n<li>Avec manchette et dos en cro\u00fbte de cuir de vache.<\/li>\n<li>Coutures avec fil Kevlar Dupont pour une plus grande r\u00e9sistance.<\/li>\n<li>EN 12477:2001+A1:2005 TYPE B<\/li>\n<li>EN 407:2020 41XX4X<\/li>\n<li>EN 388:2016 + A1:2018 2122X<\/li>\n<li>EN ISO 21420:2020 Cat. II<\/li>\n<\/ul>\n","protected":false},"excerpt":{"rendered":"<p>Les <strong>gants de soudage WELDER TIG en peau de cerf<\/strong> offrent un confort de port \u00e9lev\u00e9 et une dext\u00e9rit\u00e9 maximale. Le cuir utilis\u00e9 est de la plus haute qualit\u00e9, offrant non seulement une bonne durabilit\u00e9 mais aussi une grande flexibilit\u00e9 et un excellent toucher. Cela permet un contr\u00f4le optimal dans la manipulation du mat\u00e9riau d&rsquo;apport ainsi que pour l&rsquo;activation de la g\u00e2chette de la torche TIG. Cette souplesse est \u00e9galement d&rsquo;une grande aide pour la libert\u00e9 de mouvement de la main lors de la r\u00e9alisation du cordon de soudure TIG.<\/p>\n<p><strong>Con\u00e7u en Espagne.<\/strong><\/p>\n<p>Les gants de soudage TIG WELDER sont cousus avec du fil Kevlar et sont certifi\u00e9s CE EN 12477 Type B.<\/p>\n<p><em>Les produits Dacar peuvent \u00eatre achet\u00e9s en ligne ou via notre r\u00e9seau de distributeurs. N\u00b4h\u00e9sitez pas \u00e0 nous consulter votre distributeur le plus proche !<\/em><\/p>\n","protected":false},"featured_media":26504,"template":"","meta":{"site-sidebar-layout":"default","site-content-layout":"default","ast-site-content-layout":"default","site-content-style":"default","site-sidebar-style":"default","ast-global-header-display":"","ast-banner-title-visibility":"","ast-main-header-display":"","ast-hfb-above-header-display":"","ast-hfb-below-header-display":"","ast-hfb-mobile-header-display":"","site-post-title":"","ast-breadcrumbs-content":"","ast-featured-img":"","footer-sml-layout":"","ast-disable-related-posts":"","theme-transparent-header-meta":"default","adv-header-id-meta":"","stick-header-meta":"default","header-above-stick-meta":"","header-main-stick-meta":"","header-below-stick-meta":"","astra-migrate-meta-layouts":"set","ast-page-background-enabled":"default","ast-page-background-meta":{"desktop":{"background-color":"","background-image":"","background-repeat":"repeat","background-position":"center center","background-size":"auto","background-attachment":"scroll","background-type":"","background-media":"","overlay-type":"","overlay-color":"","overlay-opacity":"","overlay-gradient":""},"tablet":{"background-color":"","background-image":"","background-repeat":"repeat","background-position":"center center","background-size":"auto","background-attachment":"scroll","background-type":"","background-media":"","overlay-type":"","overlay-color":"","overlay-opacity":"","overlay-gradient":""},"mobile":{"background-color":"","background-image":"","background-repeat":"repeat","background-position":"center center","background-size":"auto","background-attachment":"scroll","background-type":"","background-media":"","overlay-type":"","overlay-color":"","overlay-opacity":"","overlay-gradient":""}},"ast-content-background-meta":{"desktop":{"background-color":"var(--ast-global-color-5)","background-image":"","background-repeat":"repeat","background-position":"center center","background-size":"auto","background-attachment":"scroll","background-type":"","background-media":"","overlay-type":"","overlay-color":"","overlay-opacity":"","overlay-gradient":""},"tablet":{"background-color":"var(--ast-global-color-5)","background-image":"","background-repeat":"repeat","background-position":"center center","background-size":"auto","background-attachment":"scroll","background-type":"","background-media":"","overlay-type":"","overlay-color":"","overlay-opacity":"","overlay-gradient":""},"mobile":{"background-color":"var(--ast-global-color-5)","background-image":"","background-repeat":"repeat","background-position":"center center","background-size":"auto","background-attachment":"scroll","background-type":"","background-media":"","overlay-type":"","overlay-color":"","overlay-opacity":"","overlay-gradient":""}}},"product_brand":[],"product_cat":[1758,932,931],"product_tag":[],"class_list":{"0":"post-17096","1":"product","2":"type-product","3":"status-publish","4":"has-post-thumbnail","6":"product_cat-gants","7":"product_cat-soudeur","8":"product_cat-vetements-de-protection","9":"desktop-align-left","10":"tablet-align-left","11":"mobile-align-left","12":"ast-product-gallery-layout-horizontal-slider","13":"ast-product-single-variable","14":"ast-product-tabs-layout-horizontal","16":"first","17":"instock","18":"taxable","19":"shipping-taxable","20":"purchasable","21":"product-type-variable"},"_links":{"self":[{"href":"https:\/\/dacarcomercial.com\/fr\/wp-json\/wp\/v2\/product\/17096","targetHints":{"allow":["GET"]}}],"collection":[{"href":"https:\/\/dacarcomercial.com\/fr\/wp-json\/wp\/v2\/product"}],"about":[{"href":"https:\/\/dacarcomercial.com\/fr\/wp-json\/wp\/v2\/types\/product"}],"version-history":[{"count":0,"href":"https:\/\/dacarcomercial.com\/fr\/wp-json\/wp\/v2\/product\/17096\/revisions"}],"wp:featuredmedia":[{"embeddable":true,"href":"https:\/\/dacarcomercial.com\/fr\/wp-json\/wp\/v2\/media\/26504"}],"wp:attachment":[{"href":"https:\/\/dacarcomercial.com\/fr\/wp-json\/wp\/v2\/media?parent=17096"}],"wp:term":[{"taxonomy":"product_brand","embeddable":true,"href":"https:\/\/dacarcomercial.com\/fr\/wp-json\/wp\/v2\/product_brand?post=17096"},{"taxonomy":"product_cat","embeddable":true,"href":"https:\/\/dacarcomercial.com\/fr\/wp-json\/wp\/v2\/product_cat?post=17096"},{"taxonomy":"product_tag","embeddable":true,"href":"https:\/\/dacarcomercial.com\/fr\/wp-json\/wp\/v2\/product_tag?post=17096"}],"curies":[{"name":"wp","href":"https:\/\/api.w.org\/{rel}","templated":true}]}}