{"id":17100,"date":"2021-03-06T16:42:08","date_gmt":"2021-03-06T15:42:08","guid":{"rendered":"http:\/\/dacarcomercial.com\/producto\/gants-de-soudeur-mig-welder\/"},"modified":"2023-09-25T12:46:33","modified_gmt":"2023-09-25T10:46:33","slug":"gants-de-soudeur-mig-welder","status":"publish","type":"product","link":"https:\/\/dacarcomercial.com\/fr\/producto\/gants-de-soudeur-mig-welder\/","title":{"rendered":"Gants de soudeur MIG WELDER"},"content":{"rendered":"<h2><strong>Caract\u00e9ristiques des gants de soudeur MIG WELDER<\/strong><\/h2>\n<ul>\n<li>Pour le soudage MIG<\/li>\n<li>Cuir pleine fleur noir avec renforcement de la paume<\/li>\n<li>Dos \u00e9lastique pour un meilleur ajustement \u00e0 la main, doublure d&rsquo;isolation thermique et renforcement de l&rsquo;index en cro\u00fbte de cuir vert.<\/li>\n<li>Cousu avec du fil Kevlar<\/li>\n<li>Con\u00e7u en Espagne<\/li>\n<li>EN 12477:2001+A1:2005 TYPE A<\/li>\n<li>EN 407:2020 413X4X<\/li>\n<li>EN 388:2016 + A1:2018 3222X<\/li>\n<li>EN ISO 21420:2020 Cat. II<\/li>\n<\/ul>\n","protected":false},"excerpt":{"rendered":"<p><strong>Les gants de soudeur MIG WELDER<\/strong> sont id\u00e9aux pour les soudeurs qui recherchent un gant tr\u00e8s flexible avec un haut niveau de sensation et de confort. Pour un meilleur ajustement \u00e0 la main, ils sont fabriqu\u00e9s avec un revers \u00e9lastique.<\/p>\n<p>Con\u00e7u en Espagne.<\/p>\n<p>En cuir pleine fleur noir de premi\u00e8re qualit\u00e9 et renforts en cuir de vachette vert, ils offrent une tr\u00e8s bonne r\u00e9sistance m\u00e9canique et thermique gr\u00e2ce \u00e0 leur doublure thermo-isolante. Les gants de soudage MIG WELDER sont cousus avec du fil de Kevlar et ont une paume renforc\u00e9e pour une plus longue dur\u00e9e de vie.<\/p>\n<p><em>Les produits Dacar peuvent \u00eatre achet\u00e9s en ligne ou par le biais de notre vaste r\u00e9seau de distributeurs. Demandez-nous des informations sur le distributeur le plus proche de chez vous !<\/em><\/p>\n","protected":false},"featured_media":11475,"template":"","meta":{"site-sidebar-layout":"default","site-content-layout":"default","ast-site-content-layout":"default","site-content-style":"default","site-sidebar-style":"default","ast-global-header-display":"","ast-banner-title-visibility":"","ast-main-header-display":"","ast-hfb-above-header-display":"","ast-hfb-below-header-display":"","ast-hfb-mobile-header-display":"","site-post-title":"","ast-breadcrumbs-content":"","ast-featured-img":"","footer-sml-layout":"","ast-disable-related-posts":"","theme-transparent-header-meta":"default","adv-header-id-meta":"","stick-header-meta":"default","header-above-stick-meta":"","header-main-stick-meta":"","header-below-stick-meta":"","astra-migrate-meta-layouts":"set","ast-page-background-enabled":"default","ast-page-background-meta":{"desktop":{"background-color":"","background-image":"","background-repeat":"repeat","background-position":"center center","background-size":"auto","background-attachment":"scroll","background-type":"","background-media":"","overlay-type":"","overlay-color":"","overlay-opacity":"","overlay-gradient":""},"tablet":{"background-color":"","background-image":"","background-repeat":"repeat","background-position":"center center","background-size":"auto","background-attachment":"scroll","background-type":"","background-media":"","overlay-type":"","overlay-color":"","overlay-opacity":"","overlay-gradient":""},"mobile":{"background-color":"","background-image":"","background-repeat":"repeat","background-position":"center center","background-size":"auto","background-attachment":"scroll","background-type":"","background-media":"","overlay-type":"","overlay-color":"","overlay-opacity":"","overlay-gradient":""}},"ast-content-background-meta":{"desktop":{"background-color":"var(--ast-global-color-5)","background-image":"","background-repeat":"repeat","background-position":"center center","background-size":"auto","background-attachment":"scroll","background-type":"","background-media":"","overlay-type":"","overlay-color":"","overlay-opacity":"","overlay-gradient":""},"tablet":{"background-color":"var(--ast-global-color-5)","background-image":"","background-repeat":"repeat","background-position":"center center","background-size":"auto","background-attachment":"scroll","background-type":"","background-media":"","overlay-type":"","overlay-color":"","overlay-opacity":"","overlay-gradient":""},"mobile":{"background-color":"var(--ast-global-color-5)","background-image":"","background-repeat":"repeat","background-position":"center center","background-size":"auto","background-attachment":"scroll","background-type":"","background-media":"","overlay-type":"","overlay-color":"","overlay-opacity":"","overlay-gradient":""}}},"product_brand":[],"product_cat":[1758,932,931],"product_tag":[],"class_list":{"0":"post-17100","1":"product","2":"type-product","3":"status-publish","4":"has-post-thumbnail","6":"product_cat-gants","7":"product_cat-soudeur","8":"product_cat-vetements-de-protection","9":"desktop-align-left","10":"tablet-align-left","11":"mobile-align-left","12":"ast-product-gallery-layout-horizontal-slider","13":"ast-product-single-variable","14":"ast-product-tabs-layout-horizontal","16":"first","17":"instock","18":"taxable","19":"shipping-taxable","20":"purchasable","21":"product-type-variable"},"_links":{"self":[{"href":"https:\/\/dacarcomercial.com\/fr\/wp-json\/wp\/v2\/product\/17100","targetHints":{"allow":["GET"]}}],"collection":[{"href":"https:\/\/dacarcomercial.com\/fr\/wp-json\/wp\/v2\/product"}],"about":[{"href":"https:\/\/dacarcomercial.com\/fr\/wp-json\/wp\/v2\/types\/product"}],"version-history":[{"count":0,"href":"https:\/\/dacarcomercial.com\/fr\/wp-json\/wp\/v2\/product\/17100\/revisions"}],"wp:featuredmedia":[{"embeddable":true,"href":"https:\/\/dacarcomercial.com\/fr\/wp-json\/wp\/v2\/media\/11475"}],"wp:attachment":[{"href":"https:\/\/dacarcomercial.com\/fr\/wp-json\/wp\/v2\/media?parent=17100"}],"wp:term":[{"taxonomy":"product_brand","embeddable":true,"href":"https:\/\/dacarcomercial.com\/fr\/wp-json\/wp\/v2\/product_brand?post=17100"},{"taxonomy":"product_cat","embeddable":true,"href":"https:\/\/dacarcomercial.com\/fr\/wp-json\/wp\/v2\/product_cat?post=17100"},{"taxonomy":"product_tag","embeddable":true,"href":"https:\/\/dacarcomercial.com\/fr\/wp-json\/wp\/v2\/product_tag?post=17100"}],"curies":[{"name":"wp","href":"https:\/\/api.w.org\/{rel}","templated":true}]}}