{"id":17104,"date":"2021-03-06T16:42:08","date_gmt":"2021-03-06T15:42:08","guid":{"rendered":"http:\/\/dacarcomercial.com\/producto\/gants-soudeur-anti-coupures\/"},"modified":"2024-09-25T12:41:46","modified_gmt":"2024-09-25T10:41:46","slug":"gants-soudeur-anti-coupures","status":"publish","type":"product","link":"https:\/\/dacarcomercial.com\/fr\/producto\/gants-soudeur-anti-coupures\/","title":{"rendered":"Gants soudeur anti-coupures"},"content":{"rendered":"<h2><strong>Caract\u00e9ristiques des Gants soudeur anti-coupures<\/strong><\/h2>\n<ul>\n<li><strong>Gants soudeur anti-coupures<\/strong><\/li>\n<li>En cuir souple avec dos \u00e9lastique<\/li>\n<li>Doublure isolante thermique<\/li>\n<li>Con\u00e7u en Espagne<\/li>\n<li>Anti coupures de Kevlar classe D<\/li>\n<li>Renfort en cuir cro\u00fbte vert sur le dos et poignet pour une meilleur r\u00e9sistance aux projections de m\u00e9taux fondus<\/li>\n<li>Cousu Kevlar<\/li>\n<li>EN 12477:2001+A1:2005 TYPE B<\/li>\n<li>EN 407:2020 413X4X<\/li>\n<li>EN 388:2016 + A1:2018 3X32D<\/li>\n<li>EN ISO 21420:2020 Cat. II<\/li>\n<\/ul>\n","protected":false},"excerpt":{"rendered":"<p><strong>Les gants soudeur anti-coupures<\/strong> offrent une grande s\u00e9curit\u00e9 gr\u00e2ce \u00e0 leur doublure en Kevlar thermo-isolant et anti-coupure sans sacrifier le confort gr\u00e2ce \u00e0 leur grande flexibilit\u00e9 et leur toucher. Gr\u00e2ce \u00e0 leur certification anti-coupure, ces gants peuvent \u00eatre utilis\u00e9s pour le soudage mais aussi pour la manipulation de t\u00f4les ou de toute autre pi\u00e8ce m\u00e9tallique dont la manipulation peut pr\u00e9senter un risque de coupure.<\/p>\n<p><strong>Con\u00e7u en Espagne.<\/strong><\/p>\n<p><strong>Fabriqu\u00e9s en cuir de grain noir avec un revers \u00e9lastique<\/strong> pour un meilleur ajustement \u00e0 la main, les gants de soudeur anti-coupure sont r\u00e9sistants et durables. La manchette et le dos des gants sont en cuir fendu pour une bonne r\u00e9sistance aux projections, tandis que la paume et le pouce sont renforc\u00e9s par une double couche de cuir. <strong>Les coutures sont r\u00e9alis\u00e9es avec du fil de Kevlar pour \u00e9viter toute rupture pr\u00e9matur\u00e9e.<\/strong><\/p>\n<p><em>Les produits Dacar peuvent \u00eatre achet\u00e9s en ligne ou par le biais de notre vaste r\u00e9seau de distributeurs. Demandez-nous des informations sur le distributeur le plus proche de chez vous !<\/em><\/p>\n","protected":false},"featured_media":7713,"template":"","meta":{"site-sidebar-layout":"default","site-content-layout":"default","ast-site-content-layout":"default","site-content-style":"default","site-sidebar-style":"default","ast-global-header-display":"","ast-banner-title-visibility":"","ast-main-header-display":"","ast-hfb-above-header-display":"","ast-hfb-below-header-display":"","ast-hfb-mobile-header-display":"","site-post-title":"","ast-breadcrumbs-content":"","ast-featured-img":"","footer-sml-layout":"","ast-disable-related-posts":"","theme-transparent-header-meta":"default","adv-header-id-meta":"","stick-header-meta":"default","header-above-stick-meta":"","header-main-stick-meta":"","header-below-stick-meta":"","astra-migrate-meta-layouts":"set","ast-page-background-enabled":"default","ast-page-background-meta":{"desktop":{"background-color":"","background-image":"","background-repeat":"repeat","background-position":"center center","background-size":"auto","background-attachment":"scroll","background-type":"","background-media":"","overlay-type":"","overlay-color":"","overlay-opacity":"","overlay-gradient":""},"tablet":{"background-color":"","background-image":"","background-repeat":"repeat","background-position":"center center","background-size":"auto","background-attachment":"scroll","background-type":"","background-media":"","overlay-type":"","overlay-color":"","overlay-opacity":"","overlay-gradient":""},"mobile":{"background-color":"","background-image":"","background-repeat":"repeat","background-position":"center center","background-size":"auto","background-attachment":"scroll","background-type":"","background-media":"","overlay-type":"","overlay-color":"","overlay-opacity":"","overlay-gradient":""}},"ast-content-background-meta":{"desktop":{"background-color":"var(--ast-global-color-5)","background-image":"","background-repeat":"repeat","background-position":"center center","background-size":"auto","background-attachment":"scroll","background-type":"","background-media":"","overlay-type":"","overlay-color":"","overlay-opacity":"","overlay-gradient":""},"tablet":{"background-color":"var(--ast-global-color-5)","background-image":"","background-repeat":"repeat","background-position":"center center","background-size":"auto","background-attachment":"scroll","background-type":"","background-media":"","overlay-type":"","overlay-color":"","overlay-opacity":"","overlay-gradient":""},"mobile":{"background-color":"var(--ast-global-color-5)","background-image":"","background-repeat":"repeat","background-position":"center center","background-size":"auto","background-attachment":"scroll","background-type":"","background-media":"","overlay-type":"","overlay-color":"","overlay-opacity":"","overlay-gradient":""}}},"product_brand":[],"product_cat":[1758,932,931],"product_tag":[],"class_list":{"0":"post-17104","1":"product","2":"type-product","3":"status-publish","4":"has-post-thumbnail","6":"product_cat-gants","7":"product_cat-soudeur","8":"product_cat-vetements-de-protection","9":"desktop-align-left","10":"tablet-align-left","11":"mobile-align-left","12":"ast-product-gallery-layout-horizontal-slider","13":"ast-product-single-variable","14":"ast-product-tabs-layout-horizontal","16":"first","17":"instock","18":"taxable","19":"shipping-taxable","20":"purchasable","21":"product-type-variable"},"_links":{"self":[{"href":"https:\/\/dacarcomercial.com\/fr\/wp-json\/wp\/v2\/product\/17104","targetHints":{"allow":["GET"]}}],"collection":[{"href":"https:\/\/dacarcomercial.com\/fr\/wp-json\/wp\/v2\/product"}],"about":[{"href":"https:\/\/dacarcomercial.com\/fr\/wp-json\/wp\/v2\/types\/product"}],"version-history":[{"count":0,"href":"https:\/\/dacarcomercial.com\/fr\/wp-json\/wp\/v2\/product\/17104\/revisions"}],"wp:featuredmedia":[{"embeddable":true,"href":"https:\/\/dacarcomercial.com\/fr\/wp-json\/wp\/v2\/media\/7713"}],"wp:attachment":[{"href":"https:\/\/dacarcomercial.com\/fr\/wp-json\/wp\/v2\/media?parent=17104"}],"wp:term":[{"taxonomy":"product_brand","embeddable":true,"href":"https:\/\/dacarcomercial.com\/fr\/wp-json\/wp\/v2\/product_brand?post=17104"},{"taxonomy":"product_cat","embeddable":true,"href":"https:\/\/dacarcomercial.com\/fr\/wp-json\/wp\/v2\/product_cat?post=17104"},{"taxonomy":"product_tag","embeddable":true,"href":"https:\/\/dacarcomercial.com\/fr\/wp-json\/wp\/v2\/product_tag?post=17104"}],"curies":[{"name":"wp","href":"https:\/\/api.w.org\/{rel}","templated":true}]}}