{"id":17108,"date":"2021-03-06T16:42:08","date_gmt":"2021-03-06T15:42:08","guid":{"rendered":"http:\/\/dacarcomercial.com\/producto\/gants-soudeur-xtra-long-46-cm\/"},"modified":"2023-08-09T09:31:28","modified_gmt":"2023-08-09T07:31:28","slug":"gants-soudeur-extra-longs-46-cm","status":"publish","type":"product","link":"https:\/\/dacarcomercial.com\/fr\/producto\/gants-soudeur-extra-longs-46-cm\/","title":{"rendered":"Gants soudeur extra longs (46 cm)"},"content":{"rendered":"<h2>Gants soudeur extra longs (46 cm) pour une protection suppl\u00e9mentaire des manches :<\/h2>\n<ul>\n<li>Couleur : vert<\/li>\n<li>Coutures : int\u00e9rieures et ext\u00e9rieures<\/li>\n<li>Tailles : 10 \/ 11<\/li>\n<li>Longueur totale : 46 cm (+\/- 1 cm pour la taille 10)<\/li>\n<li>Epaisseur : 1,2 \u00e0 1,3 mm<\/li>\n<li>Renforts : Dans la couture<\/li>\n<li>Coutures : Fil Kevlar Dupont<\/li>\n<li>Doublure : Doublure int\u00e9rieure anti-chaleur<\/li>\n<li>Manchette : Cuir de vachette vert<\/li>\n<li>EN 12477:2001+A1:2005 TYPE A<\/li>\n<li>EN 407:2020 413X4X<\/li>\n<li>EN 388:2016 + A1:2018 4244X<\/li>\n<li>EN ISO 21420:2020 Cat. II<\/li>\n<\/ul>\n","protected":false},"excerpt":{"rendered":"<p>Les gants soudeur extra longs (46 cm) sont destin\u00e9s \u00e0 \u00eatre utilis\u00e9s dans des conditions de soudage difficiles.<\/p>\n<p>Avec du cuir de vachette de la plus haute qualit\u00e9, doubl\u00e9 d&rsquo;une doublure interne anti-calorique et de coutures en Kevlar, les gants de soudage extra longs offrent une excellente r\u00e9sistance aux projections de m\u00e9tal en fusion, ainsi qu&rsquo;\u00e0 la chaleur rayonnante.<\/p>\n<p><strong>Con\u00e7u en Espagne.<\/strong><\/p>\n<p>Leur longueur plus importante (46 cm) permet une protection exceptionnelle des avant-bras et des manches de chemise.<\/p>\n<p><em>Les produits Dacar peuvent \u00eatre achet\u00e9s en ligne ou via notre r\u00e9seau de distributeurs. N\u00b4h\u00e9sitez pas \u00e0 nous consulter votre distributeur le plus proche !<\/em><\/p>\n","protected":false},"featured_media":5466,"template":"","meta":{"site-sidebar-layout":"default","site-content-layout":"default","ast-site-content-layout":"default","site-content-style":"default","site-sidebar-style":"default","ast-global-header-display":"","ast-banner-title-visibility":"","ast-main-header-display":"","ast-hfb-above-header-display":"","ast-hfb-below-header-display":"","ast-hfb-mobile-header-display":"","site-post-title":"","ast-breadcrumbs-content":"","ast-featured-img":"","footer-sml-layout":"","ast-disable-related-posts":"","theme-transparent-header-meta":"default","adv-header-id-meta":"","stick-header-meta":"default","header-above-stick-meta":"","header-main-stick-meta":"","header-below-stick-meta":"","astra-migrate-meta-layouts":"default","ast-page-background-enabled":"default","ast-page-background-meta":{"desktop":{"background-color":"","background-image":"","background-repeat":"repeat","background-position":"center center","background-size":"auto","background-attachment":"scroll","background-type":"","background-media":"","overlay-type":"","overlay-color":"","overlay-opacity":"","overlay-gradient":""},"tablet":{"background-color":"","background-image":"","background-repeat":"repeat","background-position":"center center","background-size":"auto","background-attachment":"scroll","background-type":"","background-media":"","overlay-type":"","overlay-color":"","overlay-opacity":"","overlay-gradient":""},"mobile":{"background-color":"","background-image":"","background-repeat":"repeat","background-position":"center center","background-size":"auto","background-attachment":"scroll","background-type":"","background-media":"","overlay-type":"","overlay-color":"","overlay-opacity":"","overlay-gradient":""}},"ast-content-background-meta":{"desktop":{"background-color":"var(--ast-global-color-5)","background-image":"","background-repeat":"repeat","background-position":"center center","background-size":"auto","background-attachment":"scroll","background-type":"","background-media":"","overlay-type":"","overlay-color":"","overlay-opacity":"","overlay-gradient":""},"tablet":{"background-color":"var(--ast-global-color-5)","background-image":"","background-repeat":"repeat","background-position":"center center","background-size":"auto","background-attachment":"scroll","background-type":"","background-media":"","overlay-type":"","overlay-color":"","overlay-opacity":"","overlay-gradient":""},"mobile":{"background-color":"var(--ast-global-color-5)","background-image":"","background-repeat":"repeat","background-position":"center center","background-size":"auto","background-attachment":"scroll","background-type":"","background-media":"","overlay-type":"","overlay-color":"","overlay-opacity":"","overlay-gradient":""}}},"product_brand":[],"product_cat":[1758,932,931],"product_tag":[],"class_list":{"0":"post-17108","1":"product","2":"type-product","3":"status-publish","4":"has-post-thumbnail","6":"product_cat-gants","7":"product_cat-soudeur","8":"product_cat-vetements-de-protection","9":"desktop-align-left","10":"tablet-align-left","11":"mobile-align-left","12":"ast-product-gallery-layout-horizontal-slider","13":"ast-product-single-variable","14":"ast-product-tabs-layout-horizontal","16":"first","17":"instock","18":"taxable","19":"shipping-taxable","20":"purchasable","21":"product-type-variable"},"_links":{"self":[{"href":"https:\/\/dacarcomercial.com\/fr\/wp-json\/wp\/v2\/product\/17108","targetHints":{"allow":["GET"]}}],"collection":[{"href":"https:\/\/dacarcomercial.com\/fr\/wp-json\/wp\/v2\/product"}],"about":[{"href":"https:\/\/dacarcomercial.com\/fr\/wp-json\/wp\/v2\/types\/product"}],"version-history":[{"count":0,"href":"https:\/\/dacarcomercial.com\/fr\/wp-json\/wp\/v2\/product\/17108\/revisions"}],"wp:featuredmedia":[{"embeddable":true,"href":"https:\/\/dacarcomercial.com\/fr\/wp-json\/wp\/v2\/media\/5466"}],"wp:attachment":[{"href":"https:\/\/dacarcomercial.com\/fr\/wp-json\/wp\/v2\/media?parent=17108"}],"wp:term":[{"taxonomy":"product_brand","embeddable":true,"href":"https:\/\/dacarcomercial.com\/fr\/wp-json\/wp\/v2\/product_brand?post=17108"},{"taxonomy":"product_cat","embeddable":true,"href":"https:\/\/dacarcomercial.com\/fr\/wp-json\/wp\/v2\/product_cat?post=17108"},{"taxonomy":"product_tag","embeddable":true,"href":"https:\/\/dacarcomercial.com\/fr\/wp-json\/wp\/v2\/product_tag?post=17108"}],"curies":[{"name":"wp","href":"https:\/\/api.w.org\/{rel}","templated":true}]}}