{"id":17112,"date":"2021-03-06T16:42:08","date_gmt":"2021-03-06T15:42:08","guid":{"rendered":"http:\/\/dacarcomercial.com\/producto\/gants-soudeur-35-cm-avec-dos-aluminise\/"},"modified":"2023-08-10T09:58:14","modified_gmt":"2023-08-10T07:58:14","slug":"gants-soudeur-35-cm-avec-dos-aluminise","status":"publish","type":"product","link":"https:\/\/dacarcomercial.com\/fr\/producto\/gants-soudeur-35-cm-avec-dos-aluminise\/","title":{"rendered":"Gants soudeur 35 cm avec dos aluminis\u00e9"},"content":{"rendered":"<h2><strong>Gants soudeur 35 cm avec dos aluminis\u00e9<\/strong><\/h2>\n<ul>\n<li>Paire de gants soudeur 35 cm<\/li>\n<li>Paume en cuir gris 1,4 mm d\u00b4\u00e9paisseur et dos aluminis\u00e9 de 580 g\/m2<\/li>\n<li>Doublure isolante thermique int\u00e9grale de 180 g\/m2<\/li>\n<li>Cousu avec fil Kevlar 50\/3<\/li>\n<li>Con\u00e7u en Espagne<\/li>\n<li>Longueur 35 cm<\/li>\n<li>Taille unique (10)<\/li>\n<li>EN 12477:2001+A1:2005 TYPE A<\/li>\n<li>EN 407:2004 42314X<\/li>\n<li>EN 388:2016 + A1:2018 2243X<\/li>\n<li>EN 420:2003+A1:2009<\/li>\n<\/ul>\n","protected":false},"excerpt":{"rendered":"<p><strong>Les Gants soudeur 35 cm avec dos aluminis\u00e9 <\/strong>offrent une grande s\u00e9curit\u00e9 gr\u00e2ce \u00e0 leur plume en cuir cro\u00fbte et leur dos en fibre aluminis\u00e9e, en plus de leur doublure thermo-isolante et de la finition en fil de Kevlar qui font de ce gant un gant de soudeur de haute qualit\u00e9.<\/p>\n<p><em>Les produits Dacar peuvent \u00eatre achet\u00e9s en ligne ou par le biais de notre vaste r\u00e9seau de distributeurs. Demandez-nous des informations sur le distributeur le plus proche de chez vous !<\/em><\/p>\n","protected":false},"featured_media":6567,"template":"","meta":{"site-sidebar-layout":"default","site-content-layout":"default","ast-site-content-layout":"default","site-content-style":"default","site-sidebar-style":"default","ast-global-header-display":"","ast-banner-title-visibility":"","ast-main-header-display":"","ast-hfb-above-header-display":"","ast-hfb-below-header-display":"","ast-hfb-mobile-header-display":"","site-post-title":"","ast-breadcrumbs-content":"","ast-featured-img":"","footer-sml-layout":"","ast-disable-related-posts":"","theme-transparent-header-meta":"default","adv-header-id-meta":"","stick-header-meta":"default","header-above-stick-meta":"","header-main-stick-meta":"","header-below-stick-meta":"","astra-migrate-meta-layouts":"default","ast-page-background-enabled":"default","ast-page-background-meta":{"desktop":{"background-color":"","background-image":"","background-repeat":"repeat","background-position":"center center","background-size":"auto","background-attachment":"scroll","background-type":"","background-media":"","overlay-type":"","overlay-color":"","overlay-opacity":"","overlay-gradient":""},"tablet":{"background-color":"","background-image":"","background-repeat":"repeat","background-position":"center center","background-size":"auto","background-attachment":"scroll","background-type":"","background-media":"","overlay-type":"","overlay-color":"","overlay-opacity":"","overlay-gradient":""},"mobile":{"background-color":"","background-image":"","background-repeat":"repeat","background-position":"center center","background-size":"auto","background-attachment":"scroll","background-type":"","background-media":"","overlay-type":"","overlay-color":"","overlay-opacity":"","overlay-gradient":""}},"ast-content-background-meta":{"desktop":{"background-color":"var(--ast-global-color-5)","background-image":"","background-repeat":"repeat","background-position":"center center","background-size":"auto","background-attachment":"scroll","background-type":"","background-media":"","overlay-type":"","overlay-color":"","overlay-opacity":"","overlay-gradient":""},"tablet":{"background-color":"var(--ast-global-color-5)","background-image":"","background-repeat":"repeat","background-position":"center center","background-size":"auto","background-attachment":"scroll","background-type":"","background-media":"","overlay-type":"","overlay-color":"","overlay-opacity":"","overlay-gradient":""},"mobile":{"background-color":"var(--ast-global-color-5)","background-image":"","background-repeat":"repeat","background-position":"center center","background-size":"auto","background-attachment":"scroll","background-type":"","background-media":"","overlay-type":"","overlay-color":"","overlay-opacity":"","overlay-gradient":""}}},"product_brand":[],"product_cat":[1758,932,931],"product_tag":[],"class_list":{"0":"post-17112","1":"product","2":"type-product","3":"status-publish","4":"has-post-thumbnail","6":"product_cat-gants","7":"product_cat-soudeur","8":"product_cat-vetements-de-protection","9":"desktop-align-left","10":"tablet-align-left","11":"mobile-align-left","12":"ast-product-gallery-layout-horizontal-slider","13":"ast-product-gallery-with-no-image","14":"ast-product-tabs-layout-horizontal","16":"first","17":"instock","18":"taxable","19":"shipping-taxable","20":"purchasable","21":"product-type-simple"},"_links":{"self":[{"href":"https:\/\/dacarcomercial.com\/fr\/wp-json\/wp\/v2\/product\/17112","targetHints":{"allow":["GET"]}}],"collection":[{"href":"https:\/\/dacarcomercial.com\/fr\/wp-json\/wp\/v2\/product"}],"about":[{"href":"https:\/\/dacarcomercial.com\/fr\/wp-json\/wp\/v2\/types\/product"}],"version-history":[{"count":0,"href":"https:\/\/dacarcomercial.com\/fr\/wp-json\/wp\/v2\/product\/17112\/revisions"}],"wp:featuredmedia":[{"embeddable":true,"href":"https:\/\/dacarcomercial.com\/fr\/wp-json\/wp\/v2\/media\/6567"}],"wp:attachment":[{"href":"https:\/\/dacarcomercial.com\/fr\/wp-json\/wp\/v2\/media?parent=17112"}],"wp:term":[{"taxonomy":"product_brand","embeddable":true,"href":"https:\/\/dacarcomercial.com\/fr\/wp-json\/wp\/v2\/product_brand?post=17112"},{"taxonomy":"product_cat","embeddable":true,"href":"https:\/\/dacarcomercial.com\/fr\/wp-json\/wp\/v2\/product_cat?post=17112"},{"taxonomy":"product_tag","embeddable":true,"href":"https:\/\/dacarcomercial.com\/fr\/wp-json\/wp\/v2\/product_tag?post=17112"}],"curies":[{"name":"wp","href":"https:\/\/api.w.org\/{rel}","templated":true}]}}