{"id":17127,"date":"2021-03-06T16:42:23","date_gmt":"2021-03-06T15:42:23","guid":{"rendered":"http:\/\/dacarcomercial.com\/producto\/tablier-confort-en-cuir-or\/"},"modified":"2022-01-21T13:29:01","modified_gmt":"2022-01-21T12:29:01","slug":"tablier-confort-en-cuir-or","status":"publish","type":"product","link":"https:\/\/dacarcomercial.com\/fr\/producto\/tablier-confort-en-cuir-or\/","title":{"rendered":"Tablier confort en cuir or"},"content":{"rendered":"<h2><strong>Tablier confort en cuir or<\/strong><\/h2>\n<ul>\n<li>Tablier confort ultra souple<\/li>\n<li>En cro\u00fbte de cuir 1,2 mm d\u00b4\u00e9paisseur<\/li>\n<li>Avec poche et sangles crois\u00e9es au dos pour que le poids ne soit pas port\u00e9 par le cou.<\/li>\n<li>Cosido con hilo Kevlar<\/li>\n<\/ul>\n","protected":false},"excerpt":{"rendered":"<p><strong>Le Tablier confort en cuir or<\/strong> est tr\u00e8s souple et permet au soudeur de travailler librement dans diff\u00e9rentes positions. De plus, ses sangles crois\u00e9es dans le dos permettent d&rsquo;\u00e9viter le traditionnel tour de cou, ce qui am\u00e9liore encore le confort d&rsquo;utilisation.<\/p>\n<p>Fabriqu\u00e9 en cuir fendu de premi\u00e8re qualit\u00e9, il offre une excellente protection contre les projections de soudure. Il est dot\u00e9 d&rsquo;un sac pratique avec un rabat au centre sup\u00e9rieur.<\/p>\n<p><em>Les produits Dacar peuvent \u00eatre achet\u00e9s en ligne ou par le biais de notre vaste r\u00e9seau de distributeurs. Demandez-nous des informations sur le distributeur le plus proche de chez vous !<\/em><\/p>\n","protected":false},"featured_media":3705,"template":"","meta":{"site-sidebar-layout":"default","site-content-layout":"default","ast-site-content-layout":"default","site-content-style":"default","site-sidebar-style":"default","ast-global-header-display":"","ast-banner-title-visibility":"","ast-main-header-display":"","ast-hfb-above-header-display":"","ast-hfb-below-header-display":"","ast-hfb-mobile-header-display":"","site-post-title":"","ast-breadcrumbs-content":"","ast-featured-img":"","footer-sml-layout":"","ast-disable-related-posts":"","theme-transparent-header-meta":"default","adv-header-id-meta":"","stick-header-meta":"default","header-above-stick-meta":"","header-main-stick-meta":"","header-below-stick-meta":"","astra-migrate-meta-layouts":"default","ast-page-background-enabled":"default","ast-page-background-meta":{"desktop":{"background-color":"","background-image":"","background-repeat":"repeat","background-position":"center center","background-size":"auto","background-attachment":"scroll","background-type":"","background-media":"","overlay-type":"","overlay-color":"","overlay-opacity":"","overlay-gradient":""},"tablet":{"background-color":"","background-image":"","background-repeat":"repeat","background-position":"center center","background-size":"auto","background-attachment":"scroll","background-type":"","background-media":"","overlay-type":"","overlay-color":"","overlay-opacity":"","overlay-gradient":""},"mobile":{"background-color":"","background-image":"","background-repeat":"repeat","background-position":"center center","background-size":"auto","background-attachment":"scroll","background-type":"","background-media":"","overlay-type":"","overlay-color":"","overlay-opacity":"","overlay-gradient":""}},"ast-content-background-meta":{"desktop":{"background-color":"var(--ast-global-color-5)","background-image":"","background-repeat":"repeat","background-position":"center center","background-size":"auto","background-attachment":"scroll","background-type":"","background-media":"","overlay-type":"","overlay-color":"","overlay-opacity":"","overlay-gradient":""},"tablet":{"background-color":"var(--ast-global-color-5)","background-image":"","background-repeat":"repeat","background-position":"center center","background-size":"auto","background-attachment":"scroll","background-type":"","background-media":"","overlay-type":"","overlay-color":"","overlay-opacity":"","overlay-gradient":""},"mobile":{"background-color":"var(--ast-global-color-5)","background-image":"","background-repeat":"repeat","background-position":"center center","background-size":"auto","background-attachment":"scroll","background-type":"","background-media":"","overlay-type":"","overlay-color":"","overlay-opacity":"","overlay-gradient":""}}},"product_brand":[],"product_cat":[932,931,1755],"product_tag":[],"class_list":{"0":"post-17127","1":"product","2":"type-product","3":"status-publish","4":"has-post-thumbnail","6":"product_cat-soudeur","7":"product_cat-vetements-de-protection","8":"product_cat-vetements-pour-soudeur","9":"desktop-align-left","10":"tablet-align-left","11":"mobile-align-left","12":"ast-product-gallery-layout-horizontal-slider","13":"ast-product-gallery-with-no-image","14":"ast-product-tabs-layout-horizontal","16":"first","17":"instock","18":"taxable","19":"shipping-taxable","20":"purchasable","21":"product-type-simple"},"_links":{"self":[{"href":"https:\/\/dacarcomercial.com\/fr\/wp-json\/wp\/v2\/product\/17127","targetHints":{"allow":["GET"]}}],"collection":[{"href":"https:\/\/dacarcomercial.com\/fr\/wp-json\/wp\/v2\/product"}],"about":[{"href":"https:\/\/dacarcomercial.com\/fr\/wp-json\/wp\/v2\/types\/product"}],"version-history":[{"count":0,"href":"https:\/\/dacarcomercial.com\/fr\/wp-json\/wp\/v2\/product\/17127\/revisions"}],"wp:featuredmedia":[{"embeddable":true,"href":"https:\/\/dacarcomercial.com\/fr\/wp-json\/wp\/v2\/media\/3705"}],"wp:attachment":[{"href":"https:\/\/dacarcomercial.com\/fr\/wp-json\/wp\/v2\/media?parent=17127"}],"wp:term":[{"taxonomy":"product_brand","embeddable":true,"href":"https:\/\/dacarcomercial.com\/fr\/wp-json\/wp\/v2\/product_brand?post=17127"},{"taxonomy":"product_cat","embeddable":true,"href":"https:\/\/dacarcomercial.com\/fr\/wp-json\/wp\/v2\/product_cat?post=17127"},{"taxonomy":"product_tag","embeddable":true,"href":"https:\/\/dacarcomercial.com\/fr\/wp-json\/wp\/v2\/product_tag?post=17127"}],"curies":[{"name":"wp","href":"https:\/\/api.w.org\/{rel}","templated":true}]}}