{"id":17143,"date":"2021-03-06T16:42:38","date_gmt":"2021-03-06T15:42:38","guid":{"rendered":"http:\/\/dacarcomercial.com\/producto\/blouse-aluminisee-alusoft\/"},"modified":"2023-09-29T12:23:47","modified_gmt":"2023-09-29T10:23:47","slug":"blouse-aluminisee-alusoft","status":"publish","type":"product","link":"https:\/\/dacarcomercial.com\/fr\/producto\/blouse-aluminisee-alusoft\/","title":{"rendered":"Blouse aluminis\u00e9e Alusoft"},"content":{"rendered":"<h2><strong>Caract\u00e9ristiques de la Blouse Aluminis\u00e9e Alusoft :<\/strong><\/h2>\n<ul>\n<li><strong>Mat\u00e9riaux de Premi\u00e8re Qualit\u00e9 :<\/strong> Cette blouse est confectionn\u00e9e avec un m\u00e9lange de carbone et d&rsquo;aramide aluminis\u00e9e de haute qualit\u00e9, ce qui la rend r\u00e9sistante \u00e0 la chaleur et aux \u00e9tincelles, tout en \u00e9tant confortable \u00e0 porter pendant de longues p\u00e9riodes.<\/li>\n<li><strong>Fermeture Centrale S\u00e9curis\u00e9e<\/strong> : La fermeture centrale de 25 cm avec velcro et boutons-pression assure un ajustement s\u00e9curis\u00e9 et confortable, tout en facilitant sa mise en place et son retrait.<\/li>\n<li><strong>Conception Fonctionnelle<\/strong> : Le col droit et la fermeture arri\u00e8re garantissent une protection compl\u00e8te, tandis que le dos et la doublure int\u00e9rieure en coton ignifuge ajoutent un niveau suppl\u00e9mentaire de s\u00e9curit\u00e9 et de confort.<\/li>\n<li><strong>Conforme aux Normes de S\u00e9curit\u00e9 :<\/strong> Cette blouse est conforme \u00e0 la r\u00e9glementation de s\u00e9curit\u00e9 CE EN ISO 11612, ce qui garantit qu&rsquo;elle a \u00e9t\u00e9 soumise \u00e0 des tests rigoureux pour vous offrir une protection de qualit\u00e9 sup\u00e9rieure.<\/li>\n<\/ul>\n","protected":false},"excerpt":{"rendered":"<p><strong>La blouse Aluminis\u00e9e Alusoft<\/strong> est le choix ultime pour ceux qui recherchent une protection exceptionnelle sans compromettre le confort. Cette blouse est confectionn\u00e9e dans un tissu en m\u00e9lange de carbone et d&rsquo;aramide aluminis\u00e9e, offrant une s\u00e9curit\u00e9 in\u00e9gal\u00e9e tout en assurant un grand confort.<\/p>\n<p>Elle dispose d&rsquo;une fermeture centrale de 25 cm avec velcro et boutons-pression, d&rsquo;un col droit, d&rsquo;un dos et d&rsquo;une doublure int\u00e9rieure en coton ignifuge, ainsi que d&rsquo;une fermeture arri\u00e8re.<\/p>\n","protected":false},"featured_media":9540,"template":"","meta":{"site-sidebar-layout":"default","site-content-layout":"default","ast-site-content-layout":"default","site-content-style":"default","site-sidebar-style":"default","ast-global-header-display":"","ast-banner-title-visibility":"","ast-main-header-display":"","ast-hfb-above-header-display":"","ast-hfb-below-header-display":"","ast-hfb-mobile-header-display":"","site-post-title":"","ast-breadcrumbs-content":"","ast-featured-img":"","footer-sml-layout":"","ast-disable-related-posts":"","theme-transparent-header-meta":"default","adv-header-id-meta":"","stick-header-meta":"default","header-above-stick-meta":"","header-main-stick-meta":"","header-below-stick-meta":"","astra-migrate-meta-layouts":"set","ast-page-background-enabled":"default","ast-page-background-meta":{"desktop":{"background-color":"","background-image":"","background-repeat":"repeat","background-position":"center center","background-size":"auto","background-attachment":"scroll","background-type":"","background-media":"","overlay-type":"","overlay-color":"","overlay-opacity":"","overlay-gradient":""},"tablet":{"background-color":"","background-image":"","background-repeat":"repeat","background-position":"center center","background-size":"auto","background-attachment":"scroll","background-type":"","background-media":"","overlay-type":"","overlay-color":"","overlay-opacity":"","overlay-gradient":""},"mobile":{"background-color":"","background-image":"","background-repeat":"repeat","background-position":"center center","background-size":"auto","background-attachment":"scroll","background-type":"","background-media":"","overlay-type":"","overlay-color":"","overlay-opacity":"","overlay-gradient":""}},"ast-content-background-meta":{"desktop":{"background-color":"var(--ast-global-color-5)","background-image":"","background-repeat":"repeat","background-position":"center center","background-size":"auto","background-attachment":"scroll","background-type":"","background-media":"","overlay-type":"","overlay-color":"","overlay-opacity":"","overlay-gradient":""},"tablet":{"background-color":"var(--ast-global-color-5)","background-image":"","background-repeat":"repeat","background-position":"center center","background-size":"auto","background-attachment":"scroll","background-type":"","background-media":"","overlay-type":"","overlay-color":"","overlay-opacity":"","overlay-gradient":""},"mobile":{"background-color":"var(--ast-global-color-5)","background-image":"","background-repeat":"repeat","background-position":"center center","background-size":"auto","background-attachment":"scroll","background-type":"","background-media":"","overlay-type":"","overlay-color":"","overlay-opacity":"","overlay-gradient":""}}},"product_brand":[],"product_cat":[933,931],"product_tag":[],"class_list":{"0":"post-17143","1":"product","2":"type-product","3":"status-publish","4":"has-post-thumbnail","6":"product_cat-protection-thermique","7":"product_cat-vetements-de-protection","8":"desktop-align-left","9":"tablet-align-left","10":"mobile-align-left","11":"ast-product-gallery-layout-horizontal-slider","12":"ast-product-gallery-with-no-image","13":"ast-product-single-variable","14":"ast-product-tabs-layout-horizontal","16":"first","17":"instock","18":"taxable","19":"shipping-taxable","20":"purchasable","21":"product-type-variable"},"_links":{"self":[{"href":"https:\/\/dacarcomercial.com\/fr\/wp-json\/wp\/v2\/product\/17143","targetHints":{"allow":["GET"]}}],"collection":[{"href":"https:\/\/dacarcomercial.com\/fr\/wp-json\/wp\/v2\/product"}],"about":[{"href":"https:\/\/dacarcomercial.com\/fr\/wp-json\/wp\/v2\/types\/product"}],"version-history":[{"count":0,"href":"https:\/\/dacarcomercial.com\/fr\/wp-json\/wp\/v2\/product\/17143\/revisions"}],"wp:featuredmedia":[{"embeddable":true,"href":"https:\/\/dacarcomercial.com\/fr\/wp-json\/wp\/v2\/media\/9540"}],"wp:attachment":[{"href":"https:\/\/dacarcomercial.com\/fr\/wp-json\/wp\/v2\/media?parent=17143"}],"wp:term":[{"taxonomy":"product_brand","embeddable":true,"href":"https:\/\/dacarcomercial.com\/fr\/wp-json\/wp\/v2\/product_brand?post=17143"},{"taxonomy":"product_cat","embeddable":true,"href":"https:\/\/dacarcomercial.com\/fr\/wp-json\/wp\/v2\/product_cat?post=17143"},{"taxonomy":"product_tag","embeddable":true,"href":"https:\/\/dacarcomercial.com\/fr\/wp-json\/wp\/v2\/product_tag?post=17143"}],"curies":[{"name":"wp","href":"https:\/\/api.w.org\/{rel}","templated":true}]}}