{"id":17154,"date":"2021-03-06T16:42:38","date_gmt":"2021-03-06T15:42:38","guid":{"rendered":"http:\/\/dacarcomercial.com\/producto\/coussin-soudeur-450-x-450-x-60-mm\/"},"modified":"2023-09-29T12:35:49","modified_gmt":"2023-09-29T10:35:49","slug":"coussin-soudeur-450-x-450-x-60-mm","status":"publish","type":"product","link":"https:\/\/dacarcomercial.com\/fr\/producto\/coussin-soudeur-450-x-450-x-60-mm\/","title":{"rendered":"Coussin soudeur 450 x 450 x 60 mm"},"content":{"rendered":"<h2><strong>Caract\u00e9ristiques du Coussin soudeur 450 x 450 x 60 mm:<\/strong><\/h2>\n<ul>\n<li><strong>Protection<\/strong> : Notre coussin ignifuge est con\u00e7u pour r\u00e9sister \u00e0 des temp\u00e9ratures allant jusqu&rsquo;\u00e0 500\u00b0C, ce qui en fait un choix id\u00e9al pour les travaux o\u00f9 la chaleur est un risque constant.<\/li>\n<li><strong>Poign\u00e9e pour une Manipulation Facilit\u00e9e :<\/strong> La poign\u00e9e int\u00e9gr\u00e9e vous permet de transporter et de manipuler le coussin en toute s\u00e9curit\u00e9 et commodit\u00e9, ce qui facilite son utilisation dans diff\u00e9rentes situations.<\/li>\n<\/ul>\n","protected":false},"excerpt":{"rendered":"<p><strong>Le Coussin soudeur 450 x 450 x 60 mm<\/strong> avec Poign\u00e9e est l&rsquo;alli\u00e9 parfait pour ceux qui font face \u00e0 des travaux \u00e0 haut risque, tels que le meulage, la soudure ou la d\u00e9coupe. Ce coussin est con\u00e7u pour vous offrir une protection dans des environnements \u00e0 haute temp\u00e9rature, capable de r\u00e9sister jusqu&rsquo;\u00e0 500 degr\u00e9s, tandis que sa poign\u00e9e facilite son transport et sa manipulation.<\/p>\n","protected":false},"featured_media":5865,"template":"","meta":{"site-sidebar-layout":"default","site-content-layout":"default","ast-site-content-layout":"default","site-content-style":"default","site-sidebar-style":"default","ast-global-header-display":"","ast-banner-title-visibility":"","ast-main-header-display":"","ast-hfb-above-header-display":"","ast-hfb-below-header-display":"","ast-hfb-mobile-header-display":"","site-post-title":"","ast-breadcrumbs-content":"","ast-featured-img":"","footer-sml-layout":"","ast-disable-related-posts":"","theme-transparent-header-meta":"default","adv-header-id-meta":"","stick-header-meta":"default","header-above-stick-meta":"","header-main-stick-meta":"","header-below-stick-meta":"","astra-migrate-meta-layouts":"set","ast-page-background-enabled":"default","ast-page-background-meta":{"desktop":{"background-color":"","background-image":"","background-repeat":"repeat","background-position":"center center","background-size":"auto","background-attachment":"scroll","background-type":"","background-media":"","overlay-type":"","overlay-color":"","overlay-opacity":"","overlay-gradient":""},"tablet":{"background-color":"","background-image":"","background-repeat":"repeat","background-position":"center center","background-size":"auto","background-attachment":"scroll","background-type":"","background-media":"","overlay-type":"","overlay-color":"","overlay-opacity":"","overlay-gradient":""},"mobile":{"background-color":"","background-image":"","background-repeat":"repeat","background-position":"center center","background-size":"auto","background-attachment":"scroll","background-type":"","background-media":"","overlay-type":"","overlay-color":"","overlay-opacity":"","overlay-gradient":""}},"ast-content-background-meta":{"desktop":{"background-color":"var(--ast-global-color-5)","background-image":"","background-repeat":"repeat","background-position":"center center","background-size":"auto","background-attachment":"scroll","background-type":"","background-media":"","overlay-type":"","overlay-color":"","overlay-opacity":"","overlay-gradient":""},"tablet":{"background-color":"var(--ast-global-color-5)","background-image":"","background-repeat":"repeat","background-position":"center center","background-size":"auto","background-attachment":"scroll","background-type":"","background-media":"","overlay-type":"","overlay-color":"","overlay-opacity":"","overlay-gradient":""},"mobile":{"background-color":"var(--ast-global-color-5)","background-image":"","background-repeat":"repeat","background-position":"center center","background-size":"auto","background-attachment":"scroll","background-type":"","background-media":"","overlay-type":"","overlay-color":"","overlay-opacity":"","overlay-gradient":""}}},"product_brand":[],"product_cat":[933,931],"product_tag":[],"class_list":{"0":"post-17154","1":"product","2":"type-product","3":"status-publish","4":"has-post-thumbnail","6":"product_cat-protection-thermique","7":"product_cat-vetements-de-protection","8":"desktop-align-left","9":"tablet-align-left","10":"mobile-align-left","11":"ast-product-gallery-layout-horizontal-slider","12":"ast-product-gallery-with-no-image","13":"ast-product-tabs-layout-horizontal","15":"first","16":"instock","17":"taxable","18":"shipping-taxable","19":"purchasable","20":"product-type-simple"},"_links":{"self":[{"href":"https:\/\/dacarcomercial.com\/fr\/wp-json\/wp\/v2\/product\/17154","targetHints":{"allow":["GET"]}}],"collection":[{"href":"https:\/\/dacarcomercial.com\/fr\/wp-json\/wp\/v2\/product"}],"about":[{"href":"https:\/\/dacarcomercial.com\/fr\/wp-json\/wp\/v2\/types\/product"}],"version-history":[{"count":0,"href":"https:\/\/dacarcomercial.com\/fr\/wp-json\/wp\/v2\/product\/17154\/revisions"}],"wp:featuredmedia":[{"embeddable":true,"href":"https:\/\/dacarcomercial.com\/fr\/wp-json\/wp\/v2\/media\/5865"}],"wp:attachment":[{"href":"https:\/\/dacarcomercial.com\/fr\/wp-json\/wp\/v2\/media?parent=17154"}],"wp:term":[{"taxonomy":"product_brand","embeddable":true,"href":"https:\/\/dacarcomercial.com\/fr\/wp-json\/wp\/v2\/product_brand?post=17154"},{"taxonomy":"product_cat","embeddable":true,"href":"https:\/\/dacarcomercial.com\/fr\/wp-json\/wp\/v2\/product_cat?post=17154"},{"taxonomy":"product_tag","embeddable":true,"href":"https:\/\/dacarcomercial.com\/fr\/wp-json\/wp\/v2\/product_tag?post=17154"}],"curies":[{"name":"wp","href":"https:\/\/api.w.org\/{rel}","templated":true}]}}