{"id":17288,"date":"2021-03-06T16:44:02","date_gmt":"2021-03-06T15:44:02","guid":{"rendered":"http:\/\/dacarcomercial.com\/producto\/orange-or-bronze-fe-ou-vert-r6-en-iso25980-2-m-lineaires-par-paquet-de-4-unites-prix-par-unite-2\/"},"modified":"2024-07-03T09:43:07","modified_gmt":"2024-07-03T07:43:07","slug":"laniere-transarc-h-2000-x-l-570","status":"publish","type":"product","link":"https:\/\/dacarcomercial.com\/fr\/producto\/laniere-transarc-h-2000-x-l-570\/","title":{"rendered":"Lani\u00e8re Transarc H 2000 x L 570 x E 1 mm"},"content":{"rendered":"<h2><strong>Couleurs de lani\u00e8re disponibles:<\/strong><\/h2>\n<p>Fabriqu\u00e9 et con\u00e7u en Espagne.<\/p>\n<p><strong>Transarc Orange (OR)<\/strong><\/p>\n<ul>\n<li>Transmission de la lumi\u00e8re: 4,5%<\/li>\n<li>Facteur de risque: 0,5<\/li>\n<li>Semi-transparent<\/li>\n<li>C\u00b4est la couleur qui donne le plus de lumi\u00e8re visible dans la zone de travail<\/li>\n<li>Les personnes et les mat\u00e9riaux ne sont pas distingu\u00e9s<\/li>\n<\/ul>\n<p><strong>Transarc Bronze (FE)<\/strong><\/p>\n<ul>\n<li>Transmission de la lumi\u00e8re: 0,7%<\/li>\n<li>Facteur de risque: 0,2<\/li>\n<li>Semi-transparent<\/li>\n<li>Laisse passer la lumi\u00e8re visible dans la zone de travail<\/li>\n<li>Permet la visibilit\u00e9 du personnel et du mat\u00e9riel<\/li>\n<\/ul>\n<p><strong>Transarc Vert (R6)<\/strong><\/p>\n<ul>\n<li>Transmission de la lumi\u00e8re: 0,15%<\/li>\n<li>Facteur de risque: 0,2<\/li>\n<li>Semi-transparent<\/li>\n<li>Permet la visibilit\u00e9 du personnel et du mat\u00e9riel<\/li>\n<li>R\u00e9duit l\u00b4intensit\u00e9 lumineuse<\/li>\n<\/ul>\n<p>La dur\u00e9e de vie utile d\u2019une lani\u00e8re de soudage est marqu\u00e9e par son bon \u00e9tat. Son remplacement imm\u00e9diat est recommand\u00e9 en cas de dommages caus\u00e9s par son utilisation tels que: apparition de trous dus \u00e0 des projections excessives ou des ruptures dues \u00e0 des actions m\u00e9caniques.<\/p>\n","protected":false},"excerpt":{"rendered":"<p><strong>Lani\u00e8re\u00a01 mm d&rsquo;\u00e9paisseur x 570 mm de largeur x 2000 mm de hauteur<\/strong><\/p>\n<ul>\n<li><strong>Fabriqu\u00e9 et con\u00e7u en Espagne.<\/strong><\/li>\n<li>Elle filtre les rayons nocifs \u00e9mis par l&rsquo;arc de soudage, les rayons ultraviolets (UV) et la lumi\u00e8re dite bleue<\/li>\n<li>Les lani\u00e8res se distinguent par leur fonctionnalit\u00e9, pouvant \u00eatre accroch\u00e9es sur des supports fixes ou mobiles avec des anneaux ou des crochets<\/li>\n<li>Les lani\u00e8res, avec leur configuration de chevauchement, permettent le passage de personnel ou de mat\u00e9riel volumineux \u00e0 tout endroit, celles-ci se refermant automatiquement apr\u00e8s le passage, garantissant ainsi la protection de l\u00b4atelier f\u00e2ce aux projections et rayons lumineux<\/li>\n<li>Leur plus grosse \u00e9paisseur, compar\u00e9e \u00e0 celle des rideaux de soudage traditionnels de 0,4 mm, est le garant d\u00b4une meilleure r\u00e9sistance aux projections, d\u00b4une plus grande r\u00e9sistance m\u00e9canique en g\u00e9n\u00e9ral et ainsi qu\u00b4une plus longue vie utile<\/li>\n<li>Diff\u00e9rentes couleurs sont disponibles selon les besoins de l\u00b4atelier<\/li>\n<li>Recouvrement de 2 m\u00e8tres lin\u00e9aires pour charque 4 unit\u00e9s<\/li>\n<li>Livr\u00e9es avec 4 oeuillets renforc\u00e9s dans la partie sup\u00e9rieure<\/li>\n<li>Prix \u200b\u200bpar lani\u00e8re, anneaux m\u00e9talliques non inclus<\/li>\n<\/ul>\n<p><em>Les produits Dacar peuvent \u00eatre achet\u00e9s en ligne ou via notre r\u00e9seau de distributeurs. N\u00b4h\u00e9sitez pas \u00e0 nous consulter votre revendeur le plus proche !<\/em><\/p>\n","protected":false},"featured_media":5172,"template":"","meta":{"site-sidebar-layout":"default","site-content-layout":"default","ast-site-content-layout":"default","site-content-style":"default","site-sidebar-style":"default","ast-global-header-display":"","ast-banner-title-visibility":"","ast-main-header-display":"","ast-hfb-above-header-display":"","ast-hfb-below-header-display":"","ast-hfb-mobile-header-display":"","site-post-title":"","ast-breadcrumbs-content":"","ast-featured-img":"","footer-sml-layout":"","ast-disable-related-posts":"","theme-transparent-header-meta":"default","adv-header-id-meta":"","stick-header-meta":"default","header-above-stick-meta":"","header-main-stick-meta":"","header-below-stick-meta":"","astra-migrate-meta-layouts":"set","ast-page-background-enabled":"default","ast-page-background-meta":{"desktop":{"background-color":"","background-image":"","background-repeat":"repeat","background-position":"center center","background-size":"auto","background-attachment":"scroll","background-type":"","background-media":"","overlay-type":"","overlay-color":"","overlay-opacity":"","overlay-gradient":""},"tablet":{"background-color":"","background-image":"","background-repeat":"repeat","background-position":"center center","background-size":"auto","background-attachment":"scroll","background-type":"","background-media":"","overlay-type":"","overlay-color":"","overlay-opacity":"","overlay-gradient":""},"mobile":{"background-color":"","background-image":"","background-repeat":"repeat","background-position":"center center","background-size":"auto","background-attachment":"scroll","background-type":"","background-media":"","overlay-type":"","overlay-color":"","overlay-opacity":"","overlay-gradient":""}},"ast-content-background-meta":{"desktop":{"background-color":"var(--ast-global-color-5)","background-image":"","background-repeat":"repeat","background-position":"center center","background-size":"auto","background-attachment":"scroll","background-type":"","background-media":"","overlay-type":"","overlay-color":"","overlay-opacity":"","overlay-gradient":""},"tablet":{"background-color":"var(--ast-global-color-5)","background-image":"","background-repeat":"repeat","background-position":"center center","background-size":"auto","background-attachment":"scroll","background-type":"","background-media":"","overlay-type":"","overlay-color":"","overlay-opacity":"","overlay-gradient":""},"mobile":{"background-color":"var(--ast-global-color-5)","background-image":"","background-repeat":"repeat","background-position":"center center","background-size":"auto","background-attachment":"scroll","background-type":"","background-media":"","overlay-type":"","overlay-color":"","overlay-opacity":"","overlay-gradient":""}}},"product_brand":[],"product_cat":[936,935],"product_tag":[],"class_list":{"0":"post-17288","1":"product","2":"type-product","3":"status-publish","4":"has-post-thumbnail","6":"product_cat-lanieres","7":"product_cat-rideaux-lames-ecrans","8":"desktop-align-left","9":"tablet-align-left","10":"mobile-align-left","11":"ast-product-gallery-layout-horizontal-slider","12":"ast-product-single-variable","13":"ast-product-tabs-layout-horizontal","15":"first","16":"instock","17":"taxable","18":"shipping-taxable","19":"purchasable","20":"product-type-variable"},"_links":{"self":[{"href":"https:\/\/dacarcomercial.com\/fr\/wp-json\/wp\/v2\/product\/17288","targetHints":{"allow":["GET"]}}],"collection":[{"href":"https:\/\/dacarcomercial.com\/fr\/wp-json\/wp\/v2\/product"}],"about":[{"href":"https:\/\/dacarcomercial.com\/fr\/wp-json\/wp\/v2\/types\/product"}],"version-history":[{"count":0,"href":"https:\/\/dacarcomercial.com\/fr\/wp-json\/wp\/v2\/product\/17288\/revisions"}],"wp:featuredmedia":[{"embeddable":true,"href":"https:\/\/dacarcomercial.com\/fr\/wp-json\/wp\/v2\/media\/5172"}],"wp:attachment":[{"href":"https:\/\/dacarcomercial.com\/fr\/wp-json\/wp\/v2\/media?parent=17288"}],"wp:term":[{"taxonomy":"product_brand","embeddable":true,"href":"https:\/\/dacarcomercial.com\/fr\/wp-json\/wp\/v2\/product_brand?post=17288"},{"taxonomy":"product_cat","embeddable":true,"href":"https:\/\/dacarcomercial.com\/fr\/wp-json\/wp\/v2\/product_cat?post=17288"},{"taxonomy":"product_tag","embeddable":true,"href":"https:\/\/dacarcomercial.com\/fr\/wp-json\/wp\/v2\/product_tag?post=17288"}],"curies":[{"name":"wp","href":"https:\/\/api.w.org\/{rel}","templated":true}]}}