{"id":17418,"date":"2021-03-06T16:44:43","date_gmt":"2021-03-06T15:44:43","guid":{"rendered":"http:\/\/dacarcomercial.com\/producto\/17418\/"},"modified":"2024-07-01T11:08:57","modified_gmt":"2024-07-01T09:08:57","slug":"masque-a-souder-dc-1-sl513g-plus","status":"publish","type":"product","link":"https:\/\/dacarcomercial.com\/fr\/producto\/masque-a-souder-dc-1-sl513g-plus\/","title":{"rendered":"Masque \u00e0 souder DC-1 SL513G PLUS"},"content":{"rendered":"<h2><strong>Masque \u00e0 Souder DC-1 SL513G PLUS:<\/strong><\/h2>\n<ul>\n<li>Conception et fabrication en Espagne<\/li>\n<li>Poids plume de seulement 330 g (filtre optique non inclus)<\/li>\n<li>Serre-t\u00eate avec Dispositif R\u00e9ducteur de Pression (DRP) et Dispositif R\u00e9partiteur de Masse (DRM)<\/li>\n<li>Compatible avec filtres \u00e9lectroniques et passifs de 90 x 110 mm<\/li>\n<li>Excellente protection du visage, du cou et des oreilles face aux radiations lumineuses et les projections<\/li>\n<li>\u00c9cran de protection ext\u00e9rieur changeable facilement depuis l&rsquo;ext\u00e9rieur sans n\u00e9cessit\u00e9 d&rsquo;enlever le filtre principal<\/li>\n<li>Fen\u00eatre ext\u00e9rieure qui soutient l&rsquo;\u00e9cran de protection en place pour \u00e9viter que les projections ou fum\u00e9es de soudure p\u00e9n\u00e8trent dans la zone comprise entre l&rsquo;\u00e9cran et le filtre oculaire<\/li>\n<li>Frontal concave pour une vision sans reflets g\u00eanants et meilleure \u00e9vacuation des fum\u00e9es de soudure<\/li>\n<li>Certification en classe S de la EN175 pour la r\u00e9sistance aux impacts<\/li>\n<li>Compatible avec casques de chantier Rockman, Terano et Montana<\/li>\n<li>Compatible avec ensembles moto-ventil\u00e9s <a href=\"https:\/\/dacarcomercial.com\/fr\/categorias-productos\/protection-respiratoire\/cleanair-2\/\">CleanAIR<\/a>.<\/li>\n<\/ul>\n<p><strong style=\"font-size: 16px;\">Filtre \u00e9lectronique SL513G PLUS:<\/strong><\/p>\n<ul>\n<li>Grand champ de vision<\/li>\n<li>Teinte claire DIN 2,5 (LCD true color)<\/li>\n<li>Display multi-fonctions LCD<\/li>\n<li>Teinte fonc\u00e9e variable \u00e0 double rang\u00e9e DIN 5-8 ou 9-14 avec r\u00e9glage digital interne<\/li>\n<li>Retour de fonc\u00e9e \u00e0 claire et sensibilit\u00e9 r\u00e9glables avec s\u00e9lecteurs digitaux internes<\/li>\n<li>Avec fonction meulage (avec bouton \u00e0 pulsation externe pour activer ou d\u00e9sactiver la fonction)<\/li>\n<li>Alimentation solaire + pile CR2450 changeable<\/li>\n<li>Avec 4 capteurs d\u00b4arc de soudage<\/li>\n<li>Qualit\u00e9 optique 1\/1\/1\/1, CE EN 379<\/li>\n<li>Champ de vision: 98 x 62 mm.<\/li>\n<li>Temps de r\u00e9action: 0,1 ms.<\/li>\n<li>2 ans de garantie<\/li>\n<\/ul>\n","protected":false},"excerpt":{"rendered":"<p>Ne pesant que 330 grammes (filtre \u00e9lectronique non inclus), sa l\u00e9g\u00e8ret\u00e9 fait du masque \u00e0 souder DC-1, l&rsquo;outil parfait pour les soudeurs amateurs et professionnels qui doivent porter le masque pendant de nombreuses heures.<\/p>\n<p><strong>Conception et fabrication en Espagne.<\/strong><\/p>\n<p>En combinaison avec le serre-t\u00eate avec Dispositif R\u00e9ducteur de Pression (DRP) et Dispositif R\u00e9partiteur de Masse (DRM), le masque DC-1 est l&rsquo;un des plus confortables \u00e0 porter que vous puissiez trouver sur le march\u00e9. Son design compact, mais avec une grande couverture du visage, du cou et des oreilles, offre une protection maximale contre les projections ainsi que les rayons nocifs du soudage. Il est disponible en diff\u00e9rentes couleurs pour s&rsquo;adapter \u00e0 la personnalit\u00e9 de chaque utilisateur.<\/p>\n<p>Le filtre SL513G PLUS est innovant dans sa technologie qui remplace les composants \u00e9lectroniques par une micro-puce, ce qui fait de ce mod\u00e8le une r\u00e9f\u00e9rence en termes de fiabilit\u00e9 et de polyvalence d&rsquo;utilisation, ainsi que de r\u00e9duction de son poids. \u00c9quip\u00e9 d&rsquo;un \u00e9cran LCD o\u00f9 vous trouverez toutes les informations sur les param\u00e8tres s\u00e9lectionn\u00e9s, vous pouvez r\u00e9gler la teinte sombre (avec une double plage de 5 \u00e0 8 et 9 \u00e0 14), la sensibilit\u00e9 et le temps de retour \u00e0 la teinte claire avec des s\u00e9lecteurs num\u00e9riques, tandis que son pratique bouton externe vous permettra de passer du mode soudage au mode meulage en un clic sans avoir \u00e0 soulever le masque ni retirer vos gants.<\/p>\n<p>Avec un poids total tout compris de seulement 445 grammes, le <strong>DC-1 SL513G PLUS<\/strong> est notre casque \u00e9lectronique le plus l\u00e9ger.<\/p>\n<p><em>Les produits Dacar peuvent \u00eatre achet\u00e9s en ligne ou via notre r\u00e9seau de distributeurs. N\u00b4h\u00e9sitez pas \u00e0 nous consulter votre revendeur le plus proche !<\/em><\/p>\n","protected":false},"featured_media":6930,"template":"","meta":{"site-sidebar-layout":"default","site-content-layout":"default","ast-site-content-layout":"default","site-content-style":"default","site-sidebar-style":"default","ast-global-header-display":"","ast-banner-title-visibility":"","ast-main-header-display":"","ast-hfb-above-header-display":"","ast-hfb-below-header-display":"","ast-hfb-mobile-header-display":"","site-post-title":"","ast-breadcrumbs-content":"","ast-featured-img":"","footer-sml-layout":"","ast-disable-related-posts":"","theme-transparent-header-meta":"default","adv-header-id-meta":"","stick-header-meta":"default","header-above-stick-meta":"","header-main-stick-meta":"","header-below-stick-meta":"","astra-migrate-meta-layouts":"set","ast-page-background-enabled":"default","ast-page-background-meta":{"desktop":{"background-color":"","background-image":"","background-repeat":"repeat","background-position":"center center","background-size":"auto","background-attachment":"scroll","background-type":"","background-media":"","overlay-type":"","overlay-color":"","overlay-opacity":"","overlay-gradient":""},"tablet":{"background-color":"","background-image":"","background-repeat":"repeat","background-position":"center center","background-size":"auto","background-attachment":"scroll","background-type":"","background-media":"","overlay-type":"","overlay-color":"","overlay-opacity":"","overlay-gradient":""},"mobile":{"background-color":"","background-image":"","background-repeat":"repeat","background-position":"center center","background-size":"auto","background-attachment":"scroll","background-type":"","background-media":"","overlay-type":"","overlay-color":"","overlay-opacity":"","overlay-gradient":""}},"ast-content-background-meta":{"desktop":{"background-color":"var(--ast-global-color-5)","background-image":"","background-repeat":"repeat","background-position":"center center","background-size":"auto","background-attachment":"scroll","background-type":"","background-media":"","overlay-type":"","overlay-color":"","overlay-opacity":"","overlay-gradient":""},"tablet":{"background-color":"var(--ast-global-color-5)","background-image":"","background-repeat":"repeat","background-position":"center center","background-size":"auto","background-attachment":"scroll","background-type":"","background-media":"","overlay-type":"","overlay-color":"","overlay-opacity":"","overlay-gradient":""},"mobile":{"background-color":"var(--ast-global-color-5)","background-image":"","background-repeat":"repeat","background-position":"center center","background-size":"auto","background-attachment":"scroll","background-type":"","background-media":"","overlay-type":"","overlay-color":"","overlay-opacity":"","overlay-gradient":""}}},"product_brand":[],"product_cat":[940,941,939],"product_tag":[],"class_list":{"0":"post-17418","1":"product","2":"type-product","3":"status-publish","4":"has-post-thumbnail","6":"product_cat-avec-filtres-electro-optiques","7":"product_cat-dc-1-2","8":"product_cat-masques-de-soudure","9":"desktop-align-left","10":"tablet-align-left","11":"mobile-align-left","12":"ast-product-gallery-layout-horizontal-slider","13":"ast-product-single-variable","14":"ast-product-tabs-layout-horizontal","16":"first","17":"onbackorder","18":"taxable","19":"shipping-taxable","20":"purchasable","21":"product-type-variable"},"_links":{"self":[{"href":"https:\/\/dacarcomercial.com\/fr\/wp-json\/wp\/v2\/product\/17418","targetHints":{"allow":["GET"]}}],"collection":[{"href":"https:\/\/dacarcomercial.com\/fr\/wp-json\/wp\/v2\/product"}],"about":[{"href":"https:\/\/dacarcomercial.com\/fr\/wp-json\/wp\/v2\/types\/product"}],"version-history":[{"count":0,"href":"https:\/\/dacarcomercial.com\/fr\/wp-json\/wp\/v2\/product\/17418\/revisions"}],"wp:featuredmedia":[{"embeddable":true,"href":"https:\/\/dacarcomercial.com\/fr\/wp-json\/wp\/v2\/media\/6930"}],"wp:attachment":[{"href":"https:\/\/dacarcomercial.com\/fr\/wp-json\/wp\/v2\/media?parent=17418"}],"wp:term":[{"taxonomy":"product_brand","embeddable":true,"href":"https:\/\/dacarcomercial.com\/fr\/wp-json\/wp\/v2\/product_brand?post=17418"},{"taxonomy":"product_cat","embeddable":true,"href":"https:\/\/dacarcomercial.com\/fr\/wp-json\/wp\/v2\/product_cat?post=17418"},{"taxonomy":"product_tag","embeddable":true,"href":"https:\/\/dacarcomercial.com\/fr\/wp-json\/wp\/v2\/product_tag?post=17418"}],"curies":[{"name":"wp","href":"https:\/\/api.w.org\/{rel}","templated":true}]}}