{"id":17428,"date":"2021-03-06T16:44:56","date_gmt":"2021-03-06T15:44:56","guid":{"rendered":"http:\/\/dacarcomercial.com\/producto\/17428\/"},"modified":"2024-07-01T10:06:21","modified_gmt":"2024-07-01T08:06:21","slug":"masque-a-souder-dc-1-multi-xi","status":"publish","type":"product","link":"https:\/\/dacarcomercial.com\/fr\/producto\/masque-a-souder-dc-1-multi-xi\/","title":{"rendered":"Masque \u00e0 souder DC-1 Multi XI"},"content":{"rendered":"<h2><strong>Masque \u00e0 souder DC-1 Multi XI:<\/strong><\/h2>\n<ul>\n<li>Conception et fabrication en Espagne<\/li>\n<li>Poids plume de seulement 330 g (filtre optique non inclus)<\/li>\n<li>Serre-t\u00eate avec Dispositif R\u00e9ducteur de Pression (DRP) et Dispositif R\u00e9partiteur de Masse (DRM)<\/li>\n<li>Compatible avec filtres \u00e9lectroniques et passifs de 90 x 110 mm<\/li>\n<li>Excellente protection du visage, du cou et des oreilles face \u00e0 aux radiations lumineuses et les projections<\/li>\n<li>\u00c9cran de protection ext\u00e9rieur changeable facilement depuis l&rsquo;ext\u00e9rieur sans n\u00e9cessit\u00e9 d&rsquo;enlever le filtre principal<\/li>\n<li>Fen\u00eatre ext\u00e9rieure qui soutient l&rsquo;\u00e9cran de protection en place pour \u00e9viter que les projections ou fum\u00e9es de soudure p\u00e9n\u00e8trent dans la zone comprise entre l&rsquo;\u00e9cran et le filtre oculaire<\/li>\n<li>Frontal concave pour une vision sans reflets g\u00eanants et meilleure \u00e9vacuation des fum\u00e9es de soudure<\/li>\n<li>Certification en classe S de la EN175 pour la r\u00e9sistance aux impacts<\/li>\n<li>Compatible avec casques de chantier Rockman, Terano et Montana<\/li>\n<li>Compatible avec ensembles moto-ventil\u00e9s\u00a0<a href=\"https:\/\/dacarcomercial.com\/fr\/categorias-productos\/protection-respiratoire\/cleanair-2\/\">CleanAIR<\/a>.<\/li>\n<\/ul>\n<p><strong>Filtre \u00e9lectronique MULTI XI (ADF 718I PRO): <\/strong><\/p>\n<ul>\n<li>Grand champ de vision<\/li>\n<li>Teinte claire grise ultra-claire avec LCD True Color de derni\u00e8re g\u00e9n\u00e9ration<\/li>\n<li>Double gamme de teintes fonc\u00e9es variable DIN 5 \u00e0 8 et 9 \u00e0 13 en continu<\/li>\n<li>Retour de fonc\u00e9e \u00e0 claire et sensibilit\u00e9 r\u00e9glables<\/li>\n<li>Fonction meulage<\/li>\n<li>S\u00e9lecteurs internes<\/li>\n<li>Alimentation solaire + pile CR2032 changeable<\/li>\n<li>4 capteurs photo\u00e9lectriques<\/li>\n<li>Qualit\u00e9 optique 1\/1\/1\/2.<\/li>\n<li>Champ de vision: 100 x 53 mm.<\/li>\n<li>Temps de r\u00e9action: 0,04 ms. CE EN 379<\/li>\n<li>2 ans de garantie<\/li>\n<\/ul>\n","protected":false},"excerpt":{"rendered":"<p>Ne pesant que 330 grammes (filtre \u00e9lectronique non inclus), sa l\u00e9g\u00e8ret\u00e9 fait du masque de soudage DC-1 l\u2019outil parfait pour les soudeurs amateurs et professionnels qui doivent porter le masque pendant de nombreuses heures.<\/p>\n<p><strong>Conception et fabrication en Espagne.<\/strong><\/p>\n<p>En combinaison avec le serre-t\u00eate avec Dispositif R\u00e9ducteur de Pression (DRP) et Dispositif R\u00e9partiteur de Masse (DRM), le masque \u00e0 souder DC-1 est l\u2019un des plus confortables \u00e0 porter que vous puissiez trouver sur le march\u00e9. Son design compact, mais avec une grande couverture du visage, du cou et des oreilles, offre une protection maximale contre les projections ainsi que les rayons nocifs du soudage. Il est disponible en diff\u00e9rentes couleurs pour s\u2019adapter \u00e0 la personnalit\u00e9 de chaque utilisateur.<\/p>\n<p>Il int\u00e8gre le filtre MULTI XI avec un large champ de vision, 4 capteurs et un LCD gris ultra-clair de derni\u00e8re g\u00e9n\u00e9ration qui offre d&rsquo;excellentes performances dans tous les types de soudage. Sans commandes externes et avec le design ergonomique du casque DC-1, vous pourrez acc\u00e9der \u00e0 tous les coins de soudure facilement et confortablement, quel que soit le type de soudure ou l&rsquo;amp\u00e9rage utilis\u00e9 gr\u00e2ce \u00e0 ses r\u00e9glages de sensibilit\u00e9 \u00e0 l&rsquo;arc et au temps de clarification. Sa teinte claire ultra-claire vous permettra de visualiser la zone de travail m\u00eame lorsqu&rsquo;il y a peu de lumi\u00e8re ambiante.<\/p>\n<p><em>Les produits Dacar peuvent \u00eatre achet\u00e9s en ligne ou via notre r\u00e9seau de distributeurs. N\u00b4h\u00e9sitez pas \u00e0 nous consulter votre revendeur le plus proche !<\/em><\/p>\n","protected":false},"featured_media":25314,"template":"","meta":{"site-sidebar-layout":"default","site-content-layout":"default","ast-site-content-layout":"default","site-content-style":"default","site-sidebar-style":"default","ast-global-header-display":"","ast-banner-title-visibility":"","ast-main-header-display":"","ast-hfb-above-header-display":"","ast-hfb-below-header-display":"","ast-hfb-mobile-header-display":"","site-post-title":"","ast-breadcrumbs-content":"","ast-featured-img":"","footer-sml-layout":"","ast-disable-related-posts":"","theme-transparent-header-meta":"default","adv-header-id-meta":"","stick-header-meta":"default","header-above-stick-meta":"","header-main-stick-meta":"","header-below-stick-meta":"","astra-migrate-meta-layouts":"set","ast-page-background-enabled":"default","ast-page-background-meta":{"desktop":{"background-color":"","background-image":"","background-repeat":"repeat","background-position":"center center","background-size":"auto","background-attachment":"scroll","background-type":"","background-media":"","overlay-type":"","overlay-color":"","overlay-opacity":"","overlay-gradient":""},"tablet":{"background-color":"","background-image":"","background-repeat":"repeat","background-position":"center center","background-size":"auto","background-attachment":"scroll","background-type":"","background-media":"","overlay-type":"","overlay-color":"","overlay-opacity":"","overlay-gradient":""},"mobile":{"background-color":"","background-image":"","background-repeat":"repeat","background-position":"center center","background-size":"auto","background-attachment":"scroll","background-type":"","background-media":"","overlay-type":"","overlay-color":"","overlay-opacity":"","overlay-gradient":""}},"ast-content-background-meta":{"desktop":{"background-color":"var(--ast-global-color-5)","background-image":"","background-repeat":"repeat","background-position":"center center","background-size":"auto","background-attachment":"scroll","background-type":"","background-media":"","overlay-type":"","overlay-color":"","overlay-opacity":"","overlay-gradient":""},"tablet":{"background-color":"var(--ast-global-color-5)","background-image":"","background-repeat":"repeat","background-position":"center center","background-size":"auto","background-attachment":"scroll","background-type":"","background-media":"","overlay-type":"","overlay-color":"","overlay-opacity":"","overlay-gradient":""},"mobile":{"background-color":"var(--ast-global-color-5)","background-image":"","background-repeat":"repeat","background-position":"center center","background-size":"auto","background-attachment":"scroll","background-type":"","background-media":"","overlay-type":"","overlay-color":"","overlay-opacity":"","overlay-gradient":""}}},"product_brand":[],"product_cat":[940,941,939],"product_tag":[],"class_list":{"0":"post-17428","1":"product","2":"type-product","3":"status-publish","4":"has-post-thumbnail","6":"product_cat-avec-filtres-electro-optiques","7":"product_cat-dc-1-2","8":"product_cat-masques-de-soudure","9":"desktop-align-left","10":"tablet-align-left","11":"mobile-align-left","12":"ast-product-gallery-layout-horizontal-slider","13":"ast-product-single-variable","14":"ast-product-tabs-layout-horizontal","16":"first","17":"instock","18":"taxable","19":"shipping-taxable","20":"purchasable","21":"product-type-variable"},"_links":{"self":[{"href":"https:\/\/dacarcomercial.com\/fr\/wp-json\/wp\/v2\/product\/17428","targetHints":{"allow":["GET"]}}],"collection":[{"href":"https:\/\/dacarcomercial.com\/fr\/wp-json\/wp\/v2\/product"}],"about":[{"href":"https:\/\/dacarcomercial.com\/fr\/wp-json\/wp\/v2\/types\/product"}],"version-history":[{"count":0,"href":"https:\/\/dacarcomercial.com\/fr\/wp-json\/wp\/v2\/product\/17428\/revisions"}],"wp:featuredmedia":[{"embeddable":true,"href":"https:\/\/dacarcomercial.com\/fr\/wp-json\/wp\/v2\/media\/25314"}],"wp:attachment":[{"href":"https:\/\/dacarcomercial.com\/fr\/wp-json\/wp\/v2\/media?parent=17428"}],"wp:term":[{"taxonomy":"product_brand","embeddable":true,"href":"https:\/\/dacarcomercial.com\/fr\/wp-json\/wp\/v2\/product_brand?post=17428"},{"taxonomy":"product_cat","embeddable":true,"href":"https:\/\/dacarcomercial.com\/fr\/wp-json\/wp\/v2\/product_cat?post=17428"},{"taxonomy":"product_tag","embeddable":true,"href":"https:\/\/dacarcomercial.com\/fr\/wp-json\/wp\/v2\/product_tag?post=17428"}],"curies":[{"name":"wp","href":"https:\/\/api.w.org\/{rel}","templated":true}]}}