{"id":17438,"date":"2021-03-06T16:45:06","date_gmt":"2021-03-06T15:45:06","guid":{"rendered":"http:\/\/dacarcomercial.com\/producto\/17438\/"},"modified":"2024-07-01T12:31:10","modified_gmt":"2024-07-01T10:31:10","slug":"masque-a-souder-dc-2-multi-xe","status":"publish","type":"product","link":"https:\/\/dacarcomercial.com\/fr\/producto\/masque-a-souder-dc-2-multi-xe\/","title":{"rendered":"Masque \u00e0 souder DC-2 Multi-XE"},"content":{"rendered":"<h2><strong>Masque \u00e0 souder DC-2:<\/strong><\/h2>\n<ul>\n<li>Conception et fabrication en Espagne<\/li>\n<li>Pour filtres passifs et \u00e9lectroniques de dimensions 90 x 110 mm.<\/li>\n<li>Masque avec fa\u00e7ade avant type \u201csandwich\u201d pour une parfaite fixation de l&rsquo;\u00e9cran de protection face aux impacts, comprenant \u00e9galement contre le masque pour que les fum\u00e9es et projections ne puissent p\u00e9n\u00e9trer dans l\u00b4espace compris entre celui-ci et le filtre \u00e9lectronique<\/li>\n<li>Serre-t\u00eate avec Dispositif R\u00e9ducteur de Pression (DRP) et Dispositif R\u00e9partiteur de Masse (DRM)<\/li>\n<li>Excellente protection du visage, du cou et des oreilles face aux radiations lumineuses et les projections<\/li>\n<li>Poids de seulement 360 gr. (filtre optique non inclus)<\/li>\n<li>Certification en classe B de la EN175 pour la r\u00e9sistance aux impacts<\/li>\n<li>Compatible avec casques de chantier Rockman, Terano et Montana<\/li>\n<li>Compatible avec ensembles moto-ventil\u00e9s\u00a0<a href=\"https:\/\/dacarcomercial.com\/fr\/categorias-productos\/dacair-2\/\">DACAiR<\/a>\u00a0et\u00a0<a href=\"https:\/\/dacarcomercial.com\/fr\/categorias-productos\/protection-respiratoire\/cleanair-2\/\">CleanAIR<\/a>.<\/li>\n<\/ul>\n<p><strong>Filtre \u00e9lectronique <\/strong><strong>MULTI XE (ADF718G PRO): <\/strong><\/p>\n<ul>\n<li>Grand champ de vision<\/li>\n<li>Teinte claire grise ultra-claire avec LCD True Color de derni\u00e8re g\u00e9n\u00e9ration<\/li>\n<li>Teinte fonc\u00e9e variable avec potentiom\u00e8tre externe et s\u00e9lecteur interne de la gamme DIN 5-8 ou 9-13<\/li>\n<li>Retour de fonc\u00e9e \u00e0 claire et sensibilit\u00e9 r\u00e9glables avec s\u00e9lecteurs internes<\/li>\n<li>Fonction meulage avec interrupteur int\u00e9gr\u00e9 au potentiom\u00e8tre de r\u00e9glage de la teinte fonc\u00e9e<\/li>\n<li>Alimentation solaire + pile CR2032 changeable<\/li>\n<li>4 capteurs photo\u00e9lectriques<\/li>\n<li>Qualit\u00e9 optique 1\/1\/1\/2.<\/li>\n<li>Champ de vision: 100 x 53 mm.<\/li>\n<li>Temps de r\u00e9action: 0,04 ms.<\/li>\n<li>2 ans de garantie<\/li>\n<\/ul>\n","protected":false},"excerpt":{"rendered":"<p>Le <strong>Masque \u00e0 souder DC-2<\/strong> est destin\u00e9 \u00e0 \u00eatre utilis\u00e9 dans des conditions d\u00e9favorables avec un amp\u00e9rage de soudage \u00e9lev\u00e9, des temp\u00e9ratures \u00e9lev\u00e9es ou un risque d\u2019impact lors des travaux de meulage.<\/p>\n<p><strong>Conception et fabrication en Espagne.<\/strong><\/p>\n<p>Le cadre ext\u00e9rieur comprime l&rsquo;\u00e9cran de protection du filtre avec le masque, offrant une meilleure \u00e9tanch\u00e9it\u00e9 contre l\u2019entr\u00e9e de fum\u00e9es et de projections. Cela garantit une vue claire et emp\u00eache le filtre \u00e9lectronique d\u2019\u00eatre endommag\u00e9. Le plus grand volume d\u2019espace entre l&rsquo;\u00e9cran de protection et le filtre fournit \u00e9galement une meilleure isolation thermique \u00e0 la fois au filtre \u00e9lectronique et au visage du soudeur. Serre-t\u00eate avec Dispositif R\u00e9ducteur de Pression (DRP) et Dispositif R\u00e9partiteur de Masse (DRM).<\/p>\n<p>\u00c9quip\u00e9 du filtre \u00e9lectronique MULTI XE, le bouton de r\u00e9glage de la tonalit\u00e9 sombre est accessible sur le c\u00f4t\u00e9 ext\u00e9rieur du masque pour un r\u00e9glage sans avoir \u00e0 retirer le masque ni arr\u00eater le soudage. Sa fonction de verrouillage de la teinte claire int\u00e9gr\u00e9e dans le bouton de r\u00e9glage de la teinte fonc\u00e9e vous permettra de passer du mode soudage au mode meulage facilement et rapidement. Son large champ de vision avec \u00e9cran LCD ultra-clair dot\u00e9 de la derni\u00e8re technologie True Color vous convaincra!<\/p>\n<p><em>Les produits Dacar peuvent \u00eatre achet\u00e9s en ligne ou via notre r\u00e9seau de distributeurs. N\u00b4h\u00e9sitez pas \u00e0 nous consulter votre revendeur le plus proche !<\/em><\/p>\n","protected":false},"featured_media":25650,"template":"","meta":{"site-sidebar-layout":"default","site-content-layout":"default","ast-site-content-layout":"default","site-content-style":"default","site-sidebar-style":"default","ast-global-header-display":"","ast-banner-title-visibility":"","ast-main-header-display":"","ast-hfb-above-header-display":"","ast-hfb-below-header-display":"","ast-hfb-mobile-header-display":"","site-post-title":"","ast-breadcrumbs-content":"","ast-featured-img":"","footer-sml-layout":"","ast-disable-related-posts":"","theme-transparent-header-meta":"default","adv-header-id-meta":"","stick-header-meta":"default","header-above-stick-meta":"","header-main-stick-meta":"","header-below-stick-meta":"","astra-migrate-meta-layouts":"set","ast-page-background-enabled":"default","ast-page-background-meta":{"desktop":{"background-color":"","background-image":"","background-repeat":"repeat","background-position":"center center","background-size":"auto","background-attachment":"scroll","background-type":"","background-media":"","overlay-type":"","overlay-color":"","overlay-opacity":"","overlay-gradient":""},"tablet":{"background-color":"","background-image":"","background-repeat":"repeat","background-position":"center center","background-size":"auto","background-attachment":"scroll","background-type":"","background-media":"","overlay-type":"","overlay-color":"","overlay-opacity":"","overlay-gradient":""},"mobile":{"background-color":"","background-image":"","background-repeat":"repeat","background-position":"center center","background-size":"auto","background-attachment":"scroll","background-type":"","background-media":"","overlay-type":"","overlay-color":"","overlay-opacity":"","overlay-gradient":""}},"ast-content-background-meta":{"desktop":{"background-color":"var(--ast-global-color-5)","background-image":"","background-repeat":"repeat","background-position":"center center","background-size":"auto","background-attachment":"scroll","background-type":"","background-media":"","overlay-type":"","overlay-color":"","overlay-opacity":"","overlay-gradient":""},"tablet":{"background-color":"var(--ast-global-color-5)","background-image":"","background-repeat":"repeat","background-position":"center center","background-size":"auto","background-attachment":"scroll","background-type":"","background-media":"","overlay-type":"","overlay-color":"","overlay-opacity":"","overlay-gradient":""},"mobile":{"background-color":"var(--ast-global-color-5)","background-image":"","background-repeat":"repeat","background-position":"center center","background-size":"auto","background-attachment":"scroll","background-type":"","background-media":"","overlay-type":"","overlay-color":"","overlay-opacity":"","overlay-gradient":""}}},"product_brand":[],"product_cat":[940,942,939],"product_tag":[],"class_list":{"0":"post-17438","1":"product","2":"type-product","3":"status-publish","4":"has-post-thumbnail","6":"product_cat-avec-filtres-electro-optiques","7":"product_cat-dc-2-2","8":"product_cat-masques-de-soudure","9":"desktop-align-left","10":"tablet-align-left","11":"mobile-align-left","12":"ast-product-gallery-layout-horizontal-slider","13":"ast-product-single-variable","14":"ast-product-tabs-layout-horizontal","16":"first","17":"instock","18":"taxable","19":"shipping-taxable","20":"purchasable","21":"product-type-variable"},"_links":{"self":[{"href":"https:\/\/dacarcomercial.com\/fr\/wp-json\/wp\/v2\/product\/17438","targetHints":{"allow":["GET"]}}],"collection":[{"href":"https:\/\/dacarcomercial.com\/fr\/wp-json\/wp\/v2\/product"}],"about":[{"href":"https:\/\/dacarcomercial.com\/fr\/wp-json\/wp\/v2\/types\/product"}],"version-history":[{"count":0,"href":"https:\/\/dacarcomercial.com\/fr\/wp-json\/wp\/v2\/product\/17438\/revisions"}],"wp:featuredmedia":[{"embeddable":true,"href":"https:\/\/dacarcomercial.com\/fr\/wp-json\/wp\/v2\/media\/25650"}],"wp:attachment":[{"href":"https:\/\/dacarcomercial.com\/fr\/wp-json\/wp\/v2\/media?parent=17438"}],"wp:term":[{"taxonomy":"product_brand","embeddable":true,"href":"https:\/\/dacarcomercial.com\/fr\/wp-json\/wp\/v2\/product_brand?post=17438"},{"taxonomy":"product_cat","embeddable":true,"href":"https:\/\/dacarcomercial.com\/fr\/wp-json\/wp\/v2\/product_cat?post=17438"},{"taxonomy":"product_tag","embeddable":true,"href":"https:\/\/dacarcomercial.com\/fr\/wp-json\/wp\/v2\/product_tag?post=17438"}],"curies":[{"name":"wp","href":"https:\/\/api.w.org\/{rel}","templated":true}]}}