{"id":17476,"date":"2021-03-06T16:45:27","date_gmt":"2021-03-06T15:45:27","guid":{"rendered":"http:\/\/dacarcomercial.com\/producto\/dc-4-v958i-plus\/"},"modified":"2024-07-01T09:51:21","modified_gmt":"2024-07-01T07:51:21","slug":"masque-a-souder-dc-4-v958i-plus","status":"publish","type":"product","link":"https:\/\/dacarcomercial.com\/fr\/producto\/masque-a-souder-dc-4-v958i-plus\/","title":{"rendered":"Masque \u00e0 souder DC-4 V958I Plus"},"content":{"rendered":"\t\t<div data-elementor-type=\"product-post\" data-elementor-id=\"17476\" class=\"elementor elementor-17476 elementor-14651\" data-elementor-post-type=\"product\">\n\t\t\t\t\t\t<section class=\"elementor-section elementor-top-section elementor-element elementor-element-bf6bffe elementor-section-boxed elementor-section-height-default elementor-section-height-default\" data-id=\"bf6bffe\" data-element_type=\"section\" data-e-type=\"section\" data-settings=\"{&quot;jet_parallax_layout_list&quot;:[]}\">\n\t\t\t\t\t\t<div class=\"elementor-container elementor-column-gap-default\">\n\t\t\t\t\t<div class=\"elementor-column elementor-col-100 elementor-top-column elementor-element elementor-element-996f8cd\" data-id=\"996f8cd\" data-element_type=\"column\" data-e-type=\"column\">\n\t\t\t<div class=\"elementor-widget-wrap elementor-element-populated\">\n\t\t\t\t\t\t<div class=\"elementor-element elementor-element-c593f9e elementor-widget elementor-widget-video\" data-id=\"c593f9e\" data-element_type=\"widget\" data-e-type=\"widget\" data-settings=\"{&quot;youtube_url&quot;:&quot;https:\\\/\\\/www.youtube.com\\\/watch?v=Kp6Vra8Qu-w&quot;,&quot;video_type&quot;:&quot;youtube&quot;,&quot;controls&quot;:&quot;yes&quot;}\" data-widget_type=\"video.default\">\n\t\t\t\t<div class=\"elementor-widget-container\">\n\t\t\t\t\t\t\t<div class=\"elementor-wrapper elementor-open-inline\">\n\t\t\t<div class=\"elementor-video\"><\/div>\t\t<\/div>\n\t\t\t\t\t\t<\/div>\n\t\t\t\t<\/div>\n\t\t\t\t\t<\/div>\n\t\t<\/div>\n\t\t\t\t\t<\/div>\n\t\t<\/section>\n\t\t\t\t<section class=\"elementor-section elementor-top-section elementor-element elementor-element-ae2c179 elementor-section-boxed elementor-section-height-default elementor-section-height-default\" data-id=\"ae2c179\" data-element_type=\"section\" data-e-type=\"section\" data-settings=\"{&quot;jet_parallax_layout_list&quot;:[]}\">\n\t\t\t\t\t\t<div class=\"elementor-container elementor-column-gap-default\">\n\t\t\t\t\t<div class=\"elementor-column elementor-col-100 elementor-top-column elementor-element elementor-element-681a3e32\" data-id=\"681a3e32\" data-element_type=\"column\" data-e-type=\"column\">\n\t\t\t<div class=\"elementor-widget-wrap elementor-element-populated\">\n\t\t\t\t\t\t<div class=\"elementor-element elementor-element-5c5112a9 elementor-widget elementor-widget-text-editor\" data-id=\"5c5112a9\" data-element_type=\"widget\" data-e-type=\"widget\" data-widget_type=\"text-editor.default\">\n\t\t\t\t<div class=\"elementor-widget-container\">\n\t\t\t\t\t\t\t\t\t<h2><strong>Casque de soudage DC-4 V958I Plus :<\/strong><\/h2><ul><li>Conception et fabrication espagnoles.<\/li><li>Avec fen\u00eatre pour filtres \u00e9lectroniques 133 x 114 mm.<\/li><li>Protection maximale du visage, du cou et des oreilles contre les rayonnements lumineux et les projections de soudure.<\/li><li>Avec DRM<\/li><li>Avec une peinture m\u00e9tallis\u00e9e bronze fonc\u00e9<\/li><li>Poids seulement 500 gr.<\/li><li>Filtre \u00e9lectronique V958I Plus inclus.<\/li><li>Compatible avec les casques de travail Rockman, Terano et Montana.<\/li><\/ul><h2><strong>Filtre \u00e9lectronique soudeur Grand V958I Plus (ADF958I PLUS)<\/strong><\/h2><ul><li>Champ de vision XXL<\/li><li>Teinte claire grise ultra-claire avec LCD True Color de derni\u00e8re g\u00e9n\u00e9ration<\/li><li>Double \u00e9chelle de teintes fonc\u00e9es (DIN 5 \u00e0 8 et DIN 9 \u00e0 13) en continu avec r\u00e9glage interne<\/li><li>Retour de fonc\u00e9e \u00e0 claire et sensibilit\u00e9 r\u00e9glables avec s\u00e9lecteurs internes<\/li><li>Fonction meulage avec s\u00e9lecteur interne<\/li><li>Alimentation solaire et pile lithium CR2450 rechangeable<\/li><li>4 capteurs d\u00b4arc pour une meilleure d\u00e9tection<\/li><li>Qualit\u00e9 optique 1\/1\/1\/1 CE EN379<\/li><li>Aire de vision: 98 x 87 mm.<\/li><li>Temps de r\u00e9action : 0,04 ms.<\/li><li>Pour travaux de soudage en TIG, MIG, MAG, \u00e9lectrode, soudure autog\u00e8ne, coupage, plasma et micro-plasma.<\/li><li>2 ans de garantie<\/li><\/ul>\t\t\t\t\t\t\t\t<\/div>\n\t\t\t\t<\/div>\n\t\t\t\t\t<\/div>\n\t\t<\/div>\n\t\t\t\t\t<\/div>\n\t\t<\/section>\n\t\t\t\t<\/div>\n\t\t","protected":false},"excerpt":{"rendered":"<p>Le champ de vision du <strong>Masque \u00e0 souder soudage DC-4 V958I Plus<\/strong> vous \u00e9tonnera. Avec un champ de vision extra-large (98 x 87 mm) et une clart\u00e9 imbattable, l&rsquo;utilisateur b\u00e9n\u00e9ficiera d&rsquo;un confort optimal tout au long de la journ\u00e9e de travail.<\/p>\n<p>La double rang\u00e9e de teintes fonc\u00e9es vous permettra son utilisation pour tous types de soudage, coupage, micro-plasma et meulage avec la fonction de blocage en teinte claire.<\/p>\n<p>Le <strong>Masque \u00e0 souder DC-4 V958I Plus<\/strong> offre un plus grand champ de vision gr\u00e2ce \u00e0 son \u00e9cran LCD \u00e0 grande surface de 98 x 87 mm et un plus grand confort gr\u00e2ce \u00e0 son serre-t\u00eate avec Dispositif R\u00e9ducteur de Pression (DRP) et Dispositif R\u00e9partiteur de Masse (DRM). Ce dispositif r\u00e9duit la tension sur le cou et r\u00e9partit le poids du masque plus uniform\u00e9ment sur la t\u00eate, ce qui produit une sensation de moindre poids. De plus, la conception ergonomique prot\u00e8ge efficacement toutes les parties du visage des projections ainsi que de la lumi\u00e8re nocive produite par la soudure.<\/p>\n<p><em>Les produits Dacar peuvent \u00eatre achet\u00e9s en ligne ou via notre r\u00e9seau de distributeurs. N\u00b4h\u00e9sitez pas \u00e0 nous consulter votre revendeur le plus proche !<\/em><\/p>\n","protected":false},"featured_media":40746,"template":"","meta":{"site-sidebar-layout":"default","site-content-layout":"default","ast-site-content-layout":"default","site-content-style":"default","site-sidebar-style":"default","ast-global-header-display":"","ast-banner-title-visibility":"","ast-main-header-display":"","ast-hfb-above-header-display":"","ast-hfb-below-header-display":"","ast-hfb-mobile-header-display":"","site-post-title":"","ast-breadcrumbs-content":"","ast-featured-img":"","footer-sml-layout":"","ast-disable-related-posts":"","theme-transparent-header-meta":"default","adv-header-id-meta":"","stick-header-meta":"default","header-above-stick-meta":"","header-main-stick-meta":"","header-below-stick-meta":"","astra-migrate-meta-layouts":"set","ast-page-background-enabled":"default","ast-page-background-meta":{"desktop":{"background-color":"","background-image":"","background-repeat":"repeat","background-position":"center center","background-size":"auto","background-attachment":"scroll","background-type":"","background-media":"","overlay-type":"","overlay-color":"","overlay-opacity":"","overlay-gradient":""},"tablet":{"background-color":"","background-image":"","background-repeat":"repeat","background-position":"center center","background-size":"auto","background-attachment":"scroll","background-type":"","background-media":"","overlay-type":"","overlay-color":"","overlay-opacity":"","overlay-gradient":""},"mobile":{"background-color":"","background-image":"","background-repeat":"repeat","background-position":"center center","background-size":"auto","background-attachment":"scroll","background-type":"","background-media":"","overlay-type":"","overlay-color":"","overlay-opacity":"","overlay-gradient":""}},"ast-content-background-meta":{"desktop":{"background-color":"var(--ast-global-color-5)","background-image":"","background-repeat":"repeat","background-position":"center center","background-size":"auto","background-attachment":"scroll","background-type":"","background-media":"","overlay-type":"","overlay-color":"","overlay-opacity":"","overlay-gradient":""},"tablet":{"background-color":"var(--ast-global-color-5)","background-image":"","background-repeat":"repeat","background-position":"center center","background-size":"auto","background-attachment":"scroll","background-type":"","background-media":"","overlay-type":"","overlay-color":"","overlay-opacity":"","overlay-gradient":""},"mobile":{"background-color":"var(--ast-global-color-5)","background-image":"","background-repeat":"repeat","background-position":"center center","background-size":"auto","background-attachment":"scroll","background-type":"","background-media":"","overlay-type":"","overlay-color":"","overlay-opacity":"","overlay-gradient":""}}},"product_brand":[],"product_cat":[940,945,939],"product_tag":[],"class_list":{"0":"post-17476","1":"product","2":"type-product","3":"status-publish","4":"has-post-thumbnail","6":"product_cat-avec-filtres-electro-optiques","7":"product_cat-dc-4-2","8":"product_cat-masques-de-soudure","9":"desktop-align-left","10":"tablet-align-left","11":"mobile-align-left","12":"ast-product-gallery-layout-horizontal-slider","13":"ast-product-tabs-layout-horizontal","15":"first","16":"instock","17":"taxable","18":"shipping-taxable","19":"purchasable","20":"product-type-simple"},"_links":{"self":[{"href":"https:\/\/dacarcomercial.com\/fr\/wp-json\/wp\/v2\/product\/17476","targetHints":{"allow":["GET"]}}],"collection":[{"href":"https:\/\/dacarcomercial.com\/fr\/wp-json\/wp\/v2\/product"}],"about":[{"href":"https:\/\/dacarcomercial.com\/fr\/wp-json\/wp\/v2\/types\/product"}],"version-history":[{"count":0,"href":"https:\/\/dacarcomercial.com\/fr\/wp-json\/wp\/v2\/product\/17476\/revisions"}],"wp:featuredmedia":[{"embeddable":true,"href":"https:\/\/dacarcomercial.com\/fr\/wp-json\/wp\/v2\/media\/40746"}],"wp:attachment":[{"href":"https:\/\/dacarcomercial.com\/fr\/wp-json\/wp\/v2\/media?parent=17476"}],"wp:term":[{"taxonomy":"product_brand","embeddable":true,"href":"https:\/\/dacarcomercial.com\/fr\/wp-json\/wp\/v2\/product_brand?post=17476"},{"taxonomy":"product_cat","embeddable":true,"href":"https:\/\/dacarcomercial.com\/fr\/wp-json\/wp\/v2\/product_cat?post=17476"},{"taxonomy":"product_tag","embeddable":true,"href":"https:\/\/dacarcomercial.com\/fr\/wp-json\/wp\/v2\/product_tag?post=17476"}],"curies":[{"name":"wp","href":"https:\/\/api.w.org\/{rel}","templated":true}]}}