{"id":17482,"date":"2021-03-06T16:45:27","date_gmt":"2021-03-06T15:45:27","guid":{"rendered":"http:\/\/dacarcomercial.com\/producto\/17482\/"},"modified":"2024-07-01T11:01:09","modified_gmt":"2024-07-01T09:01:09","slug":"masque-a-souder-dc-1-330","status":"publish","type":"product","link":"https:\/\/dacarcomercial.com\/fr\/producto\/masque-a-souder-dc-1-330\/","title":{"rendered":"Masque \u00e0 souder DC-1 330"},"content":{"rendered":"<h2>Caract\u00e9ristiques du masque \u00e0 souder DC-1 330:<\/h2>\n<ul>\n<li><span class=\"ng-star-inserted\">Masque \u00e0 souder DC-1 noir<\/span><\/li>\n<li><span class=\"ng-star-inserted\">Filtre passif en verre min\u00e9ral 90 x 110 mm<\/span><\/li>\n<li><span class=\"ng-star-inserted\">Verre avec ar\u00eates polies pour \u00e9viter les coupures accidentelles<\/span><\/li>\n<li><span class=\"ng-star-inserted\">Poids total de 390 gr<\/span><\/li>\n<li><span class=\"ng-star-inserted\">CE EN 175 et EN 166<\/span><\/li>\n<li>Serre-t\u00eate avec Dispositif R\u00e9ducteur de Pression (DRP) et Dispositif R\u00e9partiteur de Masse (DRM)<\/li>\n<\/ul>\n","protected":false},"excerpt":{"rendered":"<p><span class=\"ng-star-inserted\">Le Masque \u00e0 souder DC-1 330, avec seulement 330 grammes de poids (filtre \u00e9lectronique non inclus), est l\u2019outil parfait pour les soudeurs amateurs et professionnels qui doivent porter le masque pendant de nombreuses heures.\u00a0<\/span><span class=\"ng-star-inserted\">En combinaison avec le serre-t\u00eate avec Dispositif R\u00e9ducteur de Pression (DRP) et Dispositif R\u00e9partiteur de Masse (DRM), le masque DC-1 est l\u2019un des plus confortables \u00e0 porter sur le march\u00e9. <\/span><span class=\"ng-star-inserted\">Son design compact, mais avec une grande couverture du visage, du cou et des oreilles, offre une protection maximale contre les projections ainsi que les rayons nocifs de la soudure.<\/span><\/p>\n<p><span class=\"ng-star-inserted\">Le Masque \u00e0 souder DC-1 330 est \u00e9quip\u00e9 d\u2019un verre \u00e0 souder de 90 x 110 mm avec des ar\u00eates polies pour \u00e9viter les coupures accidentelles lors de la manipulation. <\/span><span class=\"ng-star-inserted\">Vous pouvez choisir le ton du verre du ton 9 au ton 14 en fonction de vos besoins.<\/span><\/p>\n<p><em>Les produits Dacar peuvent \u00eatre achet\u00e9s en ligne ou via notre r\u00e9seau de distributeurs. N\u00b4h\u00e9sitez pas \u00e0 nous consulter votre revendeur le plus proche !<\/em><\/p>\n","protected":false},"featured_media":6519,"template":"","meta":{"site-sidebar-layout":"default","site-content-layout":"default","ast-site-content-layout":"default","site-content-style":"default","site-sidebar-style":"default","ast-global-header-display":"","ast-banner-title-visibility":"","ast-main-header-display":"","ast-hfb-above-header-display":"","ast-hfb-below-header-display":"","ast-hfb-mobile-header-display":"","site-post-title":"","ast-breadcrumbs-content":"","ast-featured-img":"","footer-sml-layout":"","ast-disable-related-posts":"","theme-transparent-header-meta":"default","adv-header-id-meta":"","stick-header-meta":"default","header-above-stick-meta":"","header-main-stick-meta":"","header-below-stick-meta":"","astra-migrate-meta-layouts":"set","ast-page-background-enabled":"default","ast-page-background-meta":{"desktop":{"background-color":"","background-image":"","background-repeat":"repeat","background-position":"center center","background-size":"auto","background-attachment":"scroll","background-type":"","background-media":"","overlay-type":"","overlay-color":"","overlay-opacity":"","overlay-gradient":""},"tablet":{"background-color":"","background-image":"","background-repeat":"repeat","background-position":"center center","background-size":"auto","background-attachment":"scroll","background-type":"","background-media":"","overlay-type":"","overlay-color":"","overlay-opacity":"","overlay-gradient":""},"mobile":{"background-color":"","background-image":"","background-repeat":"repeat","background-position":"center center","background-size":"auto","background-attachment":"scroll","background-type":"","background-media":"","overlay-type":"","overlay-color":"","overlay-opacity":"","overlay-gradient":""}},"ast-content-background-meta":{"desktop":{"background-color":"var(--ast-global-color-5)","background-image":"","background-repeat":"repeat","background-position":"center center","background-size":"auto","background-attachment":"scroll","background-type":"","background-media":"","overlay-type":"","overlay-color":"","overlay-opacity":"","overlay-gradient":""},"tablet":{"background-color":"var(--ast-global-color-5)","background-image":"","background-repeat":"repeat","background-position":"center center","background-size":"auto","background-attachment":"scroll","background-type":"","background-media":"","overlay-type":"","overlay-color":"","overlay-opacity":"","overlay-gradient":""},"mobile":{"background-color":"var(--ast-global-color-5)","background-image":"","background-repeat":"repeat","background-position":"center center","background-size":"auto","background-attachment":"scroll","background-type":"","background-media":"","overlay-type":"","overlay-color":"","overlay-opacity":"","overlay-gradient":""}}},"product_brand":[],"product_cat":[949,941,939],"product_tag":[],"class_list":{"0":"post-17482","1":"product","2":"type-product","3":"status-publish","4":"has-post-thumbnail","6":"product_cat-avec-verre-soudeur","7":"product_cat-dc-1-2","8":"product_cat-masques-de-soudure","9":"desktop-align-left","10":"tablet-align-left","11":"mobile-align-left","12":"ast-product-gallery-layout-horizontal-slider","13":"ast-product-single-variable","14":"ast-product-tabs-layout-horizontal","16":"first","17":"instock","18":"taxable","19":"shipping-taxable","20":"purchasable","21":"product-type-variable"},"_links":{"self":[{"href":"https:\/\/dacarcomercial.com\/fr\/wp-json\/wp\/v2\/product\/17482","targetHints":{"allow":["GET"]}}],"collection":[{"href":"https:\/\/dacarcomercial.com\/fr\/wp-json\/wp\/v2\/product"}],"about":[{"href":"https:\/\/dacarcomercial.com\/fr\/wp-json\/wp\/v2\/types\/product"}],"version-history":[{"count":0,"href":"https:\/\/dacarcomercial.com\/fr\/wp-json\/wp\/v2\/product\/17482\/revisions"}],"wp:featuredmedia":[{"embeddable":true,"href":"https:\/\/dacarcomercial.com\/fr\/wp-json\/wp\/v2\/media\/6519"}],"wp:attachment":[{"href":"https:\/\/dacarcomercial.com\/fr\/wp-json\/wp\/v2\/media?parent=17482"}],"wp:term":[{"taxonomy":"product_brand","embeddable":true,"href":"https:\/\/dacarcomercial.com\/fr\/wp-json\/wp\/v2\/product_brand?post=17482"},{"taxonomy":"product_cat","embeddable":true,"href":"https:\/\/dacarcomercial.com\/fr\/wp-json\/wp\/v2\/product_cat?post=17482"},{"taxonomy":"product_tag","embeddable":true,"href":"https:\/\/dacarcomercial.com\/fr\/wp-json\/wp\/v2\/product_tag?post=17482"}],"curies":[{"name":"wp","href":"https:\/\/api.w.org\/{rel}","templated":true}]}}