{"id":17512,"date":"2021-03-06T16:45:38","date_gmt":"2021-03-06T15:45:38","guid":{"rendered":"http:\/\/dacarcomercial.com\/producto\/17512\/"},"modified":"2026-04-24T09:20:03","modified_gmt":"2026-04-24T07:20:03","slug":"masque-a-souder-dc-1-avec-fenetre-relevable","status":"publish","type":"product","link":"https:\/\/dacarcomercial.com\/fr\/producto\/masque-a-souder-dc-1-avec-fenetre-relevable\/","title":{"rendered":"Masque \u00e0 souder DC-1 Flip avec fen\u00eatre relevable"},"content":{"rendered":"<h2>Caract\u00e9ristiques du masque \u00e0 souder DC-1 Flip :<\/h2>\n<ul>\n<li>Masque \u00e0 souder DC-1 Flip non peint (noir) avec verre min\u00e9ral de soudage de 51 x 108 mm log\u00e9 dans une fen\u00eatre relevable<\/li>\n<li>Pour alterner soudure avec meulage<\/li>\n<li>Cristal avec bords polis pour \u00e9viter toute coupure accidentelle lors de la manipulation<\/li>\n<li>Poids r\u00e9duit de seulement 430 gr pour un grand confort d\u00b4utilisation<\/li>\n<li>CE EN 175 et EN 166<\/li>\n<li>Serre-t\u00eate avec Dispositif R\u00e9ducteur de Pression (DRP) et Dispositif R\u00e9partiteur de Masse (DRM)<\/li>\n<\/ul>\n","protected":false},"excerpt":{"rendered":"<p>Le <strong>masque \u00e0 souder DC-1 Flip<\/strong>, qui ne p\u00e8se que 330 grammes (fen\u00eatre relevable et verre \u00e0 souder non inclus), est l&rsquo;outil id\u00e9al pour les soudeurs amateurs et professionnels qui doivent porter le casque pendant de longues heures. Combin\u00e9 au serre-t\u00eate avec Dispositif R\u00e9ducteur de Pression (DRP) et Dispositif R\u00e9partiteur de Masse (DRM), le casque DC-1 est l&rsquo;un des masques les plus confortables du march\u00e9.<\/p>\n<p>Sa fen\u00eatre rabattable avec une vitre de soudage de 51 x 108 mm aux bords polis vous permet de passer du mode soudage au mode meulage sans changer de casque, en tout confort.<\/p>\n<div class=\"elementor-element elementor-element-375c5fc ob-has-background-overlay elementor-widget elementor-widget-woocommerce-product-price\" data-id=\"375c5fc\" data-element_type=\"widget\" data-settings=\"{&quot;_ob_perspektive_use&quot;:&quot;no&quot;,&quot;_ob_poopart_use&quot;:&quot;yes&quot;,&quot;_ob_shadough_use&quot;:&quot;no&quot;,&quot;_ob_allow_hoveranimator&quot;:&quot;no&quot;,&quot;_ob_widget_stalker_use&quot;:&quot;no&quot;}\" data-widget_type=\"woocommerce-product-price.default\">\n<div class=\"elementor-widget-container\"><\/div>\n<\/div>\n","protected":false},"featured_media":38293,"template":"","meta":{"site-sidebar-layout":"default","site-content-layout":"default","ast-site-content-layout":"default","site-content-style":"default","site-sidebar-style":"default","ast-global-header-display":"","ast-banner-title-visibility":"","ast-main-header-display":"","ast-hfb-above-header-display":"","ast-hfb-below-header-display":"","ast-hfb-mobile-header-display":"","site-post-title":"","ast-breadcrumbs-content":"","ast-featured-img":"","footer-sml-layout":"","ast-disable-related-posts":"","theme-transparent-header-meta":"default","adv-header-id-meta":"","stick-header-meta":"default","header-above-stick-meta":"","header-main-stick-meta":"","header-below-stick-meta":"","astra-migrate-meta-layouts":"set","ast-page-background-enabled":"default","ast-page-background-meta":{"desktop":{"background-color":"","background-image":"","background-repeat":"repeat","background-position":"center center","background-size":"auto","background-attachment":"scroll","background-type":"","background-media":"","overlay-type":"","overlay-color":"","overlay-opacity":"","overlay-gradient":""},"tablet":{"background-color":"","background-image":"","background-repeat":"repeat","background-position":"center center","background-size":"auto","background-attachment":"scroll","background-type":"","background-media":"","overlay-type":"","overlay-color":"","overlay-opacity":"","overlay-gradient":""},"mobile":{"background-color":"","background-image":"","background-repeat":"repeat","background-position":"center center","background-size":"auto","background-attachment":"scroll","background-type":"","background-media":"","overlay-type":"","overlay-color":"","overlay-opacity":"","overlay-gradient":""}},"ast-content-background-meta":{"desktop":{"background-color":"var(--ast-global-color-5)","background-image":"","background-repeat":"repeat","background-position":"center center","background-size":"auto","background-attachment":"scroll","background-type":"","background-media":"","overlay-type":"","overlay-color":"","overlay-opacity":"","overlay-gradient":""},"tablet":{"background-color":"var(--ast-global-color-5)","background-image":"","background-repeat":"repeat","background-position":"center center","background-size":"auto","background-attachment":"scroll","background-type":"","background-media":"","overlay-type":"","overlay-color":"","overlay-opacity":"","overlay-gradient":""},"mobile":{"background-color":"var(--ast-global-color-5)","background-image":"","background-repeat":"repeat","background-position":"center center","background-size":"auto","background-attachment":"scroll","background-type":"","background-media":"","overlay-type":"","overlay-color":"","overlay-opacity":"","overlay-gradient":""}}},"product_brand":[],"product_cat":[941,943,939],"product_tag":[],"class_list":{"0":"post-17512","1":"product","2":"type-product","3":"status-publish","4":"has-post-thumbnail","6":"product_cat-dc-1-2","7":"product_cat-masques-avec-fenetre-relevable","8":"product_cat-masques-de-soudure","9":"desktop-align-left","10":"tablet-align-left","11":"mobile-align-left","12":"ast-product-gallery-layout-horizontal-slider","13":"ast-product-single-variable","14":"ast-product-tabs-layout-horizontal","16":"first","17":"instock","18":"taxable","19":"shipping-taxable","20":"purchasable","21":"product-type-variable"},"_links":{"self":[{"href":"https:\/\/dacarcomercial.com\/fr\/wp-json\/wp\/v2\/product\/17512","targetHints":{"allow":["GET"]}}],"collection":[{"href":"https:\/\/dacarcomercial.com\/fr\/wp-json\/wp\/v2\/product"}],"about":[{"href":"https:\/\/dacarcomercial.com\/fr\/wp-json\/wp\/v2\/types\/product"}],"version-history":[{"count":1,"href":"https:\/\/dacarcomercial.com\/fr\/wp-json\/wp\/v2\/product\/17512\/revisions"}],"predecessor-version":[{"id":55719,"href":"https:\/\/dacarcomercial.com\/fr\/wp-json\/wp\/v2\/product\/17512\/revisions\/55719"}],"wp:featuredmedia":[{"embeddable":true,"href":"https:\/\/dacarcomercial.com\/fr\/wp-json\/wp\/v2\/media\/38293"}],"wp:attachment":[{"href":"https:\/\/dacarcomercial.com\/fr\/wp-json\/wp\/v2\/media?parent=17512"}],"wp:term":[{"taxonomy":"product_brand","embeddable":true,"href":"https:\/\/dacarcomercial.com\/fr\/wp-json\/wp\/v2\/product_brand?post=17512"},{"taxonomy":"product_cat","embeddable":true,"href":"https:\/\/dacarcomercial.com\/fr\/wp-json\/wp\/v2\/product_cat?post=17512"},{"taxonomy":"product_tag","embeddable":true,"href":"https:\/\/dacarcomercial.com\/fr\/wp-json\/wp\/v2\/product_tag?post=17512"}],"curies":[{"name":"wp","href":"https:\/\/api.w.org\/{rel}","templated":true}]}}