{"id":17520,"date":"2021-03-06T16:45:50","date_gmt":"2021-03-06T15:45:50","guid":{"rendered":"http:\/\/dacarcomercial.com\/producto\/17520\/"},"modified":"2026-04-24T09:21:05","modified_gmt":"2026-04-24T07:21:05","slug":"masque-a-souder-dc-2-330-flip-gold","status":"publish","type":"product","link":"https:\/\/dacarcomercial.com\/fr\/producto\/masque-a-souder-dc-2-330-flip-gold\/","title":{"rendered":"Masque \u00e0 souder DC-2 330 Flip Gold"},"content":{"rendered":"<h2><strong>Caract\u00e9ristiques du masque \u00e0 souder DC-2 330 Flip Gold Noir<\/strong><\/h2>\n<ul>\n<li><strong>Conception et fabrication en Espagne<\/strong><\/li>\n<li>Masque de soudage DC-2 Flip non peint (noir) avec verre inactinique 90 x 110 mm avec miroir en or anti-chaleur pour le soudage avec un amp\u00e9rage \u00e9lev\u00e9 log\u00e9 dans une fen\u00eatre relevable<\/li>\n<li>Id\u00e9al pour combiner le soudage et le meulage<\/li>\n<li>Verre avec bords polis pour \u00e9viter les coupures accidentelles<\/li>\n<li>Poids l\u00e9ger de seulement 490 grammes pour un confort de port \u00e9lev\u00e9<\/li>\n<li>Certification: CE EN 175 et EN 166<\/li>\n<li>Serre-t\u00eate avec Dispositif R\u00e9ducteur de Pression (DRP) et Dispositif R\u00e9partiteur de Masse (DRM)<\/li>\n<\/ul>\n","protected":false},"excerpt":{"rendered":"<p>Le <strong>masque de soudure DC-2 330 Flip Gold Black<\/strong> est con\u00e7u pour \u00eatre utilis\u00e9 dans des conditions difficiles, avec des amp\u00e9rages de soudure \u00e9lev\u00e9s, des temp\u00e9ratures \u00e9lev\u00e9es ou des risques d&rsquo;impact lors de travaux de meulage. Le cadre ext\u00e9rieur comprime le couvercle du filtre avec le masque de soudure afin d&rsquo;assurer une meilleure \u00e9tanch\u00e9it\u00e9 contre les fum\u00e9es et les \u00e9claboussures. Gr\u00e2ce \u00e0 la fen\u00eatre relevable du masque de soudure DC-2 Flip, l&rsquo;utilisateur pourra alterner soudure et meulage en tout confort.<\/p>\n<p>Conception et fabrication espagnoles.<\/p>\n<p>Serre-t\u00eate avec Dispositif R\u00e9ducteur de Pression (DRP) et Dispositif R\u00e9partiteur de Masse (DRM)<\/p>\n<p>Il est \u00e9quip\u00e9 d&rsquo;une vitre inactinique de 90 x 110 mm avec miroir dor\u00e9 anti-calorique pour le soudage \u00e0 haute intensit\u00e9. Le verre a des bords polis pour \u00e9viter toute coupure accidentelle lors de la manipulation.<\/p>\n","protected":false},"featured_media":11688,"template":"","meta":{"site-sidebar-layout":"default","site-content-layout":"default","ast-site-content-layout":"default","site-content-style":"default","site-sidebar-style":"default","ast-global-header-display":"","ast-banner-title-visibility":"","ast-main-header-display":"","ast-hfb-above-header-display":"","ast-hfb-below-header-display":"","ast-hfb-mobile-header-display":"","site-post-title":"","ast-breadcrumbs-content":"","ast-featured-img":"","footer-sml-layout":"","ast-disable-related-posts":"","theme-transparent-header-meta":"default","adv-header-id-meta":"","stick-header-meta":"default","header-above-stick-meta":"","header-main-stick-meta":"","header-below-stick-meta":"","astra-migrate-meta-layouts":"set","ast-page-background-enabled":"default","ast-page-background-meta":{"desktop":{"background-color":"","background-image":"","background-repeat":"repeat","background-position":"center center","background-size":"auto","background-attachment":"scroll","background-type":"","background-media":"","overlay-type":"","overlay-color":"","overlay-opacity":"","overlay-gradient":""},"tablet":{"background-color":"","background-image":"","background-repeat":"repeat","background-position":"center center","background-size":"auto","background-attachment":"scroll","background-type":"","background-media":"","overlay-type":"","overlay-color":"","overlay-opacity":"","overlay-gradient":""},"mobile":{"background-color":"","background-image":"","background-repeat":"repeat","background-position":"center center","background-size":"auto","background-attachment":"scroll","background-type":"","background-media":"","overlay-type":"","overlay-color":"","overlay-opacity":"","overlay-gradient":""}},"ast-content-background-meta":{"desktop":{"background-color":"var(--ast-global-color-5)","background-image":"","background-repeat":"repeat","background-position":"center center","background-size":"auto","background-attachment":"scroll","background-type":"","background-media":"","overlay-type":"","overlay-color":"","overlay-opacity":"","overlay-gradient":""},"tablet":{"background-color":"var(--ast-global-color-5)","background-image":"","background-repeat":"repeat","background-position":"center center","background-size":"auto","background-attachment":"scroll","background-type":"","background-media":"","overlay-type":"","overlay-color":"","overlay-opacity":"","overlay-gradient":""},"mobile":{"background-color":"var(--ast-global-color-5)","background-image":"","background-repeat":"repeat","background-position":"center center","background-size":"auto","background-attachment":"scroll","background-type":"","background-media":"","overlay-type":"","overlay-color":"","overlay-opacity":"","overlay-gradient":""}}},"product_brand":[],"product_cat":[942,943,939],"product_tag":[],"class_list":{"0":"post-17520","1":"product","2":"type-product","3":"status-publish","4":"has-post-thumbnail","6":"product_cat-dc-2-2","7":"product_cat-masques-avec-fenetre-relevable","8":"product_cat-masques-de-soudure","9":"desktop-align-left","10":"tablet-align-left","11":"mobile-align-left","12":"ast-product-gallery-layout-horizontal-slider","13":"ast-product-single-variable","14":"ast-product-tabs-layout-horizontal","16":"first","17":"instock","18":"taxable","19":"shipping-taxable","20":"purchasable","21":"product-type-variable"},"_links":{"self":[{"href":"https:\/\/dacarcomercial.com\/fr\/wp-json\/wp\/v2\/product\/17520","targetHints":{"allow":["GET"]}}],"collection":[{"href":"https:\/\/dacarcomercial.com\/fr\/wp-json\/wp\/v2\/product"}],"about":[{"href":"https:\/\/dacarcomercial.com\/fr\/wp-json\/wp\/v2\/types\/product"}],"version-history":[{"count":1,"href":"https:\/\/dacarcomercial.com\/fr\/wp-json\/wp\/v2\/product\/17520\/revisions"}],"predecessor-version":[{"id":55723,"href":"https:\/\/dacarcomercial.com\/fr\/wp-json\/wp\/v2\/product\/17520\/revisions\/55723"}],"wp:featuredmedia":[{"embeddable":true,"href":"https:\/\/dacarcomercial.com\/fr\/wp-json\/wp\/v2\/media\/11688"}],"wp:attachment":[{"href":"https:\/\/dacarcomercial.com\/fr\/wp-json\/wp\/v2\/media?parent=17520"}],"wp:term":[{"taxonomy":"product_brand","embeddable":true,"href":"https:\/\/dacarcomercial.com\/fr\/wp-json\/wp\/v2\/product_brand?post=17520"},{"taxonomy":"product_cat","embeddable":true,"href":"https:\/\/dacarcomercial.com\/fr\/wp-json\/wp\/v2\/product_cat?post=17520"},{"taxonomy":"product_tag","embeddable":true,"href":"https:\/\/dacarcomercial.com\/fr\/wp-json\/wp\/v2\/product_tag?post=17520"}],"curies":[{"name":"wp","href":"https:\/\/api.w.org\/{rel}","templated":true}]}}