{"id":17523,"date":"2021-03-06T16:45:50","date_gmt":"2021-03-06T15:45:50","guid":{"rendered":"http:\/\/dacarcomercial.com\/producto\/dc-guard-dc-1-polycarbonate\/"},"modified":"2026-04-24T08:37:52","modified_gmt":"2026-04-24T06:37:52","slug":"dc-guard-dc-1-polycarbonate","status":"publish","type":"product","link":"https:\/\/dacarcomercial.com\/fr\/producto\/dc-guard-dc-1-polycarbonate\/","title":{"rendered":"Masque \u00e0 souder DC-Guard + DC-1 (Polycarbonate)"},"content":{"rendered":"<h2><strong>Masque \u00e0 Souder DC-Guard + DC-1 (Polycarbonate) :<\/strong><\/h2>\n<ul>\n<li>Poids plume de seulement 330 g (filtre optique non inclus)<\/li>\n<li><a href=\"https:\/\/dacarcomercial.com\/fr\/serre-tete-avec-drm-maximiser-le-confort-minimiser-les-efforts\/\">Serre-t\u00eate avec DRM<\/a>\u00a0(dispositif R\u00e9partiteur de Masse)<\/li>\n<li>Compatible avec filtres \u00e9lectroniques et passifs de 90 x 110 mm<\/li>\n<li>Excellente protection du visage, du cou et des oreilles face aux radiations lumineuses et les projections<\/li>\n<li>\u00c9cran de protection ext\u00e9rieur changeable facilement depuis l&rsquo;ext\u00e9rieur sans n\u00e9cessit\u00e9 d\u00b4enlever le filtre principal<\/li>\n<li>Fen\u00eatre ext\u00e9rieure qui soutient l&rsquo;\u00e9cran de protection en place pour \u00e9viter que les projections ou fum\u00e9es de soudure p\u00e9n\u00e8trent dans la zone comprise entre l&rsquo;\u00e9cran et le filtre oculaire<\/li>\n<li>Frontal concave pour une vision sans reflets g\u00eanants et meilleure \u00e9vacuation des fum\u00e9es de soudure<\/li>\n<li>Certification en classe S de la EN175 pour la r\u00e9sistance aux impacts<\/li>\n<\/ul>\n<p><strong>Pare-visage DC-Guard avec \u00e9cran en polycarbonate :<\/strong><\/p>\n<ul>\n<li>Classe optique 1<\/li>\n<li>R\u00e9sistance aux impacts classe B<\/li>\n<li>CE EN 166<\/li>\n<li>\u00c9cran avec plis lat\u00e9raux obliques pour un champ de vision sans distorsions<\/li>\n<li>\u00c9cran avec rebord en caoutchouc pour \u00e9viter les accrocs avec les v\u00eatements<\/li>\n<li>Le polycarbonate offre une excellente r\u00e9sistance aux impacts<\/li>\n<\/ul>\n<p><strong>Filtres \u00e9lectroniques compatibles:<\/strong><\/p>\n<p><strong>MULTI XI (ADF 718I PRO):<\/strong><\/p>\n<ul>\n<li>Grand champ de vision<\/li>\n<li>Teinte claire grise ultra-claire avec LCD True Color de derni\u00e8re g\u00e9n\u00e9ration<\/li>\n<li>Double gamme de teintes fonc\u00e9es variable DIN 5 \u00e0 8 et 9 \u00e0 13 en continu<\/li>\n<li>Retour de fonc\u00e9e \u00e0 claire et sensibilit\u00e9 r\u00e9glables<\/li>\n<li>Fonction meulage<\/li>\n<li>S\u00e9lecteurs internes<\/li>\n<li>Alimentation solaire + pile CR2032 rempla\u00e7able<\/li>\n<li>4 capteurs photo\u00e9lectriques<\/li>\n<li>Qualit\u00e9 optique 1\/1\/1\/2.<\/li>\n<li>Champ de vision: 100 x 53 mm.<\/li>\n<li>Temps de r\u00e9action: 0,04 ms. CE EN 379<\/li>\n<li>2 ans de garantie<\/li>\n<\/ul>\n<p><strong>EL PASO V913 I (ADF600I):<\/strong><\/p>\n<ul>\n<li>Teinte claire DIN 3,5 avec LCD gris True Color<\/li>\n<li>Teinte fonc\u00e9e variable avec commande interne DIN 9-13<\/li>\n<li>Temps de retour a la teinte claire r\u00e9glable de 0,1 a 1 sec. avec commande interne<\/li>\n<li>Sensibilit\u00e9 r\u00e9glable avec commande interne<\/li>\n<li>Alimentation solaire + pile sans n\u00e9cessit\u00e9 de remplacer<\/li>\n<li>Qualit\u00e9 optique 1\/1\/1\/2<\/li>\n<li>2 capteurs photo\u00e9lectriques<\/li>\n<li>Champ de vision: 100 x 41 mm.<\/li>\n<li>Temps de r\u00e9action: 0,1 ms.<\/li>\n<li>2 ans de garantie<\/li>\n<\/ul>\n<p><strong>EL PASO F11 (ADF200F):<\/strong><\/p>\n<ul>\n<li>Teinte claire ultra claire DIN 2,5 avec LCD gris True Color<\/li>\n<li>Teinte fonc\u00e9e fixe DIN 11<\/li>\n<li>Temps de retour \u00e0 la teinte claire r\u00e9glable avec interrupteur interne (Fast \u2013 Slow)<\/li>\n<li>Sensibilit\u00e9 r\u00e9glable (High \u2013 Low) avec interrupteur interne<\/li>\n<li>Alimentation solaire + pile sans n\u00e9cessit\u00e9 de remplacer<\/li>\n<li>Qualit\u00e9 optique 1\/1\/1\/2 CE EN175<\/li>\n<li>2 capteurs photo\u00e9lectriques<\/li>\n<li>Champ de vision: 91 x 39 mm.<\/li>\n<li>Temps de r\u00e9action: 0,3 ms.<\/li>\n<li>2 ans de garantie<\/li>\n<\/ul>\n","protected":false},"excerpt":{"rendered":"<p>La combinaison du Masque \u00e0 souder DC-1 avec l\u2019\u00e9cran facial DC-Guard avec un \u00e9cran en polycarbonate est une combinaison \u00e9conomique mais efficace pour alterner le soudage avec les t\u00e2ches de meulage tout en conservant un large champ de vision et une couverture maximale gr\u00e2ce \u00e0 l&rsquo;\u00e9cran de 450 x 170 mm.<\/p>\n<p>L&rsquo;\u00e9cran en polycarbonate offre une excellente r\u00e9sistance aux impacts. Cet ensemble accepte des filtres oculaires \u00e9lectroniques ou passifs 90 x110 mm (\u00e0 commander s\u00e9par\u00e9ment).<\/p>\n","protected":false},"featured_media":9888,"template":"","meta":{"site-sidebar-layout":"default","site-content-layout":"default","ast-site-content-layout":"default","site-content-style":"default","site-sidebar-style":"default","ast-global-header-display":"","ast-banner-title-visibility":"","ast-main-header-display":"","ast-hfb-above-header-display":"","ast-hfb-below-header-display":"","ast-hfb-mobile-header-display":"","site-post-title":"","ast-breadcrumbs-content":"","ast-featured-img":"","footer-sml-layout":"","ast-disable-related-posts":"","theme-transparent-header-meta":"default","adv-header-id-meta":"","stick-header-meta":"default","header-above-stick-meta":"","header-main-stick-meta":"","header-below-stick-meta":"","astra-migrate-meta-layouts":"set","ast-page-background-enabled":"default","ast-page-background-meta":{"desktop":{"background-color":"","background-image":"","background-repeat":"repeat","background-position":"center center","background-size":"auto","background-attachment":"scroll","background-type":"","background-media":"","overlay-type":"","overlay-color":"","overlay-opacity":"","overlay-gradient":""},"tablet":{"background-color":"","background-image":"","background-repeat":"repeat","background-position":"center center","background-size":"auto","background-attachment":"scroll","background-type":"","background-media":"","overlay-type":"","overlay-color":"","overlay-opacity":"","overlay-gradient":""},"mobile":{"background-color":"","background-image":"","background-repeat":"repeat","background-position":"center center","background-size":"auto","background-attachment":"scroll","background-type":"","background-media":"","overlay-type":"","overlay-color":"","overlay-opacity":"","overlay-gradient":""}},"ast-content-background-meta":{"desktop":{"background-color":"var(--ast-global-color-5)","background-image":"","background-repeat":"repeat","background-position":"center center","background-size":"auto","background-attachment":"scroll","background-type":"","background-media":"","overlay-type":"","overlay-color":"","overlay-opacity":"","overlay-gradient":""},"tablet":{"background-color":"var(--ast-global-color-5)","background-image":"","background-repeat":"repeat","background-position":"center center","background-size":"auto","background-attachment":"scroll","background-type":"","background-media":"","overlay-type":"","overlay-color":"","overlay-opacity":"","overlay-gradient":""},"mobile":{"background-color":"var(--ast-global-color-5)","background-image":"","background-repeat":"repeat","background-position":"center center","background-size":"auto","background-attachment":"scroll","background-type":"","background-media":"","overlay-type":"","overlay-color":"","overlay-opacity":"","overlay-gradient":""}}},"product_brand":[],"product_cat":[950,939],"product_tag":[],"class_list":{"0":"post-17523","1":"product","2":"type-product","3":"status-publish","4":"has-post-thumbnail","6":"product_cat-avec-ecran-facial-dc-guard","7":"product_cat-masques-de-soudure","8":"desktop-align-left","9":"tablet-align-left","10":"mobile-align-left","11":"ast-product-gallery-layout-horizontal-slider","12":"ast-product-gallery-with-no-image","13":"ast-product-tabs-layout-horizontal","15":"first","16":"instock","17":"taxable","18":"shipping-taxable","19":"purchasable","20":"product-type-simple"},"_links":{"self":[{"href":"https:\/\/dacarcomercial.com\/fr\/wp-json\/wp\/v2\/product\/17523","targetHints":{"allow":["GET"]}}],"collection":[{"href":"https:\/\/dacarcomercial.com\/fr\/wp-json\/wp\/v2\/product"}],"about":[{"href":"https:\/\/dacarcomercial.com\/fr\/wp-json\/wp\/v2\/types\/product"}],"version-history":[{"count":2,"href":"https:\/\/dacarcomercial.com\/fr\/wp-json\/wp\/v2\/product\/17523\/revisions"}],"predecessor-version":[{"id":55673,"href":"https:\/\/dacarcomercial.com\/fr\/wp-json\/wp\/v2\/product\/17523\/revisions\/55673"}],"wp:featuredmedia":[{"embeddable":true,"href":"https:\/\/dacarcomercial.com\/fr\/wp-json\/wp\/v2\/media\/9888"}],"wp:attachment":[{"href":"https:\/\/dacarcomercial.com\/fr\/wp-json\/wp\/v2\/media?parent=17523"}],"wp:term":[{"taxonomy":"product_brand","embeddable":true,"href":"https:\/\/dacarcomercial.com\/fr\/wp-json\/wp\/v2\/product_brand?post=17523"},{"taxonomy":"product_cat","embeddable":true,"href":"https:\/\/dacarcomercial.com\/fr\/wp-json\/wp\/v2\/product_cat?post=17523"},{"taxonomy":"product_tag","embeddable":true,"href":"https:\/\/dacarcomercial.com\/fr\/wp-json\/wp\/v2\/product_tag?post=17523"}],"curies":[{"name":"wp","href":"https:\/\/api.w.org\/{rel}","templated":true}]}}