{"id":17524,"date":"2021-03-06T16:45:50","date_gmt":"2021-03-09T18:38:48","guid":{"rendered":"http:\/\/dacarcomercial.com\/producto\/dc-guard-couvre-menton-dc-1-polycarbonate\/"},"modified":"2022-02-15T16:29:09","modified_gmt":"2022-02-15T15:29:09","slug":"ecran-facial-dc-guard-couvre-menton-masque-a-souder-dc-1-polycarbonate","status":"publish","type":"product","link":"https:\/\/dacarcomercial.com\/fr\/producto\/ecran-facial-dc-guard-couvre-menton-masque-a-souder-dc-1-polycarbonate\/","title":{"rendered":"Masque \u00e0 souder DC-guard + Couvre menton + DC-1 (Polycarbonate)"},"content":{"rendered":"<h2><strong>Masque \u00e0 Souder DC-guard + Couvre menton + DC-1 (Polycarbonate):<\/strong><\/h2>\n<ul>\n<li>Poids plume de seulement 330 g (filtre optique non inclus)<\/li>\n<li><a href=\"https:\/\/dacarcomercial.com\/fr\/serre-tete-avec-drm-maximiser-le-confort-minimiser-les-efforts\/\">Serre-t\u00eate avec DRM<\/a>\u00a0(dispositif R\u00e9partiteur de Masse)<\/li>\n<li>Compatible avec filtres \u00e9lectroniques et passifs de 90 x 110 mm<\/li>\n<li>Excellente protection du visage, du cou et des oreilles face aux radiations lumineuses et les projections<\/li>\n<li>\u00c9cran de protection ext\u00e9rieur changeable facilement depuis l\u00b4ext\u00e9rieur sans n\u00e9cessit\u00e9 d&rsquo;enlever le filtre principal<\/li>\n<li>Fen\u00eatre ext\u00e9rieure qui soutient l\u00b4\u00e9cran de protection en place pour \u00e9viter que les projections ou fum\u00e9es de soudure p\u00e9n\u00e8trent dans la zone comprise entre l&rsquo;\u00e9cran et le filtre oculaire<\/li>\n<li>Frontal concave pour une vision sans reflets g\u00eanants et meilleure \u00e9vacuation des fum\u00e9es de soudure<\/li>\n<li>Certification en classe S de la EN175 pour la r\u00e9sistance aux impacts<\/li>\n<\/ul>\n<p><strong>Pare-visage DC-Guard avec \u00e9cran en polycarbonate et couvre-menton:<\/strong><\/p>\n<ul>\n<li>Classe optique 1<\/li>\n<li>R\u00e9sistance aux impacts classe B<\/li>\n<li>CE EN 166<\/li>\n<li>Le couvre-menton offre une protection suppl\u00e9mentaire contre la p\u00e9n\u00e9tration des particules et des fum\u00e9es de la zone inf\u00e9rieure<\/li>\n<li>Le polycarbonate offre une excellente r\u00e9sistance aux impacts<\/li>\n<\/ul>\n<p><strong>Filtres \u00e9lectroniques compatibles:<\/strong><\/p>\n<p><strong>MULTI XI (ADF 718I PRO):<\/strong><\/p>\n<ul>\n<li>Grand champ de vision<\/li>\n<li>Teinte claire grise ultra-claire avec LCD True Color de derni\u00e8re g\u00e9n\u00e9ration<\/li>\n<li>Double gamme de teintes fonc\u00e9es variable DIN 5 \u00e0 8 et 9 \u00e0 13 en continu<\/li>\n<li>Retour de fonc\u00e9e \u00e0 claire et sensibilit\u00e9 r\u00e9glables<\/li>\n<li>Fonction meulage<\/li>\n<li>S\u00e9lecteurs internes<\/li>\n<li>Alimentation solaire + pile CR2032 rempla\u00e7able<\/li>\n<li>4 capteurs photo\u00e9lectriques<\/li>\n<li>Qualit\u00e9 optique 1\/1\/1\/2.<\/li>\n<li>Champ de vision: 100 x 53 mm.<\/li>\n<li>Temps de r\u00e9action: 0,04 ms. CE EN 379<\/li>\n<li>2 ans de garantie<\/li>\n<\/ul>\n<p><strong>EL PASO V913 I (ADF600I):<\/strong><\/p>\n<ul>\n<li>Teinte claire DIN 3,5 avec LCD gris True Color<\/li>\n<li>Teinte fonc\u00e9e variable avec commande interne DIN 9-13<\/li>\n<li>Temps de retour a la teinte claire r\u00e9glable de 0,1 a 1 sec. avec commande interne<\/li>\n<li>Sensibilit\u00e9 r\u00e9glable avec commande interne<\/li>\n<li>Alimentation solaire + pile sans n\u00e9cessit\u00e9 de remplacer<\/li>\n<li>Qualit\u00e9 optique 1\/1\/1\/2<\/li>\n<li>2 capteurs photo\u00e9lectriques<\/li>\n<li>Champ de vision: 100 x 41 mm.<\/li>\n<li>Temps de r\u00e9action: 0,1 ms.<\/li>\n<li>2 ans de garantie<\/li>\n<\/ul>\n<p><strong>EL PASO F11 (ADF200F):<\/strong><\/p>\n<ul>\n<li>Teinte claire ultra claire DIN 2,5 avec LCD gris True Color<\/li>\n<li>Teinte fonc\u00e9e fixe DIN 11<\/li>\n<li>Temps de retour \u00e0 la teinte claire r\u00e9glable avec interrupteur interne (Fast \u2013 Slow)<\/li>\n<li>Sensibilit\u00e9 r\u00e9glable (High \u2013 Low) avec interrupteur interne<\/li>\n<li>Alimentation solaire + pile sans n\u00e9cessit\u00e9 de remplacer<\/li>\n<li>Qualit\u00e9 optique 1\/1\/1\/2 CE EN175<\/li>\n<li>2 capteurs photo\u00e9lectriques<\/li>\n<li>Champ de vision: 91 x 39 mm.<\/li>\n<li>Temps de r\u00e9action: 0,3 ms.<\/li>\n<li>2 ans de garantie<\/li>\n<\/ul>\n<p><span class=\"ng-star-inserted\"><a href=\"https:\/\/dacarcomercial.com\/fr\/a-propos-de-nous\/\" target=\"_blank\" rel=\"noopener\"><strong>Dacar<\/strong><\/a>\u00a0est une\u00a0<strong>entreprise de Navarre (Espagne)<\/strong>\u00a0sp\u00e9cialis\u00e9e dans les produits pour la s\u00e9curit\u00e9 des soudeurs professionnels, semi-professionnels ou occasionnels, ainsi que pour leur environnement.<br \/>\n<\/span><\/p>\n<ul>\n<li><span class=\"ng-star-inserted\">Pour la s\u00e9curit\u00e9 des soudeurs\u00a0<strong>Dacar<\/strong>\u00a0fabrique diff\u00e9rents mod\u00e8les de\u00a0<a href=\"https:\/\/dacarcomercial.com\/fr\/categorias-productos\/masques-de-soudure\/\" target=\"_blank\" rel=\"noopener\">masques \u00e0 souder<\/a>\u00a0de haute qualit\u00e9 avec une large gamme de\u00a0<a href=\"https:\/\/dacarcomercial.com\/fr\/categorias-productos\/filtres-electroniques-soudeur\/\">filtres \u00e9lectroniques<\/a>\u00a0et filtres passifs pour offrir un produit toujours adapt\u00e9 aux besoins de chaque soudeur.\u00a0<\/span><span class=\"ng-star-inserted\">De plus, Dacar fabrique \u00e9galement les\u00a0<a href=\"https:\/\/dacarcomercial.com\/fr\/categorias-productos\/protection-faciale\/ecrans-pare-visage-dc-guard\/\">\u00e9crans faciaux DC-Guard<\/a>, les \u00e9quipements motoris\u00e9s\u00a0<a href=\"https:\/\/dacarcomercial.com\/fr\/categorias-productos\/dacair-2\/\">DACAiR<\/a>\u00a0ainsi que toutes sortes de costumes tels que\u00a0<a href=\"https:\/\/dacarcomercial.com\/fr\/categorias-productos\/vetements-de-protection\/soudeur\/gants\/\">des gants<\/a>, des vestes ou des tabliers pour les soudeurs.<\/span><\/li>\n<li><span class=\"ng-star-inserted\">Pour la s\u00e9curit\u00e9 de l\u2019environnement du soudeur Dacar produit\u00a0<a href=\"https:\/\/dacarcomercial.com\/categorias-productos\/espacios-de-trabajo\/\">les rideaux de soudage Trans-DC-Arc et les s\u00e9parations de postes de travail<\/a>, comme les paravents ou les cloisons, mais peut \u00e9galement budg\u00e9tiser tout type de cabine de soudure sur mesure.<\/span><\/li>\n<li><span class=\"ng-star-inserted\">Les\u00a0<a href=\"https:\/\/dacarcomercial.com\/fr\/categorias-productos\/toiles-ignifugees\/\">couvertures ignifug\u00e9es<\/a>\u00a0sont une autre importante gamme de produits propos\u00e9e par Dacar.\u00a0<\/span><span class=\"ng-star-inserted\">Dacar dispose d\u2019une large gamme de mat\u00e9riaux pour la protection des objets contre les projections de soudure.<\/span><\/li>\n<li><span class=\"ng-star-inserted\">Tous les EPI de Dacar disposent de la\u00a0<a href=\"https:\/\/dacarcomercial.com\/wp-content\/uploads\/2021\/07\/Decl.-UE-Opera-ADF500G-PRO.pdf\">d\u00e9claration UE de conformit\u00e9<\/a>.\u00a0<\/span><span class=\"ng-star-inserted\">Cette d\u00e9claration est un document dans lequel le fabricant indique que le produit est conforme \u00e0 toutes les exigences essentielles du\u00a0<a href=\"https:\/\/industria.gob.es\/Calidad-Industrial\/seguridadindustrial\/productosindustriales\/Equipos-Proteccion-Individual\/Paginas\/Reglamento-UE2016-425-relativo-a-EPIs.aspx\" target=\"_blank\" rel=\"noopener noreferrer nofollow\">r\u00e8glement UE 2016\/425<\/a>\u00a0relatif aux \u00e9quipements de protection individuelle.<\/span><\/li>\n<\/ul>\n","protected":false},"excerpt":{"rendered":"<p>La combinaison du Masque \u00e0 souder DC-1 avec l\u2019\u00e9cran facial DC-Guard avec un \u00e9cran en polycarbonate et une mentonni\u00e8re suppl\u00e9mentaire est la combinaison id\u00e9ale pour alterner le soudage avec les t\u00e2ches de meulage tout en conservant un large champ de vision et une couverture maximale gr\u00e2ce \u00e0 l\u00b4\u00e9cran de 450 x 170 mm.<\/p>\n<p>La mentonni\u00e8re suppl\u00e9mentaire r\u00e9duit le risque d&rsquo;intrusion de particules en provenance du bas. L&rsquo;\u00e9cran en polycarbonate offre une excellente r\u00e9sistance aux impacts. Cet ensemble accepte des filtres oculaires \u00e9lectroniques ou passifs 90 x110 mm (\u00e0 commander s\u00e9par\u00e9ment).<\/p>\n<p><em>Les produits Dacar peuvent \u00eatre achet\u00e9s en ligne ou via notre r\u00e9seau de distributeurs. N\u00b4h\u00e9sitez pas \u00e0 nous consulter votre revendeur le plus proche !<\/em><\/p>\n","protected":false},"featured_media":4008,"template":"","meta":{"site-sidebar-layout":"default","site-content-layout":"default","ast-site-content-layout":"default","site-content-style":"default","site-sidebar-style":"default","ast-global-header-display":"","ast-banner-title-visibility":"","ast-main-header-display":"","ast-hfb-above-header-display":"","ast-hfb-below-header-display":"","ast-hfb-mobile-header-display":"","site-post-title":"","ast-breadcrumbs-content":"","ast-featured-img":"","footer-sml-layout":"","ast-disable-related-posts":"","theme-transparent-header-meta":"default","adv-header-id-meta":"","stick-header-meta":"default","header-above-stick-meta":"","header-main-stick-meta":"","header-below-stick-meta":"","astra-migrate-meta-layouts":"default","ast-page-background-enabled":"default","ast-page-background-meta":{"desktop":{"background-color":"","background-image":"","background-repeat":"repeat","background-position":"center center","background-size":"auto","background-attachment":"scroll","background-type":"","background-media":"","overlay-type":"","overlay-color":"","overlay-opacity":"","overlay-gradient":""},"tablet":{"background-color":"","background-image":"","background-repeat":"repeat","background-position":"center center","background-size":"auto","background-attachment":"scroll","background-type":"","background-media":"","overlay-type":"","overlay-color":"","overlay-opacity":"","overlay-gradient":""},"mobile":{"background-color":"","background-image":"","background-repeat":"repeat","background-position":"center center","background-size":"auto","background-attachment":"scroll","background-type":"","background-media":"","overlay-type":"","overlay-color":"","overlay-opacity":"","overlay-gradient":""}},"ast-content-background-meta":{"desktop":{"background-color":"var(--ast-global-color-5)","background-image":"","background-repeat":"repeat","background-position":"center center","background-size":"auto","background-attachment":"scroll","background-type":"","background-media":"","overlay-type":"","overlay-color":"","overlay-opacity":"","overlay-gradient":""},"tablet":{"background-color":"var(--ast-global-color-5)","background-image":"","background-repeat":"repeat","background-position":"center center","background-size":"auto","background-attachment":"scroll","background-type":"","background-media":"","overlay-type":"","overlay-color":"","overlay-opacity":"","overlay-gradient":""},"mobile":{"background-color":"var(--ast-global-color-5)","background-image":"","background-repeat":"repeat","background-position":"center center","background-size":"auto","background-attachment":"scroll","background-type":"","background-media":"","overlay-type":"","overlay-color":"","overlay-opacity":"","overlay-gradient":""}}},"product_brand":[],"product_cat":[950,939],"product_tag":[],"class_list":{"0":"post-17524","1":"product","2":"type-product","3":"status-publish","4":"has-post-thumbnail","6":"product_cat-avec-ecran-facial-dc-guard","7":"product_cat-masques-de-soudure","8":"desktop-align-left","9":"tablet-align-left","10":"mobile-align-left","11":"ast-product-gallery-layout-horizontal-slider","12":"ast-product-gallery-with-no-image","13":"ast-product-tabs-layout-horizontal","15":"first","16":"instock","17":"taxable","18":"shipping-taxable","19":"purchasable","20":"product-type-simple"},"_links":{"self":[{"href":"https:\/\/dacarcomercial.com\/fr\/wp-json\/wp\/v2\/product\/17524","targetHints":{"allow":["GET"]}}],"collection":[{"href":"https:\/\/dacarcomercial.com\/fr\/wp-json\/wp\/v2\/product"}],"about":[{"href":"https:\/\/dacarcomercial.com\/fr\/wp-json\/wp\/v2\/types\/product"}],"version-history":[{"count":0,"href":"https:\/\/dacarcomercial.com\/fr\/wp-json\/wp\/v2\/product\/17524\/revisions"}],"wp:featuredmedia":[{"embeddable":true,"href":"https:\/\/dacarcomercial.com\/fr\/wp-json\/wp\/v2\/media\/4008"}],"wp:attachment":[{"href":"https:\/\/dacarcomercial.com\/fr\/wp-json\/wp\/v2\/media?parent=17524"}],"wp:term":[{"taxonomy":"product_brand","embeddable":true,"href":"https:\/\/dacarcomercial.com\/fr\/wp-json\/wp\/v2\/product_brand?post=17524"},{"taxonomy":"product_cat","embeddable":true,"href":"https:\/\/dacarcomercial.com\/fr\/wp-json\/wp\/v2\/product_cat?post=17524"},{"taxonomy":"product_tag","embeddable":true,"href":"https:\/\/dacarcomercial.com\/fr\/wp-json\/wp\/v2\/product_tag?post=17524"}],"curies":[{"name":"wp","href":"https:\/\/api.w.org\/{rel}","templated":true}]}}