{"id":17535,"date":"2021-03-06T16:45:50","date_gmt":"2021-03-06T15:45:50","guid":{"rendered":"http:\/\/dacarcomercial.com\/producto\/drm-dispositif-repartiteur-de-masse\/"},"modified":"2026-05-11T12:25:33","modified_gmt":"2026-05-11T10:25:33","slug":"drm-dispositif-repartiteur-de-masse","status":"publish","type":"product","link":"https:\/\/dacarcomercial.com\/fr\/producto\/drm-dispositif-repartiteur-de-masse\/","title":{"rendered":"DRM (Dispositif R\u00e9partiteur de Masse)"},"content":{"rendered":"<h2>DRM (Dispositif R\u00e9partiteur de Masse)<\/h2>\n<ul>\n<li><span class=\"ng-star-inserted\">Le DRM permet de r\u00e9partir le poids du masque sur la t\u00eate, en minimisant la tension dans la nuque de l\u2019op\u00e9rateur et en augmentant de mani\u00e8re notable le confort de l\u2019utilisateur pendant sa journ\u00e9e de travail.<\/span><\/li>\n<li><span class=\"ng-star-inserted\">Pour la fixation au serre-t\u00eate des masques \u00e0 souder DC-1, DC-2, DC-3 et DC-4, ainsi qu\u2019au serre-t\u00eate du prot\u00e8ge-visage DC-Guard.<\/span><\/li>\n<\/ul>\n","protected":false},"excerpt":{"rendered":"<p><strong>Le DRM permet de r\u00e9partir le poids du masque sur la t\u00eate<\/strong>, minimisant la tension sur le cou de l&rsquo;op\u00e9rateur et augmentant consid\u00e9rablement le confort de l&rsquo;utilisateur pendant la journ\u00e9e de travail.<\/p>\n","protected":false},"featured_media":10494,"template":"","meta":{"site-sidebar-layout":"default","site-content-layout":"default","ast-site-content-layout":"default","site-content-style":"default","site-sidebar-style":"default","ast-global-header-display":"","ast-banner-title-visibility":"","ast-main-header-display":"","ast-hfb-above-header-display":"","ast-hfb-below-header-display":"","ast-hfb-mobile-header-display":"","site-post-title":"","ast-breadcrumbs-content":"","ast-featured-img":"","footer-sml-layout":"","ast-disable-related-posts":"","theme-transparent-header-meta":"default","adv-header-id-meta":"","stick-header-meta":"default","header-above-stick-meta":"","header-main-stick-meta":"","header-below-stick-meta":"","astra-migrate-meta-layouts":"set","ast-page-background-enabled":"default","ast-page-background-meta":{"desktop":{"background-color":"","background-image":"","background-repeat":"repeat","background-position":"center center","background-size":"auto","background-attachment":"scroll","background-type":"","background-media":"","overlay-type":"","overlay-color":"","overlay-opacity":"","overlay-gradient":""},"tablet":{"background-color":"","background-image":"","background-repeat":"repeat","background-position":"center center","background-size":"auto","background-attachment":"scroll","background-type":"","background-media":"","overlay-type":"","overlay-color":"","overlay-opacity":"","overlay-gradient":""},"mobile":{"background-color":"","background-image":"","background-repeat":"repeat","background-position":"center center","background-size":"auto","background-attachment":"scroll","background-type":"","background-media":"","overlay-type":"","overlay-color":"","overlay-opacity":"","overlay-gradient":""}},"ast-content-background-meta":{"desktop":{"background-color":"var(--ast-global-color-5)","background-image":"","background-repeat":"repeat","background-position":"center center","background-size":"auto","background-attachment":"scroll","background-type":"","background-media":"","overlay-type":"","overlay-color":"","overlay-opacity":"","overlay-gradient":""},"tablet":{"background-color":"var(--ast-global-color-5)","background-image":"","background-repeat":"repeat","background-position":"center center","background-size":"auto","background-attachment":"scroll","background-type":"","background-media":"","overlay-type":"","overlay-color":"","overlay-opacity":"","overlay-gradient":""},"mobile":{"background-color":"var(--ast-global-color-5)","background-image":"","background-repeat":"repeat","background-position":"center center","background-size":"auto","background-attachment":"scroll","background-type":"","background-media":"","overlay-type":"","overlay-color":"","overlay-opacity":"","overlay-gradient":""}}},"product_brand":[],"product_cat":[951,939],"product_tag":[],"class_list":{"0":"post-17535","1":"product","2":"type-product","3":"status-publish","4":"has-post-thumbnail","6":"product_cat-accessoires-et-rechanges","7":"product_cat-masques-de-soudure","8":"desktop-align-left","9":"tablet-align-left","10":"mobile-align-left","11":"ast-product-gallery-layout-horizontal-slider","12":"ast-product-gallery-with-no-image","13":"ast-product-tabs-layout-horizontal","15":"first","16":"instock","17":"taxable","18":"shipping-taxable","19":"purchasable","20":"product-type-simple"},"_links":{"self":[{"href":"https:\/\/dacarcomercial.com\/fr\/wp-json\/wp\/v2\/product\/17535","targetHints":{"allow":["GET"]}}],"collection":[{"href":"https:\/\/dacarcomercial.com\/fr\/wp-json\/wp\/v2\/product"}],"about":[{"href":"https:\/\/dacarcomercial.com\/fr\/wp-json\/wp\/v2\/types\/product"}],"version-history":[{"count":1,"href":"https:\/\/dacarcomercial.com\/fr\/wp-json\/wp\/v2\/product\/17535\/revisions"}],"predecessor-version":[{"id":56042,"href":"https:\/\/dacarcomercial.com\/fr\/wp-json\/wp\/v2\/product\/17535\/revisions\/56042"}],"wp:featuredmedia":[{"embeddable":true,"href":"https:\/\/dacarcomercial.com\/fr\/wp-json\/wp\/v2\/media\/10494"}],"wp:attachment":[{"href":"https:\/\/dacarcomercial.com\/fr\/wp-json\/wp\/v2\/media?parent=17535"}],"wp:term":[{"taxonomy":"product_brand","embeddable":true,"href":"https:\/\/dacarcomercial.com\/fr\/wp-json\/wp\/v2\/product_brand?post=17535"},{"taxonomy":"product_cat","embeddable":true,"href":"https:\/\/dacarcomercial.com\/fr\/wp-json\/wp\/v2\/product_cat?post=17535"},{"taxonomy":"product_tag","embeddable":true,"href":"https:\/\/dacarcomercial.com\/fr\/wp-json\/wp\/v2\/product_tag?post=17535"}],"curies":[{"name":"wp","href":"https:\/\/api.w.org\/{rel}","templated":true}]}}