{"id":17549,"date":"2021-03-06T16:45:50","date_gmt":"2021-03-06T15:45:50","guid":{"rendered":"http:\/\/dacarcomercial.com\/producto\/serre-tete-complet-dc-2-avec-drm\/"},"modified":"2024-06-20T13:16:59","modified_gmt":"2024-06-20T11:16:59","slug":"serre-tete-complet-dc-4-avec-drm-et-drp","status":"publish","type":"product","link":"https:\/\/dacarcomercial.com\/fr\/producto\/serre-tete-complet-dc-4-avec-drm-et-drp\/","title":{"rendered":"Serre-t\u00eate complet DC-4 avec DRM et DRP"},"content":{"rendered":"<h2><strong>Serre-t\u00eate complet DC-4 et DC-2 avec DRM et DRP<\/strong><\/h2>\n<ul>\n<li>En PEHD recycl\u00e9 souple et r\u00e9sistant<\/li>\n<li>Bandeau anti-sueur matelass\u00e9 avec fermeture velcro<\/li>\n<li><strong>Dispositif de R\u00e9ducteur de Pression (DRP)<\/strong> \u00e0 double injection avec des parties tr\u00e8s flexibles et souples en contact avec la t\u00eate<\/li>\n<li><strong>Dispositif R\u00e9partiteur de Masse (DRM)<\/strong> assurant une r\u00e9partition uniforme du poids du masque de soudure sur la t\u00eate<\/li>\n<li>Blocage de roue autobloquant facile \u00e0 r\u00e9gler<\/li>\n<li>Vis incluses<\/li>\n<li><strong>Compatible avec DC-Guard<\/strong><\/li>\n<\/ul>\n","protected":false},"excerpt":{"rendered":"<p style=\"vertical-align: baseline; margin: 0cm 0cm 21.0pt 0cm;\"><span style=\"font-size: 13.5pt; font-family: 'Arial',sans-serif; color: #4b4f58;\">Le <b>nouveau Serre-t\u00eate de DACAR<\/b> a \u00e9t\u00e9 con\u00e7u pour vous apporter un <b>maximum de confort<\/b> lors de vos travaux de soudage.<\/span><\/p>\n<p style=\"vertical-align: baseline; box-sizing: border-box; font-style: inherit; font-weight: inherit; outline: 0px; margin: 0cm 0cm 21.0pt 0cm;\"><span style=\"font-size: 13.5pt; font-family: 'Arial',sans-serif; color: #4b4f58;\">Ce Serre-t\u00eate est \u00e9quip\u00e9 d\u2019un <b>Dispositif R\u00e9ducteur de Pression (DRP)<\/b> rembourr\u00e9 au niveau de la nuque, qui r\u00e9partit la pression de mani\u00e8re optimale. Fabriqu\u00e9 avec une technique d\u2019injection bi-composant, toutes les parties en contact avec votre t\u00eate sont en TPE ultra-flexible pour un confort maximal tandis que les parties centrales sont en mat\u00e9riaux plus rigides pour assurer un maintien optimal du casque de soudure quelle que soit la position de soudure.<\/span><\/p>\n<p style=\"vertical-align: baseline; box-sizing: border-box; font-style: inherit; font-weight: inherit; outline: 0px; margin: 0cm 0cm 21.0pt 0cm;\"><span style=\"font-size: 13.5pt; font-family: 'Arial',sans-serif; color: #4b4f58;\">En combinaison avec le <b>Dispositif R\u00e9partiteur de Masse (DRM)<\/b>, ce Serre-t\u00eate assure une r\u00e9partition uniforme du poids du casque de soudure sur votre t\u00eate, plus pr\u00e8s de votre centre de gravit\u00e9, ce qui se traduit par une sensation de poids plus l\u00e9ger et \u00e9vite les tensions g\u00eanantes sur la nuque.<\/span><\/p>\n<p style=\"vertical-align: baseline; box-sizing: border-box; font-style: inherit; font-weight: inherit; outline: 0px; margin: 0cm 0cm 21.0pt 0cm;\"><span style=\"font-size: 13.5pt; font-family: 'Arial',sans-serif; color: #4b4f58;\"><b>La combinaison du DRP et du DRM garantit une adaptabilit\u00e9 exceptionnelle \u00e0 toutes les formes et tailles de t\u00eate.<\/b><\/span><\/p>\n<p style=\"vertical-align: baseline; box-sizing: border-box; font-style: inherit; font-weight: inherit; outline: 0px; margin: 0cm 0cm 21.0pt 0cm;\"><span style=\"font-size: 13.5pt; font-family: 'Arial',sans-serif; color: #4b4f58;\"><b>Le Serre-t\u00eate DACAR est facile \u00e0 r\u00e9gler gr\u00e2ce \u00e0 sa fermeture \u00e0 molette autobloquante<\/b>.<\/span><\/p>\n<p style=\"vertical-align: baseline; box-sizing: border-box; font-style: inherit; font-weight: inherit; outline: 0px; margin: 0cm 0cm 21.0pt 0cm;\"><span style=\"font-size: 13.5pt; font-family: 'Arial',sans-serif; color: #4b4f58;\">Vous pouvez d\u00e9sormais <b>ajuster et fixer rapidement<\/b> votre Serre-t\u00eate sans souci. .<\/span><\/p>\n<p><strong>Compatible avec <a href=\"https:\/\/dacarcomercial.com\/categorias-productos\/proteccion-facial\/pantalla-facial-dc-guard\/equipos-completos-dc-guard\/\" target=\"_blank\" rel=\"noopener\">DC-Guard<\/a><\/strong><\/p>\n<p style=\"vertical-align: baseline; box-sizing: border-box; font-style: inherit; font-weight: inherit; outline: 0px; margin: 0cm 0cm 21.0pt 0cm;\"><b><span style=\"font-size: 13.5pt; font-family: 'Arial',sans-serif; color: #4b4f58;\">Dites adieu aux pressions g\u00eanantes sur le front et la nuque et profitez d\u2019un ajustement ferme et confortable !<\/span><\/b><\/p>\n<p style=\"vertical-align: baseline; box-sizing: border-box; font-style: inherit; font-weight: inherit; outline: 0px; margin: 0cm 0cm 21.0pt 0cm;\"><em style=\"box-sizing: border-box;\"><span style=\"font-size: 13.5pt; font-family: 'Arial',sans-serif; color: #4b4f58;\">Les produits Dacar peuvent \u00eatre achet\u00e9s en ligne ou via notre r\u00e9seau de distributeurs. N\u00b4h\u00e9sitez pas \u00e0 nous consulter votre revendeur le plus proche!<\/span><\/em><\/p>\n","protected":false},"featured_media":43347,"template":"","meta":{"site-sidebar-layout":"default","site-content-layout":"default","ast-site-content-layout":"default","site-content-style":"default","site-sidebar-style":"default","ast-global-header-display":"","ast-banner-title-visibility":"","ast-main-header-display":"","ast-hfb-above-header-display":"","ast-hfb-below-header-display":"","ast-hfb-mobile-header-display":"","site-post-title":"","ast-breadcrumbs-content":"","ast-featured-img":"","footer-sml-layout":"","ast-disable-related-posts":"","theme-transparent-header-meta":"default","adv-header-id-meta":"","stick-header-meta":"default","header-above-stick-meta":"","header-main-stick-meta":"","header-below-stick-meta":"","astra-migrate-meta-layouts":"set","ast-page-background-enabled":"default","ast-page-background-meta":{"desktop":{"background-color":"","background-image":"","background-repeat":"repeat","background-position":"center center","background-size":"auto","background-attachment":"scroll","background-type":"","background-media":"","overlay-type":"","overlay-color":"","overlay-opacity":"","overlay-gradient":""},"tablet":{"background-color":"","background-image":"","background-repeat":"repeat","background-position":"center center","background-size":"auto","background-attachment":"scroll","background-type":"","background-media":"","overlay-type":"","overlay-color":"","overlay-opacity":"","overlay-gradient":""},"mobile":{"background-color":"","background-image":"","background-repeat":"repeat","background-position":"center center","background-size":"auto","background-attachment":"scroll","background-type":"","background-media":"","overlay-type":"","overlay-color":"","overlay-opacity":"","overlay-gradient":""}},"ast-content-background-meta":{"desktop":{"background-color":"var(--ast-global-color-5)","background-image":"","background-repeat":"repeat","background-position":"center center","background-size":"auto","background-attachment":"scroll","background-type":"","background-media":"","overlay-type":"","overlay-color":"","overlay-opacity":"","overlay-gradient":""},"tablet":{"background-color":"var(--ast-global-color-5)","background-image":"","background-repeat":"repeat","background-position":"center center","background-size":"auto","background-attachment":"scroll","background-type":"","background-media":"","overlay-type":"","overlay-color":"","overlay-opacity":"","overlay-gradient":""},"mobile":{"background-color":"var(--ast-global-color-5)","background-image":"","background-repeat":"repeat","background-position":"center center","background-size":"auto","background-attachment":"scroll","background-type":"","background-media":"","overlay-type":"","overlay-color":"","overlay-opacity":"","overlay-gradient":""}}},"product_brand":[],"product_cat":[951,939],"product_tag":[],"class_list":{"0":"post-17549","1":"product","2":"type-product","3":"status-publish","4":"has-post-thumbnail","6":"product_cat-accessoires-et-rechanges","7":"product_cat-masques-de-soudure","8":"desktop-align-left","9":"tablet-align-left","10":"mobile-align-left","11":"ast-product-gallery-layout-horizontal-slider","12":"ast-product-tabs-layout-horizontal","14":"first","15":"instock","16":"taxable","17":"shipping-taxable","18":"purchasable","19":"product-type-simple"},"_links":{"self":[{"href":"https:\/\/dacarcomercial.com\/fr\/wp-json\/wp\/v2\/product\/17549","targetHints":{"allow":["GET"]}}],"collection":[{"href":"https:\/\/dacarcomercial.com\/fr\/wp-json\/wp\/v2\/product"}],"about":[{"href":"https:\/\/dacarcomercial.com\/fr\/wp-json\/wp\/v2\/types\/product"}],"version-history":[{"count":0,"href":"https:\/\/dacarcomercial.com\/fr\/wp-json\/wp\/v2\/product\/17549\/revisions"}],"wp:featuredmedia":[{"embeddable":true,"href":"https:\/\/dacarcomercial.com\/fr\/wp-json\/wp\/v2\/media\/43347"}],"wp:attachment":[{"href":"https:\/\/dacarcomercial.com\/fr\/wp-json\/wp\/v2\/media?parent=17549"}],"wp:term":[{"taxonomy":"product_brand","embeddable":true,"href":"https:\/\/dacarcomercial.com\/fr\/wp-json\/wp\/v2\/product_brand?post=17549"},{"taxonomy":"product_cat","embeddable":true,"href":"https:\/\/dacarcomercial.com\/fr\/wp-json\/wp\/v2\/product_cat?post=17549"},{"taxonomy":"product_tag","embeddable":true,"href":"https:\/\/dacarcomercial.com\/fr\/wp-json\/wp\/v2\/product_tag?post=17549"}],"curies":[{"name":"wp","href":"https:\/\/api.w.org\/{rel}","templated":true}]}}