{"id":17573,"date":"2021-03-06T16:45:50","date_gmt":"2021-03-06T15:45:50","guid":{"rendered":"http:\/\/dacarcomercial.com\/producto\/17573\/"},"modified":"2022-03-14T12:20:30","modified_gmt":"2022-03-14T11:20:30","slug":"moto-ventilateur-dacair-avec-masque","status":"publish","type":"product","link":"https:\/\/dacarcomercial.com\/fr\/producto\/moto-ventilateur-dacair-avec-masque\/","title":{"rendered":"Moto-ventilateur DACAiR avec masque \u00e0 souder DC-2"},"content":{"rendered":"<h2><strong>Ensemble Moto-ventilateur DACAiR avec masque \u00e0 souder DC-2 :<\/strong><\/h2>\n<ul>\n<li>Con\u00e7u en Espagne<\/li>\n<li>Masque \u00e0 souder DC-2 DACAiR avec joint facial et conduit d&rsquo;air<\/li>\n<li>Moto-ventilateur DACAiR avec filtre P R SL et pr\u00e9-filtre<\/li>\n<li>Ceinture confort<\/li>\n<li>Batterie<\/li>\n<li>Chargeur<\/li>\n<li>Tuyau d\u2019air avec protecteur en tissu trait\u00e9 ignifuge<\/li>\n<li>Dispositif de contr\u00f4le de flux d\u2019air<\/li>\n<li>Filtre \u00e9lectronique (ADF)<\/li>\n<li>Sac de transport\/rangement<\/li>\n<\/ul>\n<p><strong>Unit\u00e9 de ventilation<\/strong><\/p>\n<p><img fetchpriority=\"high\" decoding=\"async\" class=\" wp-image-26389 alignright\" src=\"http:\/\/dacarcomercial.com\/wp-content\/uploads\/2021\/03\/DACAIR-BATERIA-Y-FILTRO_-FRA.jpg\" alt=\"\" width=\"475\" height=\"374\" title=\"\">Compos\u00e9 d\u2019un moteur-ventilateur compact et l\u00e9ger (920 g) avec un filtre P R SL rempla\u00e7able pour particules et a\u00e9rosols et d\u2019un pr\u00e9-filtre, qui est aliment\u00e9 par une batterie Li-Ion rempla\u00e7able et rechargeable, l\u2019unit\u00e9 DACAiR permet une s\u00e9lection entre deux d\u00e9bits : 180 ou 220 l\/m, d\u00e9bits toujours constants sous contr\u00f4le \u00e9lectronique.<\/p>\n<p>Avec une grande autonomie d\u2019utilisation (jusqu\u2019\u00e0 plus de 8 heures), ainsi qu\u2019une alarme visuelle et acoustique en cas de batterie d\u00e9charg\u00e9e ou de filtre satur\u00e9 pour plus de s\u00e9curit\u00e9, l\u2019\u00e9quipement DACAiR est g\u00e9r\u00e9 avec un panneau de contr\u00f4le simple et intuitif, pour une plus grande efficacit\u00e9.<\/p>\n<p>Son moto-ventilateur filtre et dirige l\u2019air, g\u00e9n\u00e9rant une surpression positive \u00e0 l\u2019int\u00e9rieur de l\u2019unit\u00e9 de t\u00eate, pour fournir un air de qualit\u00e9 respirable et emp\u00eacher l\u2019entr\u00e9e de fum\u00e9es toxiques dans la zone bucco-nasale, produisant, en plus, une agr\u00e9able sensation de fra\u00eecheur.<\/p>\n<p>A noter \u00e9galement que, gr\u00e2ce \u00e0 leurs dimensions r\u00e9duites, les \u00e9quipements DACAiR peuvent \u00eatre utilis\u00e9s en toute simplicit\u00e9 dans des espaces restreints, avec un confort de port maximal gr\u00e2ce \u00e0 sa ceinture avec un dos rembourr\u00e9 facilement r\u00e9glable.<\/p>\n<p><strong>Unit\u00e9 de t\u00eate<\/strong><\/p>\n<p><img decoding=\"async\" class=\" wp-image-26151 alignleft\" src=\"http:\/\/dacarcomercial.com\/wp-content\/uploads\/2021\/03\/dc-2-dacair.jpg\" alt=\"\" width=\"333\" height=\"283\" title=\"\">Le masque de soudage DC-2 est destin\u00e9 \u00e0 \u00eatre utilis\u00e9 dans des conditions d\u00e9favorables avec un amp\u00e9rage de soudage \u00e9lev\u00e9, des temp\u00e9ratures \u00e9lev\u00e9es ou un risque d\u2019impact lors des travaux de meulage.<\/p>\n<p>Le cadre ext\u00e9rieur comprime l\u00b4\u00e9cran de protection du filtre avec le masque, offrant une meilleure \u00e9tanch\u00e9it\u00e9 contre l\u2019entr\u00e9e de fum\u00e9es et de projections. Cela garantit une vue claire et emp\u00eache le filtre \u00e9lectronique d\u2019\u00eatre endommag\u00e9. Le plus grand volume d\u2019espace entre l\u00b4\u00e9cran de protection et le filtre fournit \u00e9galement une meilleure isolation thermique \u00e0 la fois au filtre \u00e9lectronique et au visage du soudeur.<\/p>\n<p>Gr\u00e2ce \u00e0 la grande couverture du masque, l&rsquo;utilisateur b\u00e9n\u00e9ficiera d&rsquo;une protection totale du visage, du cou et des oreilles tout au long de la journ\u00e9e de travail.<\/p>\n<p>Disponible en diff\u00e9rentes couleurs (rouge, bleu, bronze et vert), l&rsquo;unit\u00e9 de t\u00eate DACAiR DC-2 est \u00e9quip\u00e9e d&rsquo;un joint facial r\u00e9glable en tissu avec traitement ignifuge ainsi que d&rsquo;un conduit d&rsquo;air qui transporte l&rsquo;air pur qui provient du\u00a0 moto-ventilateur DACAiR \u00e0 l&rsquo;avant du masque. Gr\u00e2ce au d\u00e9flecteur int\u00e9gr\u00e9, l&rsquo;air procure une agr\u00e9able sensation de fra\u00eecheur sans perturber votre vision.<\/p>\n<p>Le serre-t\u00eate avec DRM, Dispositif R\u00e9partiteur de Masse, am\u00e9liore la r\u00e9partition du poids pour obtenir un plus grand confort en r\u00e9duisant la tension au niveau du cou de l\u2019utilisateur.<\/p>\n<p><strong>Caract\u00e9ristiques du moto-ventilateur DACAiR<\/strong><\/p>\n<ul>\n<li>Filtre rempla\u00e7able P R SL<\/li>\n<li>Poids ensemble complet (filtre inclus): 920 g<\/li>\n<li>Flux d\u00b4air variable: 180 ou 220 litres \/ min<\/li>\n<li>Batterie: Li-ion 7.4 V \/ 5200 mAh<\/li>\n<li>Temps d\u00b4utilisation avec batterie compl\u00e8tement charg\u00e9e et filtres neufs<\/li>\n<li>\u00c0 180 l \/ min &gt; 8 heures, \u00e0 220 l \/ min &gt; 5 heures.<br \/>\n*Le temps d\u00b4utilisation peut se voir r\u00e9duite si la batterie est mal charg\u00e9e ou si les filtres sont colmat\u00e9s.<\/li>\n<li>Cycles de charge: &gt;350<\/li>\n<li>Charge rapide: &lt; 4 heures<\/li>\n<li>Facteur Nominal de protection: 500 (TH3) \u2013 50 (TH2)<\/li>\n<li>Niveau sonore: Max. 69 \u00e0 74 dB(A) selon l`unit\u00e9 de t\u00eate<\/li>\n<li>Certification: CE EN 12941 classe TH2 ou TH3 (selon unit\u00e9 de t\u00eate).<\/li>\n<li>Garantie: 6 mois pour la batterie et 1 an pour le moto-ventilateur<\/li>\n<\/ul>\n<p><strong>Caract\u00e9ristiques masque \u00e0 souder DC-2 DACAiR:<\/strong><\/p>\n<ul>\n<li>Le masque \u00e0 souder DC-2 DACAiR garantit un confort exceptionnel, tout au long de la journ\u00e9e de travail<\/li>\n<li>Serre-t\u00eate avec DRM, Dispositif R\u00e9partiteur de Masse: meilleure r\u00e9partition du poids pour plus de confort en r\u00e9duisant les tensions sur la nuque<\/li>\n<li>Masque avec fen\u00eatre frontale de type \u00ab sandwich \u00bb pour une parfaite fixation de l&rsquo;\u00e9cran de protection ext\u00e9rieur du filtre contre les chocs et une \u00e9tanch\u00e9it\u00e9 maximale contre la p\u00e9n\u00e9tration de fum\u00e9es ou de projections dans l&rsquo;espace entre celui-ci et le filtre \u00e9lectronique<\/li>\n<li>L\u00e9g\u00e8ret\u00e9 et confort gr\u00e2ce \u00e0 son poids minimum (710 g, filtre \u00e9lectronique, joint facial et conduit d&rsquo;air inclus)<\/li>\n<li>Avec fa\u00e7ade frontale incurv\u00e9e pour \u00e9liminer les reflets g\u00eanants et une meilleure dissipation des fum\u00e9es<\/li>\n<li>Excellente protection du visage gr\u00e2ce \u00e0 sa conception enveloppante qui couvre le cou et les oreilles<\/li>\n<\/ul>\n<p>Les ensembles DACAiR sont certifi\u00e9s selon la l\u00e9gislation en vigueur 425\/2016 selon EN 12941 : 1998 + A1 : 2003 + A2 : 2008 en classe TH2 ou TH3 selon les mod\u00e8les d&rsquo;unit\u00e9s de t\u00eate.<\/p>\n<p><strong>Caract\u00e9ristiques\u00a0<a href=\"https:\/\/dacarcomercial.com\/fr\/categorias-productos\/filtres-electro-optiques\/\">filtres \u00e9lectro-optiques<\/a><\/strong><\/p>\n<p><strong>SL513G:<\/strong><\/p>\n<ul>\n<li>Grand champ de vision<\/li>\n<li>Teinte claire grise ultra-claire avec LCD True Color de derni\u00e8re g\u00e9n\u00e9ration<\/li>\n<li>Display multi-fonctions LCD<\/li>\n<li>Teinte fonc\u00e9e variable \u00e0 double rang\u00e9e DIN 5-8 ou 9-13 avec r\u00e9glage digital interne<\/li>\n<li>Retour de fonc\u00e9e \u00e0 claire et sensibilit\u00e9 r\u00e9glables avec s\u00e9lecteurs digitaux internes<\/li>\n<li>Avec fonction meulage (avec bouton \u00e0 pulsation externe pour activer ou d\u00e9sactiver la fonction)<\/li>\n<li>Alimentation solaire + pile CR2450 changeable<\/li>\n<li>Avec 4 senseurs photo\u00e9lectriques<\/li>\n<li>Qualit\u00e9 optique 1\/1\/1\/2.<\/li>\n<li>Champ de vision: 98 x 62 mm.<\/li>\n<li>Temps de r\u00e9action: 0,1 ms.<\/li>\n<li>2 ans de garantie<\/li>\n<\/ul>\n<p><strong>MULTI-XE (ADF718G PRO):<\/strong><\/p>\n<ul>\n<li>Grand champ de vision<\/li>\n<li>Teinte claire grise ultra-claire avec LCD True Color de derni\u00e8re g\u00e9n\u00e9ration<\/li>\n<li>Teinte fonc\u00e9e variable avec potentiom\u00e8tre externe et s\u00e9lecteur interne de la gamme DIN 5-8 ou 9-13<\/li>\n<li>Retour de fonc\u00e9e \u00e0 claire et sensibilit\u00e9 r\u00e9glables avec s\u00e9lecteurs internes<\/li>\n<li>Fonction meulage avec interrupteur int\u00e9gr\u00e9 au potentiom\u00e8tre de r\u00e9glage de la teinte fonc\u00e9e<\/li>\n<li>Alimentation solaire + pile CR2032 changeable<\/li>\n<li>4 capteurs photo\u00e9lectriques<\/li>\n<li>Qualit\u00e9 optique 1\/1\/1\/2 CE EN379<\/li>\n<li>Champ de vision: 100 x 53 mm.<\/li>\n<li>Temps de r\u00e9action: 0,04 ms.<\/li>\n<li>2 ans de garantie<\/li>\n<\/ul>\n<p><strong>MULTI-XI (ADF718i PRO):<\/strong><\/p>\n<ul>\n<li>Grand champ de vision<\/li>\n<li>Teinte claire grise ultra-claire avec LCD True Color de derni\u00e8re g\u00e9n\u00e9ration<\/li>\n<li>Double gamme de teintes fonc\u00e9es variable DIN 5 \u00e0 8 et 9 \u00e0 13 en continu<\/li>\n<li>Retour de fonc\u00e9e \u00e0 claire et sensibilit\u00e9 r\u00e9glables<\/li>\n<li>Fonction meulage<\/li>\n<li>S\u00e9lecteurs internes<\/li>\n<li>Alimentation solaire + pile CR2032 changeable<\/li>\n<li>4 capteurs photo\u00e9lectriques<\/li>\n<li>Qualit\u00e9 optique 1\/1\/1\/2 CE EN379<\/li>\n<li>Champ de vision: 100 x 53 mm.<\/li>\n<li>Temps de r\u00e9action: 0,04 ms.<\/li>\n<li>2 ans de garantie<\/li>\n<\/ul>\n<p><strong>EL PASO V913I (ADF 600I):<\/strong><\/p>\n<ul>\n<li>Teinte claire grise ultra-claire avec LCD True Color de derni\u00e8re g\u00e9n\u00e9ration<\/li>\n<li>Teinte fonc\u00e9e variable avec commande interne DIN 9-13<\/li>\n<li>Temps de retour a la teinte claire r\u00e9glable de 0,1 a 1 sec. avec commande interne<\/li>\n<li>Sensibilit\u00e9 r\u00e9glable avec commande interne<\/li>\n<li>Alimentation solaire + pile sans n\u00e9cessit\u00e9 de remplacer<\/li>\n<li>Qualit\u00e9 optique 1\/1\/1\/2 CE EN379<\/li>\n<li>2 capteurs photo\u00e9lectriques<\/li>\n<li>Champ de vision: 100 x 41 mm.<\/li>\n<li>Temps de r\u00e9action: 0,1 ms.<\/li>\n<li>2 ans de garantie<\/li>\n<\/ul>\n<p><strong>EL PASO V913E (ADF600G):<\/strong><\/p>\n<ul>\n<li>Teinte claire grise ultra-claire avec LCD True Color de derni\u00e8re g\u00e9n\u00e9ration<\/li>\n<li>Teinte fonc\u00e9e variable avec commande externe DIN 9-13<\/li>\n<li>Temps de retour \u00e0 la teinte claire r\u00e9glable de 0,1 a 1 sec. avec commande interne<\/li>\n<li>Sensibilit\u00e9 r\u00e9glable avec commande interne<\/li>\n<li>Fonction meulage avec interrupteur combin\u00e9 avec la commande externe de r\u00e9gulation de la teinte fonc\u00e9e<\/li>\n<li>Qualit\u00e9 optique 1\/1\/1\/2 CE EN379<\/li>\n<li>Alimentation solaire + pile sans n\u00e9cessit\u00e9 de remplacer<\/li>\n<li>2 capteurs photo\u00e9lectriques<\/li>\n<li>Temps de r\u00e9action: 0,1 ms.<\/li>\n<li>Champ de vision: 100 x 41 mm.<\/li>\n<li>2 ans de garantie<\/li>\n<\/ul>\n<p><strong>EL PASO V913E PLUS (ADF610G PRO):<\/strong><\/p>\n<ul>\n<li>Teinte claire grise ultra-claire avec LCD True Color de derni\u00e8re g\u00e9n\u00e9ration<\/li>\n<li>Teinte fonc\u00e9e variable avec commande externe DIN 9-13<\/li>\n<li>Temps de retour \u00e0 la teinte claire r\u00e9glable de 0,1 a 1 sec. avec commande interne<\/li>\n<li>Sensibilit\u00e9 r\u00e9glable avec commande interne<\/li>\n<li>Fonction meulage avec interrupteur combin\u00e9 avec la commande externe de r\u00e9gulation de la teinte fonc\u00e9e<\/li>\n<li>Qualit\u00e9 optique 1\/1\/1\/2 CE EN379<\/li>\n<li>Alimentation solaire + 1 pile CR2032 rempla\u00e7able<\/li>\n<li>2 capteurs photo\u00e9lectriques<\/li>\n<li>Temps de r\u00e9action: 0,1 ms.<\/li>\n<li>Champ de vision: 100 x 45 mm.<\/li>\n<li>2 ans de garantie<\/li>\n<\/ul>\n<p><strong>EL PASO F11 (ADF200F):<\/strong><\/p>\n<ul>\n<li>Teinte claire ultra claire DIN 2,5 avec LCD gris True Color<\/li>\n<li>Teinte fonc\u00e9e fixe DIN 11<\/li>\n<li>Temps de retour \u00e0 la teinte claire r\u00e9glable avec interrupteur interne (Fast \u2013 Slow)<\/li>\n<li>Sensibilit\u00e9 r\u00e9glable (High \u2013 Low) avec interrupteur interne<\/li>\n<li>Alimentation solaire + pile sans n\u00e9cessit\u00e9 de remplacer<\/li>\n<li>Qualit\u00e9 optique 1\/1\/1\/2 CE EN379<\/li>\n<li>2 capteurs photo\u00e9lectriques<\/li>\n<li>Champ de vision: 91 x 39 mm.<\/li>\n<li>Temps de r\u00e9action: 0,3 ms.<\/li>\n<li>2 ans de garantie<\/li>\n<\/ul>\n<p><span class=\"ng-star-inserted\"><a href=\"https:\/\/dacarcomercial.com\/fr\/a-propos-de-nous\/\" target=\"_blank\" rel=\"noopener\"><strong>Dacar<\/strong><\/a>\u00a0est une\u00a0<strong>entreprise de Navarre (Espagne)<\/strong>\u00a0sp\u00e9cialis\u00e9e dans les produits pour la s\u00e9curit\u00e9 des soudeurs professionnels, semi-professionnels ou occasionnels, ainsi que pour leur environnement.<br \/>\n<\/span><\/p>\n<ul>\n<li><span class=\"ng-star-inserted\">Pour la s\u00e9curit\u00e9 des soudeurs\u00a0<strong>Dacar<\/strong>\u00a0fabrique diff\u00e9rents mod\u00e8les de\u00a0<a href=\"https:\/\/dacarcomercial.com\/fr\/categorias-productos\/masques-de-soudure\/\" target=\"_blank\" rel=\"noopener\">masques \u00e0 souder<\/a>\u00a0de haute qualit\u00e9 avec une large gamme de\u00a0<a href=\"https:\/\/dacarcomercial.com\/fr\/categorias-productos\/filtres-electroniques-soudeur\/\">filtres \u00e9lectroniques<\/a>\u00a0et filtres passifs pour offrir un produit toujours adapt\u00e9 aux besoins de chaque soudeur.\u00a0<\/span><span class=\"ng-star-inserted\">De plus, Dacar fabrique \u00e9galement les\u00a0<a href=\"https:\/\/dacarcomercial.com\/fr\/categorias-productos\/protection-faciale\/ecrans-pare-visage-dc-guard\/\">\u00e9crans faciaux DC-Guard<\/a>, les \u00e9quipements motoris\u00e9s\u00a0<a href=\"https:\/\/dacarcomercial.com\/fr\/categorias-productos\/dacair-2\/\">DACAiR<\/a>\u00a0ainsi que toutes sortes de costumes tels que\u00a0<a href=\"https:\/\/dacarcomercial.com\/fr\/categorias-productos\/vetements-de-protection\/soudeur\/gants\/\">des gants<\/a>, des vestes ou des tabliers pour les soudeurs.<\/span><\/li>\n<li><span class=\"ng-star-inserted\">Pour la s\u00e9curit\u00e9 de l\u2019environnement du soudeur Dacar produit\u00a0<a href=\"https:\/\/dacarcomercial.com\/categorias-productos\/espacios-de-trabajo\/\">les rideaux de soudage Trans-DC-Arc et les s\u00e9parations de postes de travail<\/a>, comme les paravents ou les cloisons, mais peut \u00e9galement budg\u00e9tiser tout type de cabine de soudure sur mesure.<\/span><\/li>\n<li><span class=\"ng-star-inserted\">Les\u00a0<a href=\"https:\/\/dacarcomercial.com\/fr\/categorias-productos\/toiles-ignifugees\/\">couvertures ignifug\u00e9es<\/a>\u00a0sont une autre importante gamme de produits propos\u00e9e par Dacar.\u00a0<\/span><span class=\"ng-star-inserted\">Dacar dispose d\u2019une large gamme de mat\u00e9riaux pour la protection des objets contre les projections de soudure.<\/span><\/li>\n<li><span class=\"ng-star-inserted\">Tous les EPI de Dacar disposent de la\u00a0<a href=\"https:\/\/dacarcomercial.com\/wp-content\/uploads\/2021\/07\/Decl.-UE-Opera-ADF500G-PRO.pdf\">d\u00e9claration UE de conformit\u00e9<\/a>.\u00a0<\/span><span class=\"ng-star-inserted\">Cette d\u00e9claration est un document dans lequel le fabricant indique que le produit est conforme \u00e0 toutes les exigences essentielles du\u00a0<a href=\"https:\/\/industria.gob.es\/Calidad-Industrial\/seguridadindustrial\/productosindustriales\/Equipos-Proteccion-Individual\/Paginas\/Reglamento-UE2016-425-relativo-a-EPIs.aspx\" target=\"_blank\" rel=\"noopener noreferrer nofollow\">r\u00e8glement UE 2016\/425<\/a>\u00a0relatif aux \u00e9quipements de protection individuelle.<\/span><\/li>\n<\/ul>\n","protected":false},"excerpt":{"rendered":"<p>Les nouveaux respirateurs motoris\u00e9s DACAiR sont l\u2019option la plus efficace et la plus polyvalente pour vous prot\u00e9ger des particules nocives sous forme de poussi\u00e8res, fum\u00e9es ou brouillards produits lors du soudage et des techniques associ\u00e9es.<\/p>\n<p><strong>Con\u00e7u en Espagne.<\/strong><\/p>\n<p>Le masque de soudage DC-2 DACAiR est destin\u00e9 \u00e0 \u00eatre utilis\u00e9 dans des conditions d\u00e9favorables avec un amp\u00e9rage de soudage \u00e9lev\u00e9, des temp\u00e9ratures \u00e9lev\u00e9es ou un risque d\u2019impact lors des travaux de meulage. Le cadre ext\u00e9rieur comprime l&rsquo;\u00e9cran de protection du filtre avec le masque, offrant une meilleure \u00e9tanch\u00e9it\u00e9 contre l\u2019entr\u00e9e de fum\u00e9es et de projections. Cela garantit une vue claire et emp\u00eache le filtre \u00e9lectronique d\u2019\u00eatre endommag\u00e9. Gr\u00e2ce \u00e0 la grande couverture du masque, l&rsquo;utilisateur b\u00e9n\u00e9ficiera d&rsquo;une protection totale du visage, du cou et des oreilles tout au long de la journ\u00e9e de travail.<\/p>\n<p>Assurant de mani\u00e8re permanente la s\u00e9curit\u00e9 et la protection des utilisateurs, les \u00e9quipements DACAiR sont conformes aux normes les plus strictes en mati\u00e8re de protection respiratoire.Le masque Dacar DC-2 en combinaison avec l\u2019\u00e9quipement de filtration individuelle motoris\u00e9 DACAiR garantit une protection maximale des voies respiratoires, conforme \u00e0 la classe TH2 de la norme EN12941 ainsi qu\u2019une protection des yeux et du visage avec la norme europ\u00e9enne EN 175 en classe B.<\/p>\n<p><em>Les produits Dacar peuvent \u00eatre achet\u00e9s en ligne ou via notre r\u00e9seau de distributeurs. N\u00b4h\u00e9sitez pas \u00e0 nous consulter votre revendeur le plus proche !<\/em><\/p>\n","protected":false},"featured_media":3819,"template":"","meta":{"site-sidebar-layout":"default","site-content-layout":"default","ast-site-content-layout":"default","site-content-style":"default","site-sidebar-style":"default","ast-global-header-display":"","ast-banner-title-visibility":"","ast-main-header-display":"","ast-hfb-above-header-display":"","ast-hfb-below-header-display":"","ast-hfb-mobile-header-display":"","site-post-title":"","ast-breadcrumbs-content":"","ast-featured-img":"","footer-sml-layout":"","ast-disable-related-posts":"","theme-transparent-header-meta":"default","adv-header-id-meta":"","stick-header-meta":"default","header-above-stick-meta":"","header-main-stick-meta":"","header-below-stick-meta":"","astra-migrate-meta-layouts":"default","ast-page-background-enabled":"default","ast-page-background-meta":{"desktop":{"background-color":"","background-image":"","background-repeat":"repeat","background-position":"center center","background-size":"auto","background-attachment":"scroll","background-type":"","background-media":"","overlay-type":"","overlay-color":"","overlay-opacity":"","overlay-gradient":""},"tablet":{"background-color":"","background-image":"","background-repeat":"repeat","background-position":"center center","background-size":"auto","background-attachment":"scroll","background-type":"","background-media":"","overlay-type":"","overlay-color":"","overlay-opacity":"","overlay-gradient":""},"mobile":{"background-color":"","background-image":"","background-repeat":"repeat","background-position":"center center","background-size":"auto","background-attachment":"scroll","background-type":"","background-media":"","overlay-type":"","overlay-color":"","overlay-opacity":"","overlay-gradient":""}},"ast-content-background-meta":{"desktop":{"background-color":"var(--ast-global-color-5)","background-image":"","background-repeat":"repeat","background-position":"center center","background-size":"auto","background-attachment":"scroll","background-type":"","background-media":"","overlay-type":"","overlay-color":"","overlay-opacity":"","overlay-gradient":""},"tablet":{"background-color":"var(--ast-global-color-5)","background-image":"","background-repeat":"repeat","background-position":"center center","background-size":"auto","background-attachment":"scroll","background-type":"","background-media":"","overlay-type":"","overlay-color":"","overlay-opacity":"","overlay-gradient":""},"mobile":{"background-color":"var(--ast-global-color-5)","background-image":"","background-repeat":"repeat","background-position":"center center","background-size":"auto","background-attachment":"scroll","background-type":"","background-media":"","overlay-type":"","overlay-color":"","overlay-opacity":"","overlay-gradient":""}}},"product_brand":[],"product_cat":[952,1735],"product_tag":[],"class_list":{"0":"post-17573","1":"product","2":"type-product","3":"status-publish","4":"has-post-thumbnail","6":"product_cat-dacair-2","7":"product_cat-equipements-respirateurs-motorises-complets","8":"desktop-align-left","9":"tablet-align-left","10":"mobile-align-left","11":"ast-product-gallery-layout-horizontal-slider","12":"ast-product-single-variable","13":"ast-product-tabs-layout-horizontal","15":"first","16":"instock","17":"taxable","18":"shipping-taxable","19":"purchasable","20":"product-type-variable"},"_links":{"self":[{"href":"https:\/\/dacarcomercial.com\/fr\/wp-json\/wp\/v2\/product\/17573","targetHints":{"allow":["GET"]}}],"collection":[{"href":"https:\/\/dacarcomercial.com\/fr\/wp-json\/wp\/v2\/product"}],"about":[{"href":"https:\/\/dacarcomercial.com\/fr\/wp-json\/wp\/v2\/types\/product"}],"version-history":[{"count":0,"href":"https:\/\/dacarcomercial.com\/fr\/wp-json\/wp\/v2\/product\/17573\/revisions"}],"wp:featuredmedia":[{"embeddable":true,"href":"https:\/\/dacarcomercial.com\/fr\/wp-json\/wp\/v2\/media\/3819"}],"wp:attachment":[{"href":"https:\/\/dacarcomercial.com\/fr\/wp-json\/wp\/v2\/media?parent=17573"}],"wp:term":[{"taxonomy":"product_brand","embeddable":true,"href":"https:\/\/dacarcomercial.com\/fr\/wp-json\/wp\/v2\/product_brand?post=17573"},{"taxonomy":"product_cat","embeddable":true,"href":"https:\/\/dacarcomercial.com\/fr\/wp-json\/wp\/v2\/product_cat?post=17573"},{"taxonomy":"product_tag","embeddable":true,"href":"https:\/\/dacarcomercial.com\/fr\/wp-json\/wp\/v2\/product_tag?post=17573"}],"curies":[{"name":"wp","href":"https:\/\/api.w.org\/{rel}","templated":true}]}}