{"id":17590,"date":"2021-03-06T16:46:01","date_gmt":"2021-03-06T15:46:01","guid":{"rendered":"http:\/\/dacarcomercial.com\/producto\/dacair-wh02-grand-v958i-plus\/"},"modified":"2023-06-16T10:27:01","modified_gmt":"2023-06-16T08:27:01","slug":"motoventilateur-dacair-masque","status":"publish","type":"product","link":"https:\/\/dacarcomercial.com\/fr\/producto\/motoventilateur-dacair-masque\/","title":{"rendered":"Moto-ventilateur DACAiR avec masque \u00e0 souder WH02 Grand et filtre \u00e9lectronique V958I Plus"},"content":{"rendered":"<h2><strong>Ensemble Moto-ventilateur DACAiR avec masque \u00e0 souder WH02 Grand et filtre \u00e9lectronique V9581 Plus<\/strong><\/h2>\n<ul>\n<li>Moteur DACAiR<\/li>\n<li>Filtre P R SL et pr\u00e9-filtre<\/li>\n<li>Ceinture confort<\/li>\n<li>1 ou 2 batteries (selon l&rsquo;option choisie)<\/li>\n<li>Chargeur<\/li>\n<li>Tuyau d&rsquo;air avec protecteur en Proban<\/li>\n<li>Dispositif du contr\u00f4le de flux d&rsquo;air<\/li>\n<li>Masque \u00e0 souder WH02 avec joint facial et conduit d&rsquo;air<\/li>\n<li>Filtre \u00e9lectronique Grand V958I Plus<\/li>\n<li>Sac de transport \/ rangement<\/li>\n<\/ul>\n<p><strong>Unit\u00e9 de ventilation<\/strong><\/p>\n<p><img fetchpriority=\"high\" decoding=\"async\" class=\" wp-image-26389 alignright\" src=\"http:\/\/dacarcomercial.com\/wp-content\/uploads\/2021\/03\/DACAIR-BATERIA-Y-FILTRO_-FRA.jpg\" alt=\"\" width=\"475\" height=\"374\" title=\"\">Compos\u00e9 d&rsquo;un moteur-ventilateur compact et l\u00e9ger (920 g) avec un filtre P R SL rempla\u00e7able pour particules et a\u00e9rosols et d&rsquo;un pr\u00e9-filtre, qui est aliment\u00e9 par une batterie Li-Ion rempla\u00e7able et rechargeable, l&rsquo;unit\u00e9 DACAiR permet une s\u00e9lection entre deux d\u00e9bits : 180 ou 220 l\/m, d\u00e9bits toujours constants sous contr\u00f4le \u00e9lectronique.<\/p>\n<p>Avec une grande autonomie d&rsquo;utilisation (jusqu&rsquo;\u00e0 plus de 8 heures), ainsi qu&rsquo;une alarme visuelle et acoustique en cas de batterie d\u00e9charg\u00e9e ou de filtre satur\u00e9 pour plus de s\u00e9curit\u00e9, l&rsquo;\u00e9quipement DACAiR est g\u00e9r\u00e9 avec un panneau de contr\u00f4le simple et intuitif, pour une plus grande efficacit\u00e9.<\/p>\n<p>Son moto-ventilateur filtre et dirige l&rsquo;air, g\u00e9n\u00e9rant une surpression positive \u00e0 l&rsquo;int\u00e9rieur de l&rsquo;unit\u00e9 de t\u00eate, pour fournir un air de qualit\u00e9 respirable et emp\u00eacher l&rsquo;entr\u00e9e de fum\u00e9es toxiques dans la zone bucco-nasale, produisant, en plus, une agr\u00e9able sensation de fra\u00eecheur.<\/p>\n<p>\u00c0 noter \u00e9galement que, gr\u00e2ce \u00e0 leurs dimensions r\u00e9duites, les \u00e9quipements DACAiR peuvent \u00eatre utilis\u00e9s en toute simplicit\u00e9 dans des espaces restreints, avec un confort de port maximal gr\u00e2ce \u00e0 sa ceinture avec un dos rembourr\u00e9 facilement r\u00e9glable.<\/p>\n<p><strong>Unit\u00e9 de t\u00eate<\/strong><\/p>\n<p><img decoding=\"async\" class=\" wp-image-26377 alignleft\" src=\"http:\/\/dacarcomercial.com\/wp-content\/uploads\/2021\/03\/wh02.jpg\" alt=\"\" width=\"321\" height=\"273\" title=\"\">Le champ de vision du masque de soudage WH-02 DACAiR vous \u00e9tonnera. Avec une zone de vision extra-large (98 x 87 mm) et une clart\u00e9 imbattable, l&rsquo;utilisateur b\u00e9n\u00e9ficiera d&rsquo;un confort optimal tout au long de la journ\u00e9e de travail. Sa double gamme de teintes sombres vous permettra de l&rsquo;utiliser pour tous types de soudure, oxy-coupage ou micro-plasma.<\/p>\n<p>Le masque \u00e0 souder WH-02 DACAiR, peint en noir brillant, est \u00e9quip\u00e9 d&rsquo;un joint facial r\u00e9glable en tissu avec traitement ignifuge ainsi que d&rsquo;un conduit d&rsquo;air qui transporte l&rsquo;air pur provenant du ventilateur du moteur vers l&rsquo;avant du masque. Gr\u00e2ce au d\u00e9flecteur int\u00e9gr\u00e9, l&rsquo;air procure une agr\u00e9able sensation de fra\u00eecheur sans perturber votre vision.<\/p>\n<p>\u00c9quip\u00e9 d&rsquo;un serre-t\u00eate avec D.R.M. (Dispositif R\u00e9partiteur de Masse), qui r\u00e9partit de mani\u00e8re plus uniforme le poids du masque pour r\u00e9duire la tension au niveau de la nuque, le masque WH-02 DACAiR est tr\u00e8s confortable \u00e0 porter pendant de longues p\u00e9riodes de travail.<\/p>\n<p><strong>Caract\u00e9ristiques du moto-ventilateur DACAiR<\/strong><\/p>\n<ul>\n<li>Filtre rempla\u00e7able P R SL<\/li>\n<li>Poids ensemble complet (filtre inclus): 920 g<\/li>\n<li>Flux d&rsquo;air variable: 180 ou 220 litres \/ min<\/li>\n<li>Batterie: Li-ion 7.4 V \/ 5200 mAh<\/li>\n<li>Temps d&rsquo;utilisation avec batterie compl\u00e8tement charg\u00e9e et filtres neufs<\/li>\n<li>\u00c0 180 l \/ min &gt; 8 heures, \u00e0 220 l \/ min &gt; 5 heures. Le temps d&rsquo;utilisation peut se voir r\u00e9duite si la batterie est mal charg\u00e9e ou si les filtres sont colmat\u00e9s.<\/li>\n<li>Cycles de charge: &gt;350<\/li>\n<li>Charge rapide: &lt; 4 heures<\/li>\n<li>Facteur Nominal de protection: 500 (TH3) &#8211; 50 (TH2)<\/li>\n<li>Niveau sonore: Max. 69 \u00e0 74 dB(A) selon l`unit\u00e9 de t\u00eate<\/li>\n<li>Certification: CE EN 12941 classe TH2 ou TH3 (selon unit\u00e9 de t\u00eate)<\/li>\n<li>Garantie: 6 mois pour la batterie et 1 an pour le moto-ventilateur<\/li>\n<\/ul>\n<p><strong>Caract\u00e9ristiques du filtre \u00e9lectro-optique Grand V958I Plus (ADF958IPLUS)<\/strong><\/p>\n<ul>\n<li>Champ de vision XXL<\/li>\n<li>Teinte claire grise ultra-claire avec LCD True Color de derni\u00e8re g\u00e9n\u00e9ration<\/li>\n<li>Double \u00e9chelle de teintes fonc\u00e9es (DIN 5 \u00e0 8 et DIN 9 \u00e0 13) en continu avec r\u00e9glage interne<\/li>\n<li>Retour de fonc\u00e9e \u00e0 claire et sensibilit\u00e9 r\u00e9glables avec s\u00e9lecteurs internes<\/li>\n<li>Fonction meulage avec s\u00e9lecteur interne<\/li>\n<li>Alimentation solaire et pile lithium CR2450 changeable<\/li>\n<li>Qualit\u00e9 optique 1\/1\/1\/1 CE EN379<\/li>\n<li>Aire de vision: 98 x 87 mm.<\/li>\n<li>Temps de r\u00e9action : 0,04 ms.<\/li>\n<li>Pour travaux de soudage en TIG, MIG, MAG, \u00e9lectrode, soudure autog\u00e8ne, coupage, plasma et micro-plasma.<\/li>\n<li>2 ans de garantie<\/li>\n<\/ul>\n","protected":false},"excerpt":{"rendered":"<p>Les nouveaux respirateurs motoris\u00e9s DACAiR sont l\u2019option la plus efficace et la plus polyvalente pour vous prot\u00e9ger des particules nocives sous forme de poussi\u00e8res, fum\u00e9es ou brouillards produits lors du soudage et des techniques associ\u00e9es.<\/p>\n<p>Le champ de vision du masque \u00e0 souder WH-02 DACAiR vous \u00e9tonnera.<\/p>\n<p>Le masque \u00e0 souder WH02 avec filtre V958I Plus, offre un \u00e9cran LCD de derni\u00e8re g\u00e9n\u00e9ration gris ultra-clair de 98 x 87 mm avec la technologie True Color pour un confort optimal, aussi bien en soudage que non, en minimisant la sensation de claustrophobie que peut provoquer un filtre avec peu de champ de vision et avec une plus grande s\u00e9curit\u00e9 puisque l&rsquo;op\u00e9rateur a un tr\u00e8s grand champ de vision et pourra d\u00e9tecter toute source de danger autour de lui.<\/p>\n<p>Sa double gamme de teintes sombres ainsi que la fonction meulage vous permettra de l&rsquo;utiliser pour tous types de soudure, oxy-coupage ou micro-plasma et pour vos travaux de meulage.<\/p>\n<p>Assurant de mani\u00e8re permanente la s\u00e9curit\u00e9 et la protection des utilisateurs, les \u00e9quipements DACAiR sont conformes aux normes les plus strictes en mati\u00e8re de protection respiratoire. Les assemblages DACAiR WH02 sont certifi\u00e9s conform\u00e9ment \u00e0 la l\u00e9gislation en vigueur 425\/2016 selon EN 12941:1998 + A1:2003 + A2:2008 en classe TH2.<\/p>\n<p><em>Les produits Dacar peuvent \u00eatre achet\u00e9s en ligne ou via notre r\u00e9seau de distributeurs. N\u00b4h\u00e9sitez pas \u00e0 nous consulter votre revendeur le plus proche !<\/em><\/p>\n","protected":false},"featured_media":6780,"template":"","meta":{"site-sidebar-layout":"default","site-content-layout":"default","ast-site-content-layout":"default","site-content-style":"default","site-sidebar-style":"default","ast-global-header-display":"","ast-banner-title-visibility":"","ast-main-header-display":"","ast-hfb-above-header-display":"","ast-hfb-below-header-display":"","ast-hfb-mobile-header-display":"","site-post-title":"","ast-breadcrumbs-content":"","ast-featured-img":"","footer-sml-layout":"","ast-disable-related-posts":"","theme-transparent-header-meta":"default","adv-header-id-meta":"","stick-header-meta":"default","header-above-stick-meta":"","header-main-stick-meta":"","header-below-stick-meta":"","astra-migrate-meta-layouts":"default","ast-page-background-enabled":"default","ast-page-background-meta":{"desktop":{"background-color":"","background-image":"","background-repeat":"repeat","background-position":"center center","background-size":"auto","background-attachment":"scroll","background-type":"","background-media":"","overlay-type":"","overlay-color":"","overlay-opacity":"","overlay-gradient":""},"tablet":{"background-color":"","background-image":"","background-repeat":"repeat","background-position":"center center","background-size":"auto","background-attachment":"scroll","background-type":"","background-media":"","overlay-type":"","overlay-color":"","overlay-opacity":"","overlay-gradient":""},"mobile":{"background-color":"","background-image":"","background-repeat":"repeat","background-position":"center center","background-size":"auto","background-attachment":"scroll","background-type":"","background-media":"","overlay-type":"","overlay-color":"","overlay-opacity":"","overlay-gradient":""}},"ast-content-background-meta":{"desktop":{"background-color":"var(--ast-global-color-5)","background-image":"","background-repeat":"repeat","background-position":"center center","background-size":"auto","background-attachment":"scroll","background-type":"","background-media":"","overlay-type":"","overlay-color":"","overlay-opacity":"","overlay-gradient":""},"tablet":{"background-color":"var(--ast-global-color-5)","background-image":"","background-repeat":"repeat","background-position":"center center","background-size":"auto","background-attachment":"scroll","background-type":"","background-media":"","overlay-type":"","overlay-color":"","overlay-opacity":"","overlay-gradient":""},"mobile":{"background-color":"var(--ast-global-color-5)","background-image":"","background-repeat":"repeat","background-position":"center center","background-size":"auto","background-attachment":"scroll","background-type":"","background-media":"","overlay-type":"","overlay-color":"","overlay-opacity":"","overlay-gradient":""}}},"product_brand":[],"product_cat":[952,1735],"product_tag":[],"class_list":{"0":"post-17590","1":"product","2":"type-product","3":"status-publish","4":"has-post-thumbnail","6":"product_cat-dacair-2","7":"product_cat-equipements-respirateurs-motorises-complets","8":"desktop-align-left","9":"tablet-align-left","10":"mobile-align-left","11":"ast-product-gallery-layout-horizontal-slider","12":"ast-product-gallery-with-no-image","13":"ast-product-single-variable","14":"ast-product-tabs-layout-horizontal","16":"first","17":"instock","18":"taxable","19":"shipping-taxable","20":"purchasable","21":"product-type-variable"},"_links":{"self":[{"href":"https:\/\/dacarcomercial.com\/fr\/wp-json\/wp\/v2\/product\/17590","targetHints":{"allow":["GET"]}}],"collection":[{"href":"https:\/\/dacarcomercial.com\/fr\/wp-json\/wp\/v2\/product"}],"about":[{"href":"https:\/\/dacarcomercial.com\/fr\/wp-json\/wp\/v2\/types\/product"}],"version-history":[{"count":0,"href":"https:\/\/dacarcomercial.com\/fr\/wp-json\/wp\/v2\/product\/17590\/revisions"}],"wp:featuredmedia":[{"embeddable":true,"href":"https:\/\/dacarcomercial.com\/fr\/wp-json\/wp\/v2\/media\/6780"}],"wp:attachment":[{"href":"https:\/\/dacarcomercial.com\/fr\/wp-json\/wp\/v2\/media?parent=17590"}],"wp:term":[{"taxonomy":"product_brand","embeddable":true,"href":"https:\/\/dacarcomercial.com\/fr\/wp-json\/wp\/v2\/product_brand?post=17590"},{"taxonomy":"product_cat","embeddable":true,"href":"https:\/\/dacarcomercial.com\/fr\/wp-json\/wp\/v2\/product_cat?post=17590"},{"taxonomy":"product_tag","embeddable":true,"href":"https:\/\/dacarcomercial.com\/fr\/wp-json\/wp\/v2\/product_tag?post=17590"}],"curies":[{"name":"wp","href":"https:\/\/api.w.org\/{rel}","templated":true}]}}