{"id":17596,"date":"2021-03-06T16:46:22","date_gmt":"2021-03-06T15:46:22","guid":{"rendered":"http:\/\/dacarcomercial.com\/producto\/motoventilateur-dacair-unite-de-ceinture\/"},"modified":"2022-03-14T12:30:17","modified_gmt":"2022-03-14T11:30:17","slug":"moto-ventilateur-dacair-ceinture","status":"publish","type":"product","link":"https:\/\/dacarcomercial.com\/fr\/producto\/moto-ventilateur-dacair-ceinture\/","title":{"rendered":"Moto-ventilateur DACAiR, unit\u00e9 de ceinture"},"content":{"rendered":"<h2><strong>L&rsquo;ensemble Moto-ventilateur DACAiR, unit\u00e9 de ceinture :<\/strong><\/h2>\n<ul>\n<li>L\u00e9ger et ergonomique<\/li>\n<li>Poids ensemble complet (filtre inclus): 920 g<\/li>\n<li>Flux d&rsquo;air variable: 180 ou 220 litres \/ min<\/li>\n<li>Type de filtre: Filtre rempla\u00e7able P R SL et pr\u00e9-filtre<\/li>\n<li>Batterie: Li-ion 7.4 V \/ 5200 mAh<\/li>\n<li>Temps d\u00b4utilisation avec batterie compl\u00e8tement charg\u00e9e et filtres neufs: \u00c0 180 l \/ min &gt; 8 heures, \u00e0 220 l \/ min &gt; 5 heures<br \/>\n*Le temps d&rsquo;utilisation peut se voir r\u00e9duite si la batterie est mal charg\u00e9e ou si les filtres sont colmat\u00e9s.<\/li>\n<li>Cycles de charge: &gt;350<\/li>\n<li>Charge rapide: &lt; 4 heures<\/li>\n<li>Facteur Nominal de protection: 500 (TH3) &#8211; 50 (TH2)<\/li>\n<li>Niveau sonore: Max. 69 \u00e0 74 dB(A) selon l&rsquo;unit\u00e9 de t\u00eate<\/li>\n<li>Certification: CE EN 12941 classe TH2 ou TH3 (selon unit\u00e9 de t\u00eate)<\/li>\n<li>Garantie: 6 mois pour la batterie et 1 an pour le moto-ventilateur<\/li>\n<\/ul>\n<p><strong>Caract\u00e9ristiques et avantages:<\/strong><\/p>\n<p><strong>Confort<\/strong><\/p>\n<ul>\n<li>Le design ergonomique et la l\u00e9g\u00e8ret\u00e9 de l\u2019\u00e9quipement DACAiR (920 gr ensemble complet) garantissent un haut niveau de confort pour l\u2019utilisateur, m\u00eame dans des environnements aux possibilit\u00e9s de mouvement limit\u00e9es gr\u00e2ce \u00e0 son conduit d\u2019air tr\u00e8s flexible qui reste proche du corps.<\/li>\n<li>Sans vibrations et avec seulement 65 d\u00e9cibels de niveau sonore, l\u2019utilisateur pourra effectuer son travail avec une efficacit\u00e9 totale et sans g\u00eane auditive.<\/li>\n<\/ul>\n<p><strong>S\u00e9curit\u00e9<\/strong><\/p>\n<ul>\n<li>DACAiR offre le plus haut niveau de protection respiratoire avec un syst\u00e8me de distribution d\u2019air int\u00e9gr\u00e9 qui dirige l\u2019air propre directement vers la zone de respiration de l\u2019unit\u00e9 de t\u00eate.<\/li>\n<li>L\u2019utilisateur re\u00e7oit un air filtr\u00e9 d\u2019excellente qualit\u00e9, emp\u00eachant, \u00e0 son tour, l\u2019entr\u00e9e de fum\u00e9es toxiques ou tout autre type de particules, gr\u00e2ce \u00e0 la pression positive g\u00e9n\u00e9r\u00e9e par le DACAiR, qui fait que l\u2019utilisateur, en plus d\u2019\u00eatre prot\u00e9g\u00e9, ressent une agr\u00e9able sensation de fra\u00eecheur dans unit\u00e9 principale.<\/li>\n<\/ul>\n<p><strong>Rentabilit\u00e9<\/strong><\/p>\n<ul>\n<li>Le moto-ventilateur DACAiR est totalement fiable et tr\u00e8s \u00e9conomique. Son syst\u00e8me \u00e9lectronique avanc\u00e9 combin\u00e9 \u00e0 un moteur sans vibrations (moteur sans balais) prolonge sa dur\u00e9e de vie tandis que le filtre rempla\u00e7able P R SL garantit une protection respiratoire pendant une p\u00e9riode prolong\u00e9e de temps, ce qui se traduit par un faible co\u00fbt d\u2019utilisation quotidienne par rapport \u00e0 l\u2019utilisation de Masques FFP3 par exemple.<\/li>\n<\/ul>\n<p><span class=\"ng-star-inserted\"><a href=\"https:\/\/dacarcomercial.com\/fr\/a-propos-de-nous\/\" target=\"_blank\" rel=\"noopener\"><strong>Dacar<\/strong><\/a>\u00a0est une\u00a0<strong>entreprise de Navarre (Espagne)<\/strong>\u00a0sp\u00e9cialis\u00e9e dans les produits pour la s\u00e9curit\u00e9 des soudeurs professionnels, semi-professionnels ou occasionnels, ainsi que pour leur environnement.<br \/>\n<\/span><\/p>\n<ul>\n<li><span class=\"ng-star-inserted\">Pour la s\u00e9curit\u00e9 des soudeurs\u00a0<strong>Dacar<\/strong>\u00a0fabrique diff\u00e9rents mod\u00e8les de\u00a0<a href=\"https:\/\/dacarcomercial.com\/fr\/categorias-productos\/masques-de-soudure\/\" target=\"_blank\" rel=\"noopener\">masques \u00e0 souder<\/a>\u00a0de haute qualit\u00e9 avec une large gamme de\u00a0<a href=\"https:\/\/dacarcomercial.com\/fr\/categorias-productos\/filtres-electroniques-soudeur\/\">filtres \u00e9lectroniques<\/a>\u00a0et filtres passifs pour offrir un produit toujours adapt\u00e9 aux besoins de chaque soudeur.\u00a0<\/span><span class=\"ng-star-inserted\">De plus, Dacar fabrique \u00e9galement les\u00a0<a href=\"https:\/\/dacarcomercial.com\/fr\/categorias-productos\/protection-faciale\/ecrans-pare-visage-dc-guard\/\">\u00e9crans faciaux DC-Guard<\/a>, les \u00e9quipements motoris\u00e9s\u00a0<a href=\"https:\/\/dacarcomercial.com\/fr\/categorias-productos\/dacair-2\/\">DACAiR<\/a>\u00a0ainsi que toutes sortes de costumes tels que\u00a0<a href=\"https:\/\/dacarcomercial.com\/fr\/categorias-productos\/vetements-de-protection\/soudeur\/gants\/\">des gants<\/a>, des vestes ou des tabliers pour les soudeurs.<\/span><\/li>\n<li><span class=\"ng-star-inserted\">Pour la s\u00e9curit\u00e9 de l\u2019environnement du soudeur Dacar produit\u00a0<a href=\"https:\/\/dacarcomercial.com\/categorias-productos\/espacios-de-trabajo\/\">les rideaux de soudage Trans-DC-Arc et les s\u00e9parations de postes de travail<\/a>, comme les paravents ou les cloisons, mais peut \u00e9galement budg\u00e9tiser tout type de cabine de soudure sur mesure.<\/span><\/li>\n<li><span class=\"ng-star-inserted\">Les\u00a0<a href=\"https:\/\/dacarcomercial.com\/fr\/categorias-productos\/toiles-ignifugees\/\">couvertures ignifug\u00e9es<\/a>\u00a0sont une autre importante gamme de produits propos\u00e9e par Dacar.\u00a0<\/span><span class=\"ng-star-inserted\">Dacar dispose d\u2019une large gamme de mat\u00e9riaux pour la protection des objets contre les projections de soudure.<\/span><\/li>\n<li><span class=\"ng-star-inserted\">Tous les EPI de Dacar disposent de la\u00a0<a href=\"https:\/\/dacarcomercial.com\/wp-content\/uploads\/2021\/07\/Decl.-UE-Opera-ADF500G-PRO.pdf\">d\u00e9claration UE de conformit\u00e9<\/a>.\u00a0<\/span><span class=\"ng-star-inserted\">Cette d\u00e9claration est un document dans lequel le fabricant indique que le produit est conforme \u00e0 toutes les exigences essentielles du\u00a0<a href=\"https:\/\/industria.gob.es\/Calidad-Industrial\/seguridadindustrial\/productosindustriales\/Equipos-Proteccion-Individual\/Paginas\/Reglamento-UE2016-425-relativo-a-EPIs.aspx\" target=\"_blank\" rel=\"noopener noreferrer nofollow\">r\u00e8glement UE 2016\/425<\/a>\u00a0relatif aux \u00e9quipements de protection individuelle.<\/span><\/li>\n<\/ul>\n","protected":false},"excerpt":{"rendered":"<p>Le moto-ventilateur DACAiR, con\u00e7u pour la protection respiratoire individuelle en milieu industriel. La solution id\u00e9ale pour les environnements avec des niveaux \u00e9lev\u00e9s de particules contaminantes sous formes de particules solides ou liquides.<\/p>\n<p>Compatible avec diff\u00e9rentes unit\u00e9s de t\u00eate, les nouveaux respirateurs motoris\u00e9s DACAiR sont l\u2019option la plus efficace et la plus polyvalente pour vous prot\u00e9ger des particules nocives sous forme de poussi\u00e8res, fum\u00e9es ou brouillards produits lors du soudage et des techniques associ\u00e9es.<\/p>\n<p>Assurant de mani\u00e8re permanente la s\u00e9curit\u00e9 et la protection des utilisateurs, les \u00e9quipements DACAiR sont conformes aux normes les plus strictes en mati\u00e8re de protection respiratoire. Les assemblages DACAiR sont certifi\u00e9s conform\u00e9ment \u00e0 la l\u00e9gislation en vigueur 425\/2016 selon EN 12941:1998 + A1:2003 + A2:2008 en classe TH2 ou TH3 selon les mod\u00e8les d\u2019unit\u00e9 principale.<\/p>\n<p><em>Les produits Dacar peuvent \u00eatre achet\u00e9s en ligne ou via notre r\u00e9seau de distributeurs. N\u00b4h\u00e9sitez pas \u00e0 nous consulter votre revendeur le plus proche !<\/em><\/p>\n","protected":false},"featured_media":5007,"template":"","meta":{"site-sidebar-layout":"default","site-content-layout":"default","ast-site-content-layout":"default","site-content-style":"default","site-sidebar-style":"default","ast-global-header-display":"","ast-banner-title-visibility":"","ast-main-header-display":"","ast-hfb-above-header-display":"","ast-hfb-below-header-display":"","ast-hfb-mobile-header-display":"","site-post-title":"","ast-breadcrumbs-content":"","ast-featured-img":"","footer-sml-layout":"","ast-disable-related-posts":"","theme-transparent-header-meta":"default","adv-header-id-meta":"","stick-header-meta":"default","header-above-stick-meta":"","header-main-stick-meta":"","header-below-stick-meta":"","astra-migrate-meta-layouts":"default","ast-page-background-enabled":"default","ast-page-background-meta":{"desktop":{"background-color":"","background-image":"","background-repeat":"repeat","background-position":"center center","background-size":"auto","background-attachment":"scroll","background-type":"","background-media":"","overlay-type":"","overlay-color":"","overlay-opacity":"","overlay-gradient":""},"tablet":{"background-color":"","background-image":"","background-repeat":"repeat","background-position":"center center","background-size":"auto","background-attachment":"scroll","background-type":"","background-media":"","overlay-type":"","overlay-color":"","overlay-opacity":"","overlay-gradient":""},"mobile":{"background-color":"","background-image":"","background-repeat":"repeat","background-position":"center center","background-size":"auto","background-attachment":"scroll","background-type":"","background-media":"","overlay-type":"","overlay-color":"","overlay-opacity":"","overlay-gradient":""}},"ast-content-background-meta":{"desktop":{"background-color":"var(--ast-global-color-5)","background-image":"","background-repeat":"repeat","background-position":"center center","background-size":"auto","background-attachment":"scroll","background-type":"","background-media":"","overlay-type":"","overlay-color":"","overlay-opacity":"","overlay-gradient":""},"tablet":{"background-color":"var(--ast-global-color-5)","background-image":"","background-repeat":"repeat","background-position":"center center","background-size":"auto","background-attachment":"scroll","background-type":"","background-media":"","overlay-type":"","overlay-color":"","overlay-opacity":"","overlay-gradient":""},"mobile":{"background-color":"var(--ast-global-color-5)","background-image":"","background-repeat":"repeat","background-position":"center center","background-size":"auto","background-attachment":"scroll","background-type":"","background-media":"","overlay-type":"","overlay-color":"","overlay-opacity":"","overlay-gradient":""}}},"product_brand":[],"product_cat":[1737,952],"product_tag":[],"class_list":{"0":"post-17596","1":"product","2":"type-product","3":"status-publish","4":"has-post-thumbnail","6":"product_cat-accessoires-et-rechanges-fr","7":"product_cat-dacair-2","8":"desktop-align-left","9":"tablet-align-left","10":"mobile-align-left","11":"ast-product-gallery-layout-horizontal-slider","12":"ast-product-tabs-layout-horizontal","14":"first","15":"instock","16":"taxable","17":"shipping-taxable","18":"purchasable","19":"product-type-simple"},"_links":{"self":[{"href":"https:\/\/dacarcomercial.com\/fr\/wp-json\/wp\/v2\/product\/17596","targetHints":{"allow":["GET"]}}],"collection":[{"href":"https:\/\/dacarcomercial.com\/fr\/wp-json\/wp\/v2\/product"}],"about":[{"href":"https:\/\/dacarcomercial.com\/fr\/wp-json\/wp\/v2\/types\/product"}],"version-history":[{"count":0,"href":"https:\/\/dacarcomercial.com\/fr\/wp-json\/wp\/v2\/product\/17596\/revisions"}],"wp:featuredmedia":[{"embeddable":true,"href":"https:\/\/dacarcomercial.com\/fr\/wp-json\/wp\/v2\/media\/5007"}],"wp:attachment":[{"href":"https:\/\/dacarcomercial.com\/fr\/wp-json\/wp\/v2\/media?parent=17596"}],"wp:term":[{"taxonomy":"product_brand","embeddable":true,"href":"https:\/\/dacarcomercial.com\/fr\/wp-json\/wp\/v2\/product_brand?post=17596"},{"taxonomy":"product_cat","embeddable":true,"href":"https:\/\/dacarcomercial.com\/fr\/wp-json\/wp\/v2\/product_cat?post=17596"},{"taxonomy":"product_tag","embeddable":true,"href":"https:\/\/dacarcomercial.com\/fr\/wp-json\/wp\/v2\/product_tag?post=17596"}],"curies":[{"name":"wp","href":"https:\/\/api.w.org\/{rel}","templated":true}]}}