{"id":17612,"date":"2021-03-06T16:46:22","date_gmt":"2021-03-06T15:46:22","guid":{"rendered":"http:\/\/dacarcomercial.com\/producto\/ecran-acetate-vert-teinte-5-pour-dc-guard\/"},"modified":"2026-05-14T15:53:29","modified_gmt":"2026-05-14T13:53:29","slug":"ecran-soudage-pour-dc-guard","status":"publish","type":"product","link":"https:\/\/dacarcomercial.com\/fr\/producto\/ecran-soudage-pour-dc-guard\/","title":{"rendered":"\u00c9cran soudage pour DC-Guard"},"content":{"rendered":"<h3>Caract\u00e9ristiques \u00c9cran soudage pour DC-Guard:<\/h3>\n<ul>\n<li>\u00c9cran en ac\u00e9tate vert teinte 5 de 203 mm de hauteur et 1 mm d\u00b4\u00e9paisseur pour DC Guard<\/li>\n<li>Pour la protection f\u00e2ce aux projections et rayonnement lumineux produits lors de travaux de soudure autog\u00e8ne ou de d\u00e9coupe<\/li>\n<li>Rebord en caoutchouc noir pour \u00e9viter les accrocs fortuis avec les v\u00eatements<\/li>\n<li>Avec 2 plis lat\u00e9raux obliques qui garantissent une courbure homog\u00e8ne dans la zone de vision pour une vision sans distortions<\/li>\n<li>Facil \u00e0 installer sans n\u00e9cessit\u00e9 de visser ou d\u00e9visser quoi que se soit, il offre une excellente protection du visage jusqu\u00b4aux oreilles<\/li>\n<li>Certifi\u00e9 CE 5 EN166 1 F 9<\/li>\n<li>Pour utilisation avec l\u00b4\u00e9cran pare-visage DC-Guard, DAC3070<\/li>\n<li>Con\u00e7u en Espagne<\/li>\n<\/ul>\n","protected":false},"excerpt":{"rendered":"<p>\u00c9cran vert teinte 5 pour travaux de soudure autog\u00e8ne \u00e0 fixer sur le protecteur facial DC-Guard avec r\u00e9f\u00e9rence DAC3070 (\u00e0 commander s\u00e9par\u00e9ment).<\/p>\n<p><strong>L\u00b4\u00e9cran soudage pour DC-Guard est con\u00e7u en Espagne.<\/strong><\/p>\n<p>Fabriqu\u00e9 en ac\u00e9tate, il offre une bonne r\u00e9sistance aux rayures et avec la teinte verte DIN 5 il offre une protection totale contre les projections et les rayonnements lumineux produits par les travaux de soudure ou de d\u00e9coupe.<\/p>\n<p>Il int\u00e8gre un bord en caoutchouc pour \u00e9viter l&rsquo;accrochage accidentel sur les v\u00eatements et deux plis lat\u00e9raux obliques pour garantir une courbe homog\u00e8ne dans la zone de vision pour une vision sans distorsion.<\/p>\n","protected":false},"featured_media":5769,"template":"","meta":{"site-sidebar-layout":"default","site-content-layout":"default","ast-site-content-layout":"default","site-content-style":"default","site-sidebar-style":"default","ast-global-header-display":"","ast-banner-title-visibility":"","ast-main-header-display":"","ast-hfb-above-header-display":"","ast-hfb-below-header-display":"","ast-hfb-mobile-header-display":"","site-post-title":"","ast-breadcrumbs-content":"","ast-featured-img":"","footer-sml-layout":"","ast-disable-related-posts":"","theme-transparent-header-meta":"default","adv-header-id-meta":"","stick-header-meta":"default","header-above-stick-meta":"","header-main-stick-meta":"","header-below-stick-meta":"","astra-migrate-meta-layouts":"set","ast-page-background-enabled":"default","ast-page-background-meta":{"desktop":{"background-color":"","background-image":"","background-repeat":"repeat","background-position":"center center","background-size":"auto","background-attachment":"scroll","background-type":"","background-media":"","overlay-type":"","overlay-color":"","overlay-opacity":"","overlay-gradient":""},"tablet":{"background-color":"","background-image":"","background-repeat":"repeat","background-position":"center center","background-size":"auto","background-attachment":"scroll","background-type":"","background-media":"","overlay-type":"","overlay-color":"","overlay-opacity":"","overlay-gradient":""},"mobile":{"background-color":"","background-image":"","background-repeat":"repeat","background-position":"center center","background-size":"auto","background-attachment":"scroll","background-type":"","background-media":"","overlay-type":"","overlay-color":"","overlay-opacity":"","overlay-gradient":""}},"ast-content-background-meta":{"desktop":{"background-color":"var(--ast-global-color-5)","background-image":"","background-repeat":"repeat","background-position":"center center","background-size":"auto","background-attachment":"scroll","background-type":"","background-media":"","overlay-type":"","overlay-color":"","overlay-opacity":"","overlay-gradient":""},"tablet":{"background-color":"var(--ast-global-color-5)","background-image":"","background-repeat":"repeat","background-position":"center center","background-size":"auto","background-attachment":"scroll","background-type":"","background-media":"","overlay-type":"","overlay-color":"","overlay-opacity":"","overlay-gradient":""},"mobile":{"background-color":"var(--ast-global-color-5)","background-image":"","background-repeat":"repeat","background-position":"center center","background-size":"auto","background-attachment":"scroll","background-type":"","background-media":"","overlay-type":"","overlay-color":"","overlay-opacity":"","overlay-gradient":""}}},"product_brand":[],"product_cat":[1752,954,953],"product_tag":[],"class_list":{"0":"post-17612","1":"product","2":"type-product","3":"status-publish","4":"has-post-thumbnail","6":"product_cat-ecrans-et-rechanges","7":"product_cat-ecrans-pare-visage-dc-guard","8":"product_cat-protection-faciale","9":"desktop-align-left","10":"tablet-align-left","11":"mobile-align-left","12":"ast-product-gallery-layout-horizontal-slider","13":"ast-product-tabs-layout-horizontal","15":"first","16":"instock","17":"taxable","18":"shipping-taxable","19":"purchasable","20":"product-type-simple"},"_links":{"self":[{"href":"https:\/\/dacarcomercial.com\/fr\/wp-json\/wp\/v2\/product\/17612","targetHints":{"allow":["GET"]}}],"collection":[{"href":"https:\/\/dacarcomercial.com\/fr\/wp-json\/wp\/v2\/product"}],"about":[{"href":"https:\/\/dacarcomercial.com\/fr\/wp-json\/wp\/v2\/types\/product"}],"version-history":[{"count":2,"href":"https:\/\/dacarcomercial.com\/fr\/wp-json\/wp\/v2\/product\/17612\/revisions"}],"predecessor-version":[{"id":56628,"href":"https:\/\/dacarcomercial.com\/fr\/wp-json\/wp\/v2\/product\/17612\/revisions\/56628"}],"wp:featuredmedia":[{"embeddable":true,"href":"https:\/\/dacarcomercial.com\/fr\/wp-json\/wp\/v2\/media\/5769"}],"wp:attachment":[{"href":"https:\/\/dacarcomercial.com\/fr\/wp-json\/wp\/v2\/media?parent=17612"}],"wp:term":[{"taxonomy":"product_brand","embeddable":true,"href":"https:\/\/dacarcomercial.com\/fr\/wp-json\/wp\/v2\/product_brand?post=17612"},{"taxonomy":"product_cat","embeddable":true,"href":"https:\/\/dacarcomercial.com\/fr\/wp-json\/wp\/v2\/product_cat?post=17612"},{"taxonomy":"product_tag","embeddable":true,"href":"https:\/\/dacarcomercial.com\/fr\/wp-json\/wp\/v2\/product_tag?post=17612"}],"curies":[{"name":"wp","href":"https:\/\/api.w.org\/{rel}","templated":true}]}}