{"id":17614,"date":"2021-03-06T16:46:22","date_gmt":"2021-03-06T15:46:22","guid":{"rendered":"http:\/\/dacarcomercial.com\/producto\/ecran-acetate-anti-buee-avec-couvre-menton-pour-dc-guard\/"},"modified":"2026-05-14T15:25:05","modified_gmt":"2026-05-14T13:25:05","slug":"ecran-acetate-anti-buee-avec-couvre-menton-pour-dc-guard","status":"publish","type":"product","link":"https:\/\/dacarcomercial.com\/fr\/producto\/ecran-acetate-anti-buee-avec-couvre-menton-pour-dc-guard\/","title":{"rendered":"\u00c9cran ac\u00e9tate anti-bu\u00e9e avec couvre-menton pour DC-Guard"},"content":{"rendered":"<h3>Caract\u00e9ristiques \u00c9cran ac\u00e9tate anti-bu\u00e9e avec couvre-menton pour DC-Guard:<\/h3>\n<ul>\n<li>\u00c9cran transparent en ac\u00e9tate anti-buee de 170 mm de hauteur et 1 mm d\u00b4\u00e9paisseur<\/li>\n<li>Avec un protecteur additionnel au niveau du cou et menton pour am\u00e9liorer la protection f\u00e2ce aux projections de produits chimiques venants du bas pour DC-guard<\/li>\n<li>Facile \u00e0 installer sans n\u00e9cessit\u00e9 de visser ou d\u00e9visser quoi que se soit, il offre une excellente protection du visage jusqu\u00b4aux oreilles<\/li>\n<li>Son traitement anti-bu\u00e9e est la garantie d\u00b4une vision nette ind\u00e9pendament des conditions de temp\u00e9rature ou d\u00b4humidit\u00e9<\/li>\n<li>L\u00b4ac\u00e9tate offre aussi une meilleure r\u00e9sistance \u00e0 l\u00b4abrasion ou rayures (en comparaison avec le polycarbonate)<\/li>\n<li>CE EN166 1 F N<\/li>\n<\/ul>\n","protected":false},"excerpt":{"rendered":"<p>La\u00a0<strong>visi\u00e8re en ac\u00e9tate anti-bu\u00e9e<\/strong>\u00a0est la plus adapt\u00e9e aux projections de liquides ainsi qu\u2019aux \u00e9claboussures de produits chimiques.<\/p>\n<p>Pour une meilleure fermeture dans la zone inf\u00e9rieure ce mod\u00e8le dispose d\u2019un couvre-menton, ce qui r\u00e9duit consid\u00e9rablement qu\u2019une particule ou une projection puisse atteindre la zone du visage depuis la partie inf\u00e9rieure.<\/p>\n<p>Facile \u00e0 monter, l\u2019<strong>\u00e9cran ac\u00e9tate anti-bu\u00e9e avec couvre-menton pour DC-Guard<\/strong> se monte sur le prot\u00e8ge-front DC-Guard sans avoir \u00e0 d\u00e9visser le serre-t\u00eate.<\/p>\n","protected":false},"featured_media":41635,"template":"","meta":{"site-sidebar-layout":"default","site-content-layout":"default","ast-site-content-layout":"default","site-content-style":"default","site-sidebar-style":"default","ast-global-header-display":"","ast-banner-title-visibility":"","ast-main-header-display":"","ast-hfb-above-header-display":"","ast-hfb-below-header-display":"","ast-hfb-mobile-header-display":"","site-post-title":"","ast-breadcrumbs-content":"","ast-featured-img":"","footer-sml-layout":"","ast-disable-related-posts":"","theme-transparent-header-meta":"default","adv-header-id-meta":"","stick-header-meta":"default","header-above-stick-meta":"","header-main-stick-meta":"","header-below-stick-meta":"","astra-migrate-meta-layouts":"set","ast-page-background-enabled":"default","ast-page-background-meta":{"desktop":{"background-color":"","background-image":"","background-repeat":"repeat","background-position":"center center","background-size":"auto","background-attachment":"scroll","background-type":"","background-media":"","overlay-type":"","overlay-color":"","overlay-opacity":"","overlay-gradient":""},"tablet":{"background-color":"","background-image":"","background-repeat":"repeat","background-position":"center center","background-size":"auto","background-attachment":"scroll","background-type":"","background-media":"","overlay-type":"","overlay-color":"","overlay-opacity":"","overlay-gradient":""},"mobile":{"background-color":"","background-image":"","background-repeat":"repeat","background-position":"center center","background-size":"auto","background-attachment":"scroll","background-type":"","background-media":"","overlay-type":"","overlay-color":"","overlay-opacity":"","overlay-gradient":""}},"ast-content-background-meta":{"desktop":{"background-color":"var(--ast-global-color-5)","background-image":"","background-repeat":"repeat","background-position":"center center","background-size":"auto","background-attachment":"scroll","background-type":"","background-media":"","overlay-type":"","overlay-color":"","overlay-opacity":"","overlay-gradient":""},"tablet":{"background-color":"var(--ast-global-color-5)","background-image":"","background-repeat":"repeat","background-position":"center center","background-size":"auto","background-attachment":"scroll","background-type":"","background-media":"","overlay-type":"","overlay-color":"","overlay-opacity":"","overlay-gradient":""},"mobile":{"background-color":"var(--ast-global-color-5)","background-image":"","background-repeat":"repeat","background-position":"center center","background-size":"auto","background-attachment":"scroll","background-type":"","background-media":"","overlay-type":"","overlay-color":"","overlay-opacity":"","overlay-gradient":""}}},"product_brand":[],"product_cat":[1752,954,953],"product_tag":[],"class_list":{"0":"post-17614","1":"product","2":"type-product","3":"status-publish","4":"has-post-thumbnail","6":"product_cat-ecrans-et-rechanges","7":"product_cat-ecrans-pare-visage-dc-guard","8":"product_cat-protection-faciale","9":"desktop-align-left","10":"tablet-align-left","11":"mobile-align-left","12":"ast-product-gallery-layout-horizontal-slider","13":"ast-product-tabs-layout-horizontal","15":"first","16":"instock","17":"taxable","18":"shipping-taxable","19":"purchasable","20":"product-type-simple"},"_links":{"self":[{"href":"https:\/\/dacarcomercial.com\/fr\/wp-json\/wp\/v2\/product\/17614","targetHints":{"allow":["GET"]}}],"collection":[{"href":"https:\/\/dacarcomercial.com\/fr\/wp-json\/wp\/v2\/product"}],"about":[{"href":"https:\/\/dacarcomercial.com\/fr\/wp-json\/wp\/v2\/types\/product"}],"version-history":[{"count":2,"href":"https:\/\/dacarcomercial.com\/fr\/wp-json\/wp\/v2\/product\/17614\/revisions"}],"predecessor-version":[{"id":56617,"href":"https:\/\/dacarcomercial.com\/fr\/wp-json\/wp\/v2\/product\/17614\/revisions\/56617"}],"wp:featuredmedia":[{"embeddable":true,"href":"https:\/\/dacarcomercial.com\/fr\/wp-json\/wp\/v2\/media\/41635"}],"wp:attachment":[{"href":"https:\/\/dacarcomercial.com\/fr\/wp-json\/wp\/v2\/media?parent=17614"}],"wp:term":[{"taxonomy":"product_brand","embeddable":true,"href":"https:\/\/dacarcomercial.com\/fr\/wp-json\/wp\/v2\/product_brand?post=17614"},{"taxonomy":"product_cat","embeddable":true,"href":"https:\/\/dacarcomercial.com\/fr\/wp-json\/wp\/v2\/product_cat?post=17614"},{"taxonomy":"product_tag","embeddable":true,"href":"https:\/\/dacarcomercial.com\/fr\/wp-json\/wp\/v2\/product_tag?post=17614"}],"curies":[{"name":"wp","href":"https:\/\/api.w.org\/{rel}","templated":true}]}}