{"id":17616,"date":"2021-03-06T16:46:32","date_gmt":"2021-03-06T15:46:32","guid":{"rendered":"http:\/\/dacarcomercial.com\/producto\/dc-guard-industrie\/"},"modified":"2026-05-14T12:07:11","modified_gmt":"2026-05-14T10:07:11","slug":"ecran-facial-dc-guard-industrial","status":"publish","type":"product","link":"https:\/\/dacarcomercial.com\/fr\/producto\/ecran-facial-dc-guard-industrial\/","title":{"rendered":"\u00c9cran facial DC-Guard Industrial"},"content":{"rendered":"<h3><strong><span id=\"s2_1\">L\u2019\u00e9cran facial DC-Guard Industrial comprend :<\/span><\/strong><\/h3>\n<ul>\n<li><strong>Serre-t\u00eate avec prot\u00e8ge-front DC-Guard :<\/strong>\n<ul>\n<li>Fabriqu\u00e9 en ABS pour une bonne r\u00e9sistance aux chocs, aux produits chimiques et aux hautes temp\u00e9ratures<\/li>\n<li>Design ergonomique avec protection \u00e9tendue vers l\u00b4arri\u00e8re de la t\u00eate pour plus de s\u00e9curit\u00e9<\/li>\n<li>Serre-t\u00eate avec bandeau antisueur rembourr\u00e9 et coussinets lat\u00e9raux<\/li>\n<li>Ventilation indirecte pour r\u00e9duire le risque de formation de bu\u00e9e au niveau des yeux<\/li>\n<\/ul>\n<\/li>\n<li><strong>Visi\u00e8re Industrial avec couvre-menton :<\/strong>\n<ul>\n<li>\u00c9cran transparent en polycarbonate de 170 mm de hauteur et 1 mm d\u00b4\u00e9paisseur<\/li>\n<li>Avec un protecteur additionnel au niveau du cou et menton pour am\u00e9liorer la protection f\u00e2ce aux projections de particules solides et liquides venants du bas pour DC-guard<\/li>\n<li>Facile \u00e0 installer sans n\u00e9cessit\u00e9 de visser ou d\u00e9visser quoi que se soit, il offre une excellente protection du visage jusqu\u00b4aux oreilles<\/li>\n<li>CE EN166 1 B 3 9<\/li>\n<\/ul>\n<\/li>\n<\/ul>\n","protected":false},"excerpt":{"rendered":"<p>L\u00b4<strong>\u00e9cran facial DC-Guard Industrial <\/strong>incorpore une visi\u00e8re en polycarbonate transparent anti-impacts et est\u00a0<strong>indiqu\u00e9 pour les travaux de coupe, meulage ou pon\u00e7age de m\u00e9taux, bois ou pierres. <\/strong>La visi\u00e8re, gr\u00e2ce \u00e0 son design avec deux plis obliques sur les lat\u00e9raux qui assurent une courbure homog\u00e8ne dans tout le champ de vision, permet une vision claire et sans distorsions<\/p>\n<p>Sa ventilation indirecte exclusive permet de minimiser les probl\u00e8mes d\u00b4embuage et r\u00e9duit la concentration de CO2 pour une moindre fatigue pendant la journ\u00e9e de travail, en plus d\u2019apporter une sensation de fra\u00eecheur \u00e0 l\u2019utilisateur.<\/p>\n<p>Facile \u00e0 monter, l\u2019\u00e9cran facial DC-Guard vous permet de changer la visi\u00e8re sans avoir \u00e0 d\u00e9visser le serre-t\u00eate.<\/p>\n<p><strong>L\u00b4\u00e9cran facial DC-Guard Industrial est con\u00e7u et fabriqu\u00e9 en Espagne.<\/strong><\/p>\n","protected":false},"featured_media":21273,"template":"","meta":{"site-sidebar-layout":"default","site-content-layout":"default","ast-site-content-layout":"default","site-content-style":"default","site-sidebar-style":"default","ast-global-header-display":"","ast-banner-title-visibility":"","ast-main-header-display":"","ast-hfb-above-header-display":"","ast-hfb-below-header-display":"","ast-hfb-mobile-header-display":"","site-post-title":"","ast-breadcrumbs-content":"","ast-featured-img":"","footer-sml-layout":"","ast-disable-related-posts":"","theme-transparent-header-meta":"default","adv-header-id-meta":"","stick-header-meta":"default","header-above-stick-meta":"","header-main-stick-meta":"","header-below-stick-meta":"","astra-migrate-meta-layouts":"set","ast-page-background-enabled":"default","ast-page-background-meta":{"desktop":{"background-color":"","background-image":"","background-repeat":"repeat","background-position":"center center","background-size":"auto","background-attachment":"scroll","background-type":"","background-media":"","overlay-type":"","overlay-color":"","overlay-opacity":"","overlay-gradient":""},"tablet":{"background-color":"","background-image":"","background-repeat":"repeat","background-position":"center center","background-size":"auto","background-attachment":"scroll","background-type":"","background-media":"","overlay-type":"","overlay-color":"","overlay-opacity":"","overlay-gradient":""},"mobile":{"background-color":"","background-image":"","background-repeat":"repeat","background-position":"center center","background-size":"auto","background-attachment":"scroll","background-type":"","background-media":"","overlay-type":"","overlay-color":"","overlay-opacity":"","overlay-gradient":""}},"ast-content-background-meta":{"desktop":{"background-color":"var(--ast-global-color-5)","background-image":"","background-repeat":"repeat","background-position":"center center","background-size":"auto","background-attachment":"scroll","background-type":"","background-media":"","overlay-type":"","overlay-color":"","overlay-opacity":"","overlay-gradient":""},"tablet":{"background-color":"var(--ast-global-color-5)","background-image":"","background-repeat":"repeat","background-position":"center center","background-size":"auto","background-attachment":"scroll","background-type":"","background-media":"","overlay-type":"","overlay-color":"","overlay-opacity":"","overlay-gradient":""},"mobile":{"background-color":"var(--ast-global-color-5)","background-image":"","background-repeat":"repeat","background-position":"center center","background-size":"auto","background-attachment":"scroll","background-type":"","background-media":"","overlay-type":"","overlay-color":"","overlay-opacity":"","overlay-gradient":""}}},"product_brand":[],"product_cat":[954,1749,953],"product_tag":[],"class_list":{"0":"post-17616","1":"product","2":"type-product","3":"status-publish","4":"has-post-thumbnail","6":"product_cat-ecrans-pare-visage-dc-guard","7":"product_cat-equipements-complets","8":"product_cat-protection-faciale","9":"desktop-align-left","10":"tablet-align-left","11":"mobile-align-left","12":"ast-product-gallery-layout-horizontal-slider","13":"ast-product-tabs-layout-horizontal","15":"first","16":"instock","17":"taxable","18":"shipping-taxable","19":"purchasable","20":"product-type-simple"},"_links":{"self":[{"href":"https:\/\/dacarcomercial.com\/fr\/wp-json\/wp\/v2\/product\/17616","targetHints":{"allow":["GET"]}}],"collection":[{"href":"https:\/\/dacarcomercial.com\/fr\/wp-json\/wp\/v2\/product"}],"about":[{"href":"https:\/\/dacarcomercial.com\/fr\/wp-json\/wp\/v2\/types\/product"}],"version-history":[{"count":1,"href":"https:\/\/dacarcomercial.com\/fr\/wp-json\/wp\/v2\/product\/17616\/revisions"}],"predecessor-version":[{"id":56602,"href":"https:\/\/dacarcomercial.com\/fr\/wp-json\/wp\/v2\/product\/17616\/revisions\/56602"}],"wp:featuredmedia":[{"embeddable":true,"href":"https:\/\/dacarcomercial.com\/fr\/wp-json\/wp\/v2\/media\/21273"}],"wp:attachment":[{"href":"https:\/\/dacarcomercial.com\/fr\/wp-json\/wp\/v2\/media?parent=17616"}],"wp:term":[{"taxonomy":"product_brand","embeddable":true,"href":"https:\/\/dacarcomercial.com\/fr\/wp-json\/wp\/v2\/product_brand?post=17616"},{"taxonomy":"product_cat","embeddable":true,"href":"https:\/\/dacarcomercial.com\/fr\/wp-json\/wp\/v2\/product_cat?post=17616"},{"taxonomy":"product_tag","embeddable":true,"href":"https:\/\/dacarcomercial.com\/fr\/wp-json\/wp\/v2\/product_tag?post=17616"}],"curies":[{"name":"wp","href":"https:\/\/api.w.org\/{rel}","templated":true}]}}