{"id":17617,"date":"2021-03-06T16:46:32","date_gmt":"2021-03-06T15:46:32","guid":{"rendered":"http:\/\/dacarcomercial.com\/producto\/dc-guard-electro\/"},"modified":"2026-05-14T11:23:45","modified_gmt":"2026-05-14T09:23:45","slug":"dc-guard-electro","status":"publish","type":"product","link":"https:\/\/dacarcomercial.com\/fr\/producto\/dc-guard-electro\/","title":{"rendered":"\u00c9cran facial DC-Guard Electro"},"content":{"rendered":"<h3><strong><span id=\"s2_1\">L\u2019\u00e9cran facial DC-Guard Electro comprend :<\/span><\/strong><\/h3>\n<ul>\n<li><strong>Serre-t\u00eate avec prot\u00e8ge-front DC-Guard :<\/strong>\n<ul>\n<li>Fabriqu\u00e9 en ABS pour une bonne r\u00e9sistance aux chocs, aux produits chimiques et aux hautes temp\u00e9ratures<\/li>\n<li>Design ergonomique avec protection \u00e9tendue vers l\u00b4arri\u00e8re de la t\u00eate pour plus de s\u00e9curit\u00e9<\/li>\n<li>Serre-t\u00eate avec bandeau antisueur rembourr\u00e9 et coussinets lat\u00e9raux<\/li>\n<li>Ventilation indirecte pour r\u00e9duire le risque de formation de bu\u00e9e au niveau des yeux<\/li>\n<\/ul>\n<\/li>\n<li><strong>\u00c9cran \u00e9lectrique pour DC-Guard\u00a0:<\/strong>\n<ul>\n<li>Visi\u00e8re \u00e9lectrique pour risques \u00e9lectriques<\/li>\n<li>Polycarbonate transparent de 203 mm de haut et de 1,5 mm d&rsquo;\u00e9paisseur pour DC-Guard<\/li>\n<li>Protection contre l&rsquo;arc \u00e9lectrique d&rsquo;un court-circuit jusqu&rsquo;\u00e0 1 000 V \u2013 4 kA<\/li>\n<li>Avec rebord en caoutchouc pour \u00e9viter les accrocs accidentels sur les v\u00eatements et plis lat\u00e9raux pour une vue sans distorsion.<\/li>\n<li>Facile \u00e0 enlever et \u00e0 mettre<\/li>\n<li>Large couverture lat\u00e9rale jusqu&rsquo;aux oreilles<\/li>\n<li>CE EN 166:2001 1 B 3 8 9, EN 170:2002 2c-1,2 et GS-ET-29:2019-06 Classe 1 pour la protection \u00e9lectrique \/ classe 0 pour la transmission de la lumi\u00e8re visible (8-1-0 )<\/li>\n<\/ul>\n<\/li>\n<\/ul>\n<p>Le DC-Guard Electro est conforme au r\u00e8glement 425\/2016 et porte le marquage CE. Il est fabriqu\u00e9 et con\u00e7u en Espagne. C&rsquo;est un \u00e9quipement de protection individuelle (EPI) de cat. III avec certification et r\u00e9vision annuelle selon module C2 par AITEX, organisme notifi\u00e9 0161<\/p>\n","protected":false},"excerpt":{"rendered":"<p>L&rsquo;<strong>\u00e9cran facial DC-Guard Electro<\/strong> est un \u00e9cran facial de protection contre un arc \u00e9lectrique produit par un court-circuit \u00e9lectrique jusqu&rsquo;\u00e0 1000 V et une \u00e9nergie de 4 kA. Il est \u00e9quip\u00e9 d&rsquo;une visi\u00e8re transparente en polycarbonate antichoc r\u00e9sistant au rayonnement lumineux produit par l&rsquo;arc \u00e9lectrique ainsi qu&rsquo;aux projections de m\u00e9taux en fusion. Le large contour de la visi\u00e8re prot\u00e8ge efficacement la t\u00eate et le visage de l&rsquo;op\u00e9rateur. Gr\u00e2ce \u00e0 son design avec deux plis obliques sur les lat\u00e9raux qui assurent une courbure homog\u00e8ne dans tout le champ de vision, une vision claire et sans distorsions est garantie.<\/p>\n<p>Fabriqu\u00e9 et con\u00e7u en Espagne.<\/p>\n<p>L&rsquo;\u00e9cran facial DC-Guard Electro avec ventilation indirecte exclusive minimise les probl\u00e8mes de bu\u00e9e et r\u00e9duit la concentration de CO2 pour moins de fatigue pendant la journ\u00e9e de travail, tout en procurant une sensation de fra\u00eecheur \u00e0 l&rsquo;utilisateur.<\/p>\n<p>Le DC-Guard est conforme au r\u00e8glement 425\/2016 et porte le marquage CE.<\/p>\n","protected":false},"featured_media":21273,"template":"","meta":{"site-sidebar-layout":"default","site-content-layout":"default","ast-site-content-layout":"default","site-content-style":"default","site-sidebar-style":"default","ast-global-header-display":"","ast-banner-title-visibility":"","ast-main-header-display":"","ast-hfb-above-header-display":"","ast-hfb-below-header-display":"","ast-hfb-mobile-header-display":"","site-post-title":"","ast-breadcrumbs-content":"","ast-featured-img":"","footer-sml-layout":"","ast-disable-related-posts":"","theme-transparent-header-meta":"default","adv-header-id-meta":"","stick-header-meta":"default","header-above-stick-meta":"","header-main-stick-meta":"","header-below-stick-meta":"","astra-migrate-meta-layouts":"set","ast-page-background-enabled":"default","ast-page-background-meta":{"desktop":{"background-color":"","background-image":"","background-repeat":"repeat","background-position":"center center","background-size":"auto","background-attachment":"scroll","background-type":"","background-media":"","overlay-type":"","overlay-color":"","overlay-opacity":"","overlay-gradient":""},"tablet":{"background-color":"","background-image":"","background-repeat":"repeat","background-position":"center center","background-size":"auto","background-attachment":"scroll","background-type":"","background-media":"","overlay-type":"","overlay-color":"","overlay-opacity":"","overlay-gradient":""},"mobile":{"background-color":"","background-image":"","background-repeat":"repeat","background-position":"center center","background-size":"auto","background-attachment":"scroll","background-type":"","background-media":"","overlay-type":"","overlay-color":"","overlay-opacity":"","overlay-gradient":""}},"ast-content-background-meta":{"desktop":{"background-color":"var(--ast-global-color-5)","background-image":"","background-repeat":"repeat","background-position":"center center","background-size":"auto","background-attachment":"scroll","background-type":"","background-media":"","overlay-type":"","overlay-color":"","overlay-opacity":"","overlay-gradient":""},"tablet":{"background-color":"var(--ast-global-color-5)","background-image":"","background-repeat":"repeat","background-position":"center center","background-size":"auto","background-attachment":"scroll","background-type":"","background-media":"","overlay-type":"","overlay-color":"","overlay-opacity":"","overlay-gradient":""},"mobile":{"background-color":"var(--ast-global-color-5)","background-image":"","background-repeat":"repeat","background-position":"center center","background-size":"auto","background-attachment":"scroll","background-type":"","background-media":"","overlay-type":"","overlay-color":"","overlay-opacity":"","overlay-gradient":""}}},"product_brand":[],"product_cat":[954,1749,953],"product_tag":[],"class_list":{"0":"post-17617","1":"product","2":"type-product","3":"status-publish","4":"has-post-thumbnail","6":"product_cat-ecrans-pare-visage-dc-guard","7":"product_cat-equipements-complets","8":"product_cat-protection-faciale","9":"desktop-align-left","10":"tablet-align-left","11":"mobile-align-left","12":"ast-product-gallery-layout-horizontal-slider","13":"ast-product-tabs-layout-horizontal","15":"first","16":"instock","17":"taxable","18":"shipping-taxable","19":"purchasable","20":"product-type-simple"},"_links":{"self":[{"href":"https:\/\/dacarcomercial.com\/fr\/wp-json\/wp\/v2\/product\/17617","targetHints":{"allow":["GET"]}}],"collection":[{"href":"https:\/\/dacarcomercial.com\/fr\/wp-json\/wp\/v2\/product"}],"about":[{"href":"https:\/\/dacarcomercial.com\/fr\/wp-json\/wp\/v2\/types\/product"}],"version-history":[{"count":2,"href":"https:\/\/dacarcomercial.com\/fr\/wp-json\/wp\/v2\/product\/17617\/revisions"}],"predecessor-version":[{"id":56594,"href":"https:\/\/dacarcomercial.com\/fr\/wp-json\/wp\/v2\/product\/17617\/revisions\/56594"}],"wp:featuredmedia":[{"embeddable":true,"href":"https:\/\/dacarcomercial.com\/fr\/wp-json\/wp\/v2\/media\/21273"}],"wp:attachment":[{"href":"https:\/\/dacarcomercial.com\/fr\/wp-json\/wp\/v2\/media?parent=17617"}],"wp:term":[{"taxonomy":"product_brand","embeddable":true,"href":"https:\/\/dacarcomercial.com\/fr\/wp-json\/wp\/v2\/product_brand?post=17617"},{"taxonomy":"product_cat","embeddable":true,"href":"https:\/\/dacarcomercial.com\/fr\/wp-json\/wp\/v2\/product_cat?post=17617"},{"taxonomy":"product_tag","embeddable":true,"href":"https:\/\/dacarcomercial.com\/fr\/wp-json\/wp\/v2\/product_tag?post=17617"}],"curies":[{"name":"wp","href":"https:\/\/api.w.org\/{rel}","templated":true}]}}