{"id":17623,"date":"2021-03-06T16:46:32","date_gmt":"2021-03-06T15:46:32","guid":{"rendered":"http:\/\/dacarcomercial.com\/producto\/ecran-pare-visage-de-250-mm-en-polycarbonate-avec-pellicule-dor-pour-systeme-safe-12-3\/"},"modified":"2021-12-20T12:59:25","modified_gmt":"2021-12-20T11:59:25","slug":"ecran-pare-visage-de-250-mm-en-polycarbonate-avec-pellicule-dor-pour-systeme-safe-12-3","status":"publish","type":"product","link":"https:\/\/dacarcomercial.com\/fr\/producto\/ecran-pare-visage-de-250-mm-en-polycarbonate-avec-pellicule-dor-pour-systeme-safe-12-3\/","title":{"rendered":"\u00c9cran 203 mm en polycarbonate (syst\u00e8me 4300MT)"},"content":{"rendered":"","protected":false},"excerpt":{"rendered":"<p>\u00c9cran en polycarbonate transparent de 203 mm de hauteur et 1 mm d\u00b4\u00e9paisseur pour utilisation sur casque de chantier avec le support en aluminium mod\u00e8le 4300MT.<\/p>\n<p><strong>Fabriqu\u00e9 et con\u00e7u en Espagne.<\/strong><\/p>\n<p>Le large contour de l\u00b4\u00e9cran prot\u00e8ge efficacement tout le visage de l\u2019op\u00e9rateur et le rebord en caoutchouc \u00e9vite les accrocs accidentels avec les v\u00eatements par exemple. Les deux nerfs obliques de chaque c\u00f4t\u00e9 de l\u00b4\u00e9cran assurent une courbure homog\u00e8ne dans la zone de vision pour \u00e9viter les distorsions d\u00b4image.<\/p>\n<p>La visi\u00e8re en polycarbonate est id\u00e9ale pour la protection de l\u2019utilisateur contre les impacts.<\/p>\n<p>Certification CE EN166 1B9<\/p>\n","protected":false},"featured_media":6630,"template":"","meta":{"site-sidebar-layout":"default","site-content-layout":"default","ast-site-content-layout":"default","site-content-style":"default","site-sidebar-style":"default","ast-global-header-display":"","ast-banner-title-visibility":"","ast-main-header-display":"","ast-hfb-above-header-display":"","ast-hfb-below-header-display":"","ast-hfb-mobile-header-display":"","site-post-title":"","ast-breadcrumbs-content":"","ast-featured-img":"","footer-sml-layout":"","ast-disable-related-posts":"","theme-transparent-header-meta":"default","adv-header-id-meta":"","stick-header-meta":"default","header-above-stick-meta":"","header-main-stick-meta":"","header-below-stick-meta":"","astra-migrate-meta-layouts":"default","ast-page-background-enabled":"default","ast-page-background-meta":{"desktop":{"background-color":"","background-image":"","background-repeat":"repeat","background-position":"center center","background-size":"auto","background-attachment":"scroll","background-type":"","background-media":"","overlay-type":"","overlay-color":"","overlay-opacity":"","overlay-gradient":""},"tablet":{"background-color":"","background-image":"","background-repeat":"repeat","background-position":"center center","background-size":"auto","background-attachment":"scroll","background-type":"","background-media":"","overlay-type":"","overlay-color":"","overlay-opacity":"","overlay-gradient":""},"mobile":{"background-color":"","background-image":"","background-repeat":"repeat","background-position":"center center","background-size":"auto","background-attachment":"scroll","background-type":"","background-media":"","overlay-type":"","overlay-color":"","overlay-opacity":"","overlay-gradient":""}},"ast-content-background-meta":{"desktop":{"background-color":"var(--ast-global-color-5)","background-image":"","background-repeat":"repeat","background-position":"center center","background-size":"auto","background-attachment":"scroll","background-type":"","background-media":"","overlay-type":"","overlay-color":"","overlay-opacity":"","overlay-gradient":""},"tablet":{"background-color":"var(--ast-global-color-5)","background-image":"","background-repeat":"repeat","background-position":"center center","background-size":"auto","background-attachment":"scroll","background-type":"","background-media":"","overlay-type":"","overlay-color":"","overlay-opacity":"","overlay-gradient":""},"mobile":{"background-color":"var(--ast-global-color-5)","background-image":"","background-repeat":"repeat","background-position":"center center","background-size":"auto","background-attachment":"scroll","background-type":"","background-media":"","overlay-type":"","overlay-color":"","overlay-opacity":"","overlay-gradient":""}}},"product_brand":[],"product_cat":[953,955],"product_tag":[],"class_list":{"0":"post-17623","1":"product","2":"type-product","3":"status-publish","4":"has-post-thumbnail","6":"product_cat-protection-faciale","7":"product_cat-systeme-4300mt-pour-combiner-avec-casque","8":"desktop-align-left","9":"tablet-align-left","10":"mobile-align-left","11":"ast-product-gallery-layout-horizontal-slider","12":"ast-product-tabs-layout-horizontal","14":"first","15":"instock","16":"taxable","17":"shipping-taxable","18":"purchasable","19":"product-type-simple"},"_links":{"self":[{"href":"https:\/\/dacarcomercial.com\/fr\/wp-json\/wp\/v2\/product\/17623","targetHints":{"allow":["GET"]}}],"collection":[{"href":"https:\/\/dacarcomercial.com\/fr\/wp-json\/wp\/v2\/product"}],"about":[{"href":"https:\/\/dacarcomercial.com\/fr\/wp-json\/wp\/v2\/types\/product"}],"version-history":[{"count":0,"href":"https:\/\/dacarcomercial.com\/fr\/wp-json\/wp\/v2\/product\/17623\/revisions"}],"wp:featuredmedia":[{"embeddable":true,"href":"https:\/\/dacarcomercial.com\/fr\/wp-json\/wp\/v2\/media\/6630"}],"wp:attachment":[{"href":"https:\/\/dacarcomercial.com\/fr\/wp-json\/wp\/v2\/media?parent=17623"}],"wp:term":[{"taxonomy":"product_brand","embeddable":true,"href":"https:\/\/dacarcomercial.com\/fr\/wp-json\/wp\/v2\/product_brand?post=17623"},{"taxonomy":"product_cat","embeddable":true,"href":"https:\/\/dacarcomercial.com\/fr\/wp-json\/wp\/v2\/product_cat?post=17623"},{"taxonomy":"product_tag","embeddable":true,"href":"https:\/\/dacarcomercial.com\/fr\/wp-json\/wp\/v2\/product_tag?post=17623"}],"curies":[{"name":"wp","href":"https:\/\/api.w.org\/{rel}","templated":true}]}}