{"id":17624,"date":"2021-03-06T16:46:32","date_gmt":"2021-03-06T15:46:32","guid":{"rendered":"http:\/\/dacarcomercial.com\/producto\/support-universel-4300mt-en-aluminium\/"},"modified":"2021-12-20T12:49:48","modified_gmt":"2021-12-20T11:49:48","slug":"ecran-de-203-mm-en-acetate-antibuee-sisteme-4300mt","status":"publish","type":"product","link":"https:\/\/dacarcomercial.com\/fr\/producto\/ecran-de-203-mm-en-acetate-antibuee-sisteme-4300mt\/","title":{"rendered":"\u00c9cran de 203 mm en ac\u00e9tate anti-bu\u00e9e (Syst\u00e8me 4300MT)"},"content":{"rendered":"<ul>\n<li>\u00c9cran antibu\u00e9e en ac\u00e9tate de 203 mm de haut et 1 mm d&rsquo;\u00e9paisseur<\/li>\n<li>Avec bord en caoutchouc pour \u00e9viter l&rsquo;accrochage accidentel avec les v\u00eatements<\/li>\n<li>Avec 2 plis lat\u00e9raux obliques qui maintiennent une courbure homog\u00e8ne dans la zone de vision pour une vision sans distorsion<\/li>\n<li>Facile \u00e0 mettre et \u00e0 enlever et large couverture lat\u00e9rale jusqu&rsquo;aux oreilles<\/li>\n<li>Certification : CE EN166 1 F N<\/li>\n<li>\u00c0 utiliser avec le support de casque en aluminium mod\u00e8le 4300MT (non inclus)<\/li>\n<li>Fabriqu\u00e9 et con\u00e7u en Espagne<\/li>\n<\/ul>\n","protected":false},"excerpt":{"rendered":"<p>\u00c9cran antibu\u00e9e en ac\u00e9tate transparent de 203 mm de haut et 1 mm d&rsquo;\u00e9paisseur pour le support de casque en aluminium 4300MT.<\/p>\n<p><strong>Fabriqu\u00e9 et con\u00e7u en Espagne.<\/strong><\/p>\n<p>Il int\u00e8gre une bordure en caoutchouc pour \u00e9viter l&rsquo;accrochage accidentel sur les v\u00eatements et deux plis lat\u00e9raux obliques pour garantir une courbe homog\u00e8ne dans la zone de vision pour une vision sans distorsion.<\/p>\n<p>Pour la protection contre les projections chimiques en combinaison avec un casque de travail<\/p>\n<p>Son traitement anti-bu\u00e9e garantit une vision nette \u00e0 tout moment quelles que soient les conditions de temp\u00e9rature d&rsquo;utilisation<\/p>\n","protected":false},"featured_media":5385,"template":"","meta":{"site-sidebar-layout":"default","site-content-layout":"default","ast-site-content-layout":"default","site-content-style":"default","site-sidebar-style":"default","ast-global-header-display":"","ast-banner-title-visibility":"","ast-main-header-display":"","ast-hfb-above-header-display":"","ast-hfb-below-header-display":"","ast-hfb-mobile-header-display":"","site-post-title":"","ast-breadcrumbs-content":"","ast-featured-img":"","footer-sml-layout":"","ast-disable-related-posts":"","theme-transparent-header-meta":"default","adv-header-id-meta":"","stick-header-meta":"default","header-above-stick-meta":"","header-main-stick-meta":"","header-below-stick-meta":"","astra-migrate-meta-layouts":"default","ast-page-background-enabled":"default","ast-page-background-meta":{"desktop":{"background-color":"","background-image":"","background-repeat":"repeat","background-position":"center center","background-size":"auto","background-attachment":"scroll","background-type":"","background-media":"","overlay-type":"","overlay-color":"","overlay-opacity":"","overlay-gradient":""},"tablet":{"background-color":"","background-image":"","background-repeat":"repeat","background-position":"center center","background-size":"auto","background-attachment":"scroll","background-type":"","background-media":"","overlay-type":"","overlay-color":"","overlay-opacity":"","overlay-gradient":""},"mobile":{"background-color":"","background-image":"","background-repeat":"repeat","background-position":"center center","background-size":"auto","background-attachment":"scroll","background-type":"","background-media":"","overlay-type":"","overlay-color":"","overlay-opacity":"","overlay-gradient":""}},"ast-content-background-meta":{"desktop":{"background-color":"var(--ast-global-color-5)","background-image":"","background-repeat":"repeat","background-position":"center center","background-size":"auto","background-attachment":"scroll","background-type":"","background-media":"","overlay-type":"","overlay-color":"","overlay-opacity":"","overlay-gradient":""},"tablet":{"background-color":"var(--ast-global-color-5)","background-image":"","background-repeat":"repeat","background-position":"center center","background-size":"auto","background-attachment":"scroll","background-type":"","background-media":"","overlay-type":"","overlay-color":"","overlay-opacity":"","overlay-gradient":""},"mobile":{"background-color":"var(--ast-global-color-5)","background-image":"","background-repeat":"repeat","background-position":"center center","background-size":"auto","background-attachment":"scroll","background-type":"","background-media":"","overlay-type":"","overlay-color":"","overlay-opacity":"","overlay-gradient":""}}},"product_brand":[],"product_cat":[953,955],"product_tag":[],"class_list":{"0":"post-17624","1":"product","2":"type-product","3":"status-publish","4":"has-post-thumbnail","6":"product_cat-protection-faciale","7":"product_cat-systeme-4300mt-pour-combiner-avec-casque","8":"desktop-align-left","9":"tablet-align-left","10":"mobile-align-left","11":"ast-product-gallery-layout-horizontal-slider","12":"ast-product-tabs-layout-horizontal","14":"first","15":"instock","16":"taxable","17":"shipping-taxable","18":"purchasable","19":"product-type-simple"},"_links":{"self":[{"href":"https:\/\/dacarcomercial.com\/fr\/wp-json\/wp\/v2\/product\/17624","targetHints":{"allow":["GET"]}}],"collection":[{"href":"https:\/\/dacarcomercial.com\/fr\/wp-json\/wp\/v2\/product"}],"about":[{"href":"https:\/\/dacarcomercial.com\/fr\/wp-json\/wp\/v2\/types\/product"}],"version-history":[{"count":0,"href":"https:\/\/dacarcomercial.com\/fr\/wp-json\/wp\/v2\/product\/17624\/revisions"}],"wp:featuredmedia":[{"embeddable":true,"href":"https:\/\/dacarcomercial.com\/fr\/wp-json\/wp\/v2\/media\/5385"}],"wp:attachment":[{"href":"https:\/\/dacarcomercial.com\/fr\/wp-json\/wp\/v2\/media?parent=17624"}],"wp:term":[{"taxonomy":"product_brand","embeddable":true,"href":"https:\/\/dacarcomercial.com\/fr\/wp-json\/wp\/v2\/product_brand?post=17624"},{"taxonomy":"product_cat","embeddable":true,"href":"https:\/\/dacarcomercial.com\/fr\/wp-json\/wp\/v2\/product_cat?post=17624"},{"taxonomy":"product_tag","embeddable":true,"href":"https:\/\/dacarcomercial.com\/fr\/wp-json\/wp\/v2\/product_tag?post=17624"}],"curies":[{"name":"wp","href":"https:\/\/api.w.org\/{rel}","templated":true}]}}