{"id":17625,"date":"2021-03-06T16:46:32","date_gmt":"2021-03-06T15:46:32","guid":{"rendered":"http:\/\/dacarcomercial.com\/producto\/ecran-en-polycarbonate-de-170-mm-avec-couvre-menton-additionnel-pour-4\/"},"modified":"2022-07-05T07:53:04","modified_gmt":"2022-07-05T05:53:04","slug":"ecran-soudage-pour-4300mt","status":"publish","type":"product","link":"https:\/\/dacarcomercial.com\/fr\/producto\/ecran-soudage-pour-4300mt\/","title":{"rendered":"\u00c9cran soudage pour 4300MT"},"content":{"rendered":"<h3>Caract\u00e9ristiques \u00c9cran soudage pour 4300MT:<\/h3>\n<ul>\n<li style=\"list-style-type: none\">\n<ul>\n<li>\u00c9cran en ac\u00e9tate vert teinte 5 de 203 mm de hauteur et 1 mm d\u00b4\u00e9paisseur pour support 4300MT<\/li>\n<li>Pour la protection f\u00e2ce aux projections et rayonnement lumineux produits lors de travaux de soudure autog\u00e8ne ou de d\u00e9coupe<\/li>\n<li>Rebord en caoutchouc noir pour \u00e9viter les accrocs fortuis avec les v\u00eatements<\/li>\n<li>Avec 2 plis lat\u00e9raux obliques qui garantissent une courbure homog\u00e8ne dans la zone de vision pour une vision sans distortions<\/li>\n<li>Facil \u00e0 installer sans n\u00e9cessit\u00e9 de visser ou d\u00e9visser quoi que se soit, il offre une excellente protection du visage jusqu\u00b4aux oreilles<\/li>\n<li>Certifi\u00e9 CE 5 EN166 1 F 9<\/li>\n<li>\u00c0 utiliser en combinaison avec un casque de chantier avec le support en aluminium 4300MT (non inclus)<\/li>\n<\/ul>\n<\/li>\n<\/ul>\n<p><span class=\"ng-star-inserted\"><a href=\"https:\/\/dacarcomercial.com\/fr\/a-propos-de-nous\/\" target=\"_blank\" rel=\"noopener\"><strong>Dacar<\/strong><\/a>\u00a0est une\u00a0<strong>entreprise de Navarre (Espagne)<\/strong>\u00a0sp\u00e9cialis\u00e9e dans les produits pour la s\u00e9curit\u00e9 des soudeurs professionnels, semi-professionnels ou occasionnels, ainsi que pour leur environnement.<br \/>\n<\/span><\/p>\n<ul>\n<li><span class=\"ng-star-inserted\">Pour la s\u00e9curit\u00e9 des soudeurs\u00a0<strong>Dacar<\/strong>\u00a0fabrique diff\u00e9rents mod\u00e8les de\u00a0<a href=\"https:\/\/dacarcomercial.com\/fr\/categorias-productos\/masques-de-soudure\/\" target=\"_blank\" rel=\"noopener\">masques \u00e0 souder<\/a>\u00a0de haute qualit\u00e9 avec une large gamme de\u00a0<a href=\"https:\/\/dacarcomercial.com\/fr\/categorias-productos\/filtres-electroniques-soudeur\/\">filtres \u00e9lectroniques<\/a>\u00a0et filtres passifs pour offrir un produit toujours adapt\u00e9 aux besoins de chaque soudeur.\u00a0<\/span><span class=\"ng-star-inserted\">De plus, Dacar fabrique \u00e9galement les\u00a0<a href=\"https:\/\/dacarcomercial.com\/fr\/categorias-productos\/protection-faciale\/ecrans-pare-visage-dc-guard\/\">\u00e9crans faciaux DC-Guard<\/a>, les \u00e9quipements motoris\u00e9s\u00a0<a href=\"https:\/\/dacarcomercial.com\/fr\/categorias-productos\/dacair-2\/\">DACAiR<\/a>\u00a0ainsi que toutes sortes de costumes tels que\u00a0<a href=\"https:\/\/dacarcomercial.com\/fr\/categorias-productos\/vetements-de-protection\/soudeur\/gants\/\">des gants<\/a>, des vestes ou des tabliers pour les soudeurs.<\/span><\/li>\n<li><span class=\"ng-star-inserted\">Pour la s\u00e9curit\u00e9 de l\u2019environnement du soudeur Dacar produit\u00a0<a href=\"https:\/\/dacarcomercial.com\/categorias-productos\/espacios-de-trabajo\/\">les rideaux de soudage Trans-DC-Arc et les s\u00e9parations de postes de travail<\/a>, comme les paravents ou les cloisons, mais peut \u00e9galement budg\u00e9tiser tout type de cabine de soudure sur mesure.<\/span><\/li>\n<li><span class=\"ng-star-inserted\">Les\u00a0<a href=\"https:\/\/dacarcomercial.com\/fr\/categorias-productos\/toiles-ignifugees\/\">couvertures ignifug\u00e9es<\/a>\u00a0sont une autre importante gamme de produits propos\u00e9e par Dacar.\u00a0<\/span><span class=\"ng-star-inserted\">Dacar dispose d\u2019une large gamme de mat\u00e9riaux pour la protection des objets contre les projections de soudure.<\/span><\/li>\n<li><span class=\"ng-star-inserted\">Tous les EPI de Dacar disposent de la\u00a0<a href=\"https:\/\/dacarcomercial.com\/wp-content\/uploads\/2021\/07\/Decl.-UE-Opera-ADF500G-PRO.pdf\">d\u00e9claration UE de conformit\u00e9<\/a>.\u00a0<\/span><span class=\"ng-star-inserted\">Cette d\u00e9claration est un document dans lequel le fabricant indique que le produit est conforme \u00e0 toutes les exigences essentielles du\u00a0<a href=\"https:\/\/industria.gob.es\/Calidad-Industrial\/seguridadindustrial\/productosindustriales\/Equipos-Proteccion-Individual\/Paginas\/Reglamento-UE2016-425-relativo-a-EPIs.aspx\" target=\"_blank\" rel=\"noopener noreferrer nofollow\">r\u00e8glement UE 2016\/425<\/a>\u00a0relatif aux \u00e9quipements de protection individuelle.<\/span><\/li>\n<\/ul>\n","protected":false},"excerpt":{"rendered":"<p>\u00c9cran vert teinte 5 pour travaux de soudure autog\u00e8ne \u00e0 fixer sur le support 4300MT pour usage combin\u00e9 sur casque de chantier (\u00e0 commander s\u00e9par\u00e9ment).<\/p>\n<p><strong>L\u00b4\u00e9cran soudage pour 4300MT est con\u00e7u en Espagne.<\/strong><\/p>\n<p>Fabriqu\u00e9 en ac\u00e9tate, il offre une bonne r\u00e9sistance aux rayures et avec la teinte verte DIN 5 il offre une protection totale contre les projections et les rayonnements lumineux produits par les travaux de soudure ou de d\u00e9coupe.<\/p>\n<p>Il int\u00e8gre un bord en caoutchouc pour \u00e9viter l&rsquo;accrochage accidentel sur les v\u00eatements et deux plis lat\u00e9raux obliques pour garantir une courbe homog\u00e8ne dans la zone de vision pour une vision sans distorsion.<\/p>\n<p><em>Les produits Dacar peuvent \u00eatre achet\u00e9s en ligne ou via notre r\u00e9seau de distributeurs. N\u00b4h\u00e9sitez pas \u00e0 nous consulter votre revendeur le plus proche !<\/em><\/p>\n","protected":false},"featured_media":9636,"template":"","meta":{"site-sidebar-layout":"default","site-content-layout":"default","ast-site-content-layout":"default","site-content-style":"default","site-sidebar-style":"default","ast-global-header-display":"","ast-banner-title-visibility":"","ast-main-header-display":"","ast-hfb-above-header-display":"","ast-hfb-below-header-display":"","ast-hfb-mobile-header-display":"","site-post-title":"","ast-breadcrumbs-content":"","ast-featured-img":"","footer-sml-layout":"","ast-disable-related-posts":"","theme-transparent-header-meta":"default","adv-header-id-meta":"","stick-header-meta":"default","header-above-stick-meta":"","header-main-stick-meta":"","header-below-stick-meta":"","astra-migrate-meta-layouts":"default","ast-page-background-enabled":"default","ast-page-background-meta":{"desktop":{"background-color":"","background-image":"","background-repeat":"repeat","background-position":"center center","background-size":"auto","background-attachment":"scroll","background-type":"","background-media":"","overlay-type":"","overlay-color":"","overlay-opacity":"","overlay-gradient":""},"tablet":{"background-color":"","background-image":"","background-repeat":"repeat","background-position":"center center","background-size":"auto","background-attachment":"scroll","background-type":"","background-media":"","overlay-type":"","overlay-color":"","overlay-opacity":"","overlay-gradient":""},"mobile":{"background-color":"","background-image":"","background-repeat":"repeat","background-position":"center center","background-size":"auto","background-attachment":"scroll","background-type":"","background-media":"","overlay-type":"","overlay-color":"","overlay-opacity":"","overlay-gradient":""}},"ast-content-background-meta":{"desktop":{"background-color":"var(--ast-global-color-5)","background-image":"","background-repeat":"repeat","background-position":"center center","background-size":"auto","background-attachment":"scroll","background-type":"","background-media":"","overlay-type":"","overlay-color":"","overlay-opacity":"","overlay-gradient":""},"tablet":{"background-color":"var(--ast-global-color-5)","background-image":"","background-repeat":"repeat","background-position":"center center","background-size":"auto","background-attachment":"scroll","background-type":"","background-media":"","overlay-type":"","overlay-color":"","overlay-opacity":"","overlay-gradient":""},"mobile":{"background-color":"var(--ast-global-color-5)","background-image":"","background-repeat":"repeat","background-position":"center center","background-size":"auto","background-attachment":"scroll","background-type":"","background-media":"","overlay-type":"","overlay-color":"","overlay-opacity":"","overlay-gradient":""}}},"product_brand":[],"product_cat":[953,955],"product_tag":[],"class_list":{"0":"post-17625","1":"product","2":"type-product","3":"status-publish","4":"has-post-thumbnail","6":"product_cat-protection-faciale","7":"product_cat-systeme-4300mt-pour-combiner-avec-casque","8":"desktop-align-left","9":"tablet-align-left","10":"mobile-align-left","11":"ast-product-gallery-layout-horizontal-slider","12":"ast-product-tabs-layout-horizontal","14":"first","15":"instock","16":"taxable","17":"shipping-taxable","18":"purchasable","19":"product-type-simple"},"_links":{"self":[{"href":"https:\/\/dacarcomercial.com\/fr\/wp-json\/wp\/v2\/product\/17625","targetHints":{"allow":["GET"]}}],"collection":[{"href":"https:\/\/dacarcomercial.com\/fr\/wp-json\/wp\/v2\/product"}],"about":[{"href":"https:\/\/dacarcomercial.com\/fr\/wp-json\/wp\/v2\/types\/product"}],"version-history":[{"count":0,"href":"https:\/\/dacarcomercial.com\/fr\/wp-json\/wp\/v2\/product\/17625\/revisions"}],"wp:featuredmedia":[{"embeddable":true,"href":"https:\/\/dacarcomercial.com\/fr\/wp-json\/wp\/v2\/media\/9636"}],"wp:attachment":[{"href":"https:\/\/dacarcomercial.com\/fr\/wp-json\/wp\/v2\/media?parent=17625"}],"wp:term":[{"taxonomy":"product_brand","embeddable":true,"href":"https:\/\/dacarcomercial.com\/fr\/wp-json\/wp\/v2\/product_brand?post=17625"},{"taxonomy":"product_cat","embeddable":true,"href":"https:\/\/dacarcomercial.com\/fr\/wp-json\/wp\/v2\/product_cat?post=17625"},{"taxonomy":"product_tag","embeddable":true,"href":"https:\/\/dacarcomercial.com\/fr\/wp-json\/wp\/v2\/product_tag?post=17625"}],"curies":[{"name":"wp","href":"https:\/\/api.w.org\/{rel}","templated":true}]}}