{"id":17627,"date":"2021-03-06T16:46:32","date_gmt":"2021-03-06T15:46:32","guid":{"rendered":"http:\/\/dacarcomercial.com\/producto\/ecran-pare-visage-polycarbonate-200-mm-vert-din-2-pour-systeme-safe1-2-3-en-166\/"},"modified":"2021-12-20T12:52:35","modified_gmt":"2021-12-20T11:52:35","slug":"ecran-pare-visage-polycarbonate-200-mm-vert-din-2-pour-systeme-safe1-2-3-en-166","status":"publish","type":"product","link":"https:\/\/dacarcomercial.com\/fr\/producto\/ecran-pare-visage-polycarbonate-200-mm-vert-din-2-pour-systeme-safe1-2-3-en-166\/","title":{"rendered":"\u00c9cran en polycarbonate de 170 mm + couvre-menton (Syst. 4300MT)"},"content":{"rendered":"","protected":false},"excerpt":{"rendered":"<p>\u00c9cran en polycarbonate transparent anti-chocs de 170 mm de haut et 1 mm d&rsquo;\u00e9paisseur pour une utilisation avec le support de casque en aluminium mod\u00e8le 4300MT (non inclus).<\/p>\n<p><strong>Fabriqu\u00e9 et con\u00e7u en Espagne.<\/strong><\/p>\n<p>Le large contour de la visi\u00e8re prot\u00e8ge efficacement la t\u00eate et le visage de l\u2019op\u00e9rateur contre les impacts.<\/p>\n<p>Pour une meilleure fermeture dans la zone inf\u00e9rieure ce mod\u00e8le dispose d\u2019un couvre-menton, ce qui r\u00e9duit consid\u00e9rablement qu\u2019une particule ou une projection puisse atteindre la zone du visage depuis la partie inf\u00e9rieure.<\/p>\n<p>La courbure uniforme de l\u00b4\u00e9cran permet une vision sans distorsions ce qui permet une longue dur\u00e9e d\u00b4utilisation en tout confort.<\/p>\n<p>Facile \u00e0 mettre et \u00e0 enlever et large couverture lat\u00e9rale jusqu&rsquo;aux oreilles<\/p>\n<p>Certification: CE EN 166 1 B 9<\/p>\n","protected":false},"featured_media":11508,"template":"","meta":{"site-sidebar-layout":"default","site-content-layout":"default","ast-site-content-layout":"default","site-content-style":"default","site-sidebar-style":"default","ast-global-header-display":"","ast-banner-title-visibility":"","ast-main-header-display":"","ast-hfb-above-header-display":"","ast-hfb-below-header-display":"","ast-hfb-mobile-header-display":"","site-post-title":"","ast-breadcrumbs-content":"","ast-featured-img":"","footer-sml-layout":"","ast-disable-related-posts":"","theme-transparent-header-meta":"default","adv-header-id-meta":"","stick-header-meta":"default","header-above-stick-meta":"","header-main-stick-meta":"","header-below-stick-meta":"","astra-migrate-meta-layouts":"default","ast-page-background-enabled":"default","ast-page-background-meta":{"desktop":{"background-color":"","background-image":"","background-repeat":"repeat","background-position":"center center","background-size":"auto","background-attachment":"scroll","background-type":"","background-media":"","overlay-type":"","overlay-color":"","overlay-opacity":"","overlay-gradient":""},"tablet":{"background-color":"","background-image":"","background-repeat":"repeat","background-position":"center center","background-size":"auto","background-attachment":"scroll","background-type":"","background-media":"","overlay-type":"","overlay-color":"","overlay-opacity":"","overlay-gradient":""},"mobile":{"background-color":"","background-image":"","background-repeat":"repeat","background-position":"center center","background-size":"auto","background-attachment":"scroll","background-type":"","background-media":"","overlay-type":"","overlay-color":"","overlay-opacity":"","overlay-gradient":""}},"ast-content-background-meta":{"desktop":{"background-color":"var(--ast-global-color-5)","background-image":"","background-repeat":"repeat","background-position":"center center","background-size":"auto","background-attachment":"scroll","background-type":"","background-media":"","overlay-type":"","overlay-color":"","overlay-opacity":"","overlay-gradient":""},"tablet":{"background-color":"var(--ast-global-color-5)","background-image":"","background-repeat":"repeat","background-position":"center center","background-size":"auto","background-attachment":"scroll","background-type":"","background-media":"","overlay-type":"","overlay-color":"","overlay-opacity":"","overlay-gradient":""},"mobile":{"background-color":"var(--ast-global-color-5)","background-image":"","background-repeat":"repeat","background-position":"center center","background-size":"auto","background-attachment":"scroll","background-type":"","background-media":"","overlay-type":"","overlay-color":"","overlay-opacity":"","overlay-gradient":""}}},"product_brand":[],"product_cat":[953,955],"product_tag":[],"class_list":{"0":"post-17627","1":"product","2":"type-product","3":"status-publish","4":"has-post-thumbnail","6":"product_cat-protection-faciale","7":"product_cat-systeme-4300mt-pour-combiner-avec-casque","8":"desktop-align-left","9":"tablet-align-left","10":"mobile-align-left","11":"ast-product-gallery-layout-horizontal-slider","12":"ast-product-tabs-layout-horizontal","14":"first","15":"instock","16":"taxable","17":"shipping-taxable","18":"purchasable","19":"product-type-simple"},"_links":{"self":[{"href":"https:\/\/dacarcomercial.com\/fr\/wp-json\/wp\/v2\/product\/17627","targetHints":{"allow":["GET"]}}],"collection":[{"href":"https:\/\/dacarcomercial.com\/fr\/wp-json\/wp\/v2\/product"}],"about":[{"href":"https:\/\/dacarcomercial.com\/fr\/wp-json\/wp\/v2\/types\/product"}],"version-history":[{"count":0,"href":"https:\/\/dacarcomercial.com\/fr\/wp-json\/wp\/v2\/product\/17627\/revisions"}],"wp:featuredmedia":[{"embeddable":true,"href":"https:\/\/dacarcomercial.com\/fr\/wp-json\/wp\/v2\/media\/11508"}],"wp:attachment":[{"href":"https:\/\/dacarcomercial.com\/fr\/wp-json\/wp\/v2\/media?parent=17627"}],"wp:term":[{"taxonomy":"product_brand","embeddable":true,"href":"https:\/\/dacarcomercial.com\/fr\/wp-json\/wp\/v2\/product_brand?post=17627"},{"taxonomy":"product_cat","embeddable":true,"href":"https:\/\/dacarcomercial.com\/fr\/wp-json\/wp\/v2\/product_cat?post=17627"},{"taxonomy":"product_tag","embeddable":true,"href":"https:\/\/dacarcomercial.com\/fr\/wp-json\/wp\/v2\/product_tag?post=17627"}],"curies":[{"name":"wp","href":"https:\/\/api.w.org\/{rel}","templated":true}]}}