{"id":17629,"date":"2021-03-06T16:56:23","date_gmt":"2021-03-06T15:56:23","guid":{"rendered":"http:\/\/dacarcomercial.com\/producto\/coiffe-textile-rockman-t6r-et-te6r-fermeture-a-cremaillere-ranger-et-e-man\/"},"modified":"2021-08-17T10:36:53","modified_gmt":"2021-08-17T08:36:53","slug":"safe-1","status":"publish","type":"product","link":"https:\/\/dacarcomercial.com\/fr\/producto\/safe-1\/","title":{"rendered":"Safe 1, support pour casques anti-bruits"},"content":{"rendered":"<p><strong>Caract\u00e9ristiques techniques:<\/strong><\/p>\n<ul>\n<li>Deux positions : Un mouvement de pivotement permet de relever la visi\u00e8re jusqu&rsquo;\u00e0 une position de repos ferme et de la redescendre \u00e0 la position de travail.<\/li>\n<li>Certification CE pour la protection des yeux et du visage : EN 166\u00a0:\u00a02001 B\/F &#8211; EN 1731\u00a0:\u00a02006<\/li>\n<li>Agr\u00e9ments environnementaux : ROHS, REACH<\/li>\n<\/ul>\n<p>Visi\u00e8res et protections auditives non incluses<\/p>\n","protected":false},"excerpt":{"rendered":"<p>Safe 1, support de visi\u00e8re rabattable avec protecteur frontal perfor\u00e9 pour fixation sur les casques antibruit Secure 1, 2 et 3<\/p>\n<p>Le support Safe 1 se monte facilement sur l&rsquo;un des casques antibruit avec serre-t\u00eate de la gamme <a href=\"https:\/\/dacarcomercial.com\/fr\/categorias-productos\/protecteurs-auditifs\/casques-anti-bruit-passifs\/\">Secure<\/a>. Id\u00e9al lorsque vous passez d&rsquo;une t\u00e2che \u00e0 l&rsquo;autre dans des environnements bruyants.<\/p>\n<p>Le support se combine avec la protection auditive, s&rsquo;adapte parfaitement et maintient la visi\u00e8re fermement en place. Le support avec prot\u00e8ge front avec une conception en maille Safe 1 prot\u00e8ge contre les impacts et permet un flux d&rsquo;air confortable.<\/p>\n<p>Disponible une <a href=\"https:\/\/dacarcomercial.com\/fr\/categorias-productos\/protection-faciale\/systeme-multi-usage-safe-1-2-3\/\">grande vari\u00e9t\u00e9 d\u00b4\u00e9crans<\/a> qui s&rsquo;adaptent parfaitement au support. S\u00e9lectionnez votre propre combinaison support, \u00e9cran et protection auditive.<\/p>\n","protected":false},"featured_media":3573,"template":"","meta":{"site-sidebar-layout":"default","site-content-layout":"default","ast-site-content-layout":"default","site-content-style":"default","site-sidebar-style":"default","ast-global-header-display":"","ast-banner-title-visibility":"","ast-main-header-display":"","ast-hfb-above-header-display":"","ast-hfb-below-header-display":"","ast-hfb-mobile-header-display":"","site-post-title":"","ast-breadcrumbs-content":"","ast-featured-img":"","footer-sml-layout":"","ast-disable-related-posts":"","theme-transparent-header-meta":"default","adv-header-id-meta":"","stick-header-meta":"default","header-above-stick-meta":"","header-main-stick-meta":"","header-below-stick-meta":"","astra-migrate-meta-layouts":"default","ast-page-background-enabled":"default","ast-page-background-meta":{"desktop":{"background-color":"","background-image":"","background-repeat":"repeat","background-position":"center center","background-size":"auto","background-attachment":"scroll","background-type":"","background-media":"","overlay-type":"","overlay-color":"","overlay-opacity":"","overlay-gradient":""},"tablet":{"background-color":"","background-image":"","background-repeat":"repeat","background-position":"center center","background-size":"auto","background-attachment":"scroll","background-type":"","background-media":"","overlay-type":"","overlay-color":"","overlay-opacity":"","overlay-gradient":""},"mobile":{"background-color":"","background-image":"","background-repeat":"repeat","background-position":"center center","background-size":"auto","background-attachment":"scroll","background-type":"","background-media":"","overlay-type":"","overlay-color":"","overlay-opacity":"","overlay-gradient":""}},"ast-content-background-meta":{"desktop":{"background-color":"var(--ast-global-color-5)","background-image":"","background-repeat":"repeat","background-position":"center center","background-size":"auto","background-attachment":"scroll","background-type":"","background-media":"","overlay-type":"","overlay-color":"","overlay-opacity":"","overlay-gradient":""},"tablet":{"background-color":"var(--ast-global-color-5)","background-image":"","background-repeat":"repeat","background-position":"center center","background-size":"auto","background-attachment":"scroll","background-type":"","background-media":"","overlay-type":"","overlay-color":"","overlay-opacity":"","overlay-gradient":""},"mobile":{"background-color":"var(--ast-global-color-5)","background-image":"","background-repeat":"repeat","background-position":"center center","background-size":"auto","background-attachment":"scroll","background-type":"","background-media":"","overlay-type":"","overlay-color":"","overlay-opacity":"","overlay-gradient":""}}},"product_brand":[],"product_cat":[953,956],"product_tag":[],"class_list":{"0":"post-17629","1":"product","2":"type-product","3":"status-publish","4":"has-post-thumbnail","6":"product_cat-protection-faciale","7":"product_cat-systeme-multi-usage-safe-1-2-3","8":"desktop-align-left","9":"tablet-align-left","10":"mobile-align-left","11":"ast-product-gallery-layout-horizontal-slider","12":"ast-product-tabs-layout-horizontal","14":"first","15":"instock","16":"taxable","17":"shipping-taxable","18":"purchasable","19":"product-type-simple"},"_links":{"self":[{"href":"https:\/\/dacarcomercial.com\/fr\/wp-json\/wp\/v2\/product\/17629","targetHints":{"allow":["GET"]}}],"collection":[{"href":"https:\/\/dacarcomercial.com\/fr\/wp-json\/wp\/v2\/product"}],"about":[{"href":"https:\/\/dacarcomercial.com\/fr\/wp-json\/wp\/v2\/types\/product"}],"version-history":[{"count":0,"href":"https:\/\/dacarcomercial.com\/fr\/wp-json\/wp\/v2\/product\/17629\/revisions"}],"wp:featuredmedia":[{"embeddable":true,"href":"https:\/\/dacarcomercial.com\/fr\/wp-json\/wp\/v2\/media\/3573"}],"wp:attachment":[{"href":"https:\/\/dacarcomercial.com\/fr\/wp-json\/wp\/v2\/media?parent=17629"}],"wp:term":[{"taxonomy":"product_brand","embeddable":true,"href":"https:\/\/dacarcomercial.com\/fr\/wp-json\/wp\/v2\/product_brand?post=17629"},{"taxonomy":"product_cat","embeddable":true,"href":"https:\/\/dacarcomercial.com\/fr\/wp-json\/wp\/v2\/product_cat?post=17629"},{"taxonomy":"product_tag","embeddable":true,"href":"https:\/\/dacarcomercial.com\/fr\/wp-json\/wp\/v2\/product_tag?post=17629"}],"curies":[{"name":"wp","href":"https:\/\/api.w.org\/{rel}","templated":true}]}}