{"id":17630,"date":"2021-03-06T16:56:23","date_gmt":"2021-03-06T15:56:23","guid":{"rendered":"http:\/\/dacarcomercial.com\/producto\/ecran-en-polycarbonate-anti-buee-avec-couvre-menton-reon-haute-resistance\/"},"modified":"2021-08-17T10:59:30","modified_gmt":"2021-08-17T08:59:30","slug":"safe-2-flex","status":"publish","type":"product","link":"https:\/\/dacarcomercial.com\/fr\/producto\/safe-2-flex\/","title":{"rendered":"Safe 2 Flex, support pour casque de chantier"},"content":{"rendered":"<p><strong>Caract\u00e9ristiques techniques:<\/strong><\/p>\n<ul>\n<li>Deux positions : Un mouvement de pivotement permet de relever la visi\u00e8re jusqu\u2019\u00e0 une position de repos ferme et de la redescendre \u00e0 la position de travail.<\/li>\n<li>Certification CE pour la protection des yeux et du visage : EN 166 : 2001 39B\/F \u2013 EN 1731 : 2006<\/li>\n<li>Agr\u00e9ments environnementaux : ROHS, REACH<\/li>\n<\/ul>\n<p>Visi\u00e8res, coquilles antibruit\/adaptateurs 30 mm et protections auditives non incluses<\/p>\n","protected":false},"excerpt":{"rendered":"<p>Le support d\u00b4\u00e9cran Safe 2 Flex est con\u00e7u pour \u00eatre combin\u00e9 avec des casques de s\u00e9curit\u00e9 avec ou sans protections auditives.<\/p>\n<p>Le support Safe 2 Flex peut \u00eatre mont\u00e9 directement sur les <a href=\"https:\/\/dacarcomercial.com\/fr\/categorias-productos\/protecteurs-auditifs\/casques-anti-bruit-passifs\/\">casques antibruit Secure 1, 2 &amp; 3<\/a> dans leur version pour casques de chantier ou, \u00e0 l&rsquo;aide des <a href=\"https:\/\/dacarcomercial.com\/fr\/producto\/adaptateur-30-mm\/\">adaptateurs de 30 mm<\/a>, directement sur un casque de chantier avec des rainures lat\u00e9rales normalis\u00e9es de 30 mm.<\/p>\n<p>Le support Safe 2 Flex est \u00e9quip\u00e9 d&rsquo;un joint en caoutchouc suppl\u00e9mentaire pour emp\u00eacher la pluie, la sciure de bois et d&rsquo;autres particules de tomber entre le support et le casque. De plus, lorsque la visi\u00e8re est abaiss\u00e9e, le joint en caoutchouc \u00e9vitera les coups secs avec la visi\u00e8re du casque, ce qui augmente consid\u00e9rablement le confort d&rsquo;utilisation. C&rsquo;est \u00e9galement la meilleure option de support pour les casques avec une visi\u00e8re tr\u00e8s courte ou sans visi\u00e8re, comme les casques de style escalade.<\/p>\n<p>Disponible une\u00a0<a href=\"https:\/\/dacarcomercial.com\/fr\/categorias-productos\/protection-faciale\/systeme-multi-usage-safe-1-2-3\/\">grande vari\u00e9t\u00e9 d\u00b4\u00e9crans<\/a>\u00a0qui s\u2019adaptent parfaitement au support. S\u00e9lectionnez votre propre combinaison support, \u00e9cran et protection auditive.<\/p>\n","protected":false},"featured_media":10650,"template":"","meta":{"site-sidebar-layout":"default","site-content-layout":"default","ast-site-content-layout":"default","site-content-style":"default","site-sidebar-style":"default","ast-global-header-display":"","ast-banner-title-visibility":"","ast-main-header-display":"","ast-hfb-above-header-display":"","ast-hfb-below-header-display":"","ast-hfb-mobile-header-display":"","site-post-title":"","ast-breadcrumbs-content":"","ast-featured-img":"","footer-sml-layout":"","ast-disable-related-posts":"","theme-transparent-header-meta":"default","adv-header-id-meta":"","stick-header-meta":"default","header-above-stick-meta":"","header-main-stick-meta":"","header-below-stick-meta":"","astra-migrate-meta-layouts":"default","ast-page-background-enabled":"default","ast-page-background-meta":{"desktop":{"background-color":"","background-image":"","background-repeat":"repeat","background-position":"center center","background-size":"auto","background-attachment":"scroll","background-type":"","background-media":"","overlay-type":"","overlay-color":"","overlay-opacity":"","overlay-gradient":""},"tablet":{"background-color":"","background-image":"","background-repeat":"repeat","background-position":"center center","background-size":"auto","background-attachment":"scroll","background-type":"","background-media":"","overlay-type":"","overlay-color":"","overlay-opacity":"","overlay-gradient":""},"mobile":{"background-color":"","background-image":"","background-repeat":"repeat","background-position":"center center","background-size":"auto","background-attachment":"scroll","background-type":"","background-media":"","overlay-type":"","overlay-color":"","overlay-opacity":"","overlay-gradient":""}},"ast-content-background-meta":{"desktop":{"background-color":"var(--ast-global-color-5)","background-image":"","background-repeat":"repeat","background-position":"center center","background-size":"auto","background-attachment":"scroll","background-type":"","background-media":"","overlay-type":"","overlay-color":"","overlay-opacity":"","overlay-gradient":""},"tablet":{"background-color":"var(--ast-global-color-5)","background-image":"","background-repeat":"repeat","background-position":"center center","background-size":"auto","background-attachment":"scroll","background-type":"","background-media":"","overlay-type":"","overlay-color":"","overlay-opacity":"","overlay-gradient":""},"mobile":{"background-color":"var(--ast-global-color-5)","background-image":"","background-repeat":"repeat","background-position":"center center","background-size":"auto","background-attachment":"scroll","background-type":"","background-media":"","overlay-type":"","overlay-color":"","overlay-opacity":"","overlay-gradient":""}}},"product_brand":[],"product_cat":[953,956],"product_tag":[],"class_list":{"0":"post-17630","1":"product","2":"type-product","3":"status-publish","4":"has-post-thumbnail","6":"product_cat-protection-faciale","7":"product_cat-systeme-multi-usage-safe-1-2-3","8":"desktop-align-left","9":"tablet-align-left","10":"mobile-align-left","11":"ast-product-gallery-layout-horizontal-slider","12":"ast-product-gallery-with-no-image","13":"ast-product-tabs-layout-horizontal","15":"first","16":"instock","17":"taxable","18":"shipping-taxable","19":"purchasable","20":"product-type-simple"},"_links":{"self":[{"href":"https:\/\/dacarcomercial.com\/fr\/wp-json\/wp\/v2\/product\/17630","targetHints":{"allow":["GET"]}}],"collection":[{"href":"https:\/\/dacarcomercial.com\/fr\/wp-json\/wp\/v2\/product"}],"about":[{"href":"https:\/\/dacarcomercial.com\/fr\/wp-json\/wp\/v2\/types\/product"}],"version-history":[{"count":0,"href":"https:\/\/dacarcomercial.com\/fr\/wp-json\/wp\/v2\/product\/17630\/revisions"}],"wp:featuredmedia":[{"embeddable":true,"href":"https:\/\/dacarcomercial.com\/fr\/wp-json\/wp\/v2\/media\/10650"}],"wp:attachment":[{"href":"https:\/\/dacarcomercial.com\/fr\/wp-json\/wp\/v2\/media?parent=17630"}],"wp:term":[{"taxonomy":"product_brand","embeddable":true,"href":"https:\/\/dacarcomercial.com\/fr\/wp-json\/wp\/v2\/product_brand?post=17630"},{"taxonomy":"product_cat","embeddable":true,"href":"https:\/\/dacarcomercial.com\/fr\/wp-json\/wp\/v2\/product_cat?post=17630"},{"taxonomy":"product_tag","embeddable":true,"href":"https:\/\/dacarcomercial.com\/fr\/wp-json\/wp\/v2\/product_tag?post=17630"}],"curies":[{"name":"wp","href":"https:\/\/api.w.org\/{rel}","templated":true}]}}