{"id":17633,"date":"2021-03-06T16:56:23","date_gmt":"2021-03-06T15:56:23","guid":{"rendered":"http:\/\/dacarcomercial.com\/producto\/serre-tete-a-cremaillere-montana-et-bandeau-anti-sueur-de-rechange\/"},"modified":"2021-08-17T13:29:28","modified_gmt":"2021-08-17T11:29:28","slug":"ecran-pare-visage-forestier-nylon","status":"publish","type":"product","link":"https:\/\/dacarcomercial.com\/fr\/producto\/ecran-pare-visage-forestier-nylon\/","title":{"rendered":"\u00c9cran forestier nylon (Safe 1, 2 &#038; 3)"},"content":{"rendered":"<p><strong>Caract\u00e9ristiques techniques:<\/strong><\/p>\n<ul>\n<li>Visi\u00e8re en maille de nylon<\/li>\n<li>Transmission lumineuse jusqu\u2019\u00e0 55%<\/li>\n<li>Pour les travaux forestiers et de jardin<\/li>\n<li>Hauteur\u00a0: 185 mm<\/li>\n<li>Poids : 36 grammes<\/li>\n<li>Norme d\u2019application : EN 1731 : 2006<\/li>\n<li>R\u00e9sistance aux chocs de basse \u00e9nergie et haute vitesse (F)<\/li>\n<li>Agr\u00e9ments environnementaux : ROHS, REACH<\/li>\n<\/ul>\n<p>\u00c0 utiliser avec les supports Safe 1, 2 &amp; 3 (\u00e0 commander s\u00e9par\u00e9ment)<\/p>\n","protected":false},"excerpt":{"rendered":"<p>La visi\u00e8re en maille de nylon est tr\u00e8s r\u00e9sistante et adapt\u00e9e au travail dans des environnements ensoleill\u00e9s car elle att\u00e9nue la lumi\u00e8re ambiante.<\/p>\n<p>La visi\u00e8re prot\u00e8ge l\u2019utilisateur des grosses particules de poussi\u00e8re et offre une circulation d\u2019air confortable, reste pr\u00e8s de votre visage pour une couverture sup\u00e9rieure et assure stabilit\u00e9 et \u00e9quilibre.<\/p>\n<p>La visi\u00e8re est certifi\u00e9e pour la protection fasse aux impacts de faible \u00e9nergie et haute vitesse et convient aux applications telles que les travaux forestiers et la taille des herbes \/ arbustes.<\/p>\n<p>Elle est con\u00e7u pour \u00eatre associ\u00e9 \u00e0 l\u2019un des supports de la gamme Safe 1, 2 &amp; 3.<\/p>\n","protected":false},"featured_media":27514,"template":"","meta":{"site-sidebar-layout":"default","site-content-layout":"default","ast-site-content-layout":"default","site-content-style":"default","site-sidebar-style":"default","ast-global-header-display":"","ast-banner-title-visibility":"","ast-main-header-display":"","ast-hfb-above-header-display":"","ast-hfb-below-header-display":"","ast-hfb-mobile-header-display":"","site-post-title":"","ast-breadcrumbs-content":"","ast-featured-img":"","footer-sml-layout":"","ast-disable-related-posts":"","theme-transparent-header-meta":"default","adv-header-id-meta":"","stick-header-meta":"default","header-above-stick-meta":"","header-main-stick-meta":"","header-below-stick-meta":"","astra-migrate-meta-layouts":"default","ast-page-background-enabled":"default","ast-page-background-meta":{"desktop":{"background-color":"","background-image":"","background-repeat":"repeat","background-position":"center center","background-size":"auto","background-attachment":"scroll","background-type":"","background-media":"","overlay-type":"","overlay-color":"","overlay-opacity":"","overlay-gradient":""},"tablet":{"background-color":"","background-image":"","background-repeat":"repeat","background-position":"center center","background-size":"auto","background-attachment":"scroll","background-type":"","background-media":"","overlay-type":"","overlay-color":"","overlay-opacity":"","overlay-gradient":""},"mobile":{"background-color":"","background-image":"","background-repeat":"repeat","background-position":"center center","background-size":"auto","background-attachment":"scroll","background-type":"","background-media":"","overlay-type":"","overlay-color":"","overlay-opacity":"","overlay-gradient":""}},"ast-content-background-meta":{"desktop":{"background-color":"var(--ast-global-color-5)","background-image":"","background-repeat":"repeat","background-position":"center center","background-size":"auto","background-attachment":"scroll","background-type":"","background-media":"","overlay-type":"","overlay-color":"","overlay-opacity":"","overlay-gradient":""},"tablet":{"background-color":"var(--ast-global-color-5)","background-image":"","background-repeat":"repeat","background-position":"center center","background-size":"auto","background-attachment":"scroll","background-type":"","background-media":"","overlay-type":"","overlay-color":"","overlay-opacity":"","overlay-gradient":""},"mobile":{"background-color":"var(--ast-global-color-5)","background-image":"","background-repeat":"repeat","background-position":"center center","background-size":"auto","background-attachment":"scroll","background-type":"","background-media":"","overlay-type":"","overlay-color":"","overlay-opacity":"","overlay-gradient":""}}},"product_brand":[],"product_cat":[953,956],"product_tag":[],"class_list":{"0":"post-17633","1":"product","2":"type-product","3":"status-publish","4":"has-post-thumbnail","6":"product_cat-protection-faciale","7":"product_cat-systeme-multi-usage-safe-1-2-3","8":"desktop-align-left","9":"tablet-align-left","10":"mobile-align-left","11":"ast-product-gallery-layout-horizontal-slider","12":"ast-product-tabs-layout-horizontal","14":"first","15":"instock","16":"taxable","17":"shipping-taxable","18":"purchasable","19":"product-type-simple"},"_links":{"self":[{"href":"https:\/\/dacarcomercial.com\/fr\/wp-json\/wp\/v2\/product\/17633","targetHints":{"allow":["GET"]}}],"collection":[{"href":"https:\/\/dacarcomercial.com\/fr\/wp-json\/wp\/v2\/product"}],"about":[{"href":"https:\/\/dacarcomercial.com\/fr\/wp-json\/wp\/v2\/types\/product"}],"version-history":[{"count":0,"href":"https:\/\/dacarcomercial.com\/fr\/wp-json\/wp\/v2\/product\/17633\/revisions"}],"wp:featuredmedia":[{"embeddable":true,"href":"https:\/\/dacarcomercial.com\/fr\/wp-json\/wp\/v2\/media\/27514"}],"wp:attachment":[{"href":"https:\/\/dacarcomercial.com\/fr\/wp-json\/wp\/v2\/media?parent=17633"}],"wp:term":[{"taxonomy":"product_brand","embeddable":true,"href":"https:\/\/dacarcomercial.com\/fr\/wp-json\/wp\/v2\/product_brand?post=17633"},{"taxonomy":"product_cat","embeddable":true,"href":"https:\/\/dacarcomercial.com\/fr\/wp-json\/wp\/v2\/product_cat?post=17633"},{"taxonomy":"product_tag","embeddable":true,"href":"https:\/\/dacarcomercial.com\/fr\/wp-json\/wp\/v2\/product_tag?post=17633"}],"curies":[{"name":"wp","href":"https:\/\/api.w.org\/{rel}","templated":true}]}}