{"id":17636,"date":"2021-03-06T16:56:23","date_gmt":"2021-03-06T15:56:23","guid":{"rendered":"http:\/\/dacarcomercial.com\/producto\/safe-2-flex-support-avec-joint-flexible\/"},"modified":"2021-08-16T12:03:02","modified_gmt":"2021-08-16T10:03:02","slug":"ecran-pare-visage-polycarbonate-anti-buee-250-mm","status":"publish","type":"product","link":"https:\/\/dacarcomercial.com\/fr\/producto\/ecran-pare-visage-polycarbonate-anti-buee-250-mm\/","title":{"rendered":"\u00c9cran polycarbonate anti-bu\u00e9e 250 mm (Safe 1, 2 &#038; 3)"},"content":{"rendered":"<p><strong>Caract\u00e9ristiques techniques:<\/strong><\/p>\n<ul>\n<li>\u00c9cran en polycarbonate de 1,0 mm d\u2019\u00e9paisseur<\/li>\n<li>Avec traitement anti-bu\u00e9e<\/li>\n<li>Hauteur 250 mm<\/li>\n<li>Poids : 96 grammes<\/li>\n<li>Normes d\u2019application : EN 166 1B39N, EN170 2-1,2<\/li>\n<li>Classe optique 1<\/li>\n<li>R\u00e9sistance aux chocs \u00e0 \u00e9nergie moyenne et \u00e0 grande vitesse<\/li>\n<li>A utiliser avec les supports Safe 1, 2 &amp; 3 (\u00e0 commander s\u00e9par\u00e9ment)<\/li>\n<\/ul>\n<p>L\u00b4\u00e9cran en polycarbonate de 250 mm convient lorsqu&rsquo;on a besoin de r\u00e9sistance aux impacts et aux liquides \u00e0 base d&rsquo;eau. La surface de l\u00b4\u00e9cran est trait\u00e9e pour \u00e9viter la formation de bu\u00e9e. Il est con\u00e7u pour \u00eatre combin\u00e9 avec l&rsquo;un des supports de la gamme Safe 1, 2 &amp; 3. L\u00b4\u00e9cran est certifi\u00e9 pour un impact de moyenne energie et convient aux applications telles que le meulage, les travaux de construction, les travaux industriels g\u00e9n\u00e9raux et les travaux ext\u00e9rieurs.<\/p>\n","protected":false},"excerpt":{"rendered":"<p>\u00c9cran en polycarbonate anti-impacts avec traitement anti-bu\u00e9e pour les supports Safe 1, 2 &amp; 3 (\u00e0 commander s\u00e9par\u00e9ment)<\/p>\n<p>L\u00b4\u00e9cran en polycarbonate est indiqu\u00e9 pour la protection de l\u2019utilisateur contre les impacts et convient aux applications telles que le meulage, les travaux de construction, les travaux industriels g\u00e9n\u00e9raux et les travaux ext\u00e9rieurs.<\/p>\n<p>Le large contour de l\u00b4\u00e9cran prot\u00e8ge efficacement tout le visage de l\u2019op\u00e9rateur. Les deux nerfs obliques de chaque c\u00f4t\u00e9 de l\u00b4\u00e9cran assurent une courbure homog\u00e8ne dans la zone de vision pour \u00e9viter les distorsions d\u00b4image.<\/p>\n<p>Certification CE EN166 &amp; EN170<\/p>\n","protected":false},"featured_media":5673,"template":"","meta":{"site-sidebar-layout":"default","site-content-layout":"default","ast-site-content-layout":"default","site-content-style":"default","site-sidebar-style":"default","ast-global-header-display":"","ast-banner-title-visibility":"","ast-main-header-display":"","ast-hfb-above-header-display":"","ast-hfb-below-header-display":"","ast-hfb-mobile-header-display":"","site-post-title":"","ast-breadcrumbs-content":"","ast-featured-img":"","footer-sml-layout":"","ast-disable-related-posts":"","theme-transparent-header-meta":"default","adv-header-id-meta":"","stick-header-meta":"default","header-above-stick-meta":"","header-main-stick-meta":"","header-below-stick-meta":"","astra-migrate-meta-layouts":"default","ast-page-background-enabled":"default","ast-page-background-meta":{"desktop":{"background-color":"","background-image":"","background-repeat":"repeat","background-position":"center center","background-size":"auto","background-attachment":"scroll","background-type":"","background-media":"","overlay-type":"","overlay-color":"","overlay-opacity":"","overlay-gradient":""},"tablet":{"background-color":"","background-image":"","background-repeat":"repeat","background-position":"center center","background-size":"auto","background-attachment":"scroll","background-type":"","background-media":"","overlay-type":"","overlay-color":"","overlay-opacity":"","overlay-gradient":""},"mobile":{"background-color":"","background-image":"","background-repeat":"repeat","background-position":"center center","background-size":"auto","background-attachment":"scroll","background-type":"","background-media":"","overlay-type":"","overlay-color":"","overlay-opacity":"","overlay-gradient":""}},"ast-content-background-meta":{"desktop":{"background-color":"var(--ast-global-color-5)","background-image":"","background-repeat":"repeat","background-position":"center center","background-size":"auto","background-attachment":"scroll","background-type":"","background-media":"","overlay-type":"","overlay-color":"","overlay-opacity":"","overlay-gradient":""},"tablet":{"background-color":"var(--ast-global-color-5)","background-image":"","background-repeat":"repeat","background-position":"center center","background-size":"auto","background-attachment":"scroll","background-type":"","background-media":"","overlay-type":"","overlay-color":"","overlay-opacity":"","overlay-gradient":""},"mobile":{"background-color":"var(--ast-global-color-5)","background-image":"","background-repeat":"repeat","background-position":"center center","background-size":"auto","background-attachment":"scroll","background-type":"","background-media":"","overlay-type":"","overlay-color":"","overlay-opacity":"","overlay-gradient":""}}},"product_brand":[],"product_cat":[953,956],"product_tag":[],"class_list":{"0":"post-17636","1":"product","2":"type-product","3":"status-publish","4":"has-post-thumbnail","6":"product_cat-protection-faciale","7":"product_cat-systeme-multi-usage-safe-1-2-3","8":"desktop-align-left","9":"tablet-align-left","10":"mobile-align-left","11":"ast-product-gallery-layout-horizontal-slider","12":"ast-product-gallery-with-no-image","13":"ast-product-tabs-layout-horizontal","15":"first","16":"instock","17":"taxable","18":"shipping-taxable","19":"purchasable","20":"product-type-simple"},"_links":{"self":[{"href":"https:\/\/dacarcomercial.com\/fr\/wp-json\/wp\/v2\/product\/17636","targetHints":{"allow":["GET"]}}],"collection":[{"href":"https:\/\/dacarcomercial.com\/fr\/wp-json\/wp\/v2\/product"}],"about":[{"href":"https:\/\/dacarcomercial.com\/fr\/wp-json\/wp\/v2\/types\/product"}],"version-history":[{"count":0,"href":"https:\/\/dacarcomercial.com\/fr\/wp-json\/wp\/v2\/product\/17636\/revisions"}],"wp:featuredmedia":[{"embeddable":true,"href":"https:\/\/dacarcomercial.com\/fr\/wp-json\/wp\/v2\/media\/5673"}],"wp:attachment":[{"href":"https:\/\/dacarcomercial.com\/fr\/wp-json\/wp\/v2\/media?parent=17636"}],"wp:term":[{"taxonomy":"product_brand","embeddable":true,"href":"https:\/\/dacarcomercial.com\/fr\/wp-json\/wp\/v2\/product_brand?post=17636"},{"taxonomy":"product_cat","embeddable":true,"href":"https:\/\/dacarcomercial.com\/fr\/wp-json\/wp\/v2\/product_cat?post=17636"},{"taxonomy":"product_tag","embeddable":true,"href":"https:\/\/dacarcomercial.com\/fr\/wp-json\/wp\/v2\/product_tag?post=17636"}],"curies":[{"name":"wp","href":"https:\/\/api.w.org\/{rel}","templated":true}]}}