{"id":17638,"date":"2021-03-06T16:56:27","date_gmt":"2021-03-06T15:56:27","guid":{"rendered":"http:\/\/dacarcomercial.com\/producto\/ecran-pare-visage-polycarbonate-200-mm-pour-systeme-safwe-1-2-3\/"},"modified":"2021-08-16T11:50:42","modified_gmt":"2021-08-16T09:50:42","slug":"ecran-electro-pour-systeme-safe-1-2-3-2","status":"publish","type":"product","link":"https:\/\/dacarcomercial.com\/fr\/producto\/ecran-electro-pour-systeme-safe-1-2-3-2\/","title":{"rendered":"\u00c9cran Electro (Safe 1, 2 &#038; 3)"},"content":{"rendered":"<p><strong>Caract\u00e9ristiques techniques:<\/strong><\/p>\n<ul>\n<li>\u00c9cran en polycarbonate transparent de 1,5 mm d&rsquo;\u00e9paisseur<\/li>\n<li>Protection contre les arcs \u00e9lectriques jusqu&rsquo;\u00e0 400 volts<\/li>\n<li>Hauteur 200 mm<\/li>\n<li>Pour une utilisation dans les travaux \u00e9lectriques \u00e0 basse tension et le travail du m\u00e9tal en fusion<\/li>\n<li>Poids : 116 grammes<\/li>\n<li>Normes : EN 166 1B389, EN170 2-1,2<\/li>\n<li>Classe optique 1<\/li>\n<li>Grande r\u00e9sistance aux chocs\u00a0:r\u00e9sistance aux chocs \u00e0 \u00e9nergie moyenne et grande vitesse<\/li>\n<li>\u00c0 utiliser avec les porte-b\u00e9b\u00e9s Safe 1, 2 &amp; 3 (\u00e0 commander s\u00e9par\u00e9ment)<\/li>\n<\/ul>\n<p>L\u00b4\u00e9cran en polycarbonate transparent de 1,5 mm offre une grande r\u00e9sistance aux chocs et une protection contre les arcs \u00e9lectriques jusqu&rsquo;\u00e0 400 volts. L\u00b4\u00e9cran est con\u00e7u pour \u00eatre combin\u00e9 avec des coquilles ou des casques anti-bruits ainsi que les supports Safe 1, 2 &amp; 3 pour une protection compl\u00e8te au-dessus du cou. L\u00b4\u00e9cran est approuv\u00e9 pour une protection contre les impacts moyens et convient aux applications telles que les travaux \u00e9lectriques \u00e0 basse tension et le travail du m\u00e9tal en fusion.<\/p>\n","protected":false},"excerpt":{"rendered":"<p>\u00c9cran en polycarbonate pour risque \u00e9lectrique de 200 mm \u00a0et d&rsquo;\u00e9paisseur 1,5 mm \u00e0 monter sur les supports Safe 1, 2 &amp; 3 (\u00e0 commander s\u00e9par\u00e9ment)<\/p>\n<p>L\u00b4\u00e9cran en polycarbonate contre les risques \u00e9lectriques est id\u00e9ale pour la protection de l&rsquo;utilisateur contre les impacts de particules solides ou liquides ainsi que les projections de m\u00e9taux en fusion. Il est homologu\u00e9 pour prot\u00e9ger le porteur contre les arcs de court-circuit \u00e9lectriques jusqu&rsquo;\u00e0 400 volts.<\/p>\n<p>Le polycarbonate transparent offre une excellente clart\u00e9 optique avec peu ou pas de diffusion. Il permet une transmission lumineuse de plus de 90 %. Le large contour de la visi\u00e8re prot\u00e8ge efficacement la t\u00eate et le visage de l&rsquo;op\u00e9rateur.<\/p>\n<p>Certifi\u00e9 CE EN166 &amp; EN170<\/p>\n","protected":false},"featured_media":4287,"template":"","meta":{"site-sidebar-layout":"default","site-content-layout":"default","ast-site-content-layout":"default","site-content-style":"default","site-sidebar-style":"default","ast-global-header-display":"","ast-banner-title-visibility":"","ast-main-header-display":"","ast-hfb-above-header-display":"","ast-hfb-below-header-display":"","ast-hfb-mobile-header-display":"","site-post-title":"","ast-breadcrumbs-content":"","ast-featured-img":"","footer-sml-layout":"","ast-disable-related-posts":"","theme-transparent-header-meta":"default","adv-header-id-meta":"","stick-header-meta":"default","header-above-stick-meta":"","header-main-stick-meta":"","header-below-stick-meta":"","astra-migrate-meta-layouts":"default","ast-page-background-enabled":"default","ast-page-background-meta":{"desktop":{"background-color":"","background-image":"","background-repeat":"repeat","background-position":"center center","background-size":"auto","background-attachment":"scroll","background-type":"","background-media":"","overlay-type":"","overlay-color":"","overlay-opacity":"","overlay-gradient":""},"tablet":{"background-color":"","background-image":"","background-repeat":"repeat","background-position":"center center","background-size":"auto","background-attachment":"scroll","background-type":"","background-media":"","overlay-type":"","overlay-color":"","overlay-opacity":"","overlay-gradient":""},"mobile":{"background-color":"","background-image":"","background-repeat":"repeat","background-position":"center center","background-size":"auto","background-attachment":"scroll","background-type":"","background-media":"","overlay-type":"","overlay-color":"","overlay-opacity":"","overlay-gradient":""}},"ast-content-background-meta":{"desktop":{"background-color":"var(--ast-global-color-5)","background-image":"","background-repeat":"repeat","background-position":"center center","background-size":"auto","background-attachment":"scroll","background-type":"","background-media":"","overlay-type":"","overlay-color":"","overlay-opacity":"","overlay-gradient":""},"tablet":{"background-color":"var(--ast-global-color-5)","background-image":"","background-repeat":"repeat","background-position":"center center","background-size":"auto","background-attachment":"scroll","background-type":"","background-media":"","overlay-type":"","overlay-color":"","overlay-opacity":"","overlay-gradient":""},"mobile":{"background-color":"var(--ast-global-color-5)","background-image":"","background-repeat":"repeat","background-position":"center center","background-size":"auto","background-attachment":"scroll","background-type":"","background-media":"","overlay-type":"","overlay-color":"","overlay-opacity":"","overlay-gradient":""}}},"product_brand":[],"product_cat":[953,956],"product_tag":[],"class_list":{"0":"post-17638","1":"product","2":"type-product","3":"status-publish","4":"has-post-thumbnail","6":"product_cat-protection-faciale","7":"product_cat-systeme-multi-usage-safe-1-2-3","8":"desktop-align-left","9":"tablet-align-left","10":"mobile-align-left","11":"ast-product-gallery-layout-horizontal-slider","12":"ast-product-tabs-layout-horizontal","14":"first","15":"instock","16":"taxable","17":"shipping-taxable","18":"purchasable","19":"product-type-simple"},"_links":{"self":[{"href":"https:\/\/dacarcomercial.com\/fr\/wp-json\/wp\/v2\/product\/17638","targetHints":{"allow":["GET"]}}],"collection":[{"href":"https:\/\/dacarcomercial.com\/fr\/wp-json\/wp\/v2\/product"}],"about":[{"href":"https:\/\/dacarcomercial.com\/fr\/wp-json\/wp\/v2\/types\/product"}],"version-history":[{"count":0,"href":"https:\/\/dacarcomercial.com\/fr\/wp-json\/wp\/v2\/product\/17638\/revisions"}],"wp:featuredmedia":[{"embeddable":true,"href":"https:\/\/dacarcomercial.com\/fr\/wp-json\/wp\/v2\/media\/4287"}],"wp:attachment":[{"href":"https:\/\/dacarcomercial.com\/fr\/wp-json\/wp\/v2\/media?parent=17638"}],"wp:term":[{"taxonomy":"product_brand","embeddable":true,"href":"https:\/\/dacarcomercial.com\/fr\/wp-json\/wp\/v2\/product_brand?post=17638"},{"taxonomy":"product_cat","embeddable":true,"href":"https:\/\/dacarcomercial.com\/fr\/wp-json\/wp\/v2\/product_cat?post=17638"},{"taxonomy":"product_tag","embeddable":true,"href":"https:\/\/dacarcomercial.com\/fr\/wp-json\/wp\/v2\/product_tag?post=17638"}],"curies":[{"name":"wp","href":"https:\/\/api.w.org\/{rel}","templated":true}]}}