{"id":17644,"date":"2021-03-06T16:46:43","date_gmt":"2021-03-06T15:46:43","guid":{"rendered":"http:\/\/dacarcomercial.com\/producto\/17644\/"},"modified":"2022-03-15T10:25:26","modified_gmt":"2022-03-15T09:25:26","slug":"filtre-electronique-soudeur-multi-xi-adf718i-pro","status":"publish","type":"product","link":"https:\/\/dacarcomercial.com\/fr\/producto\/filtre-electronique-soudeur-multi-xi-adf718i-pro\/","title":{"rendered":"Filtre \u00e9lectronique soudeur Multi-XI (ADF718I PRO)"},"content":{"rendered":"<h2><strong>Filtre \u00e9lectronique soudeur Multi-XI (ADF718I PRO)<\/strong><\/h2>\n<ul>\n<li>Grand champ de vision 100 x 53 mm<\/li>\n<li>Teinte claire grise ultra-claire avec LCD True Color de derni\u00e8re g\u00e9n\u00e9ration<\/li>\n<li>Double gamme de teintes fonc\u00e9es variable DIN 5 \u00e0 8 et 9 \u00e0 13 en continu<\/li>\n<li>Retour de fonc\u00e9e \u00e0 claire et sensibilit\u00e9 r\u00e9glables<\/li>\n<li>Fonction meulage<\/li>\n<li>S\u00e9lecteurs internes<\/li>\n<li>Alimentation solaire + pile CR2032 rechangeable<\/li>\n<li>4 capteurs d\u00b4arc<\/li>\n<li>Qualit\u00e9 optique 1\/1\/1\/2 CE EN379<\/li>\n<li>Temps de r\u00e9action: 0,04 ms.<\/li>\n<li>2 ans de garantie<\/li>\n<\/ul>\n<p><span class=\"ng-star-inserted\"><a href=\"https:\/\/dacarcomercial.com\/fr\/a-propos-de-nous\/\" target=\"_blank\" rel=\"noopener\"><strong>Dacar<\/strong><\/a>\u00a0est une\u00a0<strong>entreprise de Navarre (Espagne)<\/strong>\u00a0sp\u00e9cialis\u00e9e dans les produits pour la s\u00e9curit\u00e9 des soudeurs professionnels, semi-professionnels ou occasionnels, ainsi que pour leur environnement.<br \/>\n<\/span><\/p>\n<ul>\n<li><span class=\"ng-star-inserted\">Pour la s\u00e9curit\u00e9 des soudeurs\u00a0<strong>Dacar<\/strong>\u00a0fabrique diff\u00e9rents mod\u00e8les de\u00a0<a href=\"https:\/\/dacarcomercial.com\/fr\/categorias-productos\/masques-de-soudure\/\" target=\"_blank\" rel=\"noopener\">masques \u00e0 souder<\/a>\u00a0de haute qualit\u00e9 avec une large gamme de\u00a0<a href=\"https:\/\/dacarcomercial.com\/fr\/categorias-productos\/filtres-electroniques-soudeur\/\">filtres \u00e9lectroniques<\/a>\u00a0et filtres passifs pour offrir un produit toujours adapt\u00e9 aux besoins de chaque soudeur.\u00a0<\/span><span class=\"ng-star-inserted\">De plus, Dacar fabrique \u00e9galement les\u00a0<a href=\"https:\/\/dacarcomercial.com\/fr\/categorias-productos\/protection-faciale\/ecrans-pare-visage-dc-guard\/\">\u00e9crans faciaux DC-Guard<\/a>, les \u00e9quipements motoris\u00e9s\u00a0<a href=\"https:\/\/dacarcomercial.com\/fr\/categorias-productos\/dacair-2\/\">DACAiR<\/a>\u00a0ainsi que toutes sortes de costumes tels que\u00a0<a href=\"https:\/\/dacarcomercial.com\/fr\/categorias-productos\/vetements-de-protection\/soudeur\/gants\/\">des gants<\/a>, des vestes ou des tabliers pour les soudeurs.<\/span><\/li>\n<li><span class=\"ng-star-inserted\">Pour la s\u00e9curit\u00e9 de l\u2019environnement du soudeur Dacar produit\u00a0<a href=\"https:\/\/dacarcomercial.com\/categorias-productos\/espacios-de-trabajo\/\">les rideaux de soudage Trans-DC-Arc et les s\u00e9parations de postes de travail<\/a>, comme les paravents ou les cloisons, mais peut \u00e9galement budg\u00e9tiser tout type de cabine de soudure sur mesure.<\/span><\/li>\n<li><span class=\"ng-star-inserted\">Les\u00a0<a href=\"https:\/\/dacarcomercial.com\/fr\/categorias-productos\/toiles-ignifugees\/\">couvertures ignifug\u00e9es<\/a>\u00a0sont une autre importante gamme de produits propos\u00e9e par Dacar.\u00a0<\/span><span class=\"ng-star-inserted\">Dacar dispose d\u2019une large gamme de mat\u00e9riaux pour la protection des objets contre les projections de soudure.<\/span><\/li>\n<li><span class=\"ng-star-inserted\">Tous les EPI de Dacar disposent de la\u00a0<a href=\"https:\/\/dacarcomercial.com\/wp-content\/uploads\/2021\/07\/Decl.-UE-Opera-ADF500G-PRO.pdf\">d\u00e9claration UE de conformit\u00e9<\/a>.\u00a0<\/span><span class=\"ng-star-inserted\">Cette d\u00e9claration est un document dans lequel le fabricant indique que le produit est conforme \u00e0 toutes les exigences essentielles du\u00a0<a href=\"https:\/\/industria.gob.es\/Calidad-Industrial\/seguridadindustrial\/productosindustriales\/Equipos-Proteccion-Individual\/Paginas\/Reglamento-UE2016-425-relativo-a-EPIs.aspx\" target=\"_blank\" rel=\"noopener noreferrer nofollow\">r\u00e8glement UE 2016\/425<\/a>\u00a0relatif aux \u00e9quipements de protection individuelle.<\/span><\/li>\n<\/ul>\n","protected":false},"excerpt":{"rendered":"<p>Le <strong>filtre \u00e9lectronique soudeur MULTI XI (ADF718I PRO)<\/strong>\u00a0est munis d\u00b4un \u00e9cran LCD \u00e0 large champ de vision gris ultra-clair de derni\u00e8re technologie True Color. Toutes les commandes se situent \u00e0 l\u00b4int\u00e9rieur du masque sur la cellule.<\/p>\n<p>La fonction de verrouillage en teinte claire vous permettra de passer du mode soudage au mode meulage tandis que la double gamme de teintes fonc\u00e9es ainsi que les 4 capteurs ind\u00e9pendants vous permettront d\u2019utiliser le masque pour tous types de soudage, plasma, micro-plasma, oxy-coupage et soudage autog\u00e8ne et sous tous les angles! Avec pile rechangeable.<\/p>\n<p>Le<strong> filtre \u00e9lectronique soudeur MULTI XI (ADF718I PRO)<\/strong> est compatible avec les masques \u00e0 souder DC-1, DC-2 &amp; DC-2 Flip et DC-3.<\/p>\n<div class=\"elementor-element elementor-element-166c857 ob-has-background-overlay elementor-widget elementor-widget-woocommerce-product-short-description\" data-id=\"166c857\" data-element_type=\"widget\" data-settings=\"{&quot;_ob_perspektive_use&quot;:&quot;no&quot;,&quot;_ob_poopart_use&quot;:&quot;yes&quot;,&quot;_ob_shadough_use&quot;:&quot;no&quot;,&quot;_ob_allow_hoveranimator&quot;:&quot;no&quot;,&quot;_ob_widget_stalker_use&quot;:&quot;no&quot;}\" data-widget_type=\"woocommerce-product-short-description.default\">\n<div class=\"elementor-widget-container\">\n<div class=\"woocommerce-product-details__short-description\">\n<p><em>Les produits Dacar peuvent \u00eatre achet\u00e9s en ligne ou via notre r\u00e9seau de distributeurs. N\u00b4h\u00e9sitez pas \u00e0 nous consulter votre revendeur le plus proche !<\/em><\/p>\n<\/div>\n<\/div>\n<\/div>\n","protected":false},"featured_media":21662,"template":"","meta":{"site-sidebar-layout":"default","site-content-layout":"default","ast-site-content-layout":"default","site-content-style":"default","site-sidebar-style":"default","ast-global-header-display":"","ast-banner-title-visibility":"","ast-main-header-display":"","ast-hfb-above-header-display":"","ast-hfb-below-header-display":"","ast-hfb-mobile-header-display":"","site-post-title":"","ast-breadcrumbs-content":"","ast-featured-img":"","footer-sml-layout":"","ast-disable-related-posts":"","theme-transparent-header-meta":"default","adv-header-id-meta":"","stick-header-meta":"default","header-above-stick-meta":"","header-main-stick-meta":"","header-below-stick-meta":"","astra-migrate-meta-layouts":"default","ast-page-background-enabled":"default","ast-page-background-meta":{"desktop":{"background-color":"","background-image":"","background-repeat":"repeat","background-position":"center center","background-size":"auto","background-attachment":"scroll","background-type":"","background-media":"","overlay-type":"","overlay-color":"","overlay-opacity":"","overlay-gradient":""},"tablet":{"background-color":"","background-image":"","background-repeat":"repeat","background-position":"center center","background-size":"auto","background-attachment":"scroll","background-type":"","background-media":"","overlay-type":"","overlay-color":"","overlay-opacity":"","overlay-gradient":""},"mobile":{"background-color":"","background-image":"","background-repeat":"repeat","background-position":"center center","background-size":"auto","background-attachment":"scroll","background-type":"","background-media":"","overlay-type":"","overlay-color":"","overlay-opacity":"","overlay-gradient":""}},"ast-content-background-meta":{"desktop":{"background-color":"var(--ast-global-color-5)","background-image":"","background-repeat":"repeat","background-position":"center center","background-size":"auto","background-attachment":"scroll","background-type":"","background-media":"","overlay-type":"","overlay-color":"","overlay-opacity":"","overlay-gradient":""},"tablet":{"background-color":"var(--ast-global-color-5)","background-image":"","background-repeat":"repeat","background-position":"center center","background-size":"auto","background-attachment":"scroll","background-type":"","background-media":"","overlay-type":"","overlay-color":"","overlay-opacity":"","overlay-gradient":""},"mobile":{"background-color":"var(--ast-global-color-5)","background-image":"","background-repeat":"repeat","background-position":"center center","background-size":"auto","background-attachment":"scroll","background-type":"","background-media":"","overlay-type":"","overlay-color":"","overlay-opacity":"","overlay-gradient":""}}},"product_brand":[],"product_cat":[957],"product_tag":[],"class_list":{"0":"post-17644","1":"product","2":"type-product","3":"status-publish","4":"has-post-thumbnail","6":"product_cat-filtres-electroniques-soudeur","7":"desktop-align-left","8":"tablet-align-left","9":"mobile-align-left","10":"ast-product-gallery-layout-horizontal-slider","11":"ast-product-tabs-layout-horizontal","13":"first","14":"instock","15":"taxable","16":"shipping-taxable","17":"purchasable","18":"product-type-simple"},"_links":{"self":[{"href":"https:\/\/dacarcomercial.com\/fr\/wp-json\/wp\/v2\/product\/17644","targetHints":{"allow":["GET"]}}],"collection":[{"href":"https:\/\/dacarcomercial.com\/fr\/wp-json\/wp\/v2\/product"}],"about":[{"href":"https:\/\/dacarcomercial.com\/fr\/wp-json\/wp\/v2\/types\/product"}],"version-history":[{"count":0,"href":"https:\/\/dacarcomercial.com\/fr\/wp-json\/wp\/v2\/product\/17644\/revisions"}],"wp:featuredmedia":[{"embeddable":true,"href":"https:\/\/dacarcomercial.com\/fr\/wp-json\/wp\/v2\/media\/21662"}],"wp:attachment":[{"href":"https:\/\/dacarcomercial.com\/fr\/wp-json\/wp\/v2\/media?parent=17644"}],"wp:term":[{"taxonomy":"product_brand","embeddable":true,"href":"https:\/\/dacarcomercial.com\/fr\/wp-json\/wp\/v2\/product_brand?post=17644"},{"taxonomy":"product_cat","embeddable":true,"href":"https:\/\/dacarcomercial.com\/fr\/wp-json\/wp\/v2\/product_cat?post=17644"},{"taxonomy":"product_tag","embeddable":true,"href":"https:\/\/dacarcomercial.com\/fr\/wp-json\/wp\/v2\/product_tag?post=17644"}],"curies":[{"name":"wp","href":"https:\/\/api.w.org\/{rel}","templated":true}]}}