{"id":17687,"date":"2021-03-06T16:47:03","date_gmt":"2021-03-06T15:47:03","guid":{"rendered":"http:\/\/dacarcomercial.com\/producto\/sync01vp3\/"},"modified":"2022-04-01T13:15:35","modified_gmt":"2022-04-01T11:15:35","slug":"masque-facial-motorise-sync01vp3","status":"publish","type":"product","link":"https:\/\/dacarcomercial.com\/fr\/producto\/masque-facial-motorise-sync01vp3\/","title":{"rendered":"Masque facial motoris\u00e9 Sync01VP3 avec diaphragme de communication"},"content":{"rendered":"<p><strong>Kit complet comprend : <\/strong><\/p>\n<ul>\n<li>Bo\u00eete de ragement<\/li>\n<li>Protecteur du filtre<\/li>\n<li>Filtre P3<\/li>\n<li>Unit\u00e9 moteur<\/li>\n<li>Batterie<\/li>\n<li>Chargeur<\/li>\n<li>V\u00e9rificateur de flux d\u00b4air<\/li>\n<li>Masque facial int\u00e9gral<\/li>\n<li>Pellicule protectrice pour l\u00b4\u00e9cran<\/li>\n<\/ul>\n<p><strong>Avantages du masque facial motoris\u00e9 Sync01VP3 :<\/strong><\/p>\n<p><strong>Haute s\u00e9curit\u00e9<\/strong><\/p>\n<ul>\n<li>Lors de l\u00b4inhalation, le capteur d\u00e9tecte une pression n\u00e9gative, le moteur d\u00e9marre pour compenser cette chute, maintenant ainsi une surpression d\u00b4air filtr\u00e9 \u00e0 l\u00b4int\u00e9rieur du masque. En cas de possibles fuites d\u00b4ajustement, le flux d\u00b4air sera de l\u00b4int\u00e9rieur vers l\u00b4exterieur du masque.<\/li>\n<li>Ainsi, l\u2019air pollu\u00e9 ne peut pas \u00eatre respir\u00e9 et pour cette raison, cet EPI obtient la plus haute certification avec un facteur nominal de protection de 2.000.<\/li>\n<\/ul>\n<p><strong>Confort<\/strong><\/p>\n<ul>\n<li>Par rapport \u00e0 l\u2019\u00e9quipement de distribution d\u2019air constant traditionnel, vous vous sentirez plus \u00e0 l\u2019aise lors de l\u2019expiration car le moteur ne sera pas activ\u00e9.<\/li>\n<li>Tr\u00e8s compact, tout-en-un, sans crainte de mauvaise connexion du tube ou des connecteurs.<\/li>\n<\/ul>\n<p><strong>Pas d\u2019interrupteur<\/strong><\/p>\n<ul>\n<li>L\u2019\u00e9quipement s\u2019allume tout seul, il s\u2019\u00e9teindra \u00e9galement seulement 5 secondes apr\u00e8s le retrait de l\u2019\u00e9quipement.<\/li>\n<\/ul>\n<p><strong>Dur\u00e9e de vie plus longue du filtre\u00a0<\/strong><\/p>\n<ul>\n<li>Lorsque vous inspirez, le moteur d\u00e9marre et lorsque vous expirez, le moteur s\u2019arr\u00eate.<\/li>\n<li>Ainsi, le filtre ne r\u00e9cup\u00e8re que les particules polluantes lors de l\u2019inhalation, ce qui \u2013 par rapport \u00e0 un motoventilateur toujours en marche \u2013 allonge la dur\u00e9e de vie du filtre.<\/li>\n<li>De plus, le voyant de saturation du filtre optimisera la dur\u00e9e de vie du filtre, en le rempla\u00e7ant au bon moment avec la plus grande efficacit\u00e9.<\/li>\n<\/ul>\n<p><strong>Batterie longue dur\u00e9e<\/strong><\/p>\n<ul>\n<li>Batterie compacte d\u2019une dur\u00e9e de plus de 9 heures<\/li>\n<li>Vie utile &gt;300 cycles de charge\/d\u00e9charge<\/li>\n<\/ul>\n<p><strong>Masque facile \u00e0 nettoyer<\/strong><\/p>\n<ul>\n<li>Le moteur et le filtre du masque sont d\u00e9montables et peuvent donc \u00eatre nettoy\u00e9s comme tout autre masque facial r\u00e9utilisable classique.<\/li>\n<li><span style=\"font-size: 16px;\">De plus, le mod\u00e8le Sync01 est conformes \u00e0 la IP65.<\/span><\/li>\n<li>Remarque : malgr\u00e9 la conformit\u00e9 \u00e0 IP65, veuillez \u00e0 ne pas mouiller directement le ventilateur.<\/li>\n<\/ul>\n","protected":false},"excerpt":{"rendered":"<p>Le Sync01 de Shigematsu est un masque facial complet qui int\u00e8gre un moto-ventilateur de la gamme Synchro et qui vous offre une protection respiratoire, faciale et oculaire maximale avec le plus grand confort. Avec son ventilateur int\u00e9gr\u00e9, vous pouvez respirer librement sans aucun effort et la visi\u00e8re ne s&#8217;embue pas. L&rsquo;assistance motoris\u00e9e assure \u00e9galement une surpression constante de l&rsquo;air filtr\u00e9 \u00e0 l&rsquo;int\u00e9rieur du masque, ce qui \u00e9vitera toute fuite vers l&rsquo;int\u00e9rieur.<\/p>\n<p>Il int\u00e8gre un diaphragme de communication afin que vous puissiez communiquer avec votre environnement sans avoir \u00e0 \u00e9lever la voix ou \u00e0 retirer votre masque.<\/p>\n<p>Sans interrupteurs, l&rsquo;\u00e9quipement s&rsquo;allume tout seul et s&rsquo;\u00e9teint \u00e9galement seulement 5 secondes apr\u00e8s que l&rsquo;utilisateur a retir\u00e9 l&rsquo;\u00e9quipement. De plus, il garantit un confort maximal gr\u00e2ce \u00e0 son harnais 6 points r\u00e9glable et son faible poids.<\/p>\n<p><strong>Masque facial motoris\u00e9 Sync01 :<\/strong><\/p>\n<ul>\n<li>EN12942 + A2\u00a0:\u00a02008 TM3 P R SL<\/li>\n<li>Facteur de Protection Nominal (FPN): 2.000<\/li>\n<li>CEI 60529\u00a0:\u00a02001 IP65<\/li>\n<li>Pas d&rsquo;interrupteurs\u00a0: Marche\/arr\u00eat automatique<\/li>\n<li>Sans c\u00e2bles<\/li>\n<li>Libert\u00e9 totale de mouvement<\/li>\n<li>Tailles : M, L<\/li>\n<li>Diaphragme de communication<\/li>\n<li>Serre-t\u00eate r\u00e9glable avec 6 points d&rsquo;ancrage<\/li>\n<li>Visi\u00e8re panoramique en polycarbonate anti-rayures<\/li>\n<li>Classe optique 1 et r\u00e9sistance aux impacts classe B, CE EN166<\/li>\n<li>Corps en TPE ultra-l\u00e9ger (755 g l&rsquo;unit\u00e9 compl\u00e8te en taille M et 770 g en taille L)<\/li>\n<li>Compatible avec filtres \u00e0 particules P3 et combin\u00e9s A1P3 et\u00a0 A1B1E1P3 de la s\u00e9rie V<\/li>\n<\/ul>\n","protected":false},"featured_media":21805,"template":"","meta":{"site-sidebar-layout":"default","site-content-layout":"default","ast-site-content-layout":"default","site-content-style":"default","site-sidebar-style":"default","ast-global-header-display":"","ast-banner-title-visibility":"","ast-main-header-display":"","ast-hfb-above-header-display":"","ast-hfb-below-header-display":"","ast-hfb-mobile-header-display":"","site-post-title":"","ast-breadcrumbs-content":"","ast-featured-img":"","footer-sml-layout":"","ast-disable-related-posts":"","theme-transparent-header-meta":"default","adv-header-id-meta":"","stick-header-meta":"default","header-above-stick-meta":"","header-main-stick-meta":"","header-below-stick-meta":"","astra-migrate-meta-layouts":"default","ast-page-background-enabled":"default","ast-page-background-meta":{"desktop":{"background-color":"","background-image":"","background-repeat":"repeat","background-position":"center center","background-size":"auto","background-attachment":"scroll","background-type":"","background-media":"","overlay-type":"","overlay-color":"","overlay-opacity":"","overlay-gradient":""},"tablet":{"background-color":"","background-image":"","background-repeat":"repeat","background-position":"center center","background-size":"auto","background-attachment":"scroll","background-type":"","background-media":"","overlay-type":"","overlay-color":"","overlay-opacity":"","overlay-gradient":""},"mobile":{"background-color":"","background-image":"","background-repeat":"repeat","background-position":"center center","background-size":"auto","background-attachment":"scroll","background-type":"","background-media":"","overlay-type":"","overlay-color":"","overlay-opacity":"","overlay-gradient":""}},"ast-content-background-meta":{"desktop":{"background-color":"var(--ast-global-color-5)","background-image":"","background-repeat":"repeat","background-position":"center center","background-size":"auto","background-attachment":"scroll","background-type":"","background-media":"","overlay-type":"","overlay-color":"","overlay-opacity":"","overlay-gradient":""},"tablet":{"background-color":"var(--ast-global-color-5)","background-image":"","background-repeat":"repeat","background-position":"center center","background-size":"auto","background-attachment":"scroll","background-type":"","background-media":"","overlay-type":"","overlay-color":"","overlay-opacity":"","overlay-gradient":""},"mobile":{"background-color":"var(--ast-global-color-5)","background-image":"","background-repeat":"repeat","background-position":"center center","background-size":"auto","background-attachment":"scroll","background-type":"","background-media":"","overlay-type":"","overlay-color":"","overlay-opacity":"","overlay-gradient":""}}},"product_brand":[],"product_cat":[1725,981,959],"product_tag":[],"class_list":{"0":"post-17687","1":"product","2":"type-product","3":"status-publish","4":"has-post-thumbnail","6":"product_cat-masques-faciaux-et-demi-masques-motorise-synchro","7":"product_cat-protection-respiratoire","8":"product_cat-sts-shigematsu-2","9":"desktop-align-left","10":"tablet-align-left","11":"mobile-align-left","12":"ast-product-gallery-layout-horizontal-slider","13":"ast-product-single-variable","14":"ast-product-tabs-layout-horizontal","16":"first","17":"instock","18":"taxable","19":"shipping-taxable","20":"purchasable","21":"product-type-variable"},"_links":{"self":[{"href":"https:\/\/dacarcomercial.com\/fr\/wp-json\/wp\/v2\/product\/17687","targetHints":{"allow":["GET"]}}],"collection":[{"href":"https:\/\/dacarcomercial.com\/fr\/wp-json\/wp\/v2\/product"}],"about":[{"href":"https:\/\/dacarcomercial.com\/fr\/wp-json\/wp\/v2\/types\/product"}],"version-history":[{"count":0,"href":"https:\/\/dacarcomercial.com\/fr\/wp-json\/wp\/v2\/product\/17687\/revisions"}],"wp:featuredmedia":[{"embeddable":true,"href":"https:\/\/dacarcomercial.com\/fr\/wp-json\/wp\/v2\/media\/21805"}],"wp:attachment":[{"href":"https:\/\/dacarcomercial.com\/fr\/wp-json\/wp\/v2\/media?parent=17687"}],"wp:term":[{"taxonomy":"product_brand","embeddable":true,"href":"https:\/\/dacarcomercial.com\/fr\/wp-json\/wp\/v2\/product_brand?post=17687"},{"taxonomy":"product_cat","embeddable":true,"href":"https:\/\/dacarcomercial.com\/fr\/wp-json\/wp\/v2\/product_cat?post=17687"},{"taxonomy":"product_tag","embeddable":true,"href":"https:\/\/dacarcomercial.com\/fr\/wp-json\/wp\/v2\/product_tag?post=17687"}],"curies":[{"name":"wp","href":"https:\/\/api.w.org\/{rel}","templated":true}]}}