{"id":17688,"date":"2021-03-06T16:47:03","date_gmt":"2021-03-06T15:47:03","guid":{"rendered":"http:\/\/dacarcomercial.com\/producto\/sync11vp3\/"},"modified":"2022-04-01T13:11:42","modified_gmt":"2022-04-01T11:11:42","slug":"demi-masque-facial-motorise-sync11vp3","status":"publish","type":"product","link":"https:\/\/dacarcomercial.com\/fr\/producto\/demi-masque-facial-motorise-sync11vp3\/","title":{"rendered":"Demi-masque facial motoris\u00e9 Sync11VP3"},"content":{"rendered":"<p><strong>Le Kit complet comprend:<\/strong><\/p>\n<ul>\n<li>Bo\u00eete de rangement<\/li>\n<li>Protecteur du filtre<\/li>\n<li>Filtre P3 (serie V)<\/li>\n<li>Unit\u00e9 moteur<\/li>\n<li>Batterie<\/li>\n<li>Chargeur<\/li>\n<li>Demi-masque facial en silicone grand confort<\/li>\n<\/ul>\n<p><strong>Avantages du masque facial motoris\u00e9 Sync11VP3 :<\/strong><\/p>\n<p><strong>Haute s\u00e9curit\u00e9<\/strong><\/p>\n<ul>\n<li>Lors de l\u00b4inhalation, le capteur d\u00e9tecte une pression n\u00e9gative, le moteur d\u00e9marre pour compenser cette chute, maintenant ainsi une surpression d\u00b4air filtr\u00e9 \u00e0 l\u00b4int\u00e9rieur du masque. En cas de possibles fuites d\u00b4ajustement, le flux d\u00b4air sera de l\u00b4int\u00e9rieur vers l\u00b4exterieur du masque.<\/li>\n<li>Ainsi, l\u2019air pollu\u00e9 ne peut pas \u00eatre respir\u00e9 et pour cette raison, cet EPI obtient la plus haute certification avec un facteur nominal de protection de 2.000.<\/li>\n<\/ul>\n<p><strong>Confort<\/strong><\/p>\n<ul>\n<li>Par rapport \u00e0 l\u2019\u00e9quipement de distribution d\u2019air constant traditionnel, vous vous sentirez plus \u00e0 l\u2019aise lors de l\u2019expiration car le moteur ne sera pas activ\u00e9.<\/li>\n<li>Tr\u00e8s compact, tout-en-un, sans crainte de mauvaise connexion du tube ou des connecteurs.<\/li>\n<\/ul>\n<p><strong>Pas d\u2019interrupteur<\/strong><\/p>\n<ul>\n<li>L\u2019\u00e9quipement s\u2019allume tout seul, il s\u2019\u00e9teindra \u00e9galement seulement 5 secondes apr\u00e8s le retrait de l\u2019\u00e9quipement.<\/li>\n<\/ul>\n<p><strong>Dur\u00e9e de vie plus longue du filtre \u00e0 particules<\/strong><\/p>\n<ul>\n<li>Lorsque vous inspirez, le moteur d\u00e9marre et lorsque vous expirez, le moteur s\u2019arr\u00eate.<\/li>\n<li>Ainsi, le filtre ne r\u00e9cup\u00e8re que les particules polluantes lors de l\u2019inhalation, ce qui \u2013 par rapport \u00e0 un motoventilateur toujours en marche \u2013 allonge la dur\u00e9e de vie du filtre.<\/li>\n<li>De plus, le voyant de saturation du filtre optimisera la dur\u00e9e de vie du filtre, en le rempla\u00e7ant au bon moment avec la plus grande efficacit\u00e9.<\/li>\n<\/ul>\n<p><strong>Batterie longue dur\u00e9e<\/strong><\/p>\n<ul>\n<li>Batterie compacte d\u2019une dur\u00e9e de plus de 9 heures<\/li>\n<li>Vie utile &gt;300 cycles de charge\/d\u00e9charge<\/li>\n<\/ul>\n<p><strong>Masque facile \u00e0 nettoyer<\/strong><\/p>\n<ul>\n<li>Le moteur et le filtre du masque sont d\u00e9montables et peuvent donc \u00eatre nettoy\u00e9s comme tout autre masque facial r\u00e9utilisable classique.<\/li>\n<\/ul>\n","protected":false},"excerpt":{"rendered":"<p>Le demi-masque motoris\u00e9 Shigematsu Sync11 de la gamme Synchro vous offre <strong>la plus haute protection respiratoire avec le plus grand confort<\/strong>! Avec son motoventilateur incorpor\u00e9, vous pourrez respirer librement sans aucun effort. L\u00b4assistance motoris\u00e9e assurera de plus une surpression d\u00b4air filtr\u00e9 constante \u00e0 l\u00b4int\u00e9rieur du masque, ce qui emp\u00eachera toute fuite vers l\u00b4int\u00e9rieur du masque. Compact et l\u00e9ger, il est compatible avec d\u00b4autres EPI telles lunettes de protection, casques de chantier ou anti-bruit.<\/p>\n<p><strong>Demi-masque facial motoris\u00e9 Sync11VP3<\/strong><\/p>\n<ul>\n<li>EN12942 + A2\u00a0:\u00a02008 TM3 P R SL<\/li>\n<li>Facteur de Protection Nominal (FPN): 2.000<\/li>\n<li>CEI 60529\u00a0:\u00a02001 IP63<\/li>\n<li>Pas d&rsquo;interrupteurs (ON\/Off automatique)<\/li>\n<li>Sans fil (libert\u00e9 totale de mouvement)<\/li>\n<li>Demi-masque avec corps\u00a0en silicone<\/li>\n<li>Taille: Universel<\/li>\n<li>Harnais avec 4 points d&rsquo;ancrage<\/li>\n<li>Compatible avec filtres \u00e0 particules P3 et combin\u00e9s A1P3, A1B1E1P3 et A1B2E2K1P3 de la s\u00e9rie V<\/li>\n<\/ul>\n","protected":false},"featured_media":11232,"template":"","meta":{"site-sidebar-layout":"default","site-content-layout":"default","ast-site-content-layout":"default","site-content-style":"default","site-sidebar-style":"default","ast-global-header-display":"","ast-banner-title-visibility":"","ast-main-header-display":"","ast-hfb-above-header-display":"","ast-hfb-below-header-display":"","ast-hfb-mobile-header-display":"","site-post-title":"","ast-breadcrumbs-content":"","ast-featured-img":"","footer-sml-layout":"","ast-disable-related-posts":"","theme-transparent-header-meta":"default","adv-header-id-meta":"","stick-header-meta":"default","header-above-stick-meta":"","header-main-stick-meta":"","header-below-stick-meta":"","astra-migrate-meta-layouts":"default","ast-page-background-enabled":"default","ast-page-background-meta":{"desktop":{"background-color":"","background-image":"","background-repeat":"repeat","background-position":"center center","background-size":"auto","background-attachment":"scroll","background-type":"","background-media":"","overlay-type":"","overlay-color":"","overlay-opacity":"","overlay-gradient":""},"tablet":{"background-color":"","background-image":"","background-repeat":"repeat","background-position":"center center","background-size":"auto","background-attachment":"scroll","background-type":"","background-media":"","overlay-type":"","overlay-color":"","overlay-opacity":"","overlay-gradient":""},"mobile":{"background-color":"","background-image":"","background-repeat":"repeat","background-position":"center center","background-size":"auto","background-attachment":"scroll","background-type":"","background-media":"","overlay-type":"","overlay-color":"","overlay-opacity":"","overlay-gradient":""}},"ast-content-background-meta":{"desktop":{"background-color":"var(--ast-global-color-5)","background-image":"","background-repeat":"repeat","background-position":"center center","background-size":"auto","background-attachment":"scroll","background-type":"","background-media":"","overlay-type":"","overlay-color":"","overlay-opacity":"","overlay-gradient":""},"tablet":{"background-color":"var(--ast-global-color-5)","background-image":"","background-repeat":"repeat","background-position":"center center","background-size":"auto","background-attachment":"scroll","background-type":"","background-media":"","overlay-type":"","overlay-color":"","overlay-opacity":"","overlay-gradient":""},"mobile":{"background-color":"var(--ast-global-color-5)","background-image":"","background-repeat":"repeat","background-position":"center center","background-size":"auto","background-attachment":"scroll","background-type":"","background-media":"","overlay-type":"","overlay-color":"","overlay-opacity":"","overlay-gradient":""}}},"product_brand":[],"product_cat":[1725,981,959],"product_tag":[],"class_list":{"0":"post-17688","1":"product","2":"type-product","3":"status-publish","4":"has-post-thumbnail","6":"product_cat-masques-faciaux-et-demi-masques-motorise-synchro","7":"product_cat-protection-respiratoire","8":"product_cat-sts-shigematsu-2","9":"desktop-align-left","10":"tablet-align-left","11":"mobile-align-left","12":"ast-product-gallery-layout-horizontal-slider","13":"ast-product-gallery-with-no-image","14":"ast-product-tabs-layout-horizontal","16":"first","17":"onbackorder","18":"taxable","19":"shipping-taxable","20":"purchasable","21":"product-type-simple"},"_links":{"self":[{"href":"https:\/\/dacarcomercial.com\/fr\/wp-json\/wp\/v2\/product\/17688","targetHints":{"allow":["GET"]}}],"collection":[{"href":"https:\/\/dacarcomercial.com\/fr\/wp-json\/wp\/v2\/product"}],"about":[{"href":"https:\/\/dacarcomercial.com\/fr\/wp-json\/wp\/v2\/types\/product"}],"version-history":[{"count":0,"href":"https:\/\/dacarcomercial.com\/fr\/wp-json\/wp\/v2\/product\/17688\/revisions"}],"wp:featuredmedia":[{"embeddable":true,"href":"https:\/\/dacarcomercial.com\/fr\/wp-json\/wp\/v2\/media\/11232"}],"wp:attachment":[{"href":"https:\/\/dacarcomercial.com\/fr\/wp-json\/wp\/v2\/media?parent=17688"}],"wp:term":[{"taxonomy":"product_brand","embeddable":true,"href":"https:\/\/dacarcomercial.com\/fr\/wp-json\/wp\/v2\/product_brand?post=17688"},{"taxonomy":"product_cat","embeddable":true,"href":"https:\/\/dacarcomercial.com\/fr\/wp-json\/wp\/v2\/product_cat?post=17688"},{"taxonomy":"product_tag","embeddable":true,"href":"https:\/\/dacarcomercial.com\/fr\/wp-json\/wp\/v2\/product_tag?post=17688"}],"curies":[{"name":"wp","href":"https:\/\/api.w.org\/{rel}","templated":true}]}}