{"id":17689,"date":"2021-03-06T16:47:03","date_gmt":"2021-03-06T15:47:03","guid":{"rendered":"http:\/\/dacarcomercial.com\/producto\/masque-facial-integral-cf01\/"},"modified":"2022-04-01T12:47:28","modified_gmt":"2022-04-01T10:47:28","slug":"masque-faciaux-cf01","status":"publish","type":"product","link":"https:\/\/dacarcomercial.com\/fr\/producto\/masque-faciaux-cf01\/","title":{"rendered":"Masque faciaux CF01"},"content":{"rendered":"<p><strong>Masque facial CF01<\/strong><\/p>\n<ul>\n<li>Masque facial ultra l\u00e9ger (seulement 360 g), protection maximale et moindre poids<\/li>\n<li>Visi\u00e8re en polycarbonate 3D anti-rayures qui minimise la distance entre la visi\u00e8re et les yeux permettant un large champ de vision<\/li>\n<li>Serre-t\u00eate r\u00e9glable \u00e0 6 points d\u00b4ancrage pour une mise en place et retrait rapides. Il n&rsquo;accroche pas les cheveux<\/li>\n<li>Forme optimis\u00e9e : le masque peut \u00eatre utilis\u00e9 avec un casque de chantier si n\u00e9cessaire<\/li>\n<li>Trois tailles (S, M et L) assurent une parfaite adaptation \u00e0 tout type de visage<\/li>\n<li>Diaphragme vocal pour une communication optimale<\/li>\n<li>Fermeture des filtres avec connecteurs rapides type bayonnette<\/li>\n<li>Fabriqu\u00e9 en TPE \u00e9lastom\u00e8re thermoplastique<\/li>\n<li>Double l\u00e8vre d&rsquo;\u00e9tanch\u00e9it\u00e9 au niveau de la bouche et du nez qui assure un maximum de confort et de s\u00e9curit\u00e9<\/li>\n<li>\u00c0 utiliser avec 2 <a href=\"https:\/\/dacarcomercial.com\/fr\/categorias-productos\/protection-respiratoire\/shigematsu-2\/filtres-serie-ca-pour-masques-et-demi-masques\/\">filtres de la s\u00e9rie CA<\/a>. (Non inclus)<\/li>\n<li>EN 136\u00a0: 1998 Classe 1<\/li>\n<\/ul>\n","protected":false},"excerpt":{"rendered":"<p>Le masque facial CF01 a non seulement un beau design mais offre \u00e9galement un confort de port rarement trouv\u00e9 dans ce type de produit. Gr\u00e2ce au joint facial extra-souple et doux , il est tr\u00e8s confortable \u00e0 porter, p\u00e8se tr\u00e8s peu par rapport aux autres masques du march\u00e9 et permet \u00e9galement \u00e0 l&rsquo;op\u00e9rateur de continuer \u00e0 communiquer facilement avec son environnement gr\u00e2ce au diaphragme de communication qu&rsquo;il int\u00e8gre.<\/p>\n<p>\u00c0 utiliser avec 2 <a href=\"https:\/\/dacarcomercial.com\/fr\/categorias-productos\/protection-respiratoire\/shigematsu-2\/filtres-serie-ca-pour-masques-et-demi-masques\/\">filtres de la s\u00e9rie CA<\/a>. (Non inclus)<\/p>\n","protected":false},"featured_media":5208,"template":"","meta":{"site-sidebar-layout":"default","site-content-layout":"default","ast-site-content-layout":"default","site-content-style":"default","site-sidebar-style":"default","ast-global-header-display":"","ast-banner-title-visibility":"","ast-main-header-display":"","ast-hfb-above-header-display":"","ast-hfb-below-header-display":"","ast-hfb-mobile-header-display":"","site-post-title":"","ast-breadcrumbs-content":"","ast-featured-img":"","footer-sml-layout":"","ast-disable-related-posts":"","theme-transparent-header-meta":"default","adv-header-id-meta":"","stick-header-meta":"default","header-above-stick-meta":"","header-main-stick-meta":"","header-below-stick-meta":"","astra-migrate-meta-layouts":"default","ast-page-background-enabled":"default","ast-page-background-meta":{"desktop":{"background-color":"","background-image":"","background-repeat":"repeat","background-position":"center center","background-size":"auto","background-attachment":"scroll","background-type":"","background-media":"","overlay-type":"","overlay-color":"","overlay-opacity":"","overlay-gradient":""},"tablet":{"background-color":"","background-image":"","background-repeat":"repeat","background-position":"center center","background-size":"auto","background-attachment":"scroll","background-type":"","background-media":"","overlay-type":"","overlay-color":"","overlay-opacity":"","overlay-gradient":""},"mobile":{"background-color":"","background-image":"","background-repeat":"repeat","background-position":"center center","background-size":"auto","background-attachment":"scroll","background-type":"","background-media":"","overlay-type":"","overlay-color":"","overlay-opacity":"","overlay-gradient":""}},"ast-content-background-meta":{"desktop":{"background-color":"var(--ast-global-color-5)","background-image":"","background-repeat":"repeat","background-position":"center center","background-size":"auto","background-attachment":"scroll","background-type":"","background-media":"","overlay-type":"","overlay-color":"","overlay-opacity":"","overlay-gradient":""},"tablet":{"background-color":"var(--ast-global-color-5)","background-image":"","background-repeat":"repeat","background-position":"center center","background-size":"auto","background-attachment":"scroll","background-type":"","background-media":"","overlay-type":"","overlay-color":"","overlay-opacity":"","overlay-gradient":""},"mobile":{"background-color":"var(--ast-global-color-5)","background-image":"","background-repeat":"repeat","background-position":"center center","background-size":"auto","background-attachment":"scroll","background-type":"","background-media":"","overlay-type":"","overlay-color":"","overlay-opacity":"","overlay-gradient":""}}},"product_brand":[],"product_cat":[1719,981,959],"product_tag":[],"class_list":{"0":"post-17689","1":"product","2":"type-product","3":"status-publish","4":"has-post-thumbnail","6":"product_cat-masques-faciaux","7":"product_cat-protection-respiratoire","8":"product_cat-sts-shigematsu-2","9":"desktop-align-left","10":"tablet-align-left","11":"mobile-align-left","12":"ast-product-gallery-layout-horizontal-slider","13":"ast-product-gallery-with-no-image","14":"ast-product-single-variable","15":"ast-product-tabs-layout-horizontal","17":"first","18":"instock","19":"taxable","20":"shipping-taxable","21":"purchasable","22":"product-type-variable"},"_links":{"self":[{"href":"https:\/\/dacarcomercial.com\/fr\/wp-json\/wp\/v2\/product\/17689","targetHints":{"allow":["GET"]}}],"collection":[{"href":"https:\/\/dacarcomercial.com\/fr\/wp-json\/wp\/v2\/product"}],"about":[{"href":"https:\/\/dacarcomercial.com\/fr\/wp-json\/wp\/v2\/types\/product"}],"version-history":[{"count":0,"href":"https:\/\/dacarcomercial.com\/fr\/wp-json\/wp\/v2\/product\/17689\/revisions"}],"wp:featuredmedia":[{"embeddable":true,"href":"https:\/\/dacarcomercial.com\/fr\/wp-json\/wp\/v2\/media\/5208"}],"wp:attachment":[{"href":"https:\/\/dacarcomercial.com\/fr\/wp-json\/wp\/v2\/media?parent=17689"}],"wp:term":[{"taxonomy":"product_brand","embeddable":true,"href":"https:\/\/dacarcomercial.com\/fr\/wp-json\/wp\/v2\/product_brand?post=17689"},{"taxonomy":"product_cat","embeddable":true,"href":"https:\/\/dacarcomercial.com\/fr\/wp-json\/wp\/v2\/product_cat?post=17689"},{"taxonomy":"product_tag","embeddable":true,"href":"https:\/\/dacarcomercial.com\/fr\/wp-json\/wp\/v2\/product_tag?post=17689"}],"curies":[{"name":"wp","href":"https:\/\/api.w.org\/{rel}","templated":true}]}}