{"id":17696,"date":"2021-03-06T16:47:03","date_gmt":"2021-03-06T15:47:03","guid":{"rendered":"http:\/\/dacarcomercial.com\/producto\/filtre-ca-k1\/"},"modified":"2021-08-19T11:33:28","modified_gmt":"2021-08-19T09:33:28","slug":"filtre-ca-k1","status":"publish","type":"product","link":"https:\/\/dacarcomercial.com\/fr\/producto\/filtre-ca-k1\/","title":{"rendered":"Filtre CA-K1"},"content":{"rendered":"<p><strong>Caract\u00e9ristiques techniques:<\/strong><\/p>\n<ul>\n<li>Pour ammoniaque et d\u00e9riv\u00e9s organiques de l\u00b4ammoniaque<\/li>\n<li>Pour des concentrations jusqu\u2019\u00e0 1000 ppm (0,1 % en volume)<\/li>\n<li>Dimensions r\u00e9duites (dia. 82 mm x haut. 34 mm)<\/li>\n<li>Peut se combin\u00e9 avec les filtres P2RC et P3RC pour particules<\/li>\n<li>Certification CE EN14387\u00a0:\u00a02004 + A1\u00a0:\u00a02008<\/li>\n<li>Prix par unit\u00e9<\/li>\n<\/ul>\n","protected":false},"excerpt":{"rendered":"<p>Filtre de type K et classe 1 pour l&rsquo;ammoniac et les d\u00e9riv\u00e9s organiques de l&rsquo;ammoniac \u00e0 des concentrations allant jusqu&rsquo;\u00e0 1000 ppm.<\/p>\n<p>Il peut \u00eatre associ\u00e9 aux filtres \u00e0 particules P2RC et P3RC pour une protection totale lorsque, en plus des gaz ou vapeurs, il y a aussi des particules contaminantes dans l&rsquo;air.<\/p>\n<p>Compatible avec les demi-masques RS01, RS01S et RX01 ainsi qu&rsquo;avec le masque complet CF01.<\/p>\n<p>Prix \u200b\u200bpar unit\u00e9<\/p>\n","protected":false},"featured_media":12519,"template":"","meta":{"site-sidebar-layout":"default","site-content-layout":"default","ast-site-content-layout":"default","site-content-style":"default","site-sidebar-style":"default","ast-global-header-display":"","ast-banner-title-visibility":"","ast-main-header-display":"","ast-hfb-above-header-display":"","ast-hfb-below-header-display":"","ast-hfb-mobile-header-display":"","site-post-title":"","ast-breadcrumbs-content":"","ast-featured-img":"","footer-sml-layout":"","ast-disable-related-posts":"","theme-transparent-header-meta":"default","adv-header-id-meta":"","stick-header-meta":"default","header-above-stick-meta":"","header-main-stick-meta":"","header-below-stick-meta":"","astra-migrate-meta-layouts":"default","ast-page-background-enabled":"default","ast-page-background-meta":{"desktop":{"background-color":"","background-image":"","background-repeat":"repeat","background-position":"center center","background-size":"auto","background-attachment":"scroll","background-type":"","background-media":"","overlay-type":"","overlay-color":"","overlay-opacity":"","overlay-gradient":""},"tablet":{"background-color":"","background-image":"","background-repeat":"repeat","background-position":"center center","background-size":"auto","background-attachment":"scroll","background-type":"","background-media":"","overlay-type":"","overlay-color":"","overlay-opacity":"","overlay-gradient":""},"mobile":{"background-color":"","background-image":"","background-repeat":"repeat","background-position":"center center","background-size":"auto","background-attachment":"scroll","background-type":"","background-media":"","overlay-type":"","overlay-color":"","overlay-opacity":"","overlay-gradient":""}},"ast-content-background-meta":{"desktop":{"background-color":"var(--ast-global-color-5)","background-image":"","background-repeat":"repeat","background-position":"center center","background-size":"auto","background-attachment":"scroll","background-type":"","background-media":"","overlay-type":"","overlay-color":"","overlay-opacity":"","overlay-gradient":""},"tablet":{"background-color":"var(--ast-global-color-5)","background-image":"","background-repeat":"repeat","background-position":"center center","background-size":"auto","background-attachment":"scroll","background-type":"","background-media":"","overlay-type":"","overlay-color":"","overlay-opacity":"","overlay-gradient":""},"mobile":{"background-color":"var(--ast-global-color-5)","background-image":"","background-repeat":"repeat","background-position":"center center","background-size":"auto","background-attachment":"scroll","background-type":"","background-media":"","overlay-type":"","overlay-color":"","overlay-opacity":"","overlay-gradient":""}}},"product_brand":[],"product_cat":[1731,959],"product_tag":[],"class_list":{"0":"post-17696","1":"product","2":"type-product","3":"status-publish","4":"has-post-thumbnail","6":"product_cat-filtres-serie-ca-pour-masques-et-demi-masques","7":"product_cat-sts-shigematsu-2","8":"desktop-align-left","9":"tablet-align-left","10":"mobile-align-left","11":"ast-product-gallery-layout-horizontal-slider","12":"ast-product-gallery-with-no-image","13":"ast-product-tabs-layout-horizontal","15":"first","16":"onbackorder","17":"taxable","18":"shipping-taxable","19":"purchasable","20":"product-type-simple"},"_links":{"self":[{"href":"https:\/\/dacarcomercial.com\/fr\/wp-json\/wp\/v2\/product\/17696","targetHints":{"allow":["GET"]}}],"collection":[{"href":"https:\/\/dacarcomercial.com\/fr\/wp-json\/wp\/v2\/product"}],"about":[{"href":"https:\/\/dacarcomercial.com\/fr\/wp-json\/wp\/v2\/types\/product"}],"version-history":[{"count":0,"href":"https:\/\/dacarcomercial.com\/fr\/wp-json\/wp\/v2\/product\/17696\/revisions"}],"wp:featuredmedia":[{"embeddable":true,"href":"https:\/\/dacarcomercial.com\/fr\/wp-json\/wp\/v2\/media\/12519"}],"wp:attachment":[{"href":"https:\/\/dacarcomercial.com\/fr\/wp-json\/wp\/v2\/media?parent=17696"}],"wp:term":[{"taxonomy":"product_brand","embeddable":true,"href":"https:\/\/dacarcomercial.com\/fr\/wp-json\/wp\/v2\/product_brand?post=17696"},{"taxonomy":"product_cat","embeddable":true,"href":"https:\/\/dacarcomercial.com\/fr\/wp-json\/wp\/v2\/product_cat?post=17696"},{"taxonomy":"product_tag","embeddable":true,"href":"https:\/\/dacarcomercial.com\/fr\/wp-json\/wp\/v2\/product_tag?post=17696"}],"curies":[{"name":"wp","href":"https:\/\/api.w.org\/{rel}","templated":true}]}}