{"id":17697,"date":"2021-03-06T16:47:13","date_gmt":"2021-03-06T15:47:13","guid":{"rendered":"http:\/\/dacarcomercial.com\/producto\/filtre-ca-p2r\/"},"modified":"2021-08-19T13:46:53","modified_gmt":"2021-08-19T11:46:53","slug":"filtre-ca-p2r","status":"publish","type":"product","link":"https:\/\/dacarcomercial.com\/fr\/producto\/filtre-ca-p2r\/","title":{"rendered":"Filtre CA-P2R"},"content":{"rendered":"<p><strong>Filtre CA-P2R<\/strong><\/p>\n<ul>\n<li>Filtre P2 pour les particules solides et liquides, les fum\u00e9es et les micro-organismes tels que les virus<\/li>\n<li>Tr\u00e8s fin : Dia. 77mm, Alt 21mm<\/li>\n<li>EN143\u00a0: 2000<\/li>\n<li>Facteur de Protection Nominale: 12 avec demi-masque \/ 16 avec masque facial int\u00e9gral<\/li>\n<li>Prix \u200b\u200bpar unit\u00e9<\/li>\n<\/ul>\n<p>Compatible avec les demi-masques RS01, RS01S et RX01 ainsi qu&rsquo;avec le masque complet CF01<\/p>\n","protected":false},"excerpt":{"rendered":"<p>Le filtre P2R est un filtre P2 pour les particules solides et liquides, les fum\u00e9es et les micro-organismes tels que les virus.<\/p>\n<p>Compact et tr\u00e8s fin (dia. 77 mm, H. 21 mm) il offre une tr\u00e8s faible r\u00e9sistance respiratoire pour un plus grand confort de port et permet une utilisation sous des \u00e9crans faciaux ou \u00e0 l&rsquo;int\u00e9rieur des casques de soudage lorsqu&rsquo;il est utilis\u00e9 en combinaison avec les demi-masques.<\/p>\n<p>Prix \u200b\u200bpar unit\u00e9<\/p>\n","protected":false},"featured_media":6693,"template":"","meta":{"site-sidebar-layout":"default","site-content-layout":"default","ast-site-content-layout":"default","site-content-style":"default","site-sidebar-style":"default","ast-global-header-display":"","ast-banner-title-visibility":"","ast-main-header-display":"","ast-hfb-above-header-display":"","ast-hfb-below-header-display":"","ast-hfb-mobile-header-display":"","site-post-title":"","ast-breadcrumbs-content":"","ast-featured-img":"","footer-sml-layout":"","ast-disable-related-posts":"","theme-transparent-header-meta":"default","adv-header-id-meta":"","stick-header-meta":"default","header-above-stick-meta":"","header-main-stick-meta":"","header-below-stick-meta":"","astra-migrate-meta-layouts":"default","ast-page-background-enabled":"default","ast-page-background-meta":{"desktop":{"background-color":"","background-image":"","background-repeat":"repeat","background-position":"center center","background-size":"auto","background-attachment":"scroll","background-type":"","background-media":"","overlay-type":"","overlay-color":"","overlay-opacity":"","overlay-gradient":""},"tablet":{"background-color":"","background-image":"","background-repeat":"repeat","background-position":"center center","background-size":"auto","background-attachment":"scroll","background-type":"","background-media":"","overlay-type":"","overlay-color":"","overlay-opacity":"","overlay-gradient":""},"mobile":{"background-color":"","background-image":"","background-repeat":"repeat","background-position":"center center","background-size":"auto","background-attachment":"scroll","background-type":"","background-media":"","overlay-type":"","overlay-color":"","overlay-opacity":"","overlay-gradient":""}},"ast-content-background-meta":{"desktop":{"background-color":"var(--ast-global-color-5)","background-image":"","background-repeat":"repeat","background-position":"center center","background-size":"auto","background-attachment":"scroll","background-type":"","background-media":"","overlay-type":"","overlay-color":"","overlay-opacity":"","overlay-gradient":""},"tablet":{"background-color":"var(--ast-global-color-5)","background-image":"","background-repeat":"repeat","background-position":"center center","background-size":"auto","background-attachment":"scroll","background-type":"","background-media":"","overlay-type":"","overlay-color":"","overlay-opacity":"","overlay-gradient":""},"mobile":{"background-color":"var(--ast-global-color-5)","background-image":"","background-repeat":"repeat","background-position":"center center","background-size":"auto","background-attachment":"scroll","background-type":"","background-media":"","overlay-type":"","overlay-color":"","overlay-opacity":"","overlay-gradient":""}}},"product_brand":[],"product_cat":[1731,959],"product_tag":[],"class_list":{"0":"post-17697","1":"product","2":"type-product","3":"status-publish","4":"has-post-thumbnail","6":"product_cat-filtres-serie-ca-pour-masques-et-demi-masques","7":"product_cat-sts-shigematsu-2","8":"desktop-align-left","9":"tablet-align-left","10":"mobile-align-left","11":"ast-product-gallery-layout-horizontal-slider","12":"ast-product-gallery-with-no-image","13":"ast-product-tabs-layout-horizontal","15":"first","16":"instock","17":"taxable","18":"shipping-taxable","19":"purchasable","20":"product-type-simple"},"_links":{"self":[{"href":"https:\/\/dacarcomercial.com\/fr\/wp-json\/wp\/v2\/product\/17697","targetHints":{"allow":["GET"]}}],"collection":[{"href":"https:\/\/dacarcomercial.com\/fr\/wp-json\/wp\/v2\/product"}],"about":[{"href":"https:\/\/dacarcomercial.com\/fr\/wp-json\/wp\/v2\/types\/product"}],"version-history":[{"count":0,"href":"https:\/\/dacarcomercial.com\/fr\/wp-json\/wp\/v2\/product\/17697\/revisions"}],"wp:featuredmedia":[{"embeddable":true,"href":"https:\/\/dacarcomercial.com\/fr\/wp-json\/wp\/v2\/media\/6693"}],"wp:attachment":[{"href":"https:\/\/dacarcomercial.com\/fr\/wp-json\/wp\/v2\/media?parent=17697"}],"wp:term":[{"taxonomy":"product_brand","embeddable":true,"href":"https:\/\/dacarcomercial.com\/fr\/wp-json\/wp\/v2\/product_brand?post=17697"},{"taxonomy":"product_cat","embeddable":true,"href":"https:\/\/dacarcomercial.com\/fr\/wp-json\/wp\/v2\/product_cat?post=17697"},{"taxonomy":"product_tag","embeddable":true,"href":"https:\/\/dacarcomercial.com\/fr\/wp-json\/wp\/v2\/product_tag?post=17697"}],"curies":[{"name":"wp","href":"https:\/\/api.w.org\/{rel}","templated":true}]}}