{"id":17698,"date":"2021-03-06T16:47:13","date_gmt":"2021-03-06T15:47:13","guid":{"rendered":"http:\/\/dacarcomercial.com\/producto\/filtre-ca-p3r\/"},"modified":"2021-08-19T13:37:49","modified_gmt":"2021-08-19T11:37:49","slug":"filtre-ca-p3r","status":"publish","type":"product","link":"https:\/\/dacarcomercial.com\/fr\/producto\/filtre-ca-p3r\/","title":{"rendered":"Filtre CA-P3R"},"content":{"rendered":"<p><strong>Filtre CA-P3R<\/strong><\/p>\n<ul>\n<li>Filtre P3 pour particules solides et liquides, particules canc\u00e9rig\u00e8nes, fum\u00e9es et micro-organismes tels que virus, bact\u00e9ries ou enzymes<\/li>\n<li>Tr\u00e8s fin : Dia. 77mm, Alt 21mm<\/li>\n<li>Certification CE EN143 : 2000<\/li>\n<li>Facteur de Protection Nominale: 48 avec demi-masque \/ 2000 avec masque facial int\u00e9gral<\/li>\n<li>Prix \u200b\u200bpar unit\u00e9<\/li>\n<\/ul>\n<p>Compatible avec les demi-masques RS01, RS01S et RX01 ainsi qu&rsquo;avec le masque complet CF01<\/p>\n","protected":false},"excerpt":{"rendered":"<p>Le filtre P3R est un filtre P3 pour particules solides et liquides, particules canc\u00e9rig\u00e8nes, fum\u00e9es et micro-organismes tels que virus, bact\u00e9ries ou enzymes.<\/p>\n<p>Compact et tr\u00e8s fin (dia. 77 mm, H. 21 mm) il offre une tr\u00e8s faible r\u00e9sistance respiratoire pour un plus grand confort de port et permet de l&rsquo;utiliser sous des \u00e9crans faciaux ou \u00e0 l&rsquo;int\u00e9rieur des casques de soudage lorsqu&rsquo;il est utilis\u00e9 en combinaison avec les demi-masques.<\/p>\n<p>Prix \u200b\u200bpar unit\u00e9<\/p>\n","protected":false},"featured_media":11223,"template":"","meta":{"site-sidebar-layout":"default","site-content-layout":"default","ast-site-content-layout":"default","site-content-style":"default","site-sidebar-style":"default","ast-global-header-display":"","ast-banner-title-visibility":"","ast-main-header-display":"","ast-hfb-above-header-display":"","ast-hfb-below-header-display":"","ast-hfb-mobile-header-display":"","site-post-title":"","ast-breadcrumbs-content":"","ast-featured-img":"","footer-sml-layout":"","ast-disable-related-posts":"","theme-transparent-header-meta":"default","adv-header-id-meta":"","stick-header-meta":"default","header-above-stick-meta":"","header-main-stick-meta":"","header-below-stick-meta":"","astra-migrate-meta-layouts":"default","ast-page-background-enabled":"default","ast-page-background-meta":{"desktop":{"background-color":"","background-image":"","background-repeat":"repeat","background-position":"center center","background-size":"auto","background-attachment":"scroll","background-type":"","background-media":"","overlay-type":"","overlay-color":"","overlay-opacity":"","overlay-gradient":""},"tablet":{"background-color":"","background-image":"","background-repeat":"repeat","background-position":"center center","background-size":"auto","background-attachment":"scroll","background-type":"","background-media":"","overlay-type":"","overlay-color":"","overlay-opacity":"","overlay-gradient":""},"mobile":{"background-color":"","background-image":"","background-repeat":"repeat","background-position":"center center","background-size":"auto","background-attachment":"scroll","background-type":"","background-media":"","overlay-type":"","overlay-color":"","overlay-opacity":"","overlay-gradient":""}},"ast-content-background-meta":{"desktop":{"background-color":"var(--ast-global-color-5)","background-image":"","background-repeat":"repeat","background-position":"center center","background-size":"auto","background-attachment":"scroll","background-type":"","background-media":"","overlay-type":"","overlay-color":"","overlay-opacity":"","overlay-gradient":""},"tablet":{"background-color":"var(--ast-global-color-5)","background-image":"","background-repeat":"repeat","background-position":"center center","background-size":"auto","background-attachment":"scroll","background-type":"","background-media":"","overlay-type":"","overlay-color":"","overlay-opacity":"","overlay-gradient":""},"mobile":{"background-color":"var(--ast-global-color-5)","background-image":"","background-repeat":"repeat","background-position":"center center","background-size":"auto","background-attachment":"scroll","background-type":"","background-media":"","overlay-type":"","overlay-color":"","overlay-opacity":"","overlay-gradient":""}}},"product_brand":[],"product_cat":[1731,959],"product_tag":[],"class_list":{"0":"post-17698","1":"product","2":"type-product","3":"status-publish","4":"has-post-thumbnail","6":"product_cat-filtres-serie-ca-pour-masques-et-demi-masques","7":"product_cat-sts-shigematsu-2","8":"desktop-align-left","9":"tablet-align-left","10":"mobile-align-left","11":"ast-product-gallery-layout-horizontal-slider","12":"ast-product-gallery-with-no-image","13":"ast-product-tabs-layout-horizontal","15":"first","16":"instock","17":"taxable","18":"shipping-taxable","19":"purchasable","20":"product-type-simple"},"_links":{"self":[{"href":"https:\/\/dacarcomercial.com\/fr\/wp-json\/wp\/v2\/product\/17698","targetHints":{"allow":["GET"]}}],"collection":[{"href":"https:\/\/dacarcomercial.com\/fr\/wp-json\/wp\/v2\/product"}],"about":[{"href":"https:\/\/dacarcomercial.com\/fr\/wp-json\/wp\/v2\/types\/product"}],"version-history":[{"count":0,"href":"https:\/\/dacarcomercial.com\/fr\/wp-json\/wp\/v2\/product\/17698\/revisions"}],"wp:featuredmedia":[{"embeddable":true,"href":"https:\/\/dacarcomercial.com\/fr\/wp-json\/wp\/v2\/media\/11223"}],"wp:attachment":[{"href":"https:\/\/dacarcomercial.com\/fr\/wp-json\/wp\/v2\/media?parent=17698"}],"wp:term":[{"taxonomy":"product_brand","embeddable":true,"href":"https:\/\/dacarcomercial.com\/fr\/wp-json\/wp\/v2\/product_brand?post=17698"},{"taxonomy":"product_cat","embeddable":true,"href":"https:\/\/dacarcomercial.com\/fr\/wp-json\/wp\/v2\/product_cat?post=17698"},{"taxonomy":"product_tag","embeddable":true,"href":"https:\/\/dacarcomercial.com\/fr\/wp-json\/wp\/v2\/product_tag?post=17698"}],"curies":[{"name":"wp","href":"https:\/\/api.w.org\/{rel}","templated":true}]}}