{"id":17700,"date":"2021-03-06T16:47:13","date_gmt":"2021-03-06T15:47:13","guid":{"rendered":"http:\/\/dacarcomercial.com\/producto\/filtre-p3rc\/"},"modified":"2021-08-19T13:40:28","modified_gmt":"2021-08-19T11:40:28","slug":"filtre-p3rc","status":"publish","type":"product","link":"https:\/\/dacarcomercial.com\/fr\/producto\/filtre-p3rc\/","title":{"rendered":"Filtre P3RC"},"content":{"rendered":"<p><strong>Filtre P3RC<\/strong><\/p>\n<ul>\n<li>Filtre P3 pour particules solides et liquides, particules canc\u00e9rig\u00e8nes, fum\u00e9es et micro-organismes tels que virus, bact\u00e9ries ou enzymes<\/li>\n<li>Uniquement valable <strong>pour une utilisation combin\u00e9e avec le filtre chimique<\/strong> de la s\u00e9rie CA<\/li>\n<li>Tr\u00e8s fin : dia. +4 mm, A. +14,5 mm lorsqu&rsquo;il est mont\u00e9 sur filtre chimique<\/li>\n<li>Certification CE EN14387\u00a0:\u00a02004 + A1\u00a0:\u00a02008<\/li>\n<li>Facteur de Protection Nominale: 48 avec demi-masque \/ 2000 avec masque facial int\u00e9gral<\/li>\n<li>Prix \u200b\u200bpar unit\u00e9<\/li>\n<\/ul>\n<p>Compatible avec les demi-masques RS01, RS01S et RX01 ainsi qu&rsquo;avec le masque complet CF01<\/p>\n","protected":false},"excerpt":{"rendered":"<p>Le filtre P3RC est un filtre P3 pour particules solides et liquides, particules canc\u00e9rig\u00e8nes, fum\u00e9es et micro-organismes tels que virus, bact\u00e9ries ou enzymes.<\/p>\n<p>Ce mod\u00e8le de filtre se monte au-dessus d&rsquo;un filtre chimique de la s\u00e9rie CA pour emp\u00eacher les particules de le boucher pr\u00e9matur\u00e9ment, prolongeant ainsi sa dur\u00e9e de vie utile.<\/p>\n<p>Tr\u00e8s fin (dia. +4 mm, Alt. + 14,5 mm mont\u00e9 sur filtre chimique), il offre une tr\u00e8s faible r\u00e9sistance \u00e0 la respiration pour un plus grand confort d&rsquo;utilisation.<\/p>\n<p>Prix \u200b\u200bpar unit\u00e9<\/p>\n","protected":false},"featured_media":9747,"template":"","meta":{"site-sidebar-layout":"default","site-content-layout":"default","ast-site-content-layout":"default","site-content-style":"default","site-sidebar-style":"default","ast-global-header-display":"","ast-banner-title-visibility":"","ast-main-header-display":"","ast-hfb-above-header-display":"","ast-hfb-below-header-display":"","ast-hfb-mobile-header-display":"","site-post-title":"","ast-breadcrumbs-content":"","ast-featured-img":"","footer-sml-layout":"","ast-disable-related-posts":"","theme-transparent-header-meta":"default","adv-header-id-meta":"","stick-header-meta":"default","header-above-stick-meta":"","header-main-stick-meta":"","header-below-stick-meta":"","astra-migrate-meta-layouts":"default","ast-page-background-enabled":"default","ast-page-background-meta":{"desktop":{"background-color":"","background-image":"","background-repeat":"repeat","background-position":"center center","background-size":"auto","background-attachment":"scroll","background-type":"","background-media":"","overlay-type":"","overlay-color":"","overlay-opacity":"","overlay-gradient":""},"tablet":{"background-color":"","background-image":"","background-repeat":"repeat","background-position":"center center","background-size":"auto","background-attachment":"scroll","background-type":"","background-media":"","overlay-type":"","overlay-color":"","overlay-opacity":"","overlay-gradient":""},"mobile":{"background-color":"","background-image":"","background-repeat":"repeat","background-position":"center center","background-size":"auto","background-attachment":"scroll","background-type":"","background-media":"","overlay-type":"","overlay-color":"","overlay-opacity":"","overlay-gradient":""}},"ast-content-background-meta":{"desktop":{"background-color":"var(--ast-global-color-5)","background-image":"","background-repeat":"repeat","background-position":"center center","background-size":"auto","background-attachment":"scroll","background-type":"","background-media":"","overlay-type":"","overlay-color":"","overlay-opacity":"","overlay-gradient":""},"tablet":{"background-color":"var(--ast-global-color-5)","background-image":"","background-repeat":"repeat","background-position":"center center","background-size":"auto","background-attachment":"scroll","background-type":"","background-media":"","overlay-type":"","overlay-color":"","overlay-opacity":"","overlay-gradient":""},"mobile":{"background-color":"var(--ast-global-color-5)","background-image":"","background-repeat":"repeat","background-position":"center center","background-size":"auto","background-attachment":"scroll","background-type":"","background-media":"","overlay-type":"","overlay-color":"","overlay-opacity":"","overlay-gradient":""}}},"product_brand":[],"product_cat":[1731,959],"product_tag":[],"class_list":{"0":"post-17700","1":"product","2":"type-product","3":"status-publish","4":"has-post-thumbnail","6":"product_cat-filtres-serie-ca-pour-masques-et-demi-masques","7":"product_cat-sts-shigematsu-2","8":"desktop-align-left","9":"tablet-align-left","10":"mobile-align-left","11":"ast-product-gallery-layout-horizontal-slider","12":"ast-product-gallery-with-no-image","13":"ast-product-tabs-layout-horizontal","15":"first","16":"instock","17":"taxable","18":"shipping-taxable","19":"purchasable","20":"product-type-simple"},"_links":{"self":[{"href":"https:\/\/dacarcomercial.com\/fr\/wp-json\/wp\/v2\/product\/17700","targetHints":{"allow":["GET"]}}],"collection":[{"href":"https:\/\/dacarcomercial.com\/fr\/wp-json\/wp\/v2\/product"}],"about":[{"href":"https:\/\/dacarcomercial.com\/fr\/wp-json\/wp\/v2\/types\/product"}],"version-history":[{"count":0,"href":"https:\/\/dacarcomercial.com\/fr\/wp-json\/wp\/v2\/product\/17700\/revisions"}],"wp:featuredmedia":[{"embeddable":true,"href":"https:\/\/dacarcomercial.com\/fr\/wp-json\/wp\/v2\/media\/9747"}],"wp:attachment":[{"href":"https:\/\/dacarcomercial.com\/fr\/wp-json\/wp\/v2\/media?parent=17700"}],"wp:term":[{"taxonomy":"product_brand","embeddable":true,"href":"https:\/\/dacarcomercial.com\/fr\/wp-json\/wp\/v2\/product_brand?post=17700"},{"taxonomy":"product_cat","embeddable":true,"href":"https:\/\/dacarcomercial.com\/fr\/wp-json\/wp\/v2\/product_cat?post=17700"},{"taxonomy":"product_tag","embeddable":true,"href":"https:\/\/dacarcomercial.com\/fr\/wp-json\/wp\/v2\/product_tag?post=17700"}],"curies":[{"name":"wp","href":"https:\/\/api.w.org\/{rel}","templated":true}]}}