{"id":17736,"date":"2021-03-06T16:47:24","date_gmt":"2021-03-06T15:47:24","guid":{"rendered":"http:\/\/dacarcomercial.com\/producto\/17736\/"},"modified":"2026-04-22T10:25:39","modified_gmt":"2026-04-22T08:25:39","slug":"masque-a-souder-dc-2-el-paso-v913e","status":"publish","type":"product","link":"https:\/\/dacarcomercial.com\/fr\/producto\/masque-a-souder-dc-2-el-paso-v913e\/","title":{"rendered":"Masque \u00e0 souder DC-2 avec filtre \u00e9lectronique El Paso V913E + casque de chantier"},"content":{"rendered":"<h2><strong>Caract\u00e9ristiques Masque \u00e0 souder DC-2 avec filtre \u00e9lectronique El Paso V913E + casque de chantier :\u00a0<\/strong><\/h2>\n<ul>\n<li><span class=\"ng-star-inserted\">Masque avec fen\u00eatre frontale type \u00ab\u00a0sandwich\u00a0\u00bb pour une parfaite fixation du couvre-filtre contre les chocs et \u00e9tanch\u00e9it\u00e9 maximale face \u00e0 la p\u00e9n\u00e9tration des fum\u00e9es ou projections dans l\u2019espace compris entre le couvre-filtre et le filtre \u00e9lectronique<\/span><\/li>\n<li><span class=\"ng-star-inserted\">Adaptateurs faciles \u00e0 enlever et \u00e0 mettre pour pouvoir utiliser le casque de chantier sans le masque de soudure lorsque ce n\u2019est pas n\u00e9cessaire<\/span><\/li>\n<li><span class=\"ng-star-inserted\">Protection maximale du visage, du cou et des oreilles face aux radiations lumineuses et les projections<\/span><\/li>\n<li><span class=\"ng-star-inserted\">Poids de seulement 380 g. (filtre optique non inclus)<\/span><\/li>\n<li><span class=\"ng-star-inserted\">Certification EN175 classe B pour la r\u00e9sistance m\u00e9canique<\/span><\/li>\n<li><span class=\"ng-star-inserted\">Compatible avec les casques de chantier Rockman, Terano et Montana.<\/span><\/li>\n<\/ul>\n<p><strong>Caract\u00e9ristiques des casques de chantier\u00a0:<\/strong><\/p>\n<p><strong>TERANO<\/strong><\/p>\n<ul>\n<li>Le poids du casque de chantier Terano est seulement de 285 g, \u00e9tant l&rsquo;un des plus l\u00e9ger et des plus confortables \u00e0 porter<\/li>\n<li>Extension arri\u00e8re pour une meilleure protection de la nuque<\/li>\n<li>Visi\u00e8re courte pour une meilleure visibilit\u00e9 vers le haut<\/li>\n<li>Fabriqu\u00e9 en ABS, il r\u00e9siste mieux au passage du temps, aux rayures et aux projections de m\u00e9taux fondus que les casques traditionnels en PE<\/li>\n<li>Le serre-t\u00eate avec bandeaux textile et fermeture \u00e0 cr\u00e9maill\u00e8re assure un maintien ferme et confortable<\/li>\n<li>Bandeau anti-sueur extra long rempla\u00e7able et super absorbant<\/li>\n<li>Certification CE EN397, -30\u00baC<\/li>\n<\/ul>\n<p><strong>ROCKMAN<\/strong><\/p>\n<ul>\n<li>Technologie DeForma Tec : L\u2019ancrage du serre-t\u00eate est con\u00e7u pour absorber l\u2019\u00e9nergie d\u2019impact par d\u00e9formation, plut\u00f4t que de la transmettre \u00e0 la t\u00eate<\/li>\n<li>R\u00e9duction de la transmission d\u2019\u00e9nergie autoris\u00e9e par la EN397 de 30% et jusqu\u2019\u00e0 50%<\/li>\n<li>Extension arri\u00e8re pour une meilleure protection de la nuque<\/li>\n<li>Avec rebord anti-goutti\u00e8res<\/li>\n<li>Bonne stabilit\u00e9 aux chocs lat\u00e9raux<\/li>\n<li>Visi\u00e8re courte pour une meilleure visibilit\u00e9 vers le haut<\/li>\n<li>La finition sur la couronne du casque est rugueuse afin d&rsquo;\u00e9viter les marques produites lorsque le casque est laiss\u00e9 \u00e0 l\u2019envers sur une surface abrasive<\/li>\n<li>Mat\u00e9riau de la coque : PE<\/li>\n<li>Certification CE EN397, -30\u00baC<\/li>\n<\/ul>\n<p><strong>Caract\u00e9ristiques du filtre \u00e9lectronique EL PASO V913E (ADF 600G):<\/strong><\/p>\n<ul>\n<li>Teinte claire DIN 3,5 avec LCD gris True Color<\/li>\n<li>Teinte fonc\u00e9e variable avec commande externe DIN 9-13<\/li>\n<li>Temps de retour \u00e0 la teinte claire r\u00e9glable de 0,1 a 1 sec. avec commande interne<\/li>\n<li>Sensibilit\u00e9 r\u00e9glable avec commande interne<\/li>\n<li>Fonction meulage avec interrupteur, combin\u00e9 \u00e0 la commande externe de r\u00e9gulation de la teinte fonc\u00e9e<\/li>\n<li>Qualit\u00e9 optique 1\/1\/1\/2<\/li>\n<li>Alimentation solaire + pile sans n\u00e9cessit\u00e9 de remplacer<\/li>\n<li>2 capteurs photo\u00e9lectriques<\/li>\n<li>Temps de r\u00e9action: 0,1 ms.<\/li>\n<li>Champ de vision: 100 x 41 mm.<\/li>\n<li>2 ans de garantie<\/li>\n<\/ul>\n","protected":false},"excerpt":{"rendered":"<p>Ensemble compos\u00e9 du masque \u00e0 souder <strong>DC-2<\/strong> <strong>avec filtre \u00e9lectronique El Paso V913E et un casque de chantier<\/strong>. Les adaptateurs peuvent s&rsquo;enlever rapidement du casque de chantierafin de permettre \u00e0 l&rsquo;usager de conserver le casque de chantier sans avoir \u00e0 maintenir la partie masque \u00e0 souder durant les d\u00e9placements sur le site.<\/p>\n<p>Le casque de chantier\u00a0<strong>Terano<\/strong> se caract\u00e9rise par son poids l\u00e9ger de seulement 285 g. Fabriqu\u00e9 en ABS, il r\u00e9siste mieux au temps, aux rayures et aux projections de m\u00e9taux en fusion que les casques traditionnels en PE. \u00c9quip\u00e9 d\u2019un serre-t\u00eate textile et d\u2019une fermeture \u00e0 cr\u00e9maill\u00e8re, l\u2019ajustement \u00e0 la t\u00eate est confortable et ferme. En combinaison avec le masque DC-1 Flip, vous aurez l\u2019un des ensembles de masque \u00e0 souder et de casque de chantier les plus l\u00e9gers du march\u00e9.<\/p>\n<p>Le casque de chantier\u00a0<strong>Rockman<\/strong> se caract\u00e9rise par sa conception avec la technologie DeForma Tec : l\u2019ancrage du serre-t\u00eate est con\u00e7u pour absorber l\u2019\u00e9nergie d\u2019impact par d\u00e9formation et ainsi \u00e9viter qu\u2019elle ne soit transmise au cou de l\u2019op\u00e9rateur, r\u00e9duisant ainsi consid\u00e9rablement le risque de blessure. Fabriqu\u00e9 en PE, il maintient un poids r\u00e9duit de seulement 315 g. \u00c9quip\u00e9 d\u2019un serre-t\u00eate textile et d\u2019une fermeture \u00e0 roulettes, l\u2019ajustement \u00e0 la t\u00eate est confortable et ferme.<\/p>\n","protected":false},"featured_media":8265,"template":"","meta":{"site-sidebar-layout":"default","site-content-layout":"default","ast-site-content-layout":"default","site-content-style":"default","site-sidebar-style":"default","ast-global-header-display":"","ast-banner-title-visibility":"","ast-main-header-display":"","ast-hfb-above-header-display":"","ast-hfb-below-header-display":"","ast-hfb-mobile-header-display":"","site-post-title":"","ast-breadcrumbs-content":"","ast-featured-img":"","footer-sml-layout":"","ast-disable-related-posts":"","theme-transparent-header-meta":"default","adv-header-id-meta":"","stick-header-meta":"default","header-above-stick-meta":"","header-main-stick-meta":"","header-below-stick-meta":"","astra-migrate-meta-layouts":"set","ast-page-background-enabled":"default","ast-page-background-meta":{"desktop":{"background-color":"","background-image":"","background-repeat":"repeat","background-position":"center center","background-size":"auto","background-attachment":"scroll","background-type":"","background-media":"","overlay-type":"","overlay-color":"","overlay-opacity":"","overlay-gradient":""},"tablet":{"background-color":"","background-image":"","background-repeat":"repeat","background-position":"center center","background-size":"auto","background-attachment":"scroll","background-type":"","background-media":"","overlay-type":"","overlay-color":"","overlay-opacity":"","overlay-gradient":""},"mobile":{"background-color":"","background-image":"","background-repeat":"repeat","background-position":"center center","background-size":"auto","background-attachment":"scroll","background-type":"","background-media":"","overlay-type":"","overlay-color":"","overlay-opacity":"","overlay-gradient":""}},"ast-content-background-meta":{"desktop":{"background-color":"var(--ast-global-color-5)","background-image":"","background-repeat":"repeat","background-position":"center center","background-size":"auto","background-attachment":"scroll","background-type":"","background-media":"","overlay-type":"","overlay-color":"","overlay-opacity":"","overlay-gradient":""},"tablet":{"background-color":"var(--ast-global-color-5)","background-image":"","background-repeat":"repeat","background-position":"center center","background-size":"auto","background-attachment":"scroll","background-type":"","background-media":"","overlay-type":"","overlay-color":"","overlay-opacity":"","overlay-gradient":""},"mobile":{"background-color":"var(--ast-global-color-5)","background-image":"","background-repeat":"repeat","background-position":"center center","background-size":"auto","background-attachment":"scroll","background-type":"","background-media":"","overlay-type":"","overlay-color":"","overlay-opacity":"","overlay-gradient":""}}},"product_brand":[],"product_cat":[994,2068,939],"product_tag":[],"class_list":{"0":"post-17736","1":"product","2":"type-product","3":"status-publish","4":"has-post-thumbnail","6":"product_cat-dc2-filter-electronique","7":"product_cat-masques-de-soudage-avec-casque-de-chantier","8":"product_cat-masques-de-soudure","9":"desktop-align-left","10":"tablet-align-left","11":"mobile-align-left","12":"ast-product-gallery-layout-horizontal-slider","13":"ast-product-single-variable","14":"ast-product-tabs-layout-horizontal","16":"first","17":"instock","18":"taxable","19":"shipping-taxable","20":"purchasable","21":"product-type-variable"},"_links":{"self":[{"href":"https:\/\/dacarcomercial.com\/fr\/wp-json\/wp\/v2\/product\/17736","targetHints":{"allow":["GET"]}}],"collection":[{"href":"https:\/\/dacarcomercial.com\/fr\/wp-json\/wp\/v2\/product"}],"about":[{"href":"https:\/\/dacarcomercial.com\/fr\/wp-json\/wp\/v2\/types\/product"}],"version-history":[{"count":1,"href":"https:\/\/dacarcomercial.com\/fr\/wp-json\/wp\/v2\/product\/17736\/revisions"}],"predecessor-version":[{"id":55543,"href":"https:\/\/dacarcomercial.com\/fr\/wp-json\/wp\/v2\/product\/17736\/revisions\/55543"}],"wp:featuredmedia":[{"embeddable":true,"href":"https:\/\/dacarcomercial.com\/fr\/wp-json\/wp\/v2\/media\/8265"}],"wp:attachment":[{"href":"https:\/\/dacarcomercial.com\/fr\/wp-json\/wp\/v2\/media?parent=17736"}],"wp:term":[{"taxonomy":"product_brand","embeddable":true,"href":"https:\/\/dacarcomercial.com\/fr\/wp-json\/wp\/v2\/product_brand?post=17736"},{"taxonomy":"product_cat","embeddable":true,"href":"https:\/\/dacarcomercial.com\/fr\/wp-json\/wp\/v2\/product_cat?post=17736"},{"taxonomy":"product_tag","embeddable":true,"href":"https:\/\/dacarcomercial.com\/fr\/wp-json\/wp\/v2\/product_tag?post=17736"}],"curies":[{"name":"wp","href":"https:\/\/api.w.org\/{rel}","templated":true}]}}